{"id":267,"date":"2025-07-03T08:43:17","date_gmt":"2025-07-03T06:43:17","guid":{"rendered":"https:\/\/shop24.dietz-ih.de\/?page_id=267"},"modified":"2025-07-03T08:43:19","modified_gmt":"2025-07-03T06:43:19","slug":"rueckgaberichtlinien","status":"publish","type":"page","link":"https:\/\/shop24.dietz-ih.de\/?page_id=267","title":{"rendered":"R\u00fcckgaberichtlinien"},"content":{"rendered":"\n<p><strong>R\u00fcckgabe<\/strong><\/p>\n\n\n\n<p>Das Produkt kannst du innerhalb der gesetzlichen Widerrufsfrist (14 Tage) problemlos an uns zur\u00fcckschicken. Die R\u00fcckgabe kannst du \u00fcber das Widerrufsformular (Hyperlink) starten. Optional kannst du auch den Grund f\u00fcr deine R\u00fcckgabe angeben. Nach erfolgreicher Pr\u00fcfung der Beschaffenheit der R\u00fccksendung, die in der Regel eine Bearbeitungszeit von 1-2 Werktagen beansprucht, wird dir der Kaufpreis erstattet.<\/p>\n\n\n\n<p>Bitte verpacke dabei den Artikel sorgf\u00e4ltig und wenn m\u00f6glich, in dem Zustand, in dem du ihn erhalten hast.<\/p>\n\n\n\n<p>Bitte beachte dabei, dass alle R\u00fccksendekosten vom K\u00e4ufer getragen werden.<\/p>\n\n\n\n<p><strong>Fehlerhafter Artikel<\/strong><\/p>\n\n\n\n<p>Unser Ziel ist es, sicherzustellen, dass alle deine Artikel in perfektem Zustand bei dir eintreffen. Solltest du aus irgendeinem ungew\u00f6hnlichen Grund einen defekten Artikel erhalten, kannst du ihn gem\u00e4\u00df deiner gesetzlichen Rechte an uns zur\u00fcckschicken. Die regul\u00e4ren Garantiebedingungen sind dabei ma\u00dfgeblich. Wenn jedoch unsere \u00dcberpr\u00fcfung ergibt, dass der Artikel nicht unter die Garantie f\u00e4llt, ist es uns leider nicht m\u00f6glich, dir einen Ersatz oder eine R\u00fcckerstattung anzubieten<\/p>\n\n\n\n<p><strong>Dazu z\u00e4hlt:<\/strong><\/p>\n\n\n\n<ul class=\"wp-block-list\">\n<li>Funktionalit\u00e4t des Produkts ist defekt<\/li>\n\n\n\n<li>Unvollst\u00e4ndigkeit des Produkts<\/li>\n\n\n\n<li>\u00c4hnliche Produktionsfehler, die vom Hersteller auszugehen sind.<\/li>\n<\/ul>\n\n\n\n<p>Bei solch einem Fall, hat der K\u00e4ufer sich an den jeweiligen Hersteller zu wenden.<\/p>\n\n\n\n<p>Wir werden dich nat\u00fcrlich dar\u00fcber informieren. Wenn du m\u00f6chtest, k\u00f6nnen wir den Artikel auf deine Anfrage hin und auf deine Kosten wieder an dich zur\u00fccksenden.<\/p>\n\n\n\n<p><strong>Transportsch\u00e4den<\/strong><\/p>\n\n\n\n<p>Wenn du ein Paket bekommst und darin einen besch\u00e4digten Artikel vorfindest, w\u00fcrden wir dich bitten, die Annahme zu verweigern und uns umgehend dar\u00fcber in Kenntnis zu setzen. Falls du den Schaden erst nach dem \u00d6ffnen des Pakets bemerkst, nachdem du unterschrieben hast oder nach der Zustellung an eine andere Person, dann lass es uns bitte wissen. Wir werden uns dann bei dir melden, um weitere Schritte zu besprechen und gegebenenfalls einzuleiten.<\/p>\n","protected":false},"excerpt":{"rendered":"<p>R\u00fcckgabe Das Produkt kannst du innerhalb der gesetzlichen Widerrufsfrist (14 Tage) problemlos an uns zur\u00fcckschicken. Die R\u00fcckgabe kannst du \u00fcber das Widerrufsformular (Hyperlink) starten. Optional kannst du auch den Grund f\u00fcr deine R\u00fcckgabe angeben. Nach erfolgreicher Pr\u00fcfung der Beschaffenheit der R\u00fccksendung, die in der Regel eine Bearbeitungszeit von 1-2 Werktagen beansprucht, wird dir der Kaufpreis [&hellip;]<\/p>\n","protected":false},"author":1,"featured_media":0,"parent":0,"menu_order":0,"comment_status":"closed","ping_status":"closed","template":"","meta":{"_coblocks_attr":"","_coblocks_dimensions":"","_coblocks_responsive_height":"","_coblocks_accordion_ie_support":"","_eb_attr":"","_uag_custom_page_level_css":"","footnotes":""},"class_list":["post-267","page","type-page","status-publish","hentry"],"yoast_head":"<!-- This site is optimized with the Yoast SEO plugin v27.4 - https:\/\/yoast.com\/product\/yoast-seo-wordpress\/ -->\n<title>R\u00fcckgaberichtlinien - Dietz-Internethandel<\/title>\n<meta name=\"robots\" content=\"index, follow, max-snippet:-1, max-image-preview:large, max-video-preview:-1\" \/>\n<link rel=\"canonical\" href=\"https:\/\/shop24.dietz-ih.de\/?page_id=267\" \/>\n<meta property=\"og:locale\" content=\"de_DE\" \/>\n<meta property=\"og:type\" content=\"article\" \/>\n<meta property=\"og:title\" content=\"R\u00fcckgaberichtlinien - Dietz-Internethandel\" \/>\n<meta property=\"og:description\" content=\"R\u00fcckgabe Das Produkt kannst du innerhalb der gesetzlichen Widerrufsfrist (14 Tage) problemlos an uns zur\u00fcckschicken. Die R\u00fcckgabe kannst du \u00fcber das Widerrufsformular (Hyperlink) starten. Optional kannst du auch den Grund f\u00fcr deine R\u00fcckgabe angeben. Nach erfolgreicher Pr\u00fcfung der Beschaffenheit der R\u00fccksendung, die in der Regel eine Bearbeitungszeit von 1-2 Werktagen beansprucht, wird dir der Kaufpreis [&hellip;]\" \/>\n<meta property=\"og:url\" content=\"https:\/\/shop24.dietz-ih.de\/?page_id=267\" \/>\n<meta property=\"og:site_name\" content=\"Dietz-Internethandel\" \/>\n<meta property=\"article:publisher\" content=\"https:\/\/www.facebook.com\/profile.php?id=100081292915783\" \/>\n<meta property=\"article:modified_time\" content=\"2025-07-03T06:43:19+00:00\" \/>\n<meta name=\"twitter:card\" content=\"summary_large_image\" \/>\n<meta name=\"twitter:label1\" content=\"Gesch\u00e4tzte Lesezeit\" \/>\n\t<meta name=\"twitter:data1\" content=\"2\u00a0Minuten\" \/>\n<script type=\"application\/ld+json\" class=\"yoast-schema-graph\">{\"@context\":\"https:\\\/\\\/schema.org\",\"@graph\":[{\"@type\":\"WebPage\",\"@id\":\"https:\\\/\\\/shop24.dietz-ih.de\\\/?page_id=267\",\"url\":\"https:\\\/\\\/shop24.dietz-ih.de\\\/?page_id=267\",\"name\":\"R\u00fcckgaberichtlinien - Dietz-Internethandel\",\"isPartOf\":{\"@id\":\"https:\\\/\\\/shop24.dietz-ih.de\\\/#website\"},\"datePublished\":\"2025-07-03T06:43:17+00:00\",\"dateModified\":\"2025-07-03T06:43:19+00:00\",\"breadcrumb\":{\"@id\":\"https:\\\/\\\/shop24.dietz-ih.de\\\/?page_id=267#breadcrumb\"},\"inLanguage\":\"de\",\"potentialAction\":[{\"@type\":\"ReadAction\",\"target\":[\"https:\\\/\\\/shop24.dietz-ih.de\\\/?page_id=267\"]}]},{\"@type\":\"BreadcrumbList\",\"@id\":\"https:\\\/\\\/shop24.dietz-ih.de\\\/?page_id=267#breadcrumb\",\"itemListElement\":[{\"@type\":\"ListItem\",\"position\":1,\"name\":\"Startseite\",\"item\":\"https:\\\/\\\/shop24.dietz-ih.de\\\/\"},{\"@type\":\"ListItem\",\"position\":2,\"name\":\"R\u00fcckgaberichtlinien\"}]},{\"@type\":\"WebSite\",\"@id\":\"https:\\\/\\\/shop24.dietz-ih.de\\\/#website\",\"url\":\"https:\\\/\\\/shop24.dietz-ih.de\\\/\",\"name\":\"Dietz-Internethandel\",\"description\":\"\",\"publisher\":{\"@id\":\"https:\\\/\\\/shop24.dietz-ih.de\\\/#organization\"},\"potentialAction\":[{\"@type\":\"SearchAction\",\"target\":{\"@type\":\"EntryPoint\",\"urlTemplate\":\"https:\\\/\\\/shop24.dietz-ih.de\\\/?s={search_term_string}\"},\"query-input\":{\"@type\":\"PropertyValueSpecification\",\"valueRequired\":true,\"valueName\":\"search_term_string\"}}],\"inLanguage\":\"de\"},{\"@type\":\"Organization\",\"@id\":\"https:\\\/\\\/shop24.dietz-ih.de\\\/#organization\",\"name\":\"Dietz-Internethandel\",\"url\":\"https:\\\/\\\/shop24.dietz-ih.de\\\/\",\"logo\":{\"@type\":\"ImageObject\",\"inLanguage\":\"de\",\"@id\":\"https:\\\/\\\/shop24.dietz-ih.de\\\/#\\\/schema\\\/logo\\\/image\\\/\",\"url\":\"https:\\\/\\\/i0.wp.com\\\/shop24.dietz-ih.de\\\/wp-content\\\/uploads\\\/2025\\\/06\\\/Ein-Logo-fuer-einen-Onlineshop-mit-Spielzeug.-Der-Buchstabe-D-soll-drauf-sein.-Farblich_-Gruen-Warmgelb-und-Lachs.-Und-bitte-als-ausgeschnittene-Datei-Photoroom-2.png?fit=1120%2C1120&ssl=1\",\"contentUrl\":\"https:\\\/\\\/i0.wp.com\\\/shop24.dietz-ih.de\\\/wp-content\\\/uploads\\\/2025\\\/06\\\/Ein-Logo-fuer-einen-Onlineshop-mit-Spielzeug.-Der-Buchstabe-D-soll-drauf-sein.-Farblich_-Gruen-Warmgelb-und-Lachs.-Und-bitte-als-ausgeschnittene-Datei-Photoroom-2.png?fit=1120%2C1120&ssl=1\",\"width\":1120,\"height\":1120,\"caption\":\"Dietz-Internethandel\"},\"image\":{\"@id\":\"https:\\\/\\\/shop24.dietz-ih.de\\\/#\\\/schema\\\/logo\\\/image\\\/\"},\"sameAs\":[\"https:\\\/\\\/www.facebook.com\\\/profile.php?id=100081292915783\",\"https:\\\/\\\/www.instagram.com\\\/dietz_internethandel\\\/\"]}]}<\/script>\n<!-- \/ Yoast SEO plugin. -->","yoast_head_json":{"title":"R\u00fcckgaberichtlinien - Dietz-Internethandel","robots":{"index":"index","follow":"follow","max-snippet":"max-snippet:-1","max-image-preview":"max-image-preview:large","max-video-preview":"max-video-preview:-1"},"canonical":"https:\/\/shop24.dietz-ih.de\/?page_id=267","og_locale":"de_DE","og_type":"article","og_title":"R\u00fcckgaberichtlinien - Dietz-Internethandel","og_description":"R\u00fcckgabe Das Produkt kannst du innerhalb der gesetzlichen Widerrufsfrist (14 Tage) problemlos an uns zur\u00fcckschicken. Die R\u00fcckgabe kannst du \u00fcber das Widerrufsformular (Hyperlink) starten. Optional kannst du auch den Grund f\u00fcr deine R\u00fcckgabe angeben. Nach erfolgreicher Pr\u00fcfung der Beschaffenheit der R\u00fccksendung, die in der Regel eine Bearbeitungszeit von 1-2 Werktagen beansprucht, wird dir der Kaufpreis [&hellip;]","og_url":"https:\/\/shop24.dietz-ih.de\/?page_id=267","og_site_name":"Dietz-Internethandel","article_publisher":"https:\/\/www.facebook.com\/profile.php?id=100081292915783","article_modified_time":"2025-07-03T06:43:19+00:00","twitter_card":"summary_large_image","twitter_misc":{"Gesch\u00e4tzte Lesezeit":"2\u00a0Minuten"},"schema":{"@context":"https:\/\/schema.org","@graph":[{"@type":"WebPage","@id":"https:\/\/shop24.dietz-ih.de\/?page_id=267","url":"https:\/\/shop24.dietz-ih.de\/?page_id=267","name":"R\u00fcckgaberichtlinien - Dietz-Internethandel","isPartOf":{"@id":"https:\/\/shop24.dietz-ih.de\/#website"},"datePublished":"2025-07-03T06:43:17+00:00","dateModified":"2025-07-03T06:43:19+00:00","breadcrumb":{"@id":"https:\/\/shop24.dietz-ih.de\/?page_id=267#breadcrumb"},"inLanguage":"de","potentialAction":[{"@type":"ReadAction","target":["https:\/\/shop24.dietz-ih.de\/?page_id=267"]}]},{"@type":"BreadcrumbList","@id":"https:\/\/shop24.dietz-ih.de\/?page_id=267#breadcrumb","itemListElement":[{"@type":"ListItem","position":1,"name":"Startseite","item":"https:\/\/shop24.dietz-ih.de\/"},{"@type":"ListItem","position":2,"name":"R\u00fcckgaberichtlinien"}]},{"@type":"WebSite","@id":"https:\/\/shop24.dietz-ih.de\/#website","url":"https:\/\/shop24.dietz-ih.de\/","name":"Dietz-Internethandel","description":"","publisher":{"@id":"https:\/\/shop24.dietz-ih.de\/#organization"},"potentialAction":[{"@type":"SearchAction","target":{"@type":"EntryPoint","urlTemplate":"https:\/\/shop24.dietz-ih.de\/?s={search_term_string}"},"query-input":{"@type":"PropertyValueSpecification","valueRequired":true,"valueName":"search_term_string"}}],"inLanguage":"de"},{"@type":"Organization","@id":"https:\/\/shop24.dietz-ih.de\/#organization","name":"Dietz-Internethandel","url":"https:\/\/shop24.dietz-ih.de\/","logo":{"@type":"ImageObject","inLanguage":"de","@id":"https:\/\/shop24.dietz-ih.de\/#\/schema\/logo\/image\/","url":"https:\/\/i0.wp.com\/shop24.dietz-ih.de\/wp-content\/uploads\/2025\/06\/Ein-Logo-fuer-einen-Onlineshop-mit-Spielzeug.-Der-Buchstabe-D-soll-drauf-sein.-Farblich_-Gruen-Warmgelb-und-Lachs.-Und-bitte-als-ausgeschnittene-Datei-Photoroom-2.png?fit=1120%2C1120&ssl=1","contentUrl":"https:\/\/i0.wp.com\/shop24.dietz-ih.de\/wp-content\/uploads\/2025\/06\/Ein-Logo-fuer-einen-Onlineshop-mit-Spielzeug.-Der-Buchstabe-D-soll-drauf-sein.-Farblich_-Gruen-Warmgelb-und-Lachs.-Und-bitte-als-ausgeschnittene-Datei-Photoroom-2.png?fit=1120%2C1120&ssl=1","width":1120,"height":1120,"caption":"Dietz-Internethandel"},"image":{"@id":"https:\/\/shop24.dietz-ih.de\/#\/schema\/logo\/image\/"},"sameAs":["https:\/\/www.facebook.com\/profile.php?id=100081292915783","https:\/\/www.instagram.com\/dietz_internethandel\/"]}]}},"uagb_featured_image_src":{"full":false,"thumbnail":false,"medium":false,"medium_large":false,"large":false,"gs-tiny":false,"xl":false,"xxl":false,"xxxl":false,"xxxxl":false,"xxxxxl":false,"1536x1536":false,"2048x2048":false,"woocommerce_thumbnail":false,"woocommerce_single":false,"woocommerce_gallery_thumbnail":false},"uagb_author_info":{"display_name":"admin","author_link":"https:\/\/shop24.dietz-ih.de\/?author=1"},"uagb_comment_info":0,"uagb_excerpt":"R\u00fcckgabe Das Produkt kannst du innerhalb der gesetzlichen Widerrufsfrist (14 Tage) problemlos an uns zur\u00fcckschicken. Die R\u00fcckgabe kannst du \u00fcber das Widerrufsformular (Hyperlink) starten. Optional kannst du auch den Grund f\u00fcr deine R\u00fcckgabe angeben. Nach erfolgreicher Pr\u00fcfung der Beschaffenheit der R\u00fccksendung, die in der Regel eine Bearbeitungszeit von 1-2 Werktagen beansprucht, wird dir der Kaufpreis&hellip;","jetpack_sharing_enabled":true,"_links":{"self":[{"href":"https:\/\/shop24.dietz-ih.de\/index.php?rest_route=\/wp\/v2\/pages\/267","targetHints":{"allow":["GET"]}}],"collection":[{"href":"https:\/\/shop24.dietz-ih.de\/index.php?rest_route=\/wp\/v2\/pages"}],"about":[{"href":"https:\/\/shop24.dietz-ih.de\/index.php?rest_route=\/wp\/v2\/types\/page"}],"author":[{"embeddable":true,"href":"https:\/\/shop24.dietz-ih.de\/index.php?rest_route=\/wp\/v2\/users\/1"}],"replies":[{"embeddable":true,"href":"https:\/\/shop24.dietz-ih.de\/index.php?rest_route=%2Fwp%2Fv2%2Fcomments&post=267"}],"version-history":[{"count":1,"href":"https:\/\/shop24.dietz-ih.de\/index.php?rest_route=\/wp\/v2\/pages\/267\/revisions"}],"predecessor-version":[{"id":270,"href":"https:\/\/shop24.dietz-ih.de\/index.php?rest_route=\/wp\/v2\/pages\/267\/revisions\/270"}],"wp:attachment":[{"href":"https:\/\/shop24.dietz-ih.de\/index.php?rest_route=%2Fwp%2Fv2%2Fmedia&parent=267"}],"curies":[{"name":"wp","href":"https:\/\/api.w.org\/{rel}","templated":true}]}}