{"id":271,"date":"2025-07-03T08:47:16","date_gmt":"2025-07-03T06:47:16","guid":{"rendered":"https:\/\/shop24.dietz-ih.de\/?page_id=271"},"modified":"2025-07-03T08:47:18","modified_gmt":"2025-07-03T06:47:18","slug":"zahlungsinformationen","status":"publish","type":"page","link":"https:\/\/shop24.dietz-ih.de\/?page_id=271","title":{"rendered":"Zahlungsinformationen"},"content":{"rendered":"\n<h4 class=\"wp-block-heading\"><strong>PayPal<\/strong><\/h4>\n\n\n\n<p><strong>PayPal<\/strong><\/p>\n\n\n\n<p>Bei der Zahlungsart \u201cPer PayPal\u201d hast du die M\u00f6glichkeit, den Rechnungsbetrag schnell und sicher \u00fcber dein PayPal-Konto zu begleichen. Diese Option erm\u00f6glicht dir eine bequeme und effiziente Art der Bezahlung, ohne deine sensiblen Daten direkt im Online-Shop eingeben zu m\u00fcssen.<\/p>\n\n\n\n<p><strong>So funktioniert\u2019s:<\/strong><\/p>\n\n\n\n<ul class=\"wp-block-list\">\n<li><strong>Bestellvorgang:\u00a0<\/strong><strong>W\u00e4hle die Produkte aus, die du bestellen m\u00f6chtest, und lege sie in deinen Warenkorb.<\/strong><\/li>\n\n\n\n<li><strong>Zahlungsart ausw\u00e4hlen:\u00a0<\/strong>Im Checkout-Prozess kannst du \u201cPer PayPal\u201d als Zahlungsart w\u00e4hlen.<\/li>\n\n\n\n<li><strong>Bestellung abschlie\u00dfen:\u00a0<\/strong>Schlie\u00dfe deine Bestellung ab, indem du alle notwendigen Informationen angibst.<\/li>\n\n\n\n<li><strong>Weiterleitung zu PayPal:\u00a0<\/strong>Nachdem du deine Bestellung abgeschickt hast, wirst du auf die PayPal-Plattform weitergeleitet.<\/li>\n\n\n\n<li><strong>PayPal-Konto nutzen:<\/strong>\u00a0Logge dich in dein PayPal-Konto ein, um die Zahlungsanweisung f\u00fcr deine Bestellung zu best\u00e4tigen.<\/li>\n\n\n\n<li><strong>Zahlung abschlie\u00dfen:\u00a0<\/strong>Best\u00e4tige die Zahlungsanweisung in deinem PayPal-Konto, und der Rechnungsbetrag wird direkt von deinem verkn\u00fcpften Bankkonto oder deiner Kreditkarte abgebucht.<\/li>\n<\/ul>\n\n\n\n<p><strong>Vorteile der Zahlungsart \u201cPer PayPal\u201d f\u00fcr dich:<\/strong><\/p>\n\n\n\n<ul class=\"wp-block-list\">\n<li><strong>Schnelle Abwicklung:<\/strong>\u00a0Die Bezahlung erfolgt in Echtzeit, sodass deine Bestellung z\u00fcgig bearbeitet werden kann.<\/li>\n\n\n\n<li><strong>Sicherheit:<\/strong>\u00a0Deine Zahlungsinformationen bleiben gesch\u00fctzt, da du sie nicht direkt im Shop angeben musst.<\/li>\n\n\n\n<li><strong>Transparenz:<\/strong>\u00a0PayPal bietet dir eine klare \u00dcbersicht \u00fcber deine Zahlungen und Transaktionen.<\/li>\n<\/ul>\n\n\n\n<p>Bitte beachte, dass bei der Nutzung von PayPal m\u00f6glicherweise zus\u00e4tzliche Nutzungsbedingungen und Geb\u00fchren gelten k\u00f6nnen. Diese werden dir im Rahmen des Bestellprozesses angezeigt. Wir m\u00f6chten dir die Sicherheit und Bequemlichkeit bieten, die PayPal als Zahlungsoption mit sich bringt.<\/p>\n\n\n\n<p><strong>Vorkasse<\/strong><\/p>\n\n\n\n<p><strong>Zahlung per Vorkasse<\/strong><\/p>\n\n\n\n<p>Wenn Sie sich f\u00fcr die Zahlungsart Vorkasse entscheiden, erhalten Sie nach Abschluss des Bestellprozesses eine Bestellbest\u00e4tigung per E-Mail. In dieser finden Sie unsere Bankverbindung und alle notwendigen Informationen zur \u00dcberweisung.<\/p>\n\n\n\n<p>Bitte \u00fcberweisen Sie den Rechnungsbetrag unter Angabe Ihrer Bestellnummer auf das angegebene Konto. Ihre Bestellung wird nach Eingang der Zahlung umgehend bearbeitet.<\/p>\n","protected":false},"excerpt":{"rendered":"<p>PayPal PayPal Bei der Zahlungsart \u201cPer PayPal\u201d hast du die M\u00f6glichkeit, den Rechnungsbetrag schnell und sicher \u00fcber dein PayPal-Konto zu begleichen. Diese Option erm\u00f6glicht dir eine bequeme und effiziente Art der Bezahlung, ohne deine sensiblen Daten direkt im Online-Shop eingeben zu m\u00fcssen. So funktioniert\u2019s: Vorteile der Zahlungsart \u201cPer PayPal\u201d f\u00fcr dich: Bitte beachte, dass bei [&hellip;]<\/p>\n","protected":false},"author":1,"featured_media":0,"parent":0,"menu_order":0,"comment_status":"closed","ping_status":"closed","template":"","meta":{"_coblocks_attr":"","_coblocks_dimensions":"","_coblocks_responsive_height":"","_coblocks_accordion_ie_support":"","_eb_attr":"","_uag_custom_page_level_css":"","footnotes":""},"class_list":["post-271","page","type-page","status-publish","hentry"],"yoast_head":"<!-- This site is optimized with the Yoast SEO plugin v27.4 - https:\/\/yoast.com\/product\/yoast-seo-wordpress\/ -->\n<title>Zahlungsinformationen - Dietz-Internethandel<\/title>\n<meta name=\"robots\" content=\"index, follow, max-snippet:-1, max-image-preview:large, max-video-preview:-1\" \/>\n<link rel=\"canonical\" href=\"https:\/\/shop24.dietz-ih.de\/?page_id=271\" \/>\n<meta property=\"og:locale\" content=\"de_DE\" \/>\n<meta property=\"og:type\" content=\"article\" \/>\n<meta property=\"og:title\" content=\"Zahlungsinformationen - Dietz-Internethandel\" \/>\n<meta property=\"og:description\" content=\"PayPal PayPal Bei der Zahlungsart \u201cPer PayPal\u201d hast du die M\u00f6glichkeit, den Rechnungsbetrag schnell und sicher \u00fcber dein PayPal-Konto zu begleichen. Diese Option erm\u00f6glicht dir eine bequeme und effiziente Art der Bezahlung, ohne deine sensiblen Daten direkt im Online-Shop eingeben zu m\u00fcssen. So funktioniert\u2019s: Vorteile der Zahlungsart \u201cPer PayPal\u201d f\u00fcr dich: Bitte beachte, dass bei [&hellip;]\" \/>\n<meta property=\"og:url\" content=\"https:\/\/shop24.dietz-ih.de\/?page_id=271\" \/>\n<meta property=\"og:site_name\" content=\"Dietz-Internethandel\" \/>\n<meta property=\"article:publisher\" content=\"https:\/\/www.facebook.com\/profile.php?id=100081292915783\" \/>\n<meta property=\"article:modified_time\" content=\"2025-07-03T06:47:18+00:00\" \/>\n<meta name=\"twitter:card\" content=\"summary_large_image\" \/>\n<meta name=\"twitter:label1\" content=\"Gesch\u00e4tzte Lesezeit\" \/>\n\t<meta name=\"twitter:data1\" content=\"2\u00a0Minuten\" \/>\n<script type=\"application\/ld+json\" class=\"yoast-schema-graph\">{\"@context\":\"https:\\\/\\\/schema.org\",\"@graph\":[{\"@type\":\"WebPage\",\"@id\":\"https:\\\/\\\/shop24.dietz-ih.de\\\/?page_id=271\",\"url\":\"https:\\\/\\\/shop24.dietz-ih.de\\\/?page_id=271\",\"name\":\"Zahlungsinformationen - Dietz-Internethandel\",\"isPartOf\":{\"@id\":\"https:\\\/\\\/shop24.dietz-ih.de\\\/#website\"},\"datePublished\":\"2025-07-03T06:47:16+00:00\",\"dateModified\":\"2025-07-03T06:47:18+00:00\",\"breadcrumb\":{\"@id\":\"https:\\\/\\\/shop24.dietz-ih.de\\\/?page_id=271#breadcrumb\"},\"inLanguage\":\"de\",\"potentialAction\":[{\"@type\":\"ReadAction\",\"target\":[\"https:\\\/\\\/shop24.dietz-ih.de\\\/?page_id=271\"]}]},{\"@type\":\"BreadcrumbList\",\"@id\":\"https:\\\/\\\/shop24.dietz-ih.de\\\/?page_id=271#breadcrumb\",\"itemListElement\":[{\"@type\":\"ListItem\",\"position\":1,\"name\":\"Startseite\",\"item\":\"https:\\\/\\\/shop24.dietz-ih.de\\\/\"},{\"@type\":\"ListItem\",\"position\":2,\"name\":\"Zahlungsinformationen\"}]},{\"@type\":\"WebSite\",\"@id\":\"https:\\\/\\\/shop24.dietz-ih.de\\\/#website\",\"url\":\"https:\\\/\\\/shop24.dietz-ih.de\\\/\",\"name\":\"Dietz-Internethandel\",\"description\":\"\",\"publisher\":{\"@id\":\"https:\\\/\\\/shop24.dietz-ih.de\\\/#organization\"},\"potentialAction\":[{\"@type\":\"SearchAction\",\"target\":{\"@type\":\"EntryPoint\",\"urlTemplate\":\"https:\\\/\\\/shop24.dietz-ih.de\\\/?s={search_term_string}\"},\"query-input\":{\"@type\":\"PropertyValueSpecification\",\"valueRequired\":true,\"valueName\":\"search_term_string\"}}],\"inLanguage\":\"de\"},{\"@type\":\"Organization\",\"@id\":\"https:\\\/\\\/shop24.dietz-ih.de\\\/#organization\",\"name\":\"Dietz-Internethandel\",\"url\":\"https:\\\/\\\/shop24.dietz-ih.de\\\/\",\"logo\":{\"@type\":\"ImageObject\",\"inLanguage\":\"de\",\"@id\":\"https:\\\/\\\/shop24.dietz-ih.de\\\/#\\\/schema\\\/logo\\\/image\\\/\",\"url\":\"https:\\\/\\\/i0.wp.com\\\/shop24.dietz-ih.de\\\/wp-content\\\/uploads\\\/2025\\\/06\\\/Ein-Logo-fuer-einen-Onlineshop-mit-Spielzeug.-Der-Buchstabe-D-soll-drauf-sein.-Farblich_-Gruen-Warmgelb-und-Lachs.-Und-bitte-als-ausgeschnittene-Datei-Photoroom-2.png?fit=1120%2C1120&ssl=1\",\"contentUrl\":\"https:\\\/\\\/i0.wp.com\\\/shop24.dietz-ih.de\\\/wp-content\\\/uploads\\\/2025\\\/06\\\/Ein-Logo-fuer-einen-Onlineshop-mit-Spielzeug.-Der-Buchstabe-D-soll-drauf-sein.-Farblich_-Gruen-Warmgelb-und-Lachs.-Und-bitte-als-ausgeschnittene-Datei-Photoroom-2.png?fit=1120%2C1120&ssl=1\",\"width\":1120,\"height\":1120,\"caption\":\"Dietz-Internethandel\"},\"image\":{\"@id\":\"https:\\\/\\\/shop24.dietz-ih.de\\\/#\\\/schema\\\/logo\\\/image\\\/\"},\"sameAs\":[\"https:\\\/\\\/www.facebook.com\\\/profile.php?id=100081292915783\",\"https:\\\/\\\/www.instagram.com\\\/dietz_internethandel\\\/\"]}]}<\/script>\n<!-- \/ Yoast SEO plugin. -->","yoast_head_json":{"title":"Zahlungsinformationen - Dietz-Internethandel","robots":{"index":"index","follow":"follow","max-snippet":"max-snippet:-1","max-image-preview":"max-image-preview:large","max-video-preview":"max-video-preview:-1"},"canonical":"https:\/\/shop24.dietz-ih.de\/?page_id=271","og_locale":"de_DE","og_type":"article","og_title":"Zahlungsinformationen - Dietz-Internethandel","og_description":"PayPal PayPal Bei der Zahlungsart \u201cPer PayPal\u201d hast du die M\u00f6glichkeit, den Rechnungsbetrag schnell und sicher \u00fcber dein PayPal-Konto zu begleichen. Diese Option erm\u00f6glicht dir eine bequeme und effiziente Art der Bezahlung, ohne deine sensiblen Daten direkt im Online-Shop eingeben zu m\u00fcssen. So funktioniert\u2019s: Vorteile der Zahlungsart \u201cPer PayPal\u201d f\u00fcr dich: Bitte beachte, dass bei [&hellip;]","og_url":"https:\/\/shop24.dietz-ih.de\/?page_id=271","og_site_name":"Dietz-Internethandel","article_publisher":"https:\/\/www.facebook.com\/profile.php?id=100081292915783","article_modified_time":"2025-07-03T06:47:18+00:00","twitter_card":"summary_large_image","twitter_misc":{"Gesch\u00e4tzte Lesezeit":"2\u00a0Minuten"},"schema":{"@context":"https:\/\/schema.org","@graph":[{"@type":"WebPage","@id":"https:\/\/shop24.dietz-ih.de\/?page_id=271","url":"https:\/\/shop24.dietz-ih.de\/?page_id=271","name":"Zahlungsinformationen - Dietz-Internethandel","isPartOf":{"@id":"https:\/\/shop24.dietz-ih.de\/#website"},"datePublished":"2025-07-03T06:47:16+00:00","dateModified":"2025-07-03T06:47:18+00:00","breadcrumb":{"@id":"https:\/\/shop24.dietz-ih.de\/?page_id=271#breadcrumb"},"inLanguage":"de","potentialAction":[{"@type":"ReadAction","target":["https:\/\/shop24.dietz-ih.de\/?page_id=271"]}]},{"@type":"BreadcrumbList","@id":"https:\/\/shop24.dietz-ih.de\/?page_id=271#breadcrumb","itemListElement":[{"@type":"ListItem","position":1,"name":"Startseite","item":"https:\/\/shop24.dietz-ih.de\/"},{"@type":"ListItem","position":2,"name":"Zahlungsinformationen"}]},{"@type":"WebSite","@id":"https:\/\/shop24.dietz-ih.de\/#website","url":"https:\/\/shop24.dietz-ih.de\/","name":"Dietz-Internethandel","description":"","publisher":{"@id":"https:\/\/shop24.dietz-ih.de\/#organization"},"potentialAction":[{"@type":"SearchAction","target":{"@type":"EntryPoint","urlTemplate":"https:\/\/shop24.dietz-ih.de\/?s={search_term_string}"},"query-input":{"@type":"PropertyValueSpecification","valueRequired":true,"valueName":"search_term_string"}}],"inLanguage":"de"},{"@type":"Organization","@id":"https:\/\/shop24.dietz-ih.de\/#organization","name":"Dietz-Internethandel","url":"https:\/\/shop24.dietz-ih.de\/","logo":{"@type":"ImageObject","inLanguage":"de","@id":"https:\/\/shop24.dietz-ih.de\/#\/schema\/logo\/image\/","url":"https:\/\/i0.wp.com\/shop24.dietz-ih.de\/wp-content\/uploads\/2025\/06\/Ein-Logo-fuer-einen-Onlineshop-mit-Spielzeug.-Der-Buchstabe-D-soll-drauf-sein.-Farblich_-Gruen-Warmgelb-und-Lachs.-Und-bitte-als-ausgeschnittene-Datei-Photoroom-2.png?fit=1120%2C1120&ssl=1","contentUrl":"https:\/\/i0.wp.com\/shop24.dietz-ih.de\/wp-content\/uploads\/2025\/06\/Ein-Logo-fuer-einen-Onlineshop-mit-Spielzeug.-Der-Buchstabe-D-soll-drauf-sein.-Farblich_-Gruen-Warmgelb-und-Lachs.-Und-bitte-als-ausgeschnittene-Datei-Photoroom-2.png?fit=1120%2C1120&ssl=1","width":1120,"height":1120,"caption":"Dietz-Internethandel"},"image":{"@id":"https:\/\/shop24.dietz-ih.de\/#\/schema\/logo\/image\/"},"sameAs":["https:\/\/www.facebook.com\/profile.php?id=100081292915783","https:\/\/www.instagram.com\/dietz_internethandel\/"]}]}},"uagb_featured_image_src":{"full":false,"thumbnail":false,"medium":false,"medium_large":false,"large":false,"gs-tiny":false,"xl":false,"xxl":false,"xxxl":false,"xxxxl":false,"xxxxxl":false,"1536x1536":false,"2048x2048":false,"woocommerce_thumbnail":false,"woocommerce_single":false,"woocommerce_gallery_thumbnail":false},"uagb_author_info":{"display_name":"admin","author_link":"https:\/\/shop24.dietz-ih.de\/?author=1"},"uagb_comment_info":0,"uagb_excerpt":"PayPal PayPal Bei der Zahlungsart \u201cPer PayPal\u201d hast du die M\u00f6glichkeit, den Rechnungsbetrag schnell und sicher \u00fcber dein PayPal-Konto zu begleichen. Diese Option erm\u00f6glicht dir eine bequeme und effiziente Art der Bezahlung, ohne deine sensiblen Daten direkt im Online-Shop eingeben zu m\u00fcssen. So funktioniert\u2019s: Vorteile der Zahlungsart \u201cPer PayPal\u201d f\u00fcr dich: Bitte beachte, dass bei&hellip;","jetpack_sharing_enabled":true,"_links":{"self":[{"href":"https:\/\/shop24.dietz-ih.de\/index.php?rest_route=\/wp\/v2\/pages\/271","targetHints":{"allow":["GET"]}}],"collection":[{"href":"https:\/\/shop24.dietz-ih.de\/index.php?rest_route=\/wp\/v2\/pages"}],"about":[{"href":"https:\/\/shop24.dietz-ih.de\/index.php?rest_route=\/wp\/v2\/types\/page"}],"author":[{"embeddable":true,"href":"https:\/\/shop24.dietz-ih.de\/index.php?rest_route=\/wp\/v2\/users\/1"}],"replies":[{"embeddable":true,"href":"https:\/\/shop24.dietz-ih.de\/index.php?rest_route=%2Fwp%2Fv2%2Fcomments&post=271"}],"version-history":[{"count":1,"href":"https:\/\/shop24.dietz-ih.de\/index.php?rest_route=\/wp\/v2\/pages\/271\/revisions"}],"predecessor-version":[{"id":272,"href":"https:\/\/shop24.dietz-ih.de\/index.php?rest_route=\/wp\/v2\/pages\/271\/revisions\/272"}],"wp:attachment":[{"href":"https:\/\/shop24.dietz-ih.de\/index.php?rest_route=%2Fwp%2Fv2%2Fmedia&parent=271"}],"curies":[{"name":"wp","href":"https:\/\/api.w.org\/{rel}","templated":true}]}}