{"id":1160,"date":"2025-08-22T14:21:52","date_gmt":"2025-08-22T12:21:52","guid":{"rendered":"https:\/\/shop24.dietz-ih.de\/?post_type=product&#038;p=1160"},"modified":"2026-01-19T12:50:28","modified_gmt":"2026-01-19T11:50:28","slug":"lego-icons-10372-hibiskus","status":"publish","type":"product","link":"https:\/\/shop24.dietz-ih.de\/?product=lego-icons-10372-hibiskus","title":{"rendered":"LEGO\u00ae Icons 10372 Hibiskus"},"content":{"rendered":"<h3 data-start=\"188\" data-end=\"227\">LEGO\u00ae Icons 10372 Hibiskus<\/h3>\n<p data-start=\"229\" data-end=\"640\">Entdecke die beruhigende Welt der Pflanzen mit dem <strong data-start=\"280\" data-end=\"315\">LEGO\u00ae Icons 10372 Hibiskus<\/strong>, einem kreativen Bauset f\u00fcr Erwachsene, das deine Leidenschaft f\u00fcr Blumen auf spielerische Weise zum Ausdruck bringt. Dieses <strong data-start=\"441\" data-end=\"460\">660-teilige Set<\/strong> l\u00e4dt zum Entspannen ein und verwandelt das Zusammensetzen der Lavendelbl\u00fcten und hellgr\u00fcnen Bl\u00e4tter in eine meditative Aktivit\u00e4t.\u00a0 \u00a0 \u00a0 \u00a0 \u00a0 \u00a0 \u00a0 \u00a0 \u00a0 \u00a0 \u00a0 \u00a0 \u00a0 \u00a0 Die sowohl Kreativit\u00e4t als auch Geduld f\u00f6rdert.<\/p>\n<p data-start=\"642\" data-end=\"1133\">Der Hibiskus beeindruckt durch <strong data-start=\"673\" data-end=\"741\">5 gro\u00dfe Bl\u00fcten, 4 aufgebl\u00fchte Knospen und 2 kleine junge Knospen<\/strong>, die sich dank der beweglichen Bl\u00fctenbl\u00e4tter individuell arrangieren lassen. Auch die Bl\u00e4tter k\u00f6nnen flexibel positioniert werden, sodass jeder Baumeister seine ganz pers\u00f6nliche Version dieser exotischen Pflanze gestalten kann. Das fertige Modell steht in einem <strong data-start=\"1004\" data-end=\"1031\">dunkelblauen Blumentopf<\/strong>, der den Hibiskus zu einem eleganten Dekorationsst\u00fcck f\u00fcr Wohnzimmer, B\u00fcro oder Schlafzimmer macht.<\/p>\n<p data-start=\"1135\" data-end=\"1474\">Mit der <strong data-start=\"1143\" data-end=\"1164\">LEGO\u00ae Builder App<\/strong> kannst du dein Bauerlebnis noch interaktiver gestalten: Digitale Bauanleitungen erlauben es, das Modell in <strong data-start=\"1272\" data-end=\"1339\">3D zu vergr\u00f6\u00dfern, zu drehen und deinen Fortschritt zu speichern<\/strong>. So k\u00f6nnen Anf\u00e4nger wie erfahrene Baumeister die einzelnen Schritte noch besser nachvollziehen und das Ergebnis perfekt inszenieren.<\/p>\n<p data-start=\"1476\" data-end=\"1963\">Dieses Set ist ein <strong data-start=\"1495\" data-end=\"1519\">wunderbares Geschenk<\/strong> f\u00fcr Blumenliebhaber, kreative Erwachsene und Sammler von LEGO\u00ae Pflanzen. Ob zum Geburtstag, Valentinstag oder zur Einweihung \u2013 der Hibiskus begeistert durch seine Liebe zum Detail. Er bietet die M\u00f6glichkeit, ihn individuell zu gestalten. Au\u00dferdem l\u00e4sst sich der Hibiskus hervorragend mit anderen LEGO\u00ae Botanicals Sets kombinieren, sodass du deine pers\u00f6nliche Pflanzenwelt erweitern kannst \u2013 von Bonsai-B\u00e4umen bis hin zu farbenfrohen Blumenstr\u00e4u\u00dfen.<\/p>\n<h4 data-start=\"1970\" data-end=\"1988\">Highlights:<\/h4>\n<ul data-start=\"1989\" data-end=\"2508\">\n<li data-start=\"1989\" data-end=\"2052\">\n<p data-start=\"1991\" data-end=\"2052\"><strong data-start=\"1991\" data-end=\"2004\">660 Teile<\/strong> \u2013 detailreicher LEGO\u00ae Hibiskus f\u00fcr Erwachsene<\/p>\n<\/li>\n<li data-start=\"2053\" data-end=\"2110\">\n<p data-start=\"2055\" data-end=\"2110\"><strong data-start=\"2055\" data-end=\"2108\">5 gro\u00dfe Bl\u00fcten, 4 aufgebl\u00fchte und 2 junge Knospen<\/strong><\/p>\n<\/li>\n<li data-start=\"2111\" data-end=\"2179\">\n<p data-start=\"2113\" data-end=\"2179\">Bewegliche Bl\u00e4tter und Bl\u00fctenbl\u00e4tter f\u00fcr individuelle Gestaltung<\/p>\n<\/li>\n<li data-start=\"2180\" data-end=\"2241\">\n<p data-start=\"2182\" data-end=\"2241\">Dunkelblauer Blumentopf als dekoratives Ausstellungsst\u00fcck<\/p>\n<\/li>\n<li data-start=\"2242\" data-end=\"2315\">\n<p data-start=\"2244\" data-end=\"2315\">Perfektes Geschenk f\u00fcr Blumenliebhaber, kreative Erwachsene &amp; Sammler<\/p>\n<\/li>\n<li data-start=\"2316\" data-end=\"2403\">\n<p data-start=\"2318\" data-end=\"2403\">Unterst\u00fctzt durch <strong data-start=\"2336\" data-end=\"2357\">LEGO\u00ae Builder App<\/strong> mit 3D-Ansichten und Fortschrittsverfolgung<\/p>\n<\/li>\n<li data-start=\"2404\" data-end=\"2458\">\n<p data-start=\"2406\" data-end=\"2458\">Kombinierbar mit anderen <strong data-start=\"2431\" data-end=\"2456\">LEGO\u00ae Botanicals Sets<\/strong><\/p>\n<\/li>\n<li data-start=\"2459\" data-end=\"2508\">\n<p data-start=\"2461\" data-end=\"2508\">Ma\u00dfe: <strong data-start=\"2467\" data-end=\"2506\">36 cm hoch, 25 cm breit, 13 cm tief<\/strong><\/p>\n<\/li>\n<\/ul>\n","protected":false},"excerpt":{"rendered":"<p>Tauche ein in die beruhigende Welt der Pflanzen mit dem <strong data-start=\"389\" data-end=\"413\">LEGO\u00ae Icons 10372 Hibiskus <\/strong>. Dieses 660-teilige Set f\u00fcr Erwachsene verwandelt das Bauen in eine kreative Auszeit voller Entspannung und Freude. Die <strong data-start=\"534\" data-end=\"575\">beweglichen Bl\u00fctenbl\u00e4tter und Bl\u00e4tter<\/strong> lassen sich individuell arrangieren, sodass jeder Baumeister seine eigene, einzigartige Version der exotischen Pflanze gestalten kann. Im <strong data-start=\"714\" data-end=\"741\">dunkelblauen Blumentopf<\/strong> wird der Hibiskus zum stilvollen Deko-Highlight f\u00fcr Zuhause oder B\u00fcro. Perfekt als Geschenk f\u00fcr Blumenliebhaber oder kreative LEGO\u00ae Fans. Mit der <strong data-start=\"888\" data-end=\"909\">LEGO\u00ae Builder App<\/strong> kannst du das Modell in 3D betrachten, drehen und deinen Baufortschritt speichern \u2013 f\u00fcr ein intensives und erf\u00fcllendes Bauerlebnis.<\/p>\n","protected":false},"featured_media":1161,"comment_status":"open","ping_status":"closed","template":"","meta":{"_coblocks_attr":"","_coblocks_dimensions":"","_coblocks_responsive_height":"","_coblocks_accordion_ie_support":"","_eb_attr":"","_uag_custom_page_level_css":""},"product_brand":[158],"product_cat":[15,416],"product_tag":[509,510,508,163,314],"class_list":{"0":"post-1160","1":"product","2":"type-product","3":"status-publish","4":"has-post-thumbnail","6":"product_brand-lego","7":"product_cat-lego","8":"product_cat-sale","9":"product_tag-509","10":"product_tag-botanicals","11":"product_tag-hibiskus","12":"product_tag-lego","13":"product_tag-legoicons","15":"first","16":"outofstock","17":"taxable","18":"shipping-taxable","19":"purchasable","20":"product-type-simple"},"yoast_head":"<!-- This site is optimized with the Yoast SEO plugin v27.4 - https:\/\/yoast.com\/product\/yoast-seo-wordpress\/ -->\n<title>LEGO\u00ae Icons 10372 Hibiskus - Dietz-Internethandel<\/title>\n<meta name=\"description\" content=\"LEGO\u00ae Icons 10372 Hibiskus: 660 Teile, bewegliche Bl\u00fcten und Bl\u00e4tter. Elegantes Deko-Set f\u00fcr Erwachsene, ideal als Geschenk f\u00fcr Blumenliebhaber.\" \/>\n<meta name=\"robots\" content=\"index, follow, max-snippet:-1, max-image-preview:large, max-video-preview:-1\" \/>\n<link rel=\"canonical\" href=\"https:\/\/shop24.dietz-ih.de\/?product=lego-icons-10372-hibiskus\" \/>\n<meta property=\"og:locale\" content=\"de_DE\" \/>\n<meta property=\"og:type\" content=\"article\" \/>\n<meta property=\"og:title\" content=\"LEGO\u00ae Icons 10372 Hibiskus - Dietz-Internethandel\" \/>\n<meta property=\"og:description\" content=\"LEGO\u00ae Icons 10372 Hibiskus: 660 Teile, bewegliche Bl\u00fcten und Bl\u00e4tter. Elegantes Deko-Set f\u00fcr Erwachsene, ideal als Geschenk f\u00fcr Blumenliebhaber.\" \/>\n<meta property=\"og:url\" content=\"https:\/\/shop24.dietz-ih.de\/?product=lego-icons-10372-hibiskus\" \/>\n<meta property=\"og:site_name\" content=\"Dietz-Internethandel\" \/>\n<meta property=\"article:publisher\" content=\"https:\/\/www.facebook.com\/profile.php?id=100081292915783\" \/>\n<meta property=\"article:modified_time\" content=\"2026-01-19T11:50:28+00:00\" \/>\n<meta property=\"og:image\" content=\"https:\/\/shop24.dietz-ih.de\/wp-content\/uploads\/2025\/08\/LEGO_10372_1_ergebnis.jpg\" \/>\n\t<meta property=\"og:image:width\" content=\"600\" \/>\n\t<meta property=\"og:image:height\" content=\"600\" \/>\n\t<meta property=\"og:image:type\" content=\"image\/jpeg\" \/>\n<meta name=\"twitter:card\" content=\"summary_large_image\" \/>\n<meta name=\"twitter:label1\" content=\"Gesch\u00e4tzte Lesezeit\" \/>\n\t<meta name=\"twitter:data1\" content=\"2\u00a0Minuten\" \/>\n<script type=\"application\/ld+json\" class=\"yoast-schema-graph\">{\"@context\":\"https:\\\/\\\/schema.org\",\"@graph\":[{\"@type\":\"WebPage\",\"@id\":\"https:\\\/\\\/shop24.dietz-ih.de\\\/?product=lego-icons-10372-hibiskus\",\"url\":\"https:\\\/\\\/shop24.dietz-ih.de\\\/?product=lego-icons-10372-hibiskus\",\"name\":\"LEGO\u00ae Icons 10372 Hibiskus - Dietz-Internethandel\",\"isPartOf\":{\"@id\":\"https:\\\/\\\/shop24.dietz-ih.de\\\/#website\"},\"primaryImageOfPage\":{\"@id\":\"https:\\\/\\\/shop24.dietz-ih.de\\\/?product=lego-icons-10372-hibiskus#primaryimage\"},\"image\":{\"@id\":\"https:\\\/\\\/shop24.dietz-ih.de\\\/?product=lego-icons-10372-hibiskus#primaryimage\"},\"thumbnailUrl\":\"https:\\\/\\\/i0.wp.com\\\/shop24.dietz-ih.de\\\/wp-content\\\/uploads\\\/2025\\\/08\\\/LEGO_10372_1_ergebnis.jpg?fit=600%2C600&ssl=1\",\"datePublished\":\"2025-08-22T12:21:52+00:00\",\"dateModified\":\"2026-01-19T11:50:28+00:00\",\"description\":\"LEGO\u00ae Icons 10372 Hibiskus: 660 Teile, bewegliche Bl\u00fcten und Bl\u00e4tter. Elegantes Deko-Set f\u00fcr Erwachsene, ideal als Geschenk f\u00fcr Blumenliebhaber.\",\"breadcrumb\":{\"@id\":\"https:\\\/\\\/shop24.dietz-ih.de\\\/?product=lego-icons-10372-hibiskus#breadcrumb\"},\"inLanguage\":\"de\",\"potentialAction\":[{\"@type\":\"ReadAction\",\"target\":[\"https:\\\/\\\/shop24.dietz-ih.de\\\/?product=lego-icons-10372-hibiskus\"]}]},{\"@type\":\"ImageObject\",\"inLanguage\":\"de\",\"@id\":\"https:\\\/\\\/shop24.dietz-ih.de\\\/?product=lego-icons-10372-hibiskus#primaryimage\",\"url\":\"https:\\\/\\\/i0.wp.com\\\/shop24.dietz-ih.de\\\/wp-content\\\/uploads\\\/2025\\\/08\\\/LEGO_10372_1_ergebnis.jpg?fit=600%2C600&ssl=1\",\"contentUrl\":\"https:\\\/\\\/i0.wp.com\\\/shop24.dietz-ih.de\\\/wp-content\\\/uploads\\\/2025\\\/08\\\/LEGO_10372_1_ergebnis.jpg?fit=600%2C600&ssl=1\",\"width\":600,\"height\":600},{\"@type\":\"BreadcrumbList\",\"@id\":\"https:\\\/\\\/shop24.dietz-ih.de\\\/?product=lego-icons-10372-hibiskus#breadcrumb\",\"itemListElement\":[{\"@type\":\"ListItem\",\"position\":1,\"name\":\"Startseite\",\"item\":\"https:\\\/\\\/shop24.dietz-ih.de\\\/\"},{\"@type\":\"ListItem\",\"position\":2,\"name\":\"Shop\",\"item\":\"https:\\\/\\\/shop24.dietz-ih.de\\\/?page_id=7\"},{\"@type\":\"ListItem\",\"position\":3,\"name\":\"LEGO\u00ae Icons 10372 Hibiskus\"}]},{\"@type\":\"WebSite\",\"@id\":\"https:\\\/\\\/shop24.dietz-ih.de\\\/#website\",\"url\":\"https:\\\/\\\/shop24.dietz-ih.de\\\/\",\"name\":\"Dietz-Internethandel\",\"description\":\"\",\"publisher\":{\"@id\":\"https:\\\/\\\/shop24.dietz-ih.de\\\/#organization\"},\"potentialAction\":[{\"@type\":\"SearchAction\",\"target\":{\"@type\":\"EntryPoint\",\"urlTemplate\":\"https:\\\/\\\/shop24.dietz-ih.de\\\/?s={search_term_string}\"},\"query-input\":{\"@type\":\"PropertyValueSpecification\",\"valueRequired\":true,\"valueName\":\"search_term_string\"}}],\"inLanguage\":\"de\"},{\"@type\":\"Organization\",\"@id\":\"https:\\\/\\\/shop24.dietz-ih.de\\\/#organization\",\"name\":\"Dietz-Internethandel\",\"url\":\"https:\\\/\\\/shop24.dietz-ih.de\\\/\",\"logo\":{\"@type\":\"ImageObject\",\"inLanguage\":\"de\",\"@id\":\"https:\\\/\\\/shop24.dietz-ih.de\\\/#\\\/schema\\\/logo\\\/image\\\/\",\"url\":\"https:\\\/\\\/i0.wp.com\\\/shop24.dietz-ih.de\\\/wp-content\\\/uploads\\\/2025\\\/06\\\/Ein-Logo-fuer-einen-Onlineshop-mit-Spielzeug.-Der-Buchstabe-D-soll-drauf-sein.-Farblich_-Gruen-Warmgelb-und-Lachs.-Und-bitte-als-ausgeschnittene-Datei-Photoroom-2.png?fit=1120%2C1120&ssl=1\",\"contentUrl\":\"https:\\\/\\\/i0.wp.com\\\/shop24.dietz-ih.de\\\/wp-content\\\/uploads\\\/2025\\\/06\\\/Ein-Logo-fuer-einen-Onlineshop-mit-Spielzeug.-Der-Buchstabe-D-soll-drauf-sein.-Farblich_-Gruen-Warmgelb-und-Lachs.-Und-bitte-als-ausgeschnittene-Datei-Photoroom-2.png?fit=1120%2C1120&ssl=1\",\"width\":1120,\"height\":1120,\"caption\":\"Dietz-Internethandel\"},\"image\":{\"@id\":\"https:\\\/\\\/shop24.dietz-ih.de\\\/#\\\/schema\\\/logo\\\/image\\\/\"},\"sameAs\":[\"https:\\\/\\\/www.facebook.com\\\/profile.php?id=100081292915783\",\"https:\\\/\\\/www.instagram.com\\\/dietz_internethandel\\\/\"]}]}<\/script>\n<!-- \/ Yoast SEO plugin. -->","yoast_head_json":{"title":"LEGO\u00ae Icons 10372 Hibiskus - Dietz-Internethandel","description":"LEGO\u00ae Icons 10372 Hibiskus: 660 Teile, bewegliche Bl\u00fcten und Bl\u00e4tter. Elegantes Deko-Set f\u00fcr Erwachsene, ideal als Geschenk f\u00fcr Blumenliebhaber.","robots":{"index":"index","follow":"follow","max-snippet":"max-snippet:-1","max-image-preview":"max-image-preview:large","max-video-preview":"max-video-preview:-1"},"canonical":"https:\/\/shop24.dietz-ih.de\/?product=lego-icons-10372-hibiskus","og_locale":"de_DE","og_type":"article","og_title":"LEGO\u00ae Icons 10372 Hibiskus - Dietz-Internethandel","og_description":"LEGO\u00ae Icons 10372 Hibiskus: 660 Teile, bewegliche Bl\u00fcten und Bl\u00e4tter. Elegantes Deko-Set f\u00fcr Erwachsene, ideal als Geschenk f\u00fcr Blumenliebhaber.","og_url":"https:\/\/shop24.dietz-ih.de\/?product=lego-icons-10372-hibiskus","og_site_name":"Dietz-Internethandel","article_publisher":"https:\/\/www.facebook.com\/profile.php?id=100081292915783","article_modified_time":"2026-01-19T11:50:28+00:00","og_image":[{"width":600,"height":600,"url":"https:\/\/shop24.dietz-ih.de\/wp-content\/uploads\/2025\/08\/LEGO_10372_1_ergebnis.jpg","type":"image\/jpeg"}],"twitter_card":"summary_large_image","twitter_misc":{"Gesch\u00e4tzte Lesezeit":"2\u00a0Minuten"},"schema":{"@context":"https:\/\/schema.org","@graph":[{"@type":"WebPage","@id":"https:\/\/shop24.dietz-ih.de\/?product=lego-icons-10372-hibiskus","url":"https:\/\/shop24.dietz-ih.de\/?product=lego-icons-10372-hibiskus","name":"LEGO\u00ae Icons 10372 Hibiskus - Dietz-Internethandel","isPartOf":{"@id":"https:\/\/shop24.dietz-ih.de\/#website"},"primaryImageOfPage":{"@id":"https:\/\/shop24.dietz-ih.de\/?product=lego-icons-10372-hibiskus#primaryimage"},"image":{"@id":"https:\/\/shop24.dietz-ih.de\/?product=lego-icons-10372-hibiskus#primaryimage"},"thumbnailUrl":"https:\/\/i0.wp.com\/shop24.dietz-ih.de\/wp-content\/uploads\/2025\/08\/LEGO_10372_1_ergebnis.jpg?fit=600%2C600&ssl=1","datePublished":"2025-08-22T12:21:52+00:00","dateModified":"2026-01-19T11:50:28+00:00","description":"LEGO\u00ae Icons 10372 Hibiskus: 660 Teile, bewegliche Bl\u00fcten und Bl\u00e4tter. Elegantes Deko-Set f\u00fcr Erwachsene, ideal als Geschenk f\u00fcr Blumenliebhaber.","breadcrumb":{"@id":"https:\/\/shop24.dietz-ih.de\/?product=lego-icons-10372-hibiskus#breadcrumb"},"inLanguage":"de","potentialAction":[{"@type":"ReadAction","target":["https:\/\/shop24.dietz-ih.de\/?product=lego-icons-10372-hibiskus"]}]},{"@type":"ImageObject","inLanguage":"de","@id":"https:\/\/shop24.dietz-ih.de\/?product=lego-icons-10372-hibiskus#primaryimage","url":"https:\/\/i0.wp.com\/shop24.dietz-ih.de\/wp-content\/uploads\/2025\/08\/LEGO_10372_1_ergebnis.jpg?fit=600%2C600&ssl=1","contentUrl":"https:\/\/i0.wp.com\/shop24.dietz-ih.de\/wp-content\/uploads\/2025\/08\/LEGO_10372_1_ergebnis.jpg?fit=600%2C600&ssl=1","width":600,"height":600},{"@type":"BreadcrumbList","@id":"https:\/\/shop24.dietz-ih.de\/?product=lego-icons-10372-hibiskus#breadcrumb","itemListElement":[{"@type":"ListItem","position":1,"name":"Startseite","item":"https:\/\/shop24.dietz-ih.de\/"},{"@type":"ListItem","position":2,"name":"Shop","item":"https:\/\/shop24.dietz-ih.de\/?page_id=7"},{"@type":"ListItem","position":3,"name":"LEGO\u00ae Icons 10372 Hibiskus"}]},{"@type":"WebSite","@id":"https:\/\/shop24.dietz-ih.de\/#website","url":"https:\/\/shop24.dietz-ih.de\/","name":"Dietz-Internethandel","description":"","publisher":{"@id":"https:\/\/shop24.dietz-ih.de\/#organization"},"potentialAction":[{"@type":"SearchAction","target":{"@type":"EntryPoint","urlTemplate":"https:\/\/shop24.dietz-ih.de\/?s={search_term_string}"},"query-input":{"@type":"PropertyValueSpecification","valueRequired":true,"valueName":"search_term_string"}}],"inLanguage":"de"},{"@type":"Organization","@id":"https:\/\/shop24.dietz-ih.de\/#organization","name":"Dietz-Internethandel","url":"https:\/\/shop24.dietz-ih.de\/","logo":{"@type":"ImageObject","inLanguage":"de","@id":"https:\/\/shop24.dietz-ih.de\/#\/schema\/logo\/image\/","url":"https:\/\/i0.wp.com\/shop24.dietz-ih.de\/wp-content\/uploads\/2025\/06\/Ein-Logo-fuer-einen-Onlineshop-mit-Spielzeug.-Der-Buchstabe-D-soll-drauf-sein.-Farblich_-Gruen-Warmgelb-und-Lachs.-Und-bitte-als-ausgeschnittene-Datei-Photoroom-2.png?fit=1120%2C1120&ssl=1","contentUrl":"https:\/\/i0.wp.com\/shop24.dietz-ih.de\/wp-content\/uploads\/2025\/06\/Ein-Logo-fuer-einen-Onlineshop-mit-Spielzeug.-Der-Buchstabe-D-soll-drauf-sein.-Farblich_-Gruen-Warmgelb-und-Lachs.-Und-bitte-als-ausgeschnittene-Datei-Photoroom-2.png?fit=1120%2C1120&ssl=1","width":1120,"height":1120,"caption":"Dietz-Internethandel"},"image":{"@id":"https:\/\/shop24.dietz-ih.de\/#\/schema\/logo\/image\/"},"sameAs":["https:\/\/www.facebook.com\/profile.php?id=100081292915783","https:\/\/www.instagram.com\/dietz_internethandel\/"]}]}},"uagb_featured_image_src":{"full":["https:\/\/i0.wp.com\/shop24.dietz-ih.de\/wp-content\/uploads\/2025\/08\/LEGO_10372_1_ergebnis.jpg?fit=600%2C600&ssl=1",600,600,false],"thumbnail":["https:\/\/i0.wp.com\/shop24.dietz-ih.de\/wp-content\/uploads\/2025\/08\/LEGO_10372_1_ergebnis.jpg?resize=150%2C150&ssl=1",150,150,true],"medium":["https:\/\/i0.wp.com\/shop24.dietz-ih.de\/wp-content\/uploads\/2025\/08\/LEGO_10372_1_ergebnis.jpg?fit=300%2C300&ssl=1",300,300,true],"medium_large":["https:\/\/i0.wp.com\/shop24.dietz-ih.de\/wp-content\/uploads\/2025\/08\/LEGO_10372_1_ergebnis.jpg?fit=600%2C600&ssl=1",600,600,true],"large":["https:\/\/i0.wp.com\/shop24.dietz-ih.de\/wp-content\/uploads\/2025\/08\/LEGO_10372_1_ergebnis.jpg?fit=600%2C600&ssl=1",600,600,true],"gs-tiny":["https:\/\/i0.wp.com\/shop24.dietz-ih.de\/wp-content\/uploads\/2025\/08\/LEGO_10372_1_ergebnis.jpg?fit=50%2C50&ssl=1",50,50,true],"xl":["https:\/\/i0.wp.com\/shop24.dietz-ih.de\/wp-content\/uploads\/2025\/08\/LEGO_10372_1_ergebnis.jpg?fit=600%2C600&ssl=1",600,600,true],"xxl":["https:\/\/i0.wp.com\/shop24.dietz-ih.de\/wp-content\/uploads\/2025\/08\/LEGO_10372_1_ergebnis.jpg?fit=600%2C600&ssl=1",600,600,true],"xxxl":["https:\/\/i0.wp.com\/shop24.dietz-ih.de\/wp-content\/uploads\/2025\/08\/LEGO_10372_1_ergebnis.jpg?fit=600%2C600&ssl=1",600,600,true],"xxxxl":["https:\/\/i0.wp.com\/shop24.dietz-ih.de\/wp-content\/uploads\/2025\/08\/LEGO_10372_1_ergebnis.jpg?fit=600%2C600&ssl=1",600,600,true],"xxxxxl":["https:\/\/i0.wp.com\/shop24.dietz-ih.de\/wp-content\/uploads\/2025\/08\/LEGO_10372_1_ergebnis.jpg?fit=600%2C600&ssl=1",600,600,true],"1536x1536":["https:\/\/i0.wp.com\/shop24.dietz-ih.de\/wp-content\/uploads\/2025\/08\/LEGO_10372_1_ergebnis.jpg?fit=600%2C600&ssl=1",600,600,true],"2048x2048":["https:\/\/i0.wp.com\/shop24.dietz-ih.de\/wp-content\/uploads\/2025\/08\/LEGO_10372_1_ergebnis.jpg?fit=600%2C600&ssl=1",600,600,true],"woocommerce_thumbnail":["https:\/\/i0.wp.com\/shop24.dietz-ih.de\/wp-content\/uploads\/2025\/08\/LEGO_10372_1_ergebnis.jpg?resize=600%2C600&ssl=1",600,600,true],"woocommerce_single":["https:\/\/i0.wp.com\/shop24.dietz-ih.de\/wp-content\/uploads\/2025\/08\/LEGO_10372_1_ergebnis.jpg?fit=600%2C600&ssl=1",600,600,true],"woocommerce_gallery_thumbnail":["https:\/\/i0.wp.com\/shop24.dietz-ih.de\/wp-content\/uploads\/2025\/08\/LEGO_10372_1_ergebnis.jpg?resize=100%2C100&ssl=1",100,100,true]},"uagb_author_info":{"display_name":"admin","author_link":"https:\/\/shop24.dietz-ih.de\/?author=0"},"uagb_comment_info":0,"uagb_excerpt":"Tauche ein in die beruhigende Welt der Pflanzen mit dem LEGO\u00ae Icons 10372 Hibiskus . Dieses 660-teilige Set f\u00fcr Erwachsene verwandelt das Bauen in eine kreative Auszeit voller Entspannung und Freude. Die beweglichen Bl\u00fctenbl\u00e4tter und Bl\u00e4tter lassen sich individuell arrangieren, sodass jeder Baumeister seine eigene, einzigartige Version der exotischen Pflanze gestalten kann. Im dunkelblauen Blumentopf&hellip;","jetpack_sharing_enabled":true,"_links":{"self":[{"href":"https:\/\/shop24.dietz-ih.de\/index.php?rest_route=\/wp\/v2\/product\/1160","targetHints":{"allow":["GET"]}}],"collection":[{"href":"https:\/\/shop24.dietz-ih.de\/index.php?rest_route=\/wp\/v2\/product"}],"about":[{"href":"https:\/\/shop24.dietz-ih.de\/index.php?rest_route=\/wp\/v2\/types\/product"}],"replies":[{"embeddable":true,"href":"https:\/\/shop24.dietz-ih.de\/index.php?rest_route=%2Fwp%2Fv2%2Fcomments&post=1160"}],"wp:featuredmedia":[{"embeddable":true,"href":"https:\/\/shop24.dietz-ih.de\/index.php?rest_route=\/wp\/v2\/media\/1161"}],"wp:attachment":[{"href":"https:\/\/shop24.dietz-ih.de\/index.php?rest_route=%2Fwp%2Fv2%2Fmedia&parent=1160"}],"wp:term":[{"taxonomy":"product_brand","embeddable":true,"href":"https:\/\/shop24.dietz-ih.de\/index.php?rest_route=%2Fwp%2Fv2%2Fproduct_brand&post=1160"},{"taxonomy":"product_cat","embeddable":true,"href":"https:\/\/shop24.dietz-ih.de\/index.php?rest_route=%2Fwp%2Fv2%2Fproduct_cat&post=1160"},{"taxonomy":"product_tag","embeddable":true,"href":"https:\/\/shop24.dietz-ih.de\/index.php?rest_route=%2Fwp%2Fv2%2Fproduct_tag&post=1160"}],"curies":[{"name":"wp","href":"https:\/\/api.w.org\/{rel}","templated":true}]}}