{"id":1172,"date":"2025-09-24T13:28:30","date_gmt":"2025-09-24T11:28:30","guid":{"rendered":"https:\/\/shop24.dietz-ih.de\/?post_type=product&#038;p=1172"},"modified":"2026-01-19T12:49:28","modified_gmt":"2026-01-19T11:49:28","slug":"lego-star-wars-75037-battle-on-saleucami","status":"publish","type":"product","link":"https:\/\/shop24.dietz-ih.de\/?product=lego-star-wars-75037-battle-on-saleucami","title":{"rendered":"LEGO\u00ae Star Wars 75037 Battle on Saleucami\u2122"},"content":{"rendered":"<p data-start=\"174\" data-end=\"587\"><span style=\"font-size: 24px;\">LEGO\u00ae Star Wars 75037 Battle on Saleucami\u2122 \u2013 Actiongeladenes Battle Pack f\u00fcr Clone Wars Fans<\/span><\/p>\n<p data-start=\"422\" data-end=\"865\">Mach dich bereit f\u00fcr packende Gefechte auf dem Planeten <strong data-start=\"478\" data-end=\"491\">Saleucami<\/strong> mit dem <strong data-start=\"500\" data-end=\"558\">LEGO\u00ae Star Wars 75037 Battle on Saleucami\u2122 Battle Pack<\/strong>! Dieses Set bringt dir actiongeladenen Spielspa\u00df ins Kinderzimmer und l\u00e4dt dich auch dazu ein, die spannenden Schlachten aus den <strong data-start=\"703\" data-end=\"718\">Clone Wars\u2122<\/strong> nachzustellen oder ganz eigene Abenteuer zu erfinden. Damit ist es ein unverzichtbares <strong data-start=\"806\" data-end=\"836\">LEGO Star Wars Battle Pack<\/strong> f\u00fcr kleine und gro\u00dfe Fans.<\/p>\n<p data-start=\"867\" data-end=\"1399\">Im Zentrum des Sets steht der <strong data-start=\"897\" data-end=\"913\">BARC Speeder<\/strong>, der mit einem m\u00e4chtigen, federgeladenen Blaster ausgestattet ist. Dieser l\u00e4sst sich sowohl von vorne als auch von hinten laden, sodass du pr\u00e4zise zielen und feuern kannst, um die Droiden-Armee zur\u00fcckzuschlagen. Unterst\u00fctzt wird der <strong data-start=\"1147\" data-end=\"1164\">BARC Trooper\u2122<\/strong> durch seine eigene Blaster-Waffe. Auf der Gegenseite stellen sich 2 <strong data-start=\"1233\" data-end=\"1251\">Battle Droids\u2122<\/strong> und 2 <strong data-start=\"1258\" data-end=\"1282\">Super Battle Droids\u2122<\/strong> in den Weg, die mit dem beiliegenden <strong data-start=\"1320\" data-end=\"1328\">STAP<\/strong> und einer <strong data-start=\"1339\" data-end=\"1371\">Droiden-Verteidigungsstation<\/strong> bestens vorbereitet sind.<\/p>\n<p data-start=\"1401\" data-end=\"1729\">Dar\u00fcber hinaus sorgen die realistischen Fahrzeuge und Bauwerke f\u00fcr ein immersives Spielerlebnis. Der Speeder misst 4 cm in der H\u00f6he, 13 cm in der L\u00e4nge und 6 cm in der Breite. Die STAP erreicht eine H\u00f6he von 9 cm, w\u00e4hrend die Verteidigungsstation mit 6 cm H\u00f6he und 11 cm Breite zus\u00e4tzliche Tiefe und Spielm\u00f6glichkeiten bietet.<\/p>\n<p data-start=\"1731\" data-end=\"2030\">Dieses <strong data-start=\"1738\" data-end=\"1760\">LEGO Star Wars Set<\/strong> eignet sich hervorragend, um deine Sammlung zu erweitern, und l\u00e4sst sich zudem perfekt mit den <strong data-start=\"1856\" data-end=\"1897\">Battle Packs 75035 Kashyyyk Troopers\u2122<\/strong> und <strong data-start=\"1902\" data-end=\"1928\">75036 Utapau Troopers\u2122<\/strong> kombinieren. Dadurch er\u00f6ffnen sich dir noch gr\u00f6\u00dfere Schlachten und spannende galaktische Szenarien.<\/p>\n<p data-start=\"2032\" data-end=\"2366\">Mit dem <strong data-start=\"2040\" data-end=\"2080\">LEGO\u00ae Star Wars Battle on Saleucami\u2122<\/strong> k\u00f6nnen Kinder ab 7 Jahren nicht nur spielen, sondern auch ihre Kreativit\u00e4t entfalten und in die Welt der <strong data-start=\"2186\" data-end=\"2212\">LEGO Star Wars Figuren<\/strong> eintauchen. Ob als Geschenk, Sammlerst\u00fcck oder Spielset \u2013 dieses <strong data-start=\"2278\" data-end=\"2296\">Clone Wars Set<\/strong> bietet unendlichen Actionspa\u00df und ist ein Must-have f\u00fcr echte Jedi.<\/p>\n<h4 data-start=\"1962\" data-end=\"1980\">Highlights:<\/h4>\n<ul data-start=\"1981\" data-end=\"2406\">\n<li data-start=\"1981\" data-end=\"2065\">\n<p data-start=\"1983\" data-end=\"2065\">Enth\u00e4lt <strong data-start=\"1991\" data-end=\"2010\">1 BARC Trooper\u2122<\/strong>, <strong data-start=\"2012\" data-end=\"2032\">2 Battle Droids\u2122<\/strong> und <strong data-start=\"2037\" data-end=\"2063\">2 Super Battle Droids\u2122<\/strong><\/p>\n<\/li>\n<li data-start=\"2066\" data-end=\"2129\">\n<p data-start=\"2068\" data-end=\"2129\">Mit <strong data-start=\"2072\" data-end=\"2088\">BARC Speeder<\/strong>, STAP und Droiden-Verteidigungsstation<\/p>\n<\/li>\n<li data-start=\"2130\" data-end=\"2205\">\n<p data-start=\"2132\" data-end=\"2205\"><strong data-start=\"2132\" data-end=\"2158\">Federgeladener Blaster<\/strong> zum realistischen Nachspielen der Schlachten<\/p>\n<\/li>\n<li data-start=\"2206\" data-end=\"2257\">\n<p data-start=\"2208\" data-end=\"2257\">Ma\u00dfe: Speeder 4 cm hoch, 13 cm lang, 6 cm breit<\/p>\n<\/li>\n<li data-start=\"2258\" data-end=\"2325\">\n<p data-start=\"2260\" data-end=\"2325\">Kombinierbar mit anderen Battle Packs f\u00fcr noch gr\u00f6\u00dfere Gefechte<\/p>\n<\/li>\n<li data-start=\"2326\" data-end=\"2406\">\n<p data-start=\"2328\" data-end=\"2406\">Perfekt f\u00fcr <strong data-start=\"2340\" data-end=\"2362\">Kinder ab 7 Jahren<\/strong> und Fans von <em data-start=\"2376\" data-end=\"2404\">Star Wars: The Clone Wars\u2122<\/em><\/p>\n<\/li>\n<li data-start=\"2326\" data-end=\"2406\"><\/li>\n<\/ul>\n<p data-start=\"2228\" data-end=\"2438\">Rechnung \/ Teilrechnung ohne ausweisbare MwSt, da der\/die Artikel der Differenzbesteuerung gem. \u00a725 a UStG unterliegt\/unterlegen<\/p>\n","protected":false},"excerpt":{"rendered":"<p>Tauche ein in das Star Wars\u2122 Universum mit dem LEGO\u00ae Star Wars 75037 Battle on Saleucami<strong data-start=\"237\" data-end=\"286\">\u2122<\/strong>! Dieses detailreiche Battle Pack bringt die Action der Klonkriege direkt ins Kinderzimmer. Mit dem schnellen BARC Speeder, ausgestattet mit einem starken federgeladenen Blaster, k\u00f6nnen Fans epische Gefechte gegen die Droiden-Armee austragen. Enthalten sind ein mutiger BARC Trooper\u2122, zwei Battle Droids\u2122 und zwei Super Battle Droids\u2122 \u2013 perfekt f\u00fcr spannende Duelle oder zum Sammeln. Durch die vielen Details und Kombinationsm\u00f6glichkeiten mit anderen Sets ist dieses Modell ein Muss f\u00fcr alle LEGO\u00ae Star Wars\u2122 Fans ab 7 Jahren.<\/p>\n","protected":false},"featured_media":1171,"comment_status":"open","ping_status":"closed","template":"","meta":{"_coblocks_attr":"","_coblocks_dimensions":"","_coblocks_responsive_height":"","_coblocks_accordion_ie_support":"","_eb_attr":"","_uag_custom_page_level_css":""},"product_brand":[158],"product_cat":[15,416],"product_tag":[511,163,512,513,170],"class_list":{"0":"post-1172","1":"product","2":"type-product","3":"status-publish","4":"has-post-thumbnail","6":"product_brand-lego","7":"product_cat-lego","8":"product_cat-sale","9":"product_tag-droiden","10":"product_tag-lego","11":"product_tag-separatisten","12":"product_tag-speeder","13":"product_tag-star-wars","15":"first","16":"outofstock","17":"taxable","18":"shipping-taxable","19":"purchasable","20":"product-type-simple"},"yoast_head":"<!-- This site is optimized with the Yoast SEO plugin v27.4 - https:\/\/yoast.com\/product\/yoast-seo-wordpress\/ -->\n<title>LEGO\u00ae Star Wars 75037 Battle on Saleucami\u2122 - Dietz-Internethandel<\/title>\n<meta name=\"description\" content=\"Erlebe spannende Star Wars\u2122 Schlachten mit dem LEGO\u00ae Star Wars 75037 Battle on Saleucami\u2122. Mit BARC Speeder, Droiden &amp; Trooper!\" \/>\n<meta name=\"robots\" content=\"index, follow, max-snippet:-1, max-image-preview:large, max-video-preview:-1\" \/>\n<link rel=\"canonical\" href=\"https:\/\/shop24.dietz-ih.de\/?product=lego-star-wars-75037-battle-on-saleucami\" \/>\n<meta property=\"og:locale\" content=\"de_DE\" \/>\n<meta property=\"og:type\" content=\"article\" \/>\n<meta property=\"og:title\" content=\"LEGO\u00ae Star Wars 75037 Battle on Saleucami\u2122 - Dietz-Internethandel\" \/>\n<meta property=\"og:description\" content=\"Erlebe spannende Star Wars\u2122 Schlachten mit dem LEGO\u00ae Star Wars 75037 Battle on Saleucami\u2122. Mit BARC Speeder, Droiden &amp; Trooper!\" \/>\n<meta property=\"og:url\" content=\"https:\/\/shop24.dietz-ih.de\/?product=lego-star-wars-75037-battle-on-saleucami\" \/>\n<meta property=\"og:site_name\" content=\"Dietz-Internethandel\" \/>\n<meta property=\"article:publisher\" content=\"https:\/\/www.facebook.com\/profile.php?id=100081292915783\" \/>\n<meta property=\"article:modified_time\" content=\"2026-01-19T11:49:28+00:00\" \/>\n<meta property=\"og:image\" content=\"https:\/\/shop24.dietz-ih.de\/wp-content\/uploads\/2025\/09\/LEGO_75037_alt1.jpg\" \/>\n\t<meta property=\"og:image:width\" content=\"2400\" \/>\n\t<meta property=\"og:image:height\" content=\"1800\" \/>\n\t<meta property=\"og:image:type\" content=\"image\/jpeg\" \/>\n<meta name=\"twitter:card\" content=\"summary_large_image\" \/>\n<meta name=\"twitter:label1\" content=\"Gesch\u00e4tzte Lesezeit\" \/>\n\t<meta name=\"twitter:data1\" content=\"3\u00a0Minuten\" \/>\n<script type=\"application\/ld+json\" class=\"yoast-schema-graph\">{\"@context\":\"https:\\\/\\\/schema.org\",\"@graph\":[{\"@type\":\"WebPage\",\"@id\":\"https:\\\/\\\/shop24.dietz-ih.de\\\/?product=lego-star-wars-75037-battle-on-saleucami\",\"url\":\"https:\\\/\\\/shop24.dietz-ih.de\\\/?product=lego-star-wars-75037-battle-on-saleucami\",\"name\":\"LEGO\u00ae Star Wars 75037 Battle on Saleucami\u2122 - Dietz-Internethandel\",\"isPartOf\":{\"@id\":\"https:\\\/\\\/shop24.dietz-ih.de\\\/#website\"},\"primaryImageOfPage\":{\"@id\":\"https:\\\/\\\/shop24.dietz-ih.de\\\/?product=lego-star-wars-75037-battle-on-saleucami#primaryimage\"},\"image\":{\"@id\":\"https:\\\/\\\/shop24.dietz-ih.de\\\/?product=lego-star-wars-75037-battle-on-saleucami#primaryimage\"},\"thumbnailUrl\":\"https:\\\/\\\/i0.wp.com\\\/shop24.dietz-ih.de\\\/wp-content\\\/uploads\\\/2025\\\/09\\\/LEGO_75037_alt1.jpg?fit=2400%2C1800&ssl=1\",\"datePublished\":\"2025-09-24T11:28:30+00:00\",\"dateModified\":\"2026-01-19T11:49:28+00:00\",\"description\":\"Erlebe spannende Star Wars\u2122 Schlachten mit dem LEGO\u00ae Star Wars 75037 Battle on Saleucami\u2122. Mit BARC Speeder, Droiden & Trooper!\",\"breadcrumb\":{\"@id\":\"https:\\\/\\\/shop24.dietz-ih.de\\\/?product=lego-star-wars-75037-battle-on-saleucami#breadcrumb\"},\"inLanguage\":\"de\",\"potentialAction\":[{\"@type\":\"ReadAction\",\"target\":[\"https:\\\/\\\/shop24.dietz-ih.de\\\/?product=lego-star-wars-75037-battle-on-saleucami\"]}]},{\"@type\":\"ImageObject\",\"inLanguage\":\"de\",\"@id\":\"https:\\\/\\\/shop24.dietz-ih.de\\\/?product=lego-star-wars-75037-battle-on-saleucami#primaryimage\",\"url\":\"https:\\\/\\\/i0.wp.com\\\/shop24.dietz-ih.de\\\/wp-content\\\/uploads\\\/2025\\\/09\\\/LEGO_75037_alt1.jpg?fit=2400%2C1800&ssl=1\",\"contentUrl\":\"https:\\\/\\\/i0.wp.com\\\/shop24.dietz-ih.de\\\/wp-content\\\/uploads\\\/2025\\\/09\\\/LEGO_75037_alt1.jpg?fit=2400%2C1800&ssl=1\",\"width\":2400,\"height\":1800},{\"@type\":\"BreadcrumbList\",\"@id\":\"https:\\\/\\\/shop24.dietz-ih.de\\\/?product=lego-star-wars-75037-battle-on-saleucami#breadcrumb\",\"itemListElement\":[{\"@type\":\"ListItem\",\"position\":1,\"name\":\"Startseite\",\"item\":\"https:\\\/\\\/shop24.dietz-ih.de\\\/\"},{\"@type\":\"ListItem\",\"position\":2,\"name\":\"Shop\",\"item\":\"https:\\\/\\\/shop24.dietz-ih.de\\\/?page_id=7\"},{\"@type\":\"ListItem\",\"position\":3,\"name\":\"LEGO\u00ae Star Wars 75037 Battle on Saleucami\u2122\"}]},{\"@type\":\"WebSite\",\"@id\":\"https:\\\/\\\/shop24.dietz-ih.de\\\/#website\",\"url\":\"https:\\\/\\\/shop24.dietz-ih.de\\\/\",\"name\":\"Dietz-Internethandel\",\"description\":\"\",\"publisher\":{\"@id\":\"https:\\\/\\\/shop24.dietz-ih.de\\\/#organization\"},\"potentialAction\":[{\"@type\":\"SearchAction\",\"target\":{\"@type\":\"EntryPoint\",\"urlTemplate\":\"https:\\\/\\\/shop24.dietz-ih.de\\\/?s={search_term_string}\"},\"query-input\":{\"@type\":\"PropertyValueSpecification\",\"valueRequired\":true,\"valueName\":\"search_term_string\"}}],\"inLanguage\":\"de\"},{\"@type\":\"Organization\",\"@id\":\"https:\\\/\\\/shop24.dietz-ih.de\\\/#organization\",\"name\":\"Dietz-Internethandel\",\"url\":\"https:\\\/\\\/shop24.dietz-ih.de\\\/\",\"logo\":{\"@type\":\"ImageObject\",\"inLanguage\":\"de\",\"@id\":\"https:\\\/\\\/shop24.dietz-ih.de\\\/#\\\/schema\\\/logo\\\/image\\\/\",\"url\":\"https:\\\/\\\/i0.wp.com\\\/shop24.dietz-ih.de\\\/wp-content\\\/uploads\\\/2025\\\/06\\\/Ein-Logo-fuer-einen-Onlineshop-mit-Spielzeug.-Der-Buchstabe-D-soll-drauf-sein.-Farblich_-Gruen-Warmgelb-und-Lachs.-Und-bitte-als-ausgeschnittene-Datei-Photoroom-2.png?fit=1120%2C1120&ssl=1\",\"contentUrl\":\"https:\\\/\\\/i0.wp.com\\\/shop24.dietz-ih.de\\\/wp-content\\\/uploads\\\/2025\\\/06\\\/Ein-Logo-fuer-einen-Onlineshop-mit-Spielzeug.-Der-Buchstabe-D-soll-drauf-sein.-Farblich_-Gruen-Warmgelb-und-Lachs.-Und-bitte-als-ausgeschnittene-Datei-Photoroom-2.png?fit=1120%2C1120&ssl=1\",\"width\":1120,\"height\":1120,\"caption\":\"Dietz-Internethandel\"},\"image\":{\"@id\":\"https:\\\/\\\/shop24.dietz-ih.de\\\/#\\\/schema\\\/logo\\\/image\\\/\"},\"sameAs\":[\"https:\\\/\\\/www.facebook.com\\\/profile.php?id=100081292915783\",\"https:\\\/\\\/www.instagram.com\\\/dietz_internethandel\\\/\"]}]}<\/script>\n<!-- \/ Yoast SEO plugin. -->","yoast_head_json":{"title":"LEGO\u00ae Star Wars 75037 Battle on Saleucami\u2122 - Dietz-Internethandel","description":"Erlebe spannende Star Wars\u2122 Schlachten mit dem LEGO\u00ae Star Wars 75037 Battle on Saleucami\u2122. Mit BARC Speeder, Droiden & Trooper!","robots":{"index":"index","follow":"follow","max-snippet":"max-snippet:-1","max-image-preview":"max-image-preview:large","max-video-preview":"max-video-preview:-1"},"canonical":"https:\/\/shop24.dietz-ih.de\/?product=lego-star-wars-75037-battle-on-saleucami","og_locale":"de_DE","og_type":"article","og_title":"LEGO\u00ae Star Wars 75037 Battle on Saleucami\u2122 - Dietz-Internethandel","og_description":"Erlebe spannende Star Wars\u2122 Schlachten mit dem LEGO\u00ae Star Wars 75037 Battle on Saleucami\u2122. Mit BARC Speeder, Droiden & Trooper!","og_url":"https:\/\/shop24.dietz-ih.de\/?product=lego-star-wars-75037-battle-on-saleucami","og_site_name":"Dietz-Internethandel","article_publisher":"https:\/\/www.facebook.com\/profile.php?id=100081292915783","article_modified_time":"2026-01-19T11:49:28+00:00","og_image":[{"width":2400,"height":1800,"url":"https:\/\/shop24.dietz-ih.de\/wp-content\/uploads\/2025\/09\/LEGO_75037_alt1.jpg","type":"image\/jpeg"}],"twitter_card":"summary_large_image","twitter_misc":{"Gesch\u00e4tzte Lesezeit":"3\u00a0Minuten"},"schema":{"@context":"https:\/\/schema.org","@graph":[{"@type":"WebPage","@id":"https:\/\/shop24.dietz-ih.de\/?product=lego-star-wars-75037-battle-on-saleucami","url":"https:\/\/shop24.dietz-ih.de\/?product=lego-star-wars-75037-battle-on-saleucami","name":"LEGO\u00ae Star Wars 75037 Battle on Saleucami\u2122 - Dietz-Internethandel","isPartOf":{"@id":"https:\/\/shop24.dietz-ih.de\/#website"},"primaryImageOfPage":{"@id":"https:\/\/shop24.dietz-ih.de\/?product=lego-star-wars-75037-battle-on-saleucami#primaryimage"},"image":{"@id":"https:\/\/shop24.dietz-ih.de\/?product=lego-star-wars-75037-battle-on-saleucami#primaryimage"},"thumbnailUrl":"https:\/\/i0.wp.com\/shop24.dietz-ih.de\/wp-content\/uploads\/2025\/09\/LEGO_75037_alt1.jpg?fit=2400%2C1800&ssl=1","datePublished":"2025-09-24T11:28:30+00:00","dateModified":"2026-01-19T11:49:28+00:00","description":"Erlebe spannende Star Wars\u2122 Schlachten mit dem LEGO\u00ae Star Wars 75037 Battle on Saleucami\u2122. Mit BARC Speeder, Droiden & Trooper!","breadcrumb":{"@id":"https:\/\/shop24.dietz-ih.de\/?product=lego-star-wars-75037-battle-on-saleucami#breadcrumb"},"inLanguage":"de","potentialAction":[{"@type":"ReadAction","target":["https:\/\/shop24.dietz-ih.de\/?product=lego-star-wars-75037-battle-on-saleucami"]}]},{"@type":"ImageObject","inLanguage":"de","@id":"https:\/\/shop24.dietz-ih.de\/?product=lego-star-wars-75037-battle-on-saleucami#primaryimage","url":"https:\/\/i0.wp.com\/shop24.dietz-ih.de\/wp-content\/uploads\/2025\/09\/LEGO_75037_alt1.jpg?fit=2400%2C1800&ssl=1","contentUrl":"https:\/\/i0.wp.com\/shop24.dietz-ih.de\/wp-content\/uploads\/2025\/09\/LEGO_75037_alt1.jpg?fit=2400%2C1800&ssl=1","width":2400,"height":1800},{"@type":"BreadcrumbList","@id":"https:\/\/shop24.dietz-ih.de\/?product=lego-star-wars-75037-battle-on-saleucami#breadcrumb","itemListElement":[{"@type":"ListItem","position":1,"name":"Startseite","item":"https:\/\/shop24.dietz-ih.de\/"},{"@type":"ListItem","position":2,"name":"Shop","item":"https:\/\/shop24.dietz-ih.de\/?page_id=7"},{"@type":"ListItem","position":3,"name":"LEGO\u00ae Star Wars 75037 Battle on Saleucami\u2122"}]},{"@type":"WebSite","@id":"https:\/\/shop24.dietz-ih.de\/#website","url":"https:\/\/shop24.dietz-ih.de\/","name":"Dietz-Internethandel","description":"","publisher":{"@id":"https:\/\/shop24.dietz-ih.de\/#organization"},"potentialAction":[{"@type":"SearchAction","target":{"@type":"EntryPoint","urlTemplate":"https:\/\/shop24.dietz-ih.de\/?s={search_term_string}"},"query-input":{"@type":"PropertyValueSpecification","valueRequired":true,"valueName":"search_term_string"}}],"inLanguage":"de"},{"@type":"Organization","@id":"https:\/\/shop24.dietz-ih.de\/#organization","name":"Dietz-Internethandel","url":"https:\/\/shop24.dietz-ih.de\/","logo":{"@type":"ImageObject","inLanguage":"de","@id":"https:\/\/shop24.dietz-ih.de\/#\/schema\/logo\/image\/","url":"https:\/\/i0.wp.com\/shop24.dietz-ih.de\/wp-content\/uploads\/2025\/06\/Ein-Logo-fuer-einen-Onlineshop-mit-Spielzeug.-Der-Buchstabe-D-soll-drauf-sein.-Farblich_-Gruen-Warmgelb-und-Lachs.-Und-bitte-als-ausgeschnittene-Datei-Photoroom-2.png?fit=1120%2C1120&ssl=1","contentUrl":"https:\/\/i0.wp.com\/shop24.dietz-ih.de\/wp-content\/uploads\/2025\/06\/Ein-Logo-fuer-einen-Onlineshop-mit-Spielzeug.-Der-Buchstabe-D-soll-drauf-sein.-Farblich_-Gruen-Warmgelb-und-Lachs.-Und-bitte-als-ausgeschnittene-Datei-Photoroom-2.png?fit=1120%2C1120&ssl=1","width":1120,"height":1120,"caption":"Dietz-Internethandel"},"image":{"@id":"https:\/\/shop24.dietz-ih.de\/#\/schema\/logo\/image\/"},"sameAs":["https:\/\/www.facebook.com\/profile.php?id=100081292915783","https:\/\/www.instagram.com\/dietz_internethandel\/"]}]}},"uagb_featured_image_src":{"full":["https:\/\/i0.wp.com\/shop24.dietz-ih.de\/wp-content\/uploads\/2025\/09\/LEGO_75037_alt1.jpg?fit=2400%2C1800&ssl=1",2400,1800,false],"thumbnail":["https:\/\/i0.wp.com\/shop24.dietz-ih.de\/wp-content\/uploads\/2025\/09\/LEGO_75037_alt1.jpg?resize=150%2C150&ssl=1",150,150,true],"medium":["https:\/\/i0.wp.com\/shop24.dietz-ih.de\/wp-content\/uploads\/2025\/09\/LEGO_75037_alt1.jpg?fit=300%2C225&ssl=1",300,225,true],"medium_large":["https:\/\/i0.wp.com\/shop24.dietz-ih.de\/wp-content\/uploads\/2025\/09\/LEGO_75037_alt1.jpg?fit=768%2C576&ssl=1",768,576,true],"large":["https:\/\/i0.wp.com\/shop24.dietz-ih.de\/wp-content\/uploads\/2025\/09\/LEGO_75037_alt1.jpg?fit=1024%2C768&ssl=1",1024,768,true],"gs-tiny":["https:\/\/i0.wp.com\/shop24.dietz-ih.de\/wp-content\/uploads\/2025\/09\/LEGO_75037_alt1.jpg?fit=50%2C38&ssl=1",50,38,true],"xl":["https:\/\/i0.wp.com\/shop24.dietz-ih.de\/wp-content\/uploads\/2025\/09\/LEGO_75037_alt1.jpg?fit=1600%2C1200&ssl=1",1600,1200,true],"xxl":["https:\/\/i0.wp.com\/shop24.dietz-ih.de\/wp-content\/uploads\/2025\/09\/LEGO_75037_alt1.jpg?fit=2200%2C1650&ssl=1",2200,1650,true],"xxxl":["https:\/\/i0.wp.com\/shop24.dietz-ih.de\/wp-content\/uploads\/2025\/09\/LEGO_75037_alt1.jpg?fit=2400%2C1800&ssl=1",2400,1800,true],"xxxxl":["https:\/\/i0.wp.com\/shop24.dietz-ih.de\/wp-content\/uploads\/2025\/09\/LEGO_75037_alt1.jpg?fit=2400%2C1800&ssl=1",2400,1800,true],"xxxxxl":["https:\/\/i0.wp.com\/shop24.dietz-ih.de\/wp-content\/uploads\/2025\/09\/LEGO_75037_alt1.jpg?fit=2400%2C1800&ssl=1",2400,1800,true],"1536x1536":["https:\/\/i0.wp.com\/shop24.dietz-ih.de\/wp-content\/uploads\/2025\/09\/LEGO_75037_alt1.jpg?fit=1536%2C1152&ssl=1",1536,1152,true],"2048x2048":["https:\/\/i0.wp.com\/shop24.dietz-ih.de\/wp-content\/uploads\/2025\/09\/LEGO_75037_alt1.jpg?fit=2048%2C1536&ssl=1",2048,1536,true],"woocommerce_thumbnail":["https:\/\/i0.wp.com\/shop24.dietz-ih.de\/wp-content\/uploads\/2025\/09\/LEGO_75037_alt1.jpg?resize=600%2C600&ssl=1",600,600,true],"woocommerce_single":["https:\/\/i0.wp.com\/shop24.dietz-ih.de\/wp-content\/uploads\/2025\/09\/LEGO_75037_alt1.jpg?fit=600%2C450&ssl=1",600,450,true],"woocommerce_gallery_thumbnail":["https:\/\/i0.wp.com\/shop24.dietz-ih.de\/wp-content\/uploads\/2025\/09\/LEGO_75037_alt1.jpg?resize=100%2C100&ssl=1",100,100,true]},"uagb_author_info":{"display_name":"admin","author_link":"https:\/\/shop24.dietz-ih.de\/?author=0"},"uagb_comment_info":0,"uagb_excerpt":"Tauche ein in das Star Wars\u2122 Universum mit dem LEGO\u00ae Star Wars 75037 Battle on Saleucami\u2122! Dieses detailreiche Battle Pack bringt die Action der Klonkriege direkt ins Kinderzimmer. Mit dem schnellen BARC Speeder, ausgestattet mit einem starken federgeladenen Blaster, k\u00f6nnen Fans epische Gefechte gegen die Droiden-Armee austragen. Enthalten sind ein mutiger BARC Trooper\u2122, zwei Battle&hellip;","jetpack_sharing_enabled":true,"_links":{"self":[{"href":"https:\/\/shop24.dietz-ih.de\/index.php?rest_route=\/wp\/v2\/product\/1172","targetHints":{"allow":["GET"]}}],"collection":[{"href":"https:\/\/shop24.dietz-ih.de\/index.php?rest_route=\/wp\/v2\/product"}],"about":[{"href":"https:\/\/shop24.dietz-ih.de\/index.php?rest_route=\/wp\/v2\/types\/product"}],"replies":[{"embeddable":true,"href":"https:\/\/shop24.dietz-ih.de\/index.php?rest_route=%2Fwp%2Fv2%2Fcomments&post=1172"}],"wp:featuredmedia":[{"embeddable":true,"href":"https:\/\/shop24.dietz-ih.de\/index.php?rest_route=\/wp\/v2\/media\/1171"}],"wp:attachment":[{"href":"https:\/\/shop24.dietz-ih.de\/index.php?rest_route=%2Fwp%2Fv2%2Fmedia&parent=1172"}],"wp:term":[{"taxonomy":"product_brand","embeddable":true,"href":"https:\/\/shop24.dietz-ih.de\/index.php?rest_route=%2Fwp%2Fv2%2Fproduct_brand&post=1172"},{"taxonomy":"product_cat","embeddable":true,"href":"https:\/\/shop24.dietz-ih.de\/index.php?rest_route=%2Fwp%2Fv2%2Fproduct_cat&post=1172"},{"taxonomy":"product_tag","embeddable":true,"href":"https:\/\/shop24.dietz-ih.de\/index.php?rest_route=%2Fwp%2Fv2%2Fproduct_tag&post=1172"}],"curies":[{"name":"wp","href":"https:\/\/api.w.org\/{rel}","templated":true}]}}