{"id":298,"date":"2025-07-03T10:15:05","date_gmt":"2025-07-03T08:15:05","guid":{"rendered":"https:\/\/shop24.dietz-ih.de\/?post_type=product&#038;p=298"},"modified":"2026-01-19T13:53:58","modified_gmt":"2026-01-19T12:53:58","slug":"paw-patrol-zentrale-rescue-wheels-super-loop-turm","status":"publish","type":"product","link":"https:\/\/shop24.dietz-ih.de\/?product=paw-patrol-zentrale-rescue-wheels-super-loop-turm","title":{"rendered":"PAW Patrol Zentrale Rescue Wheels Super Loop Turm"},"content":{"rendered":"<article class=\"text-token-text-primary w-full\" dir=\"auto\" data-testid=\"conversation-turn-138\" data-scroll-anchor=\"true\">\n<h2 class=\"sr-only\"><strong data-start=\"0\" data-end=\"89\">PAW Patrol Zentrale Rescue Wheels Super Loop Turm \u2013 Das gr\u00f6\u00dfte Hauptquartier aller Zeiten!<\/strong><\/h2>\n<div class=\"text-base my-auto mx-auto pb-10 [--thread-content-margin:--spacing(4)] @[37rem]:[--thread-content-margin:--spacing(6)] @[72rem]:[--thread-content-margin:--spacing(16)] px-(--thread-content-margin)\">\n<div class=\"[--thread-content-max-width:32rem] @[34rem]:[--thread-content-max-width:40rem] @[64rem]:[--thread-content-max-width:48rem] mx-auto flex max-w-(--thread-content-max-width) flex-1 text-base gap-4 md:gap-5 lg:gap-6 group\/turn-messages focus-visible:outline-hidden\" tabindex=\"-1\">\n<div class=\"group\/conversation-turn relative flex w-full min-w-0 flex-col agent-turn\">\n<div class=\"relative flex-col gap-1 md:gap-3\">\n<div class=\"flex max-w-full flex-col grow\">\n<div class=\"min-h-8 text-message relative flex w-full flex-col items-end gap-2 text-start break-words whitespace-normal [.text-message+&amp;]:mt-5\" dir=\"auto\" data-message-author-role=\"assistant\" data-message-id=\"29739c61-eb1e-458c-8ed2-7047af86cf40\" data-message-model-slug=\"gpt-4o\">\n<div class=\"flex w-full flex-col gap-1 empty:hidden first:pt-[3px]\">\n<div class=\"markdown prose dark:prose-invert w-full break-words dark\">\n<p data-start=\"91\" data-end=\"419\">Bist du bereit f\u00fcr die n\u00e4chste gro\u00dfe Rettungsmission? Mit der <strong>PAW Patrol Zentrale Rescue Wheels Super Loop Turm<\/strong> startest du in ein actiongeladenes Abenteuer \u2013 direkt aus deiner Lieblingsserie! Dieses Set ist ein absolutes Highlight f\u00fcr alle PAW Patrol Fans und bietet alles, was kleine Helden f\u00fcr spannendes Rollenspiel brauchen.<\/p>\n<h3 data-start=\"426\" data-end=\"467\"><strong data-start=\"433\" data-end=\"467\">Extra gro\u00df f\u00fcr extra Abenteuer<\/strong><\/h3>\n<p data-start=\"469\" data-end=\"761\">Mit einer <strong data-start=\"479\" data-end=\"508\">H\u00f6he von fast 1,20\u202fMetern<\/strong> ist diese PAW Patrol Zentrale das bisher <strong data-start=\"550\" data-end=\"574\">gr\u00f6\u00dfte Hauptquartier<\/strong> der Serie! Die aufklappbare <strong data-start=\"603\" data-end=\"623\">Kommandozentrale<\/strong> bietet Platz f\u00fcr jede Menge Abenteuer und Spielspa\u00df. Dank der cleveren Bauweise k\u00f6nnen Kinder das Set einfach \u00f6ffnen und sofort loslegen.<\/p>\n<h3 data-start=\"768\" data-end=\"811\"><strong data-start=\"775\" data-end=\"811\">Mega-Looping mit Licht und Sound<\/strong><\/h3>\n<p data-start=\"813\" data-end=\"1151\">Ein besonderes Highlight ist der <strong data-start=\"846\" data-end=\"871\">riesige Super-Looping<\/strong>, durch den Chase in seinem Polizeifahrzeug mit voller Geschwindigkeit saust! Mit dem eingebauten <strong data-start=\"969\" data-end=\"995\">Lenkrad und Starthebel<\/strong> aktivieren Kinder coole <strong data-start=\"1020\" data-end=\"1047\">Licht- und Soundeffekte<\/strong>, die das Spiel besonders realistisch machen. Das sorgt f\u00fcr noch mehr Spannung bei jeder Rettungsaktion.<\/p>\n<h3 data-start=\"1158\" data-end=\"1209\"><strong data-start=\"1165\" data-end=\"1209\">Chase und sein Polizeifahrzeug inklusive<\/strong><\/h3>\n<p data-start=\"1211\" data-end=\"1425\">Im Set enthalten ist eine <strong data-start=\"1237\" data-end=\"1252\">Chase-Figur<\/strong> sowie sein <strong data-start=\"1264\" data-end=\"1283\">Polizeifahrzeug<\/strong>, das perfekt auf die Looping-Rampe abgestimmt ist. Der Wagen rast mit Schwung durch den Looping \u2013 f\u00fcr ein echtes <strong data-start=\"1397\" data-end=\"1424\">PAW Patrol Rennerlebnis<\/strong>!<\/p>\n<h3 data-start=\"1432\" data-end=\"1467\"><strong data-start=\"1439\" data-end=\"1467\">Platz f\u00fcr das ganze Team<\/strong><\/h3>\n<p data-start=\"1469\" data-end=\"1748\">Der Turm bietet <strong data-start=\"1485\" data-end=\"1528\">Stellfl\u00e4che f\u00fcr bis zu sieben Fahrzeuge<\/strong> im Rescue Wheels Format. So kann das ganze PAW Patrol Team mitspielen (weitere Fahrzeuge separat erh\u00e4ltlich). Ob Marshall, Rubble oder Skye \u2013 alle Helden finden hier ihren Platz und sind bereit f\u00fcr den n\u00e4chsten Einsatz.<\/p>\n<h3 data-start=\"1755\" data-end=\"1796\"><strong data-start=\"1762\" data-end=\"1796\">Erlebe &#8222;Rescue Wheels&#8220; hautnah<\/strong><\/h3>\n<p data-start=\"1798\" data-end=\"2035\">Die Rescue Wheels Super Loop Zentrale ist inspiriert vom spannenden Buch &#8222;PAW Patrol: Rescue Wheels&#8220;. Mit diesem Spielset lassen sich die Geschichten und Missionen direkt nachspielen \u2013 ein tolles Erlebnis f\u00fcr kleine Leser und Serienfans!<\/p>\n<h3 data-start=\"2042\" data-end=\"2079\"><strong data-start=\"2048\" data-end=\"2079\">Highlights auf einen Blick:<\/strong><\/h3>\n<ul data-start=\"2081\" data-end=\"2434\">\n<li data-start=\"2081\" data-end=\"2119\">\n<p data-start=\"2083\" data-end=\"2119\">Riesiger Turm mit fast 1,20\u202fm H\u00f6he<\/p>\n<\/li>\n<li data-start=\"2120\" data-end=\"2176\">\n<p data-start=\"2122\" data-end=\"2176\">Mit Licht- und Soundeffekten f\u00fcr realistische Action<\/p>\n<\/li>\n<li data-start=\"2177\" data-end=\"2215\">\n<p data-start=\"2179\" data-end=\"2215\">Super-Looping mit Startmechanismus<\/p>\n<\/li>\n<li data-start=\"2216\" data-end=\"2262\">\n<p data-start=\"2218\" data-end=\"2262\">Chase und Polizeifahrzeug im Set enthalten<\/p>\n<\/li>\n<li data-start=\"2263\" data-end=\"2300\">\n<p data-start=\"2265\" data-end=\"2300\">Platz f\u00fcr bis zu sieben Fahrzeuge<\/p>\n<\/li>\n<li data-start=\"2301\" data-end=\"2352\">\n<p data-start=\"2303\" data-end=\"2352\">Kompatibel mit weiteren Rescue Wheels Spielsets<\/p>\n<\/li>\n<li data-start=\"2353\" data-end=\"2398\">\n<p data-start=\"2355\" data-end=\"2398\">F\u00f6rdert Kreativit\u00e4t, Motorik und Fantasie<\/p>\n<\/li>\n<li data-start=\"2399\" data-end=\"2434\">\n<p data-start=\"2401\" data-end=\"2434\">F\u00fcr Kinder ab 3 Jahren geeignet<\/p>\n<\/li>\n<\/ul>\n<hr data-start=\"2436\" data-end=\"2439\" \/>\n<p data-start=\"2441\" data-end=\"2611\">Erlebe die Welt von PAW Patrol wie nie zuvor \u2013 mit der <strong data-start=\"2496\" data-end=\"2519\">Super Loop Zentrale<\/strong> als Mittelpunkt deiner Abenteuer! Ideal als Geschenk f\u00fcr kleine Retter mit gro\u00dfer Fantasie.<\/p>\n<\/div>\n<\/div>\n<\/div>\n<\/div>\n<\/div>\n<\/div>\n<\/div>\n<\/div>\n<\/article>\n","protected":false},"excerpt":{"rendered":"<p>Die PAW Patrol Rescue Wheels Super Loop Zentrale ist das gr\u00f6\u00dfte Hauptquartier aller Zeiten! Mit 1,2\u202fm H\u00f6he, Looping-Rampe, Licht- und Soundeffekten sowie Platz f\u00fcr bis zu 7 Fahrzeuge (1 enthalten) bietet der Turm actionreichen Spielspa\u00df f\u00fcr alle PAW Patrol Fans.<\/p>\n","protected":false},"featured_media":429,"comment_status":"open","ping_status":"closed","template":"","meta":{"_coblocks_attr":"","_coblocks_dimensions":"","_coblocks_responsive_height":"","_coblocks_accordion_ie_support":"","_eb_attr":"","_uag_custom_page_level_css":""},"product_brand":[50],"product_cat":[24],"product_tag":[60,53,52,51,62,59,61,33,54],"class_list":{"0":"post-298","1":"product","2":"type-product","3":"status-publish","4":"has-post-thumbnail","6":"product_brand-paw-patrol","7":"product_cat-paw-patrol","8":"product_tag-loop","9":"product_tag-patrol","10":"product_tag-paw","11":"product_tag-paw-patrol","12":"product_tag-rescue","13":"product_tag-super","14":"product_tag-turm","15":"product_tag-wheels","16":"product_tag-zentrale","18":"first","19":"outofstock","20":"taxable","21":"shipping-taxable","22":"purchasable","23":"product-type-simple"},"yoast_head":"<!-- This site is optimized with the Yoast SEO plugin v27.4 - https:\/\/yoast.com\/product\/yoast-seo-wordpress\/ -->\n<title>PAW Patrol Zentrale Rescue Wheels Super Loop Turm - Dietz-Internethandel<\/title>\n<meta name=\"description\" content=\"Die PAW Patrol Rescue Wheels Super Loop Zentrale \u2013 mit Chase, Mega-Looping, Licht, Sound &amp; Platz f\u00fcr 7 Fahrzeuge. Jetzt entdecken!\" \/>\n<meta name=\"robots\" content=\"index, follow, max-snippet:-1, max-image-preview:large, max-video-preview:-1\" \/>\n<link rel=\"canonical\" href=\"https:\/\/shop24.dietz-ih.de\/?product=paw-patrol-zentrale-rescue-wheels-super-loop-turm\" \/>\n<meta property=\"og:locale\" content=\"de_DE\" \/>\n<meta property=\"og:type\" content=\"article\" \/>\n<meta property=\"og:title\" content=\"PAW Patrol Zentrale Rescue Wheels Super Loop Turm - Dietz-Internethandel\" \/>\n<meta property=\"og:description\" content=\"Die PAW Patrol Rescue Wheels Super Loop Zentrale \u2013 mit Chase, Mega-Looping, Licht, Sound &amp; Platz f\u00fcr 7 Fahrzeuge. Jetzt entdecken!\" \/>\n<meta property=\"og:url\" content=\"https:\/\/shop24.dietz-ih.de\/?product=paw-patrol-zentrale-rescue-wheels-super-loop-turm\" \/>\n<meta property=\"og:site_name\" content=\"Dietz-Internethandel\" \/>\n<meta property=\"article:publisher\" content=\"https:\/\/www.facebook.com\/profile.php?id=100081292915783\" \/>\n<meta property=\"article:modified_time\" content=\"2026-01-19T12:53:58+00:00\" \/>\n<meta property=\"og:image\" content=\"https:\/\/shop24.dietz-ih.de\/wp-content\/uploads\/2025\/07\/paw2-1_ergebnis.webp\" \/>\n\t<meta property=\"og:image:width\" content=\"600\" \/>\n\t<meta property=\"og:image:height\" content=\"600\" \/>\n\t<meta property=\"og:image:type\" content=\"image\/webp\" \/>\n<meta name=\"twitter:card\" content=\"summary_large_image\" \/>\n<meta name=\"twitter:label1\" content=\"Gesch\u00e4tzte Lesezeit\" \/>\n\t<meta name=\"twitter:data1\" content=\"3\u00a0Minuten\" \/>\n<script type=\"application\/ld+json\" class=\"yoast-schema-graph\">{\"@context\":\"https:\\\/\\\/schema.org\",\"@graph\":[{\"@type\":\"WebPage\",\"@id\":\"https:\\\/\\\/shop24.dietz-ih.de\\\/?product=paw-patrol-zentrale-rescue-wheels-super-loop-turm\",\"url\":\"https:\\\/\\\/shop24.dietz-ih.de\\\/?product=paw-patrol-zentrale-rescue-wheels-super-loop-turm\",\"name\":\"PAW Patrol Zentrale Rescue Wheels Super Loop Turm - Dietz-Internethandel\",\"isPartOf\":{\"@id\":\"https:\\\/\\\/shop24.dietz-ih.de\\\/#website\"},\"primaryImageOfPage\":{\"@id\":\"https:\\\/\\\/shop24.dietz-ih.de\\\/?product=paw-patrol-zentrale-rescue-wheels-super-loop-turm#primaryimage\"},\"image\":{\"@id\":\"https:\\\/\\\/shop24.dietz-ih.de\\\/?product=paw-patrol-zentrale-rescue-wheels-super-loop-turm#primaryimage\"},\"thumbnailUrl\":\"https:\\\/\\\/i0.wp.com\\\/shop24.dietz-ih.de\\\/wp-content\\\/uploads\\\/2025\\\/07\\\/paw2-1_ergebnis.webp?fit=600%2C600&ssl=1\",\"datePublished\":\"2025-07-03T08:15:05+00:00\",\"dateModified\":\"2026-01-19T12:53:58+00:00\",\"description\":\"Die PAW Patrol Rescue Wheels Super Loop Zentrale \u2013 mit Chase, Mega-Looping, Licht, Sound & Platz f\u00fcr 7 Fahrzeuge. Jetzt entdecken!\",\"breadcrumb\":{\"@id\":\"https:\\\/\\\/shop24.dietz-ih.de\\\/?product=paw-patrol-zentrale-rescue-wheels-super-loop-turm#breadcrumb\"},\"inLanguage\":\"de\",\"potentialAction\":[{\"@type\":\"ReadAction\",\"target\":[\"https:\\\/\\\/shop24.dietz-ih.de\\\/?product=paw-patrol-zentrale-rescue-wheels-super-loop-turm\"]}]},{\"@type\":\"ImageObject\",\"inLanguage\":\"de\",\"@id\":\"https:\\\/\\\/shop24.dietz-ih.de\\\/?product=paw-patrol-zentrale-rescue-wheels-super-loop-turm#primaryimage\",\"url\":\"https:\\\/\\\/i0.wp.com\\\/shop24.dietz-ih.de\\\/wp-content\\\/uploads\\\/2025\\\/07\\\/paw2-1_ergebnis.webp?fit=600%2C600&ssl=1\",\"contentUrl\":\"https:\\\/\\\/i0.wp.com\\\/shop24.dietz-ih.de\\\/wp-content\\\/uploads\\\/2025\\\/07\\\/paw2-1_ergebnis.webp?fit=600%2C600&ssl=1\",\"width\":600,\"height\":600},{\"@type\":\"BreadcrumbList\",\"@id\":\"https:\\\/\\\/shop24.dietz-ih.de\\\/?product=paw-patrol-zentrale-rescue-wheels-super-loop-turm#breadcrumb\",\"itemListElement\":[{\"@type\":\"ListItem\",\"position\":1,\"name\":\"Startseite\",\"item\":\"https:\\\/\\\/shop24.dietz-ih.de\\\/\"},{\"@type\":\"ListItem\",\"position\":2,\"name\":\"Shop\",\"item\":\"https:\\\/\\\/shop24.dietz-ih.de\\\/?page_id=7\"},{\"@type\":\"ListItem\",\"position\":3,\"name\":\"PAW Patrol Zentrale Rescue Wheels Super Loop Turm\"}]},{\"@type\":\"WebSite\",\"@id\":\"https:\\\/\\\/shop24.dietz-ih.de\\\/#website\",\"url\":\"https:\\\/\\\/shop24.dietz-ih.de\\\/\",\"name\":\"Dietz-Internethandel\",\"description\":\"\",\"publisher\":{\"@id\":\"https:\\\/\\\/shop24.dietz-ih.de\\\/#organization\"},\"potentialAction\":[{\"@type\":\"SearchAction\",\"target\":{\"@type\":\"EntryPoint\",\"urlTemplate\":\"https:\\\/\\\/shop24.dietz-ih.de\\\/?s={search_term_string}\"},\"query-input\":{\"@type\":\"PropertyValueSpecification\",\"valueRequired\":true,\"valueName\":\"search_term_string\"}}],\"inLanguage\":\"de\"},{\"@type\":\"Organization\",\"@id\":\"https:\\\/\\\/shop24.dietz-ih.de\\\/#organization\",\"name\":\"Dietz-Internethandel\",\"url\":\"https:\\\/\\\/shop24.dietz-ih.de\\\/\",\"logo\":{\"@type\":\"ImageObject\",\"inLanguage\":\"de\",\"@id\":\"https:\\\/\\\/shop24.dietz-ih.de\\\/#\\\/schema\\\/logo\\\/image\\\/\",\"url\":\"https:\\\/\\\/i0.wp.com\\\/shop24.dietz-ih.de\\\/wp-content\\\/uploads\\\/2025\\\/06\\\/Ein-Logo-fuer-einen-Onlineshop-mit-Spielzeug.-Der-Buchstabe-D-soll-drauf-sein.-Farblich_-Gruen-Warmgelb-und-Lachs.-Und-bitte-als-ausgeschnittene-Datei-Photoroom-2.png?fit=1120%2C1120&ssl=1\",\"contentUrl\":\"https:\\\/\\\/i0.wp.com\\\/shop24.dietz-ih.de\\\/wp-content\\\/uploads\\\/2025\\\/06\\\/Ein-Logo-fuer-einen-Onlineshop-mit-Spielzeug.-Der-Buchstabe-D-soll-drauf-sein.-Farblich_-Gruen-Warmgelb-und-Lachs.-Und-bitte-als-ausgeschnittene-Datei-Photoroom-2.png?fit=1120%2C1120&ssl=1\",\"width\":1120,\"height\":1120,\"caption\":\"Dietz-Internethandel\"},\"image\":{\"@id\":\"https:\\\/\\\/shop24.dietz-ih.de\\\/#\\\/schema\\\/logo\\\/image\\\/\"},\"sameAs\":[\"https:\\\/\\\/www.facebook.com\\\/profile.php?id=100081292915783\",\"https:\\\/\\\/www.instagram.com\\\/dietz_internethandel\\\/\"]}]}<\/script>\n<!-- \/ Yoast SEO plugin. -->","yoast_head_json":{"title":"PAW Patrol Zentrale Rescue Wheels Super Loop Turm - Dietz-Internethandel","description":"Die PAW Patrol Rescue Wheels Super Loop Zentrale \u2013 mit Chase, Mega-Looping, Licht, Sound & Platz f\u00fcr 7 Fahrzeuge. Jetzt entdecken!","robots":{"index":"index","follow":"follow","max-snippet":"max-snippet:-1","max-image-preview":"max-image-preview:large","max-video-preview":"max-video-preview:-1"},"canonical":"https:\/\/shop24.dietz-ih.de\/?product=paw-patrol-zentrale-rescue-wheels-super-loop-turm","og_locale":"de_DE","og_type":"article","og_title":"PAW Patrol Zentrale Rescue Wheels Super Loop Turm - Dietz-Internethandel","og_description":"Die PAW Patrol Rescue Wheels Super Loop Zentrale \u2013 mit Chase, Mega-Looping, Licht, Sound & Platz f\u00fcr 7 Fahrzeuge. Jetzt entdecken!","og_url":"https:\/\/shop24.dietz-ih.de\/?product=paw-patrol-zentrale-rescue-wheels-super-loop-turm","og_site_name":"Dietz-Internethandel","article_publisher":"https:\/\/www.facebook.com\/profile.php?id=100081292915783","article_modified_time":"2026-01-19T12:53:58+00:00","og_image":[{"width":600,"height":600,"url":"https:\/\/shop24.dietz-ih.de\/wp-content\/uploads\/2025\/07\/paw2-1_ergebnis.webp","type":"image\/webp"}],"twitter_card":"summary_large_image","twitter_misc":{"Gesch\u00e4tzte Lesezeit":"3\u00a0Minuten"},"schema":{"@context":"https:\/\/schema.org","@graph":[{"@type":"WebPage","@id":"https:\/\/shop24.dietz-ih.de\/?product=paw-patrol-zentrale-rescue-wheels-super-loop-turm","url":"https:\/\/shop24.dietz-ih.de\/?product=paw-patrol-zentrale-rescue-wheels-super-loop-turm","name":"PAW Patrol Zentrale Rescue Wheels Super Loop Turm - Dietz-Internethandel","isPartOf":{"@id":"https:\/\/shop24.dietz-ih.de\/#website"},"primaryImageOfPage":{"@id":"https:\/\/shop24.dietz-ih.de\/?product=paw-patrol-zentrale-rescue-wheels-super-loop-turm#primaryimage"},"image":{"@id":"https:\/\/shop24.dietz-ih.de\/?product=paw-patrol-zentrale-rescue-wheels-super-loop-turm#primaryimage"},"thumbnailUrl":"https:\/\/i0.wp.com\/shop24.dietz-ih.de\/wp-content\/uploads\/2025\/07\/paw2-1_ergebnis.webp?fit=600%2C600&ssl=1","datePublished":"2025-07-03T08:15:05+00:00","dateModified":"2026-01-19T12:53:58+00:00","description":"Die PAW Patrol Rescue Wheels Super Loop Zentrale \u2013 mit Chase, Mega-Looping, Licht, Sound & Platz f\u00fcr 7 Fahrzeuge. Jetzt entdecken!","breadcrumb":{"@id":"https:\/\/shop24.dietz-ih.de\/?product=paw-patrol-zentrale-rescue-wheels-super-loop-turm#breadcrumb"},"inLanguage":"de","potentialAction":[{"@type":"ReadAction","target":["https:\/\/shop24.dietz-ih.de\/?product=paw-patrol-zentrale-rescue-wheels-super-loop-turm"]}]},{"@type":"ImageObject","inLanguage":"de","@id":"https:\/\/shop24.dietz-ih.de\/?product=paw-patrol-zentrale-rescue-wheels-super-loop-turm#primaryimage","url":"https:\/\/i0.wp.com\/shop24.dietz-ih.de\/wp-content\/uploads\/2025\/07\/paw2-1_ergebnis.webp?fit=600%2C600&ssl=1","contentUrl":"https:\/\/i0.wp.com\/shop24.dietz-ih.de\/wp-content\/uploads\/2025\/07\/paw2-1_ergebnis.webp?fit=600%2C600&ssl=1","width":600,"height":600},{"@type":"BreadcrumbList","@id":"https:\/\/shop24.dietz-ih.de\/?product=paw-patrol-zentrale-rescue-wheels-super-loop-turm#breadcrumb","itemListElement":[{"@type":"ListItem","position":1,"name":"Startseite","item":"https:\/\/shop24.dietz-ih.de\/"},{"@type":"ListItem","position":2,"name":"Shop","item":"https:\/\/shop24.dietz-ih.de\/?page_id=7"},{"@type":"ListItem","position":3,"name":"PAW Patrol Zentrale Rescue Wheels Super Loop Turm"}]},{"@type":"WebSite","@id":"https:\/\/shop24.dietz-ih.de\/#website","url":"https:\/\/shop24.dietz-ih.de\/","name":"Dietz-Internethandel","description":"","publisher":{"@id":"https:\/\/shop24.dietz-ih.de\/#organization"},"potentialAction":[{"@type":"SearchAction","target":{"@type":"EntryPoint","urlTemplate":"https:\/\/shop24.dietz-ih.de\/?s={search_term_string}"},"query-input":{"@type":"PropertyValueSpecification","valueRequired":true,"valueName":"search_term_string"}}],"inLanguage":"de"},{"@type":"Organization","@id":"https:\/\/shop24.dietz-ih.de\/#organization","name":"Dietz-Internethandel","url":"https:\/\/shop24.dietz-ih.de\/","logo":{"@type":"ImageObject","inLanguage":"de","@id":"https:\/\/shop24.dietz-ih.de\/#\/schema\/logo\/image\/","url":"https:\/\/i0.wp.com\/shop24.dietz-ih.de\/wp-content\/uploads\/2025\/06\/Ein-Logo-fuer-einen-Onlineshop-mit-Spielzeug.-Der-Buchstabe-D-soll-drauf-sein.-Farblich_-Gruen-Warmgelb-und-Lachs.-Und-bitte-als-ausgeschnittene-Datei-Photoroom-2.png?fit=1120%2C1120&ssl=1","contentUrl":"https:\/\/i0.wp.com\/shop24.dietz-ih.de\/wp-content\/uploads\/2025\/06\/Ein-Logo-fuer-einen-Onlineshop-mit-Spielzeug.-Der-Buchstabe-D-soll-drauf-sein.-Farblich_-Gruen-Warmgelb-und-Lachs.-Und-bitte-als-ausgeschnittene-Datei-Photoroom-2.png?fit=1120%2C1120&ssl=1","width":1120,"height":1120,"caption":"Dietz-Internethandel"},"image":{"@id":"https:\/\/shop24.dietz-ih.de\/#\/schema\/logo\/image\/"},"sameAs":["https:\/\/www.facebook.com\/profile.php?id=100081292915783","https:\/\/www.instagram.com\/dietz_internethandel\/"]}]}},"uagb_featured_image_src":{"full":["https:\/\/i0.wp.com\/shop24.dietz-ih.de\/wp-content\/uploads\/2025\/07\/paw2-1_ergebnis.webp?fit=600%2C600&ssl=1",600,600,false],"thumbnail":["https:\/\/i0.wp.com\/shop24.dietz-ih.de\/wp-content\/uploads\/2025\/07\/paw2-1_ergebnis.webp?resize=150%2C150&ssl=1",150,150,true],"medium":["https:\/\/i0.wp.com\/shop24.dietz-ih.de\/wp-content\/uploads\/2025\/07\/paw2-1_ergebnis.webp?fit=300%2C300&ssl=1",300,300,true],"medium_large":["https:\/\/i0.wp.com\/shop24.dietz-ih.de\/wp-content\/uploads\/2025\/07\/paw2-1_ergebnis.webp?fit=600%2C600&ssl=1",600,600,true],"large":["https:\/\/i0.wp.com\/shop24.dietz-ih.de\/wp-content\/uploads\/2025\/07\/paw2-1_ergebnis.webp?fit=600%2C600&ssl=1",600,600,true],"gs-tiny":["https:\/\/i0.wp.com\/shop24.dietz-ih.de\/wp-content\/uploads\/2025\/07\/paw2-1_ergebnis.webp?fit=50%2C50&ssl=1",50,50,true],"xl":["https:\/\/i0.wp.com\/shop24.dietz-ih.de\/wp-content\/uploads\/2025\/07\/paw2-1_ergebnis.webp?fit=600%2C600&ssl=1",600,600,true],"xxl":["https:\/\/i0.wp.com\/shop24.dietz-ih.de\/wp-content\/uploads\/2025\/07\/paw2-1_ergebnis.webp?fit=600%2C600&ssl=1",600,600,true],"xxxl":["https:\/\/i0.wp.com\/shop24.dietz-ih.de\/wp-content\/uploads\/2025\/07\/paw2-1_ergebnis.webp?fit=600%2C600&ssl=1",600,600,true],"xxxxl":["https:\/\/i0.wp.com\/shop24.dietz-ih.de\/wp-content\/uploads\/2025\/07\/paw2-1_ergebnis.webp?fit=600%2C600&ssl=1",600,600,true],"xxxxxl":["https:\/\/i0.wp.com\/shop24.dietz-ih.de\/wp-content\/uploads\/2025\/07\/paw2-1_ergebnis.webp?fit=600%2C600&ssl=1",600,600,true],"1536x1536":["https:\/\/i0.wp.com\/shop24.dietz-ih.de\/wp-content\/uploads\/2025\/07\/paw2-1_ergebnis.webp?fit=600%2C600&ssl=1",600,600,true],"2048x2048":["https:\/\/i0.wp.com\/shop24.dietz-ih.de\/wp-content\/uploads\/2025\/07\/paw2-1_ergebnis.webp?fit=600%2C600&ssl=1",600,600,true],"woocommerce_thumbnail":["https:\/\/i0.wp.com\/shop24.dietz-ih.de\/wp-content\/uploads\/2025\/07\/paw2-1_ergebnis.webp?resize=600%2C600&ssl=1",600,600,true],"woocommerce_single":["https:\/\/i0.wp.com\/shop24.dietz-ih.de\/wp-content\/uploads\/2025\/07\/paw2-1_ergebnis.webp?fit=600%2C600&ssl=1",600,600,true],"woocommerce_gallery_thumbnail":["https:\/\/i0.wp.com\/shop24.dietz-ih.de\/wp-content\/uploads\/2025\/07\/paw2-1_ergebnis.webp?resize=100%2C100&ssl=1",100,100,true]},"uagb_author_info":{"display_name":"admin","author_link":"https:\/\/shop24.dietz-ih.de\/?author=0"},"uagb_comment_info":0,"uagb_excerpt":"Die PAW Patrol Rescue Wheels Super Loop Zentrale ist das gr\u00f6\u00dfte Hauptquartier aller Zeiten! Mit 1,2\u202fm H\u00f6he, Looping-Rampe, Licht- und Soundeffekten sowie Platz f\u00fcr bis zu 7 Fahrzeuge (1 enthalten) bietet der Turm actionreichen Spielspa\u00df f\u00fcr alle PAW Patrol Fans.","jetpack_sharing_enabled":true,"_links":{"self":[{"href":"https:\/\/shop24.dietz-ih.de\/index.php?rest_route=\/wp\/v2\/product\/298","targetHints":{"allow":["GET"]}}],"collection":[{"href":"https:\/\/shop24.dietz-ih.de\/index.php?rest_route=\/wp\/v2\/product"}],"about":[{"href":"https:\/\/shop24.dietz-ih.de\/index.php?rest_route=\/wp\/v2\/types\/product"}],"replies":[{"embeddable":true,"href":"https:\/\/shop24.dietz-ih.de\/index.php?rest_route=%2Fwp%2Fv2%2Fcomments&post=298"}],"wp:featuredmedia":[{"embeddable":true,"href":"https:\/\/shop24.dietz-ih.de\/index.php?rest_route=\/wp\/v2\/media\/429"}],"wp:attachment":[{"href":"https:\/\/shop24.dietz-ih.de\/index.php?rest_route=%2Fwp%2Fv2%2Fmedia&parent=298"}],"wp:term":[{"taxonomy":"product_brand","embeddable":true,"href":"https:\/\/shop24.dietz-ih.de\/index.php?rest_route=%2Fwp%2Fv2%2Fproduct_brand&post=298"},{"taxonomy":"product_cat","embeddable":true,"href":"https:\/\/shop24.dietz-ih.de\/index.php?rest_route=%2Fwp%2Fv2%2Fproduct_cat&post=298"},{"taxonomy":"product_tag","embeddable":true,"href":"https:\/\/shop24.dietz-ih.de\/index.php?rest_route=%2Fwp%2Fv2%2Fproduct_tag&post=298"}],"curies":[{"name":"wp","href":"https:\/\/api.w.org\/{rel}","templated":true}]}}