{"id":500,"date":"2025-07-07T14:34:21","date_gmt":"2025-07-07T12:34:21","guid":{"rendered":"https:\/\/shop24.dietz-ih.de\/?post_type=product&#038;p=500"},"modified":"2026-01-19T13:51:48","modified_gmt":"2026-01-19T12:51:48","slug":"playmobil-family-fun-71571-grosser-spielplatz","status":"publish","type":"product","link":"https:\/\/shop24.dietz-ih.de\/?product=playmobil-family-fun-71571-grosser-spielplatz","title":{"rendered":"PLAYMOBIL Family Fun 71571 Gro\u00dfer Spielplatz mit Zubeh\u00f6r"},"content":{"rendered":"<h2 data-start=\"60\" data-end=\"219\"><span style=\"font-family: Nunito;\"><strong>PLAYMOBIL Family Fun 71571 Gro\u00dfer Spielplatz mit Zubeh\u00f6r<\/strong><\/span><br data-start=\"125\" data-end=\"128\" \/><strong data-start=\"128\" data-end=\"219\">Ein Spielset voller Bewegung, Kreativit\u00e4t und Spa\u00df \u2013 f\u00fcr kleine Abenteurer ab 4 Jahren!<\/strong><\/h2>\n<p data-start=\"221\" data-end=\"537\">Mit dem <strong>PLAYMOBIL Family Fun 71571 Gro\u00dfer Spielplatz mit Zubeh\u00f6r<\/strong> wird jeder Tag zu einem aufregenden Ausflug! Das detailreiche Set bringt den Spielplatz direkt ins Kinderzimmer und l\u00e4dt zum aktiven Spielen, Erz\u00e4hlen und Entdecken ein. Ob Rutschen, Klettern oder Schaukeln \u2013 hier gibt es f\u00fcr jedes Kind etwas zu tun!<\/p>\n<h3 data-start=\"539\" data-end=\"587\"><strong data-start=\"543\" data-end=\"587\">Gro\u00dfer Spielturm mit flexiblen Elementen<\/strong><\/h3>\n<p data-start=\"588\" data-end=\"975\">Der Mittelpunkt des Sets ist der <strong data-start=\"621\" data-end=\"649\">gro\u00dfe modulare Spielturm<\/strong>, der mit vielen tollen Funktionen begeistert. Er verf\u00fcgt \u00fcber eine <strong data-start=\"717\" data-end=\"734\">lange Rutsche<\/strong>, <strong data-start=\"736\" data-end=\"753\">eine Schaukel<\/strong>, ein <strong data-start=\"759\" data-end=\"774\">Kletternetz<\/strong> und eine <strong data-start=\"784\" data-end=\"799\">Kletterwand<\/strong> \u2013 ideal f\u00fcr stundenlangen Spielspa\u00df. Das Beste: Die Bauelemente lassen sich <strong data-start=\"876\" data-end=\"903\">individuell kombinieren<\/strong>, sodass Kinder immer wieder neue Spielplatz-Varianten gestalten k\u00f6nnen.<\/p>\n<h3 data-start=\"977\" data-end=\"1030\"><strong data-start=\"981\" data-end=\"1030\">Weitere Spielger\u00e4te f\u00fcr noch mehr Abwechslung<\/strong><\/h3>\n<p data-start=\"1031\" data-end=\"1091\">Neben dem Hauptturm bietet das Set zus\u00e4tzliche Highlights:<\/p>\n<ul data-start=\"1092\" data-end=\"1241\">\n<li data-start=\"1092\" data-end=\"1139\">\n<p data-start=\"1094\" data-end=\"1139\"><strong data-start=\"1094\" data-end=\"1111\">Krokodilwippe<\/strong> \u2013 wippender Spa\u00df zu zweit<\/p>\n<\/li>\n<li data-start=\"1140\" data-end=\"1181\">\n<p data-start=\"1142\" data-end=\"1181\"><strong data-start=\"1142\" data-end=\"1155\">Karussell<\/strong> \u2013 zum fr\u00f6hlichen Drehen<\/p>\n<\/li>\n<li data-start=\"1182\" data-end=\"1241\">\n<p data-start=\"1184\" data-end=\"1241\"><strong data-start=\"1184\" data-end=\"1198\">Federwippe<\/strong> \u2013 f\u00fcr ein authentisches Spielplatzgef\u00fchl<\/p>\n<\/li>\n<\/ul>\n<p data-start=\"1243\" data-end=\"1312\">Diese Extras machen das Set besonders lebendig und abwechslungsreich.<\/p>\n<h3 data-start=\"1314\" data-end=\"1366\"><strong data-start=\"1318\" data-end=\"1366\">Alltagsszenen nachspielen mit vielen Figuren<\/strong><\/h3>\n<p data-start=\"1367\" data-end=\"1726\">Das Set enth\u00e4lt <strong data-start=\"1383\" data-end=\"1407\">11 PLAYMOBIL-Figuren<\/strong>, darunter <strong data-start=\"1418\" data-end=\"1430\">7 Kinder<\/strong>, <strong data-start=\"1432\" data-end=\"1448\">3 Erwachsene<\/strong> und ein s\u00fc\u00dfes <strong data-start=\"1463\" data-end=\"1471\">Baby<\/strong>. Damit lassen sich verschiedenste Familienszenen nachspielen. Die Kinder toben sich auf dem Spielplatz aus, w\u00e4hrend die Eltern zuschauen oder ein Eis vom mobilen <strong data-start=\"1634\" data-end=\"1646\">Eiswagen<\/strong> holen \u2013 inklusive <strong data-start=\"1665\" data-end=\"1678\">K\u00fchltruhe<\/strong> und <strong data-start=\"1683\" data-end=\"1696\">Getr\u00e4nken<\/strong> f\u00fcr die perfekte Erfrischung im Winter wie an hei\u00dfen Sommertagen.<\/p>\n<h3 data-start=\"1728\" data-end=\"1772\"><strong data-start=\"1732\" data-end=\"1772\">Spielspa\u00df mit p\u00e4dagogischem Mehrwert<\/strong><\/h3>\n<p data-start=\"1773\" data-end=\"2029\">Der gro\u00dfe Abenteuerspielplatz f\u00f6rdert nicht nur die <strong data-start=\"1825\" data-end=\"1852\">motorischen F\u00e4higkeiten<\/strong>, sondern auch die <strong data-start=\"1871\" data-end=\"1894\">soziale Interaktion<\/strong> und <strong data-start=\"1899\" data-end=\"1914\">Kreativit\u00e4t<\/strong> der Kinder. Beim gemeinsamen Spielen entstehen fantasievolle Geschichten, die immer wieder neu erlebt werden k\u00f6nnen.<\/p>\n<h3 data-start=\"2036\" data-end=\"2081\"><strong data-start=\"2040\" data-end=\"2079\">Produkt-Highlights auf einen Blick:<\/strong><\/h3>\n<ul data-start=\"2082\" data-end=\"2443\">\n<li data-start=\"2082\" data-end=\"2126\">\n<p data-start=\"2084\" data-end=\"2126\"><strong data-start=\"2084\" data-end=\"2124\">Umfangreiches Spielset mit 56 Teilen<\/strong><\/p>\n<\/li>\n<li data-start=\"2127\" data-end=\"2203\">\n<p data-start=\"2129\" data-end=\"2203\"><strong data-start=\"2129\" data-end=\"2201\">Modularer Spielturm mit Rutsche, Kletternetz, Kletterwand &amp; Schaukel<\/strong><\/p>\n<\/li>\n<li data-start=\"2204\" data-end=\"2259\">\n<p data-start=\"2206\" data-end=\"2259\"><strong data-start=\"2206\" data-end=\"2257\">Karussell, Krokodilwippe &amp; Federwippe inklusive<\/strong><\/p>\n<\/li>\n<li data-start=\"2260\" data-end=\"2310\">\n<p data-start=\"2262\" data-end=\"2310\"><strong data-start=\"2262\" data-end=\"2308\">11 Figuren: 7 Kinder, 3 Erwachsene, 1 Baby<\/strong><\/p>\n<\/li>\n<li data-start=\"2311\" data-end=\"2353\">\n<p data-start=\"2313\" data-end=\"2353\"><strong data-start=\"2313\" data-end=\"2351\">Eiswagen mit K\u00fchltruhe und Zubeh\u00f6r<\/strong><\/p>\n<\/li>\n<li data-start=\"2354\" data-end=\"2382\">\n<p data-start=\"2356\" data-end=\"2382\"><strong data-start=\"2356\" data-end=\"2380\">Ab 4 Jahren geeignet<\/strong><\/p>\n<\/li>\n<li data-start=\"2383\" data-end=\"2443\">\n<p data-start=\"2385\" data-end=\"2443\"><strong data-start=\"2385\" data-end=\"2443\">Perfekte Erg\u00e4nzung zur PLAYMOBIL Family Fun Themenwelt<\/strong><\/p>\n<\/li>\n<\/ul>\n<p data-start=\"2445\" data-end=\"2532\"><strong data-start=\"2445\" data-end=\"2530\">Erlebe fantasievolle Geschichten und grenzenlosen Spielspa\u00df \u2013 mit dem PLAYMOBIL Family Fun 71571 Gro\u00dfer Spielplatz mit Zubeh\u00f6r!<\/strong><\/p>\n","protected":false},"excerpt":{"rendered":"<p>Gro\u00dfer Spielspa\u00df f\u00fcr kleine Entdecker! Der modulare Spielplatz mit Kletterturm, Rutsche, Schaukel, Karussell, Eiswagen und vielem mehr bietet unz\u00e4hlige M\u00f6glichkeiten f\u00fcr fantasievolle Rollenspiele. Inklusive 11 Figuren (7 Kinder, 3 Erwachsene, 1 Baby) und umfangreichem Zubeh\u00f6r.<br data-start=\"411\" data-end=\"414\" \/><strong data-start=\"414\" data-end=\"441\">F\u00fcr Kinder ab 4 Jahren.<\/strong><\/p>\n","protected":false},"featured_media":547,"comment_status":"open","ping_status":"closed","template":"","meta":{"_coblocks_attr":"","_coblocks_dimensions":"","_coblocks_responsive_height":"","_coblocks_accordion_ie_support":"","_eb_attr":"","_uag_custom_page_level_css":""},"product_brand":[116],"product_cat":[27],"product_tag":[128,126,127,129,118,130],"class_list":{"0":"post-500","1":"product","2":"type-product","3":"status-publish","4":"has-post-thumbnail","6":"product_brand-playmobil","7":"product_cat-playmobil","8":"product_tag-128","9":"product_tag-family","10":"product_tag-fun","11":"product_tag-grosser","12":"product_tag-playmobil","13":"product_tag-spielplatz","15":"first","16":"outofstock","17":"taxable","18":"shipping-taxable","19":"purchasable","20":"product-type-simple"},"yoast_head":"<!-- This site is optimized with the Yoast SEO plugin v27.4 - https:\/\/yoast.com\/product\/yoast-seo-wordpress\/ -->\n<title>PLAYMOBIL Family Fun 71571 Gro\u00dfer Spielplatz mit Zubeh\u00f6r - Dietz-Internethandel<\/title>\n<meta name=\"description\" content=\"PLAYMOBIL Family Fun 71571 Gro\u00dfer Spielplatz mit Zubeh\u00f6r \u2013 perfekter Spielspa\u00df f\u00fcr Kinder ab 4 Jahren. Jetzt online kaufen!\" \/>\n<meta name=\"robots\" content=\"index, follow, max-snippet:-1, max-image-preview:large, max-video-preview:-1\" \/>\n<link rel=\"canonical\" href=\"https:\/\/shop24.dietz-ih.de\/?product=playmobil-family-fun-71571-grosser-spielplatz\" \/>\n<meta property=\"og:locale\" content=\"de_DE\" \/>\n<meta property=\"og:type\" content=\"article\" \/>\n<meta property=\"og:title\" content=\"PLAYMOBIL Family Fun 71571 Gro\u00dfer Spielplatz mit Zubeh\u00f6r - Dietz-Internethandel\" \/>\n<meta property=\"og:description\" content=\"PLAYMOBIL Family Fun 71571 Gro\u00dfer Spielplatz mit Zubeh\u00f6r \u2013 perfekter Spielspa\u00df f\u00fcr Kinder ab 4 Jahren. Jetzt online kaufen!\" \/>\n<meta property=\"og:url\" content=\"https:\/\/shop24.dietz-ih.de\/?product=playmobil-family-fun-71571-grosser-spielplatz\" \/>\n<meta property=\"og:site_name\" content=\"Dietz-Internethandel\" \/>\n<meta property=\"article:publisher\" content=\"https:\/\/www.facebook.com\/profile.php?id=100081292915783\" \/>\n<meta property=\"article:modified_time\" content=\"2026-01-19T12:51:48+00:00\" \/>\n<meta property=\"og:image\" content=\"https:\/\/shop24.dietz-ih.de\/wp-content\/uploads\/2025\/07\/playmobil3-1_ergebnis_ergebnis.webp\" \/>\n\t<meta property=\"og:image:width\" content=\"600\" \/>\n\t<meta property=\"og:image:height\" content=\"600\" \/>\n\t<meta property=\"og:image:type\" content=\"image\/webp\" \/>\n<meta name=\"twitter:card\" content=\"summary_large_image\" \/>\n<meta name=\"twitter:label1\" content=\"Gesch\u00e4tzte Lesezeit\" \/>\n\t<meta name=\"twitter:data1\" content=\"2\u00a0Minuten\" \/>\n<script type=\"application\/ld+json\" class=\"yoast-schema-graph\">{\"@context\":\"https:\\\/\\\/schema.org\",\"@graph\":[{\"@type\":\"WebPage\",\"@id\":\"https:\\\/\\\/shop24.dietz-ih.de\\\/?product=playmobil-family-fun-71571-grosser-spielplatz\",\"url\":\"https:\\\/\\\/shop24.dietz-ih.de\\\/?product=playmobil-family-fun-71571-grosser-spielplatz\",\"name\":\"PLAYMOBIL Family Fun 71571 Gro\u00dfer Spielplatz mit Zubeh\u00f6r - Dietz-Internethandel\",\"isPartOf\":{\"@id\":\"https:\\\/\\\/shop24.dietz-ih.de\\\/#website\"},\"primaryImageOfPage\":{\"@id\":\"https:\\\/\\\/shop24.dietz-ih.de\\\/?product=playmobil-family-fun-71571-grosser-spielplatz#primaryimage\"},\"image\":{\"@id\":\"https:\\\/\\\/shop24.dietz-ih.de\\\/?product=playmobil-family-fun-71571-grosser-spielplatz#primaryimage\"},\"thumbnailUrl\":\"https:\\\/\\\/i0.wp.com\\\/shop24.dietz-ih.de\\\/wp-content\\\/uploads\\\/2025\\\/07\\\/playmobil3-1_ergebnis_ergebnis.webp?fit=600%2C600&ssl=1\",\"datePublished\":\"2025-07-07T12:34:21+00:00\",\"dateModified\":\"2026-01-19T12:51:48+00:00\",\"description\":\"PLAYMOBIL Family Fun 71571 Gro\u00dfer Spielplatz mit Zubeh\u00f6r \u2013 perfekter Spielspa\u00df f\u00fcr Kinder ab 4 Jahren. Jetzt online kaufen!\",\"breadcrumb\":{\"@id\":\"https:\\\/\\\/shop24.dietz-ih.de\\\/?product=playmobil-family-fun-71571-grosser-spielplatz#breadcrumb\"},\"inLanguage\":\"de\",\"potentialAction\":[{\"@type\":\"ReadAction\",\"target\":[\"https:\\\/\\\/shop24.dietz-ih.de\\\/?product=playmobil-family-fun-71571-grosser-spielplatz\"]}]},{\"@type\":\"ImageObject\",\"inLanguage\":\"de\",\"@id\":\"https:\\\/\\\/shop24.dietz-ih.de\\\/?product=playmobil-family-fun-71571-grosser-spielplatz#primaryimage\",\"url\":\"https:\\\/\\\/i0.wp.com\\\/shop24.dietz-ih.de\\\/wp-content\\\/uploads\\\/2025\\\/07\\\/playmobil3-1_ergebnis_ergebnis.webp?fit=600%2C600&ssl=1\",\"contentUrl\":\"https:\\\/\\\/i0.wp.com\\\/shop24.dietz-ih.de\\\/wp-content\\\/uploads\\\/2025\\\/07\\\/playmobil3-1_ergebnis_ergebnis.webp?fit=600%2C600&ssl=1\",\"width\":600,\"height\":600},{\"@type\":\"BreadcrumbList\",\"@id\":\"https:\\\/\\\/shop24.dietz-ih.de\\\/?product=playmobil-family-fun-71571-grosser-spielplatz#breadcrumb\",\"itemListElement\":[{\"@type\":\"ListItem\",\"position\":1,\"name\":\"Startseite\",\"item\":\"https:\\\/\\\/shop24.dietz-ih.de\\\/\"},{\"@type\":\"ListItem\",\"position\":2,\"name\":\"Shop\",\"item\":\"https:\\\/\\\/shop24.dietz-ih.de\\\/?page_id=7\"},{\"@type\":\"ListItem\",\"position\":3,\"name\":\"PLAYMOBIL Family Fun 71571 Gro\u00dfer Spielplatz mit Zubeh\u00f6r\"}]},{\"@type\":\"WebSite\",\"@id\":\"https:\\\/\\\/shop24.dietz-ih.de\\\/#website\",\"url\":\"https:\\\/\\\/shop24.dietz-ih.de\\\/\",\"name\":\"Dietz-Internethandel\",\"description\":\"\",\"publisher\":{\"@id\":\"https:\\\/\\\/shop24.dietz-ih.de\\\/#organization\"},\"potentialAction\":[{\"@type\":\"SearchAction\",\"target\":{\"@type\":\"EntryPoint\",\"urlTemplate\":\"https:\\\/\\\/shop24.dietz-ih.de\\\/?s={search_term_string}\"},\"query-input\":{\"@type\":\"PropertyValueSpecification\",\"valueRequired\":true,\"valueName\":\"search_term_string\"}}],\"inLanguage\":\"de\"},{\"@type\":\"Organization\",\"@id\":\"https:\\\/\\\/shop24.dietz-ih.de\\\/#organization\",\"name\":\"Dietz-Internethandel\",\"url\":\"https:\\\/\\\/shop24.dietz-ih.de\\\/\",\"logo\":{\"@type\":\"ImageObject\",\"inLanguage\":\"de\",\"@id\":\"https:\\\/\\\/shop24.dietz-ih.de\\\/#\\\/schema\\\/logo\\\/image\\\/\",\"url\":\"https:\\\/\\\/i0.wp.com\\\/shop24.dietz-ih.de\\\/wp-content\\\/uploads\\\/2025\\\/06\\\/Ein-Logo-fuer-einen-Onlineshop-mit-Spielzeug.-Der-Buchstabe-D-soll-drauf-sein.-Farblich_-Gruen-Warmgelb-und-Lachs.-Und-bitte-als-ausgeschnittene-Datei-Photoroom-2.png?fit=1120%2C1120&ssl=1\",\"contentUrl\":\"https:\\\/\\\/i0.wp.com\\\/shop24.dietz-ih.de\\\/wp-content\\\/uploads\\\/2025\\\/06\\\/Ein-Logo-fuer-einen-Onlineshop-mit-Spielzeug.-Der-Buchstabe-D-soll-drauf-sein.-Farblich_-Gruen-Warmgelb-und-Lachs.-Und-bitte-als-ausgeschnittene-Datei-Photoroom-2.png?fit=1120%2C1120&ssl=1\",\"width\":1120,\"height\":1120,\"caption\":\"Dietz-Internethandel\"},\"image\":{\"@id\":\"https:\\\/\\\/shop24.dietz-ih.de\\\/#\\\/schema\\\/logo\\\/image\\\/\"},\"sameAs\":[\"https:\\\/\\\/www.facebook.com\\\/profile.php?id=100081292915783\",\"https:\\\/\\\/www.instagram.com\\\/dietz_internethandel\\\/\"]}]}<\/script>\n<!-- \/ Yoast SEO plugin. -->","yoast_head_json":{"title":"PLAYMOBIL Family Fun 71571 Gro\u00dfer Spielplatz mit Zubeh\u00f6r - Dietz-Internethandel","description":"PLAYMOBIL Family Fun 71571 Gro\u00dfer Spielplatz mit Zubeh\u00f6r \u2013 perfekter Spielspa\u00df f\u00fcr Kinder ab 4 Jahren. Jetzt online kaufen!","robots":{"index":"index","follow":"follow","max-snippet":"max-snippet:-1","max-image-preview":"max-image-preview:large","max-video-preview":"max-video-preview:-1"},"canonical":"https:\/\/shop24.dietz-ih.de\/?product=playmobil-family-fun-71571-grosser-spielplatz","og_locale":"de_DE","og_type":"article","og_title":"PLAYMOBIL Family Fun 71571 Gro\u00dfer Spielplatz mit Zubeh\u00f6r - Dietz-Internethandel","og_description":"PLAYMOBIL Family Fun 71571 Gro\u00dfer Spielplatz mit Zubeh\u00f6r \u2013 perfekter Spielspa\u00df f\u00fcr Kinder ab 4 Jahren. Jetzt online kaufen!","og_url":"https:\/\/shop24.dietz-ih.de\/?product=playmobil-family-fun-71571-grosser-spielplatz","og_site_name":"Dietz-Internethandel","article_publisher":"https:\/\/www.facebook.com\/profile.php?id=100081292915783","article_modified_time":"2026-01-19T12:51:48+00:00","og_image":[{"width":600,"height":600,"url":"https:\/\/shop24.dietz-ih.de\/wp-content\/uploads\/2025\/07\/playmobil3-1_ergebnis_ergebnis.webp","type":"image\/webp"}],"twitter_card":"summary_large_image","twitter_misc":{"Gesch\u00e4tzte Lesezeit":"2\u00a0Minuten"},"schema":{"@context":"https:\/\/schema.org","@graph":[{"@type":"WebPage","@id":"https:\/\/shop24.dietz-ih.de\/?product=playmobil-family-fun-71571-grosser-spielplatz","url":"https:\/\/shop24.dietz-ih.de\/?product=playmobil-family-fun-71571-grosser-spielplatz","name":"PLAYMOBIL Family Fun 71571 Gro\u00dfer Spielplatz mit Zubeh\u00f6r - Dietz-Internethandel","isPartOf":{"@id":"https:\/\/shop24.dietz-ih.de\/#website"},"primaryImageOfPage":{"@id":"https:\/\/shop24.dietz-ih.de\/?product=playmobil-family-fun-71571-grosser-spielplatz#primaryimage"},"image":{"@id":"https:\/\/shop24.dietz-ih.de\/?product=playmobil-family-fun-71571-grosser-spielplatz#primaryimage"},"thumbnailUrl":"https:\/\/i0.wp.com\/shop24.dietz-ih.de\/wp-content\/uploads\/2025\/07\/playmobil3-1_ergebnis_ergebnis.webp?fit=600%2C600&ssl=1","datePublished":"2025-07-07T12:34:21+00:00","dateModified":"2026-01-19T12:51:48+00:00","description":"PLAYMOBIL Family Fun 71571 Gro\u00dfer Spielplatz mit Zubeh\u00f6r \u2013 perfekter Spielspa\u00df f\u00fcr Kinder ab 4 Jahren. Jetzt online kaufen!","breadcrumb":{"@id":"https:\/\/shop24.dietz-ih.de\/?product=playmobil-family-fun-71571-grosser-spielplatz#breadcrumb"},"inLanguage":"de","potentialAction":[{"@type":"ReadAction","target":["https:\/\/shop24.dietz-ih.de\/?product=playmobil-family-fun-71571-grosser-spielplatz"]}]},{"@type":"ImageObject","inLanguage":"de","@id":"https:\/\/shop24.dietz-ih.de\/?product=playmobil-family-fun-71571-grosser-spielplatz#primaryimage","url":"https:\/\/i0.wp.com\/shop24.dietz-ih.de\/wp-content\/uploads\/2025\/07\/playmobil3-1_ergebnis_ergebnis.webp?fit=600%2C600&ssl=1","contentUrl":"https:\/\/i0.wp.com\/shop24.dietz-ih.de\/wp-content\/uploads\/2025\/07\/playmobil3-1_ergebnis_ergebnis.webp?fit=600%2C600&ssl=1","width":600,"height":600},{"@type":"BreadcrumbList","@id":"https:\/\/shop24.dietz-ih.de\/?product=playmobil-family-fun-71571-grosser-spielplatz#breadcrumb","itemListElement":[{"@type":"ListItem","position":1,"name":"Startseite","item":"https:\/\/shop24.dietz-ih.de\/"},{"@type":"ListItem","position":2,"name":"Shop","item":"https:\/\/shop24.dietz-ih.de\/?page_id=7"},{"@type":"ListItem","position":3,"name":"PLAYMOBIL Family Fun 71571 Gro\u00dfer Spielplatz mit Zubeh\u00f6r"}]},{"@type":"WebSite","@id":"https:\/\/shop24.dietz-ih.de\/#website","url":"https:\/\/shop24.dietz-ih.de\/","name":"Dietz-Internethandel","description":"","publisher":{"@id":"https:\/\/shop24.dietz-ih.de\/#organization"},"potentialAction":[{"@type":"SearchAction","target":{"@type":"EntryPoint","urlTemplate":"https:\/\/shop24.dietz-ih.de\/?s={search_term_string}"},"query-input":{"@type":"PropertyValueSpecification","valueRequired":true,"valueName":"search_term_string"}}],"inLanguage":"de"},{"@type":"Organization","@id":"https:\/\/shop24.dietz-ih.de\/#organization","name":"Dietz-Internethandel","url":"https:\/\/shop24.dietz-ih.de\/","logo":{"@type":"ImageObject","inLanguage":"de","@id":"https:\/\/shop24.dietz-ih.de\/#\/schema\/logo\/image\/","url":"https:\/\/i0.wp.com\/shop24.dietz-ih.de\/wp-content\/uploads\/2025\/06\/Ein-Logo-fuer-einen-Onlineshop-mit-Spielzeug.-Der-Buchstabe-D-soll-drauf-sein.-Farblich_-Gruen-Warmgelb-und-Lachs.-Und-bitte-als-ausgeschnittene-Datei-Photoroom-2.png?fit=1120%2C1120&ssl=1","contentUrl":"https:\/\/i0.wp.com\/shop24.dietz-ih.de\/wp-content\/uploads\/2025\/06\/Ein-Logo-fuer-einen-Onlineshop-mit-Spielzeug.-Der-Buchstabe-D-soll-drauf-sein.-Farblich_-Gruen-Warmgelb-und-Lachs.-Und-bitte-als-ausgeschnittene-Datei-Photoroom-2.png?fit=1120%2C1120&ssl=1","width":1120,"height":1120,"caption":"Dietz-Internethandel"},"image":{"@id":"https:\/\/shop24.dietz-ih.de\/#\/schema\/logo\/image\/"},"sameAs":["https:\/\/www.facebook.com\/profile.php?id=100081292915783","https:\/\/www.instagram.com\/dietz_internethandel\/"]}]}},"uagb_featured_image_src":{"full":["https:\/\/i0.wp.com\/shop24.dietz-ih.de\/wp-content\/uploads\/2025\/07\/playmobil3-1_ergebnis_ergebnis.webp?fit=600%2C600&ssl=1",600,600,false],"thumbnail":["https:\/\/i0.wp.com\/shop24.dietz-ih.de\/wp-content\/uploads\/2025\/07\/playmobil3-1_ergebnis_ergebnis.webp?resize=150%2C150&ssl=1",150,150,true],"medium":["https:\/\/i0.wp.com\/shop24.dietz-ih.de\/wp-content\/uploads\/2025\/07\/playmobil3-1_ergebnis_ergebnis.webp?fit=300%2C300&ssl=1",300,300,true],"medium_large":["https:\/\/i0.wp.com\/shop24.dietz-ih.de\/wp-content\/uploads\/2025\/07\/playmobil3-1_ergebnis_ergebnis.webp?fit=600%2C600&ssl=1",600,600,true],"large":["https:\/\/i0.wp.com\/shop24.dietz-ih.de\/wp-content\/uploads\/2025\/07\/playmobil3-1_ergebnis_ergebnis.webp?fit=600%2C600&ssl=1",600,600,true],"gs-tiny":["https:\/\/i0.wp.com\/shop24.dietz-ih.de\/wp-content\/uploads\/2025\/07\/playmobil3-1_ergebnis_ergebnis.webp?fit=50%2C50&ssl=1",50,50,true],"xl":["https:\/\/i0.wp.com\/shop24.dietz-ih.de\/wp-content\/uploads\/2025\/07\/playmobil3-1_ergebnis_ergebnis.webp?fit=600%2C600&ssl=1",600,600,true],"xxl":["https:\/\/i0.wp.com\/shop24.dietz-ih.de\/wp-content\/uploads\/2025\/07\/playmobil3-1_ergebnis_ergebnis.webp?fit=600%2C600&ssl=1",600,600,true],"xxxl":["https:\/\/i0.wp.com\/shop24.dietz-ih.de\/wp-content\/uploads\/2025\/07\/playmobil3-1_ergebnis_ergebnis.webp?fit=600%2C600&ssl=1",600,600,true],"xxxxl":["https:\/\/i0.wp.com\/shop24.dietz-ih.de\/wp-content\/uploads\/2025\/07\/playmobil3-1_ergebnis_ergebnis.webp?fit=600%2C600&ssl=1",600,600,true],"xxxxxl":["https:\/\/i0.wp.com\/shop24.dietz-ih.de\/wp-content\/uploads\/2025\/07\/playmobil3-1_ergebnis_ergebnis.webp?fit=600%2C600&ssl=1",600,600,true],"1536x1536":["https:\/\/i0.wp.com\/shop24.dietz-ih.de\/wp-content\/uploads\/2025\/07\/playmobil3-1_ergebnis_ergebnis.webp?fit=600%2C600&ssl=1",600,600,true],"2048x2048":["https:\/\/i0.wp.com\/shop24.dietz-ih.de\/wp-content\/uploads\/2025\/07\/playmobil3-1_ergebnis_ergebnis.webp?fit=600%2C600&ssl=1",600,600,true],"woocommerce_thumbnail":["https:\/\/i0.wp.com\/shop24.dietz-ih.de\/wp-content\/uploads\/2025\/07\/playmobil3-1_ergebnis_ergebnis.webp?resize=600%2C600&ssl=1",600,600,true],"woocommerce_single":["https:\/\/i0.wp.com\/shop24.dietz-ih.de\/wp-content\/uploads\/2025\/07\/playmobil3-1_ergebnis_ergebnis.webp?fit=600%2C600&ssl=1",600,600,true],"woocommerce_gallery_thumbnail":["https:\/\/i0.wp.com\/shop24.dietz-ih.de\/wp-content\/uploads\/2025\/07\/playmobil3-1_ergebnis_ergebnis.webp?resize=100%2C100&ssl=1",100,100,true]},"uagb_author_info":{"display_name":"admin","author_link":"https:\/\/shop24.dietz-ih.de\/?author=0"},"uagb_comment_info":0,"uagb_excerpt":"Gro\u00dfer Spielspa\u00df f\u00fcr kleine Entdecker! Der modulare Spielplatz mit Kletterturm, Rutsche, Schaukel, Karussell, Eiswagen und vielem mehr bietet unz\u00e4hlige M\u00f6glichkeiten f\u00fcr fantasievolle Rollenspiele. Inklusive 11 Figuren (7 Kinder, 3 Erwachsene, 1 Baby) und umfangreichem Zubeh\u00f6r.F\u00fcr Kinder ab 4 Jahren.","jetpack_sharing_enabled":true,"_links":{"self":[{"href":"https:\/\/shop24.dietz-ih.de\/index.php?rest_route=\/wp\/v2\/product\/500","targetHints":{"allow":["GET"]}}],"collection":[{"href":"https:\/\/shop24.dietz-ih.de\/index.php?rest_route=\/wp\/v2\/product"}],"about":[{"href":"https:\/\/shop24.dietz-ih.de\/index.php?rest_route=\/wp\/v2\/types\/product"}],"replies":[{"embeddable":true,"href":"https:\/\/shop24.dietz-ih.de\/index.php?rest_route=%2Fwp%2Fv2%2Fcomments&post=500"}],"wp:featuredmedia":[{"embeddable":true,"href":"https:\/\/shop24.dietz-ih.de\/index.php?rest_route=\/wp\/v2\/media\/547"}],"wp:attachment":[{"href":"https:\/\/shop24.dietz-ih.de\/index.php?rest_route=%2Fwp%2Fv2%2Fmedia&parent=500"}],"wp:term":[{"taxonomy":"product_brand","embeddable":true,"href":"https:\/\/shop24.dietz-ih.de\/index.php?rest_route=%2Fwp%2Fv2%2Fproduct_brand&post=500"},{"taxonomy":"product_cat","embeddable":true,"href":"https:\/\/shop24.dietz-ih.de\/index.php?rest_route=%2Fwp%2Fv2%2Fproduct_cat&post=500"},{"taxonomy":"product_tag","embeddable":true,"href":"https:\/\/shop24.dietz-ih.de\/index.php?rest_route=%2Fwp%2Fv2%2Fproduct_tag&post=500"}],"curies":[{"name":"wp","href":"https:\/\/api.w.org\/{rel}","templated":true}]}}