{"id":564,"date":"2025-07-08T12:23:06","date_gmt":"2025-07-08T10:23:06","guid":{"rendered":"https:\/\/shop24.dietz-ih.de\/?post_type=product&#038;p=564"},"modified":"2026-01-19T13:50:50","modified_gmt":"2026-01-19T12:50:50","slug":"schleich-horse-club-42639-reithalle-peppertree-mit-2-pferden","status":"publish","type":"product","link":"https:\/\/shop24.dietz-ih.de\/?product=schleich-horse-club-42639-reithalle-peppertree-mit-2-pferden","title":{"rendered":"schleich HORSE CLUB 42639 Reithalle Peppertree mit 2 Pferden"},"content":{"rendered":"<h3><strong>schleich HORSE CLUB 42639 Reithalle Peppertree mit 2 Pferden: Der perfekte Ort f\u00fcr kleine Pferdefans<\/strong><\/h3>\n<p>Willkommen in der farbenfrohen <strong>schleich HORSE CLUB 42639 Reithalle Peppertree mit 2 Pferden<\/strong> \u2013 dem Traum vieler Pferdefreundinnen und Pferdefreunde! Dieses liebevoll gestaltete Spielset bietet alles, was Kinder f\u00fcr spannende Reitabenteuer und kreative Rollenspiele brauchen. Ob Trainingseinheit, Turniervorbereitung oder entspannte Pflegezeit \u2013 mit der Reithalle Peppertree werden Spielideen zum Leben erweckt.<\/p>\n<p>Die <strong>Reithalle<\/strong> ist das Herzst\u00fcck des HORSE CLUBs und \u00fcberzeugt mit durchdachtem Design und vielen Funktionen. Dank der offenen Bauweise k\u00f6nnen mehrere Kinder gleichzeitig spielen \u2013 ideal f\u00fcr gemeinsames Entdecken, Geschichtenerz\u00e4hlen und Pferdepflege. Die detailgetreu gestaltete Ausstattung bietet einen realistischen Einstieg in die Welt des Reitsports.<\/p>\n<h3><strong>Highlights der Schleich\u00ae Reithalle Peppertree:<\/strong><\/h3>\n<ul>\n<li>\u00a0<strong>Gro\u00dfz\u00fcgige Spielfl\u00e4che<\/strong> mit Toren, Stallbereichen und Turnier-Elementen<\/li>\n<li>\u00a0<strong>Liebevoll gestaltete Details<\/strong> wie Sattelhalter, Futterecke, Hindernisse und Boxen<\/li>\n<li>\u00a0<strong>Hochwertige Materialien<\/strong> und robuste Verarbeitung \u2013 f\u00fcr langanhaltenden Spielspa\u00df<\/li>\n<li>\u00a0<strong>F\u00f6rdert Kreativit\u00e4t, Feinmotorik und soziales Lernen<\/strong> durch Rollenspiel<\/li>\n<li>\u00a0<strong>Ideale Erg\u00e4nzung zu anderen HORSE CLUB Sets<\/strong> \u2013 f\u00fcr noch mehr Pferdeabenteuer<\/li>\n<li><strong>Geeignet f\u00fcr Kinder ab 5 Jahren<\/strong><\/li>\n<\/ul>\n<h3><strong>Vielseitige Spielm\u00f6glichkeiten \u2013 drinnen und drau\u00dfen<\/strong><\/h3>\n<p>Die Reithalle l\u00e4sst sich flexibel mit weiteren Sets der HORSE CLUB Serie kombinieren. T\u00fcren und Z\u00e4une k\u00f6nnen individuell platziert werden, was den Spielspa\u00df noch abwechslungsreicher macht. Ob im Kinderzimmer oder auf dem Spielteppich \u2013 das Set ist kompakt genug f\u00fcr den Alltag, aber gro\u00df genug f\u00fcr echte Abenteuer.<\/p>\n<p>Im Mittelpunkt stehen dabei die <strong>authentischen Schleich Pferdefiguren<\/strong> \u2013 mit realistischen Bewegungen und liebevoller Bemalung. Gemeinsam mit den voll beweglichen Figuren des HORSE CLUB wird jede Spielsituation lebendig und einzigartig.<\/p>\n<h3><strong>Perfekt als Geschenkidee f\u00fcr kleine Pferdefreunde<\/strong><\/h3>\n<p>Ob zum Geburtstag, zu Weihnachten oder einfach als \u00dcberraschung \u2013 die Schleich HORSE CLUB Reithalle Peppertree ist ein <strong>ideales Geschenk<\/strong> f\u00fcr Kinder, die Pferde lieben. Mit 360\u00b0-Spielzugang, vielen Zubeh\u00f6rteilen und realistischer Gestaltung sorgt sie f\u00fcr langanhaltende Freude und f\u00f6rdert spielerisch wichtige Kompetenzen.<\/p>\n<p><strong>Jetzt die Reithalle Peppertree entdecken \u2013 und mit Schleich\u00ae unvergessliche Pferdegeschichten erleben!<\/strong><\/p>\n","protected":false},"excerpt":{"rendered":"<p>Die detailreiche Reithalle Peppertree von Schleich bietet Pferdefans ab 5 Jahren jede Menge Spielspa\u00df. Mit realistischen Figuren, vielseitigem Zubeh\u00f6r und liebevoll gestalteten Elementen rund ums Reiten, Pflegen und Trainieren l\u00e4dt das Set zu fantasievollen Rollenspielen ein. Ideal zur F\u00f6rderung von Kreativit\u00e4t, Feinmotorik und sozialem Miteinander \u2013 perfekt f\u00fcr alle kleinen Pferdeliebhaber!<\/p>\n","protected":false},"featured_media":565,"comment_status":"open","ping_status":"closed","template":"","meta":{"_coblocks_attr":"","_coblocks_dimensions":"","_coblocks_responsive_height":"","_coblocks_accordion_ie_support":"","_eb_attr":"","_uag_custom_page_level_css":""},"product_brand":[117],"product_cat":[30],"product_tag":[145,142,141,147,146,140],"class_list":{"0":"post-564","1":"product","2":"type-product","3":"status-publish","4":"has-post-thumbnail","6":"product_brand-schleich","7":"product_cat-schleich","8":"product_tag-145","9":"product_tag-club","10":"product_tag-horse","11":"product_tag-peppertree","12":"product_tag-reithalle","13":"product_tag-schleich","15":"first","16":"outofstock","17":"taxable","18":"shipping-taxable","19":"purchasable","20":"product-type-simple"},"yoast_head":"<!-- This site is optimized with the Yoast SEO plugin v27.4 - https:\/\/yoast.com\/product\/yoast-seo-wordpress\/ -->\n<title>schleich HORSE CLUB 42639 Reithalle Peppertree mit 2 Pferden - Dietz-Internethandel<\/title>\n<meta name=\"description\" content=\"schleich HORSE CLUB 42639 Reithalle Peppertree mit 2 Pferden \u2013 realistische Reitabenteuer, detailreiches Zubeh\u00f6r &amp; Pferdespa\u00df f\u00fcr Kinder ab 5 Jahren!\" \/>\n<meta name=\"robots\" content=\"index, follow, max-snippet:-1, max-image-preview:large, max-video-preview:-1\" \/>\n<link rel=\"canonical\" href=\"https:\/\/shop24.dietz-ih.de\/?product=schleich-horse-club-42639-reithalle-peppertree-mit-2-pferden\" \/>\n<meta property=\"og:locale\" content=\"de_DE\" \/>\n<meta property=\"og:type\" content=\"article\" \/>\n<meta property=\"og:title\" content=\"schleich HORSE CLUB 42639 Reithalle Peppertree mit 2 Pferden - Dietz-Internethandel\" \/>\n<meta property=\"og:description\" content=\"schleich HORSE CLUB 42639 Reithalle Peppertree mit 2 Pferden \u2013 realistische Reitabenteuer, detailreiches Zubeh\u00f6r &amp; Pferdespa\u00df f\u00fcr Kinder ab 5 Jahren!\" \/>\n<meta property=\"og:url\" content=\"https:\/\/shop24.dietz-ih.de\/?product=schleich-horse-club-42639-reithalle-peppertree-mit-2-pferden\" \/>\n<meta property=\"og:site_name\" content=\"Dietz-Internethandel\" \/>\n<meta property=\"article:publisher\" content=\"https:\/\/www.facebook.com\/profile.php?id=100081292915783\" \/>\n<meta property=\"article:modified_time\" content=\"2026-01-19T12:50:50+00:00\" \/>\n<meta property=\"og:image\" content=\"https:\/\/shop24.dietz-ih.de\/wp-content\/uploads\/2025\/07\/schleich2-1_ergebnis.jpg\" \/>\n\t<meta property=\"og:image:width\" content=\"600\" \/>\n\t<meta property=\"og:image:height\" content=\"600\" \/>\n\t<meta property=\"og:image:type\" content=\"image\/jpeg\" \/>\n<meta name=\"twitter:card\" content=\"summary_large_image\" \/>\n<meta name=\"twitter:label1\" content=\"Gesch\u00e4tzte Lesezeit\" \/>\n\t<meta name=\"twitter:data1\" content=\"2\u00a0Minuten\" \/>\n<script type=\"application\/ld+json\" class=\"yoast-schema-graph\">{\"@context\":\"https:\\\/\\\/schema.org\",\"@graph\":[{\"@type\":\"WebPage\",\"@id\":\"https:\\\/\\\/shop24.dietz-ih.de\\\/?product=schleich-horse-club-42639-reithalle-peppertree-mit-2-pferden\",\"url\":\"https:\\\/\\\/shop24.dietz-ih.de\\\/?product=schleich-horse-club-42639-reithalle-peppertree-mit-2-pferden\",\"name\":\"schleich HORSE CLUB 42639 Reithalle Peppertree mit 2 Pferden - Dietz-Internethandel\",\"isPartOf\":{\"@id\":\"https:\\\/\\\/shop24.dietz-ih.de\\\/#website\"},\"primaryImageOfPage\":{\"@id\":\"https:\\\/\\\/shop24.dietz-ih.de\\\/?product=schleich-horse-club-42639-reithalle-peppertree-mit-2-pferden#primaryimage\"},\"image\":{\"@id\":\"https:\\\/\\\/shop24.dietz-ih.de\\\/?product=schleich-horse-club-42639-reithalle-peppertree-mit-2-pferden#primaryimage\"},\"thumbnailUrl\":\"https:\\\/\\\/i0.wp.com\\\/shop24.dietz-ih.de\\\/wp-content\\\/uploads\\\/2025\\\/07\\\/schleich2-1_ergebnis.jpg?fit=600%2C600&ssl=1\",\"datePublished\":\"2025-07-08T10:23:06+00:00\",\"dateModified\":\"2026-01-19T12:50:50+00:00\",\"description\":\"schleich HORSE CLUB 42639 Reithalle Peppertree mit 2 Pferden \u2013 realistische Reitabenteuer, detailreiches Zubeh\u00f6r & Pferdespa\u00df f\u00fcr Kinder ab 5 Jahren!\",\"breadcrumb\":{\"@id\":\"https:\\\/\\\/shop24.dietz-ih.de\\\/?product=schleich-horse-club-42639-reithalle-peppertree-mit-2-pferden#breadcrumb\"},\"inLanguage\":\"de\",\"potentialAction\":[{\"@type\":\"ReadAction\",\"target\":[\"https:\\\/\\\/shop24.dietz-ih.de\\\/?product=schleich-horse-club-42639-reithalle-peppertree-mit-2-pferden\"]}]},{\"@type\":\"ImageObject\",\"inLanguage\":\"de\",\"@id\":\"https:\\\/\\\/shop24.dietz-ih.de\\\/?product=schleich-horse-club-42639-reithalle-peppertree-mit-2-pferden#primaryimage\",\"url\":\"https:\\\/\\\/i0.wp.com\\\/shop24.dietz-ih.de\\\/wp-content\\\/uploads\\\/2025\\\/07\\\/schleich2-1_ergebnis.jpg?fit=600%2C600&ssl=1\",\"contentUrl\":\"https:\\\/\\\/i0.wp.com\\\/shop24.dietz-ih.de\\\/wp-content\\\/uploads\\\/2025\\\/07\\\/schleich2-1_ergebnis.jpg?fit=600%2C600&ssl=1\",\"width\":600,\"height\":600},{\"@type\":\"BreadcrumbList\",\"@id\":\"https:\\\/\\\/shop24.dietz-ih.de\\\/?product=schleich-horse-club-42639-reithalle-peppertree-mit-2-pferden#breadcrumb\",\"itemListElement\":[{\"@type\":\"ListItem\",\"position\":1,\"name\":\"Startseite\",\"item\":\"https:\\\/\\\/shop24.dietz-ih.de\\\/\"},{\"@type\":\"ListItem\",\"position\":2,\"name\":\"Shop\",\"item\":\"https:\\\/\\\/shop24.dietz-ih.de\\\/?page_id=7\"},{\"@type\":\"ListItem\",\"position\":3,\"name\":\"schleich HORSE CLUB 42639 Reithalle Peppertree mit 2 Pferden\"}]},{\"@type\":\"WebSite\",\"@id\":\"https:\\\/\\\/shop24.dietz-ih.de\\\/#website\",\"url\":\"https:\\\/\\\/shop24.dietz-ih.de\\\/\",\"name\":\"Dietz-Internethandel\",\"description\":\"\",\"publisher\":{\"@id\":\"https:\\\/\\\/shop24.dietz-ih.de\\\/#organization\"},\"potentialAction\":[{\"@type\":\"SearchAction\",\"target\":{\"@type\":\"EntryPoint\",\"urlTemplate\":\"https:\\\/\\\/shop24.dietz-ih.de\\\/?s={search_term_string}\"},\"query-input\":{\"@type\":\"PropertyValueSpecification\",\"valueRequired\":true,\"valueName\":\"search_term_string\"}}],\"inLanguage\":\"de\"},{\"@type\":\"Organization\",\"@id\":\"https:\\\/\\\/shop24.dietz-ih.de\\\/#organization\",\"name\":\"Dietz-Internethandel\",\"url\":\"https:\\\/\\\/shop24.dietz-ih.de\\\/\",\"logo\":{\"@type\":\"ImageObject\",\"inLanguage\":\"de\",\"@id\":\"https:\\\/\\\/shop24.dietz-ih.de\\\/#\\\/schema\\\/logo\\\/image\\\/\",\"url\":\"https:\\\/\\\/i0.wp.com\\\/shop24.dietz-ih.de\\\/wp-content\\\/uploads\\\/2025\\\/06\\\/Ein-Logo-fuer-einen-Onlineshop-mit-Spielzeug.-Der-Buchstabe-D-soll-drauf-sein.-Farblich_-Gruen-Warmgelb-und-Lachs.-Und-bitte-als-ausgeschnittene-Datei-Photoroom-2.png?fit=1120%2C1120&ssl=1\",\"contentUrl\":\"https:\\\/\\\/i0.wp.com\\\/shop24.dietz-ih.de\\\/wp-content\\\/uploads\\\/2025\\\/06\\\/Ein-Logo-fuer-einen-Onlineshop-mit-Spielzeug.-Der-Buchstabe-D-soll-drauf-sein.-Farblich_-Gruen-Warmgelb-und-Lachs.-Und-bitte-als-ausgeschnittene-Datei-Photoroom-2.png?fit=1120%2C1120&ssl=1\",\"width\":1120,\"height\":1120,\"caption\":\"Dietz-Internethandel\"},\"image\":{\"@id\":\"https:\\\/\\\/shop24.dietz-ih.de\\\/#\\\/schema\\\/logo\\\/image\\\/\"},\"sameAs\":[\"https:\\\/\\\/www.facebook.com\\\/profile.php?id=100081292915783\",\"https:\\\/\\\/www.instagram.com\\\/dietz_internethandel\\\/\"]}]}<\/script>\n<!-- \/ Yoast SEO plugin. -->","yoast_head_json":{"title":"schleich HORSE CLUB 42639 Reithalle Peppertree mit 2 Pferden - Dietz-Internethandel","description":"schleich HORSE CLUB 42639 Reithalle Peppertree mit 2 Pferden \u2013 realistische Reitabenteuer, detailreiches Zubeh\u00f6r & Pferdespa\u00df f\u00fcr Kinder ab 5 Jahren!","robots":{"index":"index","follow":"follow","max-snippet":"max-snippet:-1","max-image-preview":"max-image-preview:large","max-video-preview":"max-video-preview:-1"},"canonical":"https:\/\/shop24.dietz-ih.de\/?product=schleich-horse-club-42639-reithalle-peppertree-mit-2-pferden","og_locale":"de_DE","og_type":"article","og_title":"schleich HORSE CLUB 42639 Reithalle Peppertree mit 2 Pferden - Dietz-Internethandel","og_description":"schleich HORSE CLUB 42639 Reithalle Peppertree mit 2 Pferden \u2013 realistische Reitabenteuer, detailreiches Zubeh\u00f6r & Pferdespa\u00df f\u00fcr Kinder ab 5 Jahren!","og_url":"https:\/\/shop24.dietz-ih.de\/?product=schleich-horse-club-42639-reithalle-peppertree-mit-2-pferden","og_site_name":"Dietz-Internethandel","article_publisher":"https:\/\/www.facebook.com\/profile.php?id=100081292915783","article_modified_time":"2026-01-19T12:50:50+00:00","og_image":[{"width":600,"height":600,"url":"https:\/\/shop24.dietz-ih.de\/wp-content\/uploads\/2025\/07\/schleich2-1_ergebnis.jpg","type":"image\/jpeg"}],"twitter_card":"summary_large_image","twitter_misc":{"Gesch\u00e4tzte Lesezeit":"2\u00a0Minuten"},"schema":{"@context":"https:\/\/schema.org","@graph":[{"@type":"WebPage","@id":"https:\/\/shop24.dietz-ih.de\/?product=schleich-horse-club-42639-reithalle-peppertree-mit-2-pferden","url":"https:\/\/shop24.dietz-ih.de\/?product=schleich-horse-club-42639-reithalle-peppertree-mit-2-pferden","name":"schleich HORSE CLUB 42639 Reithalle Peppertree mit 2 Pferden - Dietz-Internethandel","isPartOf":{"@id":"https:\/\/shop24.dietz-ih.de\/#website"},"primaryImageOfPage":{"@id":"https:\/\/shop24.dietz-ih.de\/?product=schleich-horse-club-42639-reithalle-peppertree-mit-2-pferden#primaryimage"},"image":{"@id":"https:\/\/shop24.dietz-ih.de\/?product=schleich-horse-club-42639-reithalle-peppertree-mit-2-pferden#primaryimage"},"thumbnailUrl":"https:\/\/i0.wp.com\/shop24.dietz-ih.de\/wp-content\/uploads\/2025\/07\/schleich2-1_ergebnis.jpg?fit=600%2C600&ssl=1","datePublished":"2025-07-08T10:23:06+00:00","dateModified":"2026-01-19T12:50:50+00:00","description":"schleich HORSE CLUB 42639 Reithalle Peppertree mit 2 Pferden \u2013 realistische Reitabenteuer, detailreiches Zubeh\u00f6r & Pferdespa\u00df f\u00fcr Kinder ab 5 Jahren!","breadcrumb":{"@id":"https:\/\/shop24.dietz-ih.de\/?product=schleich-horse-club-42639-reithalle-peppertree-mit-2-pferden#breadcrumb"},"inLanguage":"de","potentialAction":[{"@type":"ReadAction","target":["https:\/\/shop24.dietz-ih.de\/?product=schleich-horse-club-42639-reithalle-peppertree-mit-2-pferden"]}]},{"@type":"ImageObject","inLanguage":"de","@id":"https:\/\/shop24.dietz-ih.de\/?product=schleich-horse-club-42639-reithalle-peppertree-mit-2-pferden#primaryimage","url":"https:\/\/i0.wp.com\/shop24.dietz-ih.de\/wp-content\/uploads\/2025\/07\/schleich2-1_ergebnis.jpg?fit=600%2C600&ssl=1","contentUrl":"https:\/\/i0.wp.com\/shop24.dietz-ih.de\/wp-content\/uploads\/2025\/07\/schleich2-1_ergebnis.jpg?fit=600%2C600&ssl=1","width":600,"height":600},{"@type":"BreadcrumbList","@id":"https:\/\/shop24.dietz-ih.de\/?product=schleich-horse-club-42639-reithalle-peppertree-mit-2-pferden#breadcrumb","itemListElement":[{"@type":"ListItem","position":1,"name":"Startseite","item":"https:\/\/shop24.dietz-ih.de\/"},{"@type":"ListItem","position":2,"name":"Shop","item":"https:\/\/shop24.dietz-ih.de\/?page_id=7"},{"@type":"ListItem","position":3,"name":"schleich HORSE CLUB 42639 Reithalle Peppertree mit 2 Pferden"}]},{"@type":"WebSite","@id":"https:\/\/shop24.dietz-ih.de\/#website","url":"https:\/\/shop24.dietz-ih.de\/","name":"Dietz-Internethandel","description":"","publisher":{"@id":"https:\/\/shop24.dietz-ih.de\/#organization"},"potentialAction":[{"@type":"SearchAction","target":{"@type":"EntryPoint","urlTemplate":"https:\/\/shop24.dietz-ih.de\/?s={search_term_string}"},"query-input":{"@type":"PropertyValueSpecification","valueRequired":true,"valueName":"search_term_string"}}],"inLanguage":"de"},{"@type":"Organization","@id":"https:\/\/shop24.dietz-ih.de\/#organization","name":"Dietz-Internethandel","url":"https:\/\/shop24.dietz-ih.de\/","logo":{"@type":"ImageObject","inLanguage":"de","@id":"https:\/\/shop24.dietz-ih.de\/#\/schema\/logo\/image\/","url":"https:\/\/i0.wp.com\/shop24.dietz-ih.de\/wp-content\/uploads\/2025\/06\/Ein-Logo-fuer-einen-Onlineshop-mit-Spielzeug.-Der-Buchstabe-D-soll-drauf-sein.-Farblich_-Gruen-Warmgelb-und-Lachs.-Und-bitte-als-ausgeschnittene-Datei-Photoroom-2.png?fit=1120%2C1120&ssl=1","contentUrl":"https:\/\/i0.wp.com\/shop24.dietz-ih.de\/wp-content\/uploads\/2025\/06\/Ein-Logo-fuer-einen-Onlineshop-mit-Spielzeug.-Der-Buchstabe-D-soll-drauf-sein.-Farblich_-Gruen-Warmgelb-und-Lachs.-Und-bitte-als-ausgeschnittene-Datei-Photoroom-2.png?fit=1120%2C1120&ssl=1","width":1120,"height":1120,"caption":"Dietz-Internethandel"},"image":{"@id":"https:\/\/shop24.dietz-ih.de\/#\/schema\/logo\/image\/"},"sameAs":["https:\/\/www.facebook.com\/profile.php?id=100081292915783","https:\/\/www.instagram.com\/dietz_internethandel\/"]}]}},"uagb_featured_image_src":{"full":["https:\/\/i0.wp.com\/shop24.dietz-ih.de\/wp-content\/uploads\/2025\/07\/schleich2-1_ergebnis.jpg?fit=600%2C600&ssl=1",600,600,false],"thumbnail":["https:\/\/i0.wp.com\/shop24.dietz-ih.de\/wp-content\/uploads\/2025\/07\/schleich2-1_ergebnis.jpg?resize=150%2C150&ssl=1",150,150,true],"medium":["https:\/\/i0.wp.com\/shop24.dietz-ih.de\/wp-content\/uploads\/2025\/07\/schleich2-1_ergebnis.jpg?fit=300%2C300&ssl=1",300,300,true],"medium_large":["https:\/\/i0.wp.com\/shop24.dietz-ih.de\/wp-content\/uploads\/2025\/07\/schleich2-1_ergebnis.jpg?fit=600%2C600&ssl=1",600,600,true],"large":["https:\/\/i0.wp.com\/shop24.dietz-ih.de\/wp-content\/uploads\/2025\/07\/schleich2-1_ergebnis.jpg?fit=600%2C600&ssl=1",600,600,true],"gs-tiny":["https:\/\/i0.wp.com\/shop24.dietz-ih.de\/wp-content\/uploads\/2025\/07\/schleich2-1_ergebnis.jpg?fit=50%2C50&ssl=1",50,50,true],"xl":["https:\/\/i0.wp.com\/shop24.dietz-ih.de\/wp-content\/uploads\/2025\/07\/schleich2-1_ergebnis.jpg?fit=600%2C600&ssl=1",600,600,true],"xxl":["https:\/\/i0.wp.com\/shop24.dietz-ih.de\/wp-content\/uploads\/2025\/07\/schleich2-1_ergebnis.jpg?fit=600%2C600&ssl=1",600,600,true],"xxxl":["https:\/\/i0.wp.com\/shop24.dietz-ih.de\/wp-content\/uploads\/2025\/07\/schleich2-1_ergebnis.jpg?fit=600%2C600&ssl=1",600,600,true],"xxxxl":["https:\/\/i0.wp.com\/shop24.dietz-ih.de\/wp-content\/uploads\/2025\/07\/schleich2-1_ergebnis.jpg?fit=600%2C600&ssl=1",600,600,true],"xxxxxl":["https:\/\/i0.wp.com\/shop24.dietz-ih.de\/wp-content\/uploads\/2025\/07\/schleich2-1_ergebnis.jpg?fit=600%2C600&ssl=1",600,600,true],"1536x1536":["https:\/\/i0.wp.com\/shop24.dietz-ih.de\/wp-content\/uploads\/2025\/07\/schleich2-1_ergebnis.jpg?fit=600%2C600&ssl=1",600,600,true],"2048x2048":["https:\/\/i0.wp.com\/shop24.dietz-ih.de\/wp-content\/uploads\/2025\/07\/schleich2-1_ergebnis.jpg?fit=600%2C600&ssl=1",600,600,true],"woocommerce_thumbnail":["https:\/\/i0.wp.com\/shop24.dietz-ih.de\/wp-content\/uploads\/2025\/07\/schleich2-1_ergebnis.jpg?resize=600%2C600&ssl=1",600,600,true],"woocommerce_single":["https:\/\/i0.wp.com\/shop24.dietz-ih.de\/wp-content\/uploads\/2025\/07\/schleich2-1_ergebnis.jpg?fit=600%2C600&ssl=1",600,600,true],"woocommerce_gallery_thumbnail":["https:\/\/i0.wp.com\/shop24.dietz-ih.de\/wp-content\/uploads\/2025\/07\/schleich2-1_ergebnis.jpg?resize=100%2C100&ssl=1",100,100,true]},"uagb_author_info":{"display_name":"admin","author_link":"https:\/\/shop24.dietz-ih.de\/?author=0"},"uagb_comment_info":0,"uagb_excerpt":"Die detailreiche Reithalle Peppertree von Schleich bietet Pferdefans ab 5 Jahren jede Menge Spielspa\u00df. Mit realistischen Figuren, vielseitigem Zubeh\u00f6r und liebevoll gestalteten Elementen rund ums Reiten, Pflegen und Trainieren l\u00e4dt das Set zu fantasievollen Rollenspielen ein. Ideal zur F\u00f6rderung von Kreativit\u00e4t, Feinmotorik und sozialem Miteinander \u2013 perfekt f\u00fcr alle kleinen Pferdeliebhaber!","jetpack_sharing_enabled":true,"_links":{"self":[{"href":"https:\/\/shop24.dietz-ih.de\/index.php?rest_route=\/wp\/v2\/product\/564","targetHints":{"allow":["GET"]}}],"collection":[{"href":"https:\/\/shop24.dietz-ih.de\/index.php?rest_route=\/wp\/v2\/product"}],"about":[{"href":"https:\/\/shop24.dietz-ih.de\/index.php?rest_route=\/wp\/v2\/types\/product"}],"replies":[{"embeddable":true,"href":"https:\/\/shop24.dietz-ih.de\/index.php?rest_route=%2Fwp%2Fv2%2Fcomments&post=564"}],"wp:featuredmedia":[{"embeddable":true,"href":"https:\/\/shop24.dietz-ih.de\/index.php?rest_route=\/wp\/v2\/media\/565"}],"wp:attachment":[{"href":"https:\/\/shop24.dietz-ih.de\/index.php?rest_route=%2Fwp%2Fv2%2Fmedia&parent=564"}],"wp:term":[{"taxonomy":"product_brand","embeddable":true,"href":"https:\/\/shop24.dietz-ih.de\/index.php?rest_route=%2Fwp%2Fv2%2Fproduct_brand&post=564"},{"taxonomy":"product_cat","embeddable":true,"href":"https:\/\/shop24.dietz-ih.de\/index.php?rest_route=%2Fwp%2Fv2%2Fproduct_cat&post=564"},{"taxonomy":"product_tag","embeddable":true,"href":"https:\/\/shop24.dietz-ih.de\/index.php?rest_route=%2Fwp%2Fv2%2Fproduct_tag&post=564"}],"curies":[{"name":"wp","href":"https:\/\/api.w.org\/{rel}","templated":true}]}}