{"id":573,"date":"2025-07-08T13:10:17","date_gmt":"2025-07-08T11:10:17","guid":{"rendered":"https:\/\/shop24.dietz-ih.de\/?post_type=product&#038;p=573"},"modified":"2026-01-19T13:46:21","modified_gmt":"2026-01-19T12:46:21","slug":"schleich-farm-world-42407-bauernhaus-mit-stall-und-tieren","status":"publish","type":"product","link":"https:\/\/shop24.dietz-ih.de\/?product=schleich-farm-world-42407-bauernhaus-mit-stall-und-tieren","title":{"rendered":"schleich FARM WORLD 42407 Bauernhaus mit Stall und Tieren"},"content":{"rendered":"<h2 data-start=\"209\" data-end=\"320\">schleich FARM WORLD 42407 Bauernhaus mit Stall und Tieren<\/h2>\n<p data-start=\"322\" data-end=\"675\">Willkommen auf dem Bauernhof! Mit dem detailreichen Spielset <strong>schleich FARM WORLD 42407 Bauernhaus mit Stall und Tieren<\/strong> erleben Kinder ab 3 Jahren spannende Abenteuer mitten in der Natur. Das liebevoll gestaltete Bauernhaus mit Stallbereich bietet zahlreiche Spielm\u00f6glichkeiten, f\u00f6rdert die Kreativit\u00e4t und regt zu fantasievollen Rollenspielen an.<\/p>\n<p data-start=\"677\" data-end=\"721\"><strong data-start=\"677\" data-end=\"721\">Viel Platz f\u00fcr gro\u00dfe Bauernhof-Abenteuer<\/strong><\/p>\n<p data-start=\"723\" data-end=\"1214\">Das zweist\u00f6ckige Geb\u00e4ude besteht aus einem Wohnhaus mit K\u00fcche, Schlafzimmer und Balkon sowie einem offenen Stallbereich mit angrenzendem Heuboden. Der Stall ist perfekt f\u00fcr die Unterbringung der enthaltenen Tiere, w\u00e4hrend das Wohnhaus die Arbeit der Bauern realistisch nachstellt. <strong data-start=\"1004\" data-end=\"1071\">Ein echtes Highlight: der funktionsf\u00e4hige Kran mit Futterkralle<\/strong>, mit dem Heuballen ganz einfach in den Heuboden transportiert werden k\u00f6nnen. Das Dachfenster l\u00e4sst sich \u00f6ffnen \u2013 ideal f\u00fcr kleine Kinderh\u00e4nde.<\/p>\n<p data-start=\"1216\" data-end=\"1274\"><strong data-start=\"1216\" data-end=\"1274\">Tiere, Figuren und Zubeh\u00f6r f\u00fcr realistischen Spielspa\u00df<\/strong><\/p>\n<p data-start=\"1276\" data-end=\"1656\">Zum Set geh\u00f6ren <strong data-start=\"1292\" data-end=\"1313\">viele Tierfiguren<\/strong> wie eine Kuh mit Kalb, ein Eselfohlen, ein Hund, eine Katze, ein Minischwein und sogar eine kleine Maus. <strong data-start=\"1419\" data-end=\"1468\">Zwei bewegliche Figuren \u2013 Bauer und B\u00e4uerin \u2013<\/strong> bringen noch mehr Leben auf den Hof. Mit <strong data-start=\"1510\" data-end=\"1537\">flexiblen Zaunelementen<\/strong> k\u00f6nnen individuelle Gehege gestaltet werden. So entsteht jedes Mal ein neuer Bauernhof nach den eigenen Vorstellungen.<\/p>\n<p data-start=\"1658\" data-end=\"1688\"><strong data-start=\"1658\" data-end=\"1688\">Erweiterbar &amp; kombinierbar<\/strong><\/p>\n<p data-start=\"1690\" data-end=\"1975\">Besonders praktisch: Die <strong data-start=\"1715\" data-end=\"1768\">zwei Geb\u00e4udeteile lassen sich variabel aufstellen<\/strong> und mit weiteren <strong data-start=\"1786\" data-end=\"1827\">Schleich\u00ae Farm World Sets kombinieren<\/strong> (separat erh\u00e4ltlich). So w\u00e4chst der eigene Bauernhof St\u00fcck f\u00fcr St\u00fcck. Ob Traktor, Scheune oder Tierarztstation \u2013 die M\u00f6glichkeiten sind grenzenlos.<\/p>\n<p data-start=\"1982\" data-end=\"2021\"><strong data-start=\"1982\" data-end=\"2021\">Produkt-Highlights auf einen Blick:<\/strong><\/p>\n<ul data-start=\"2023\" data-end=\"2428\">\n<li data-start=\"2023\" data-end=\"2072\">\n<p data-start=\"2025\" data-end=\"2072\">Umfangreiches Bauernhof-Spielset mit 2 Etagen<\/p>\n<\/li>\n<li data-start=\"2073\" data-end=\"2118\">\n<p data-start=\"2075\" data-end=\"2118\">Wohnhaus mit K\u00fcche, Schlafzimmer &amp; Balkon<\/p>\n<\/li>\n<li data-start=\"2119\" data-end=\"2167\">\n<p data-start=\"2121\" data-end=\"2167\">Stall mit Heuboden und funktionierendem Kran<\/p>\n<\/li>\n<li data-start=\"2168\" data-end=\"2228\">\n<p data-start=\"2170\" data-end=\"2228\">Enth\u00e4lt 7 Tierfiguren &amp; 2 bewegliche menschliche Figuren<\/p>\n<\/li>\n<li data-start=\"2229\" data-end=\"2293\">\n<p data-start=\"2231\" data-end=\"2293\">Flexibel steckbare Zaunelemente zur individuellen Gestaltung<\/p>\n<\/li>\n<li data-start=\"2294\" data-end=\"2346\">\n<p data-start=\"2296\" data-end=\"2346\">Zahlreiches Zubeh\u00f6r f\u00fcr realistische Spielszenen<\/p>\n<\/li>\n<li data-start=\"2347\" data-end=\"2392\">\n<p data-start=\"2349\" data-end=\"2392\">Kombinierbar mit weiteren Farm World Sets<\/p>\n<\/li>\n<li data-start=\"2393\" data-end=\"2428\">\n<p data-start=\"2395\" data-end=\"2428\">Altersempfehlung: <strong data-start=\"2413\" data-end=\"2428\">ab 3 Jahren<\/strong><\/p>\n<\/li>\n<\/ul>\n<p data-start=\"2435\" data-end=\"2660\" data-is-last-node=\"\" data-is-only-node=\"\">Mit dem <strong data-start=\"2443\" data-end=\"2496\">Bauernhaus mit Stall und Tieren <\/strong>tauchen Kinder in eine spannende Bauernhofwelt ein, die Lernen, Fantasie und Spielspa\u00df perfekt miteinander verbindet \u2013 ein ideales Geschenk f\u00fcr kleine Tierfreunde!<\/p>\n","protected":false},"excerpt":{"rendered":"<p><strong>Produkt-Kurzbeschreibung:<\/strong><\/p>\n<p>Das <strong>Schleich Farm World Bauernhaus mit Stall und Tieren (Set 42407)<\/strong> bietet Kindern ab 3 Jahren realistischen Spielspa\u00df rund um das Leben auf dem Bauernhof. Mit liebevoll gestalteten Geb\u00e4uden, beweglichen Figuren und vielen Tieren l\u00e4dt das Set zum Entdecken, Pflegen und Spielen ein. Dank zahlreicher Funktionen wie einem funktionsf\u00e4higen Kran, flexibel steckbaren Z\u00e4unen und kombinierbaren Modulen ist stundenlanger Spielspa\u00df garantiert. Ideal f\u00fcr kleine Tierliebhaber und Bauernhof-Fans!<\/p>\n","protected":false},"featured_media":574,"comment_status":"open","ping_status":"closed","template":"","meta":{"_coblocks_attr":"","_coblocks_dimensions":"","_coblocks_responsive_height":"","_coblocks_accordion_ie_support":"","_eb_attr":"","_uag_custom_page_level_css":""},"product_brand":[117],"product_cat":[30],"product_tag":[151,152,150,140,153,154,89],"class_list":{"0":"post-573","1":"product","2":"type-product","3":"status-publish","4":"has-post-thumbnail","6":"product_brand-schleich","7":"product_cat-schleich","8":"product_tag-151","9":"product_tag-bauernhaus","10":"product_tag-farm","11":"product_tag-schleich","12":"product_tag-stall","13":"product_tag-tieren","14":"product_tag-world","16":"first","17":"outofstock","18":"taxable","19":"shipping-taxable","20":"purchasable","21":"product-type-simple"},"yoast_head":"<!-- This site is optimized with the Yoast SEO plugin v27.4 - https:\/\/yoast.com\/product\/yoast-seo-wordpress\/ -->\n<title>schleich FARM WORLD 42407 Bauernhaus mit Stall und Tieren - Dietz-Internethandel<\/title>\n<meta name=\"description\" content=\"Entdecke das schleich FARM WORLD 42407 Bauernhaus mit Stall und Tieren \u2013 detailreiches Spielset f\u00fcr Kinder ab 3 Jahren mit Figuren, Tieren und Zubeh\u00f6r.\" \/>\n<meta name=\"robots\" content=\"index, follow, max-snippet:-1, max-image-preview:large, max-video-preview:-1\" \/>\n<link rel=\"canonical\" href=\"https:\/\/shop24.dietz-ih.de\/?product=schleich-farm-world-42407-bauernhaus-mit-stall-und-tieren\" \/>\n<meta property=\"og:locale\" content=\"de_DE\" \/>\n<meta property=\"og:type\" content=\"article\" \/>\n<meta property=\"og:title\" content=\"schleich FARM WORLD 42407 Bauernhaus mit Stall und Tieren - Dietz-Internethandel\" \/>\n<meta property=\"og:description\" content=\"Entdecke das schleich FARM WORLD 42407 Bauernhaus mit Stall und Tieren \u2013 detailreiches Spielset f\u00fcr Kinder ab 3 Jahren mit Figuren, Tieren und Zubeh\u00f6r.\" \/>\n<meta property=\"og:url\" content=\"https:\/\/shop24.dietz-ih.de\/?product=schleich-farm-world-42407-bauernhaus-mit-stall-und-tieren\" \/>\n<meta property=\"og:site_name\" content=\"Dietz-Internethandel\" \/>\n<meta property=\"article:publisher\" content=\"https:\/\/www.facebook.com\/profile.php?id=100081292915783\" \/>\n<meta property=\"article:modified_time\" content=\"2026-01-19T12:46:21+00:00\" \/>\n<meta property=\"og:image\" content=\"https:\/\/shop24.dietz-ih.de\/wp-content\/uploads\/2025\/07\/schleich4-1_ergebnis.webp\" \/>\n\t<meta property=\"og:image:width\" content=\"600\" \/>\n\t<meta property=\"og:image:height\" content=\"600\" \/>\n\t<meta property=\"og:image:type\" content=\"image\/webp\" \/>\n<meta name=\"twitter:card\" content=\"summary_large_image\" \/>\n<meta name=\"twitter:label1\" content=\"Gesch\u00e4tzte Lesezeit\" \/>\n\t<meta name=\"twitter:data1\" content=\"2\u00a0Minuten\" \/>\n<script type=\"application\/ld+json\" class=\"yoast-schema-graph\">{\"@context\":\"https:\\\/\\\/schema.org\",\"@graph\":[{\"@type\":\"WebPage\",\"@id\":\"https:\\\/\\\/shop24.dietz-ih.de\\\/?product=schleich-farm-world-42407-bauernhaus-mit-stall-und-tieren\",\"url\":\"https:\\\/\\\/shop24.dietz-ih.de\\\/?product=schleich-farm-world-42407-bauernhaus-mit-stall-und-tieren\",\"name\":\"schleich FARM WORLD 42407 Bauernhaus mit Stall und Tieren - Dietz-Internethandel\",\"isPartOf\":{\"@id\":\"https:\\\/\\\/shop24.dietz-ih.de\\\/#website\"},\"primaryImageOfPage\":{\"@id\":\"https:\\\/\\\/shop24.dietz-ih.de\\\/?product=schleich-farm-world-42407-bauernhaus-mit-stall-und-tieren#primaryimage\"},\"image\":{\"@id\":\"https:\\\/\\\/shop24.dietz-ih.de\\\/?product=schleich-farm-world-42407-bauernhaus-mit-stall-und-tieren#primaryimage\"},\"thumbnailUrl\":\"https:\\\/\\\/i0.wp.com\\\/shop24.dietz-ih.de\\\/wp-content\\\/uploads\\\/2025\\\/07\\\/schleich4-1_ergebnis.webp?fit=600%2C600&ssl=1\",\"datePublished\":\"2025-07-08T11:10:17+00:00\",\"dateModified\":\"2026-01-19T12:46:21+00:00\",\"description\":\"Entdecke das schleich FARM WORLD 42407 Bauernhaus mit Stall und Tieren \u2013 detailreiches Spielset f\u00fcr Kinder ab 3 Jahren mit Figuren, Tieren und Zubeh\u00f6r.\",\"breadcrumb\":{\"@id\":\"https:\\\/\\\/shop24.dietz-ih.de\\\/?product=schleich-farm-world-42407-bauernhaus-mit-stall-und-tieren#breadcrumb\"},\"inLanguage\":\"de\",\"potentialAction\":[{\"@type\":\"ReadAction\",\"target\":[\"https:\\\/\\\/shop24.dietz-ih.de\\\/?product=schleich-farm-world-42407-bauernhaus-mit-stall-und-tieren\"]}]},{\"@type\":\"ImageObject\",\"inLanguage\":\"de\",\"@id\":\"https:\\\/\\\/shop24.dietz-ih.de\\\/?product=schleich-farm-world-42407-bauernhaus-mit-stall-und-tieren#primaryimage\",\"url\":\"https:\\\/\\\/i0.wp.com\\\/shop24.dietz-ih.de\\\/wp-content\\\/uploads\\\/2025\\\/07\\\/schleich4-1_ergebnis.webp?fit=600%2C600&ssl=1\",\"contentUrl\":\"https:\\\/\\\/i0.wp.com\\\/shop24.dietz-ih.de\\\/wp-content\\\/uploads\\\/2025\\\/07\\\/schleich4-1_ergebnis.webp?fit=600%2C600&ssl=1\",\"width\":600,\"height\":600},{\"@type\":\"BreadcrumbList\",\"@id\":\"https:\\\/\\\/shop24.dietz-ih.de\\\/?product=schleich-farm-world-42407-bauernhaus-mit-stall-und-tieren#breadcrumb\",\"itemListElement\":[{\"@type\":\"ListItem\",\"position\":1,\"name\":\"Startseite\",\"item\":\"https:\\\/\\\/shop24.dietz-ih.de\\\/\"},{\"@type\":\"ListItem\",\"position\":2,\"name\":\"Shop\",\"item\":\"https:\\\/\\\/shop24.dietz-ih.de\\\/?page_id=7\"},{\"@type\":\"ListItem\",\"position\":3,\"name\":\"schleich FARM WORLD 42407 Bauernhaus mit Stall und Tieren\"}]},{\"@type\":\"WebSite\",\"@id\":\"https:\\\/\\\/shop24.dietz-ih.de\\\/#website\",\"url\":\"https:\\\/\\\/shop24.dietz-ih.de\\\/\",\"name\":\"Dietz-Internethandel\",\"description\":\"\",\"publisher\":{\"@id\":\"https:\\\/\\\/shop24.dietz-ih.de\\\/#organization\"},\"potentialAction\":[{\"@type\":\"SearchAction\",\"target\":{\"@type\":\"EntryPoint\",\"urlTemplate\":\"https:\\\/\\\/shop24.dietz-ih.de\\\/?s={search_term_string}\"},\"query-input\":{\"@type\":\"PropertyValueSpecification\",\"valueRequired\":true,\"valueName\":\"search_term_string\"}}],\"inLanguage\":\"de\"},{\"@type\":\"Organization\",\"@id\":\"https:\\\/\\\/shop24.dietz-ih.de\\\/#organization\",\"name\":\"Dietz-Internethandel\",\"url\":\"https:\\\/\\\/shop24.dietz-ih.de\\\/\",\"logo\":{\"@type\":\"ImageObject\",\"inLanguage\":\"de\",\"@id\":\"https:\\\/\\\/shop24.dietz-ih.de\\\/#\\\/schema\\\/logo\\\/image\\\/\",\"url\":\"https:\\\/\\\/i0.wp.com\\\/shop24.dietz-ih.de\\\/wp-content\\\/uploads\\\/2025\\\/06\\\/Ein-Logo-fuer-einen-Onlineshop-mit-Spielzeug.-Der-Buchstabe-D-soll-drauf-sein.-Farblich_-Gruen-Warmgelb-und-Lachs.-Und-bitte-als-ausgeschnittene-Datei-Photoroom-2.png?fit=1120%2C1120&ssl=1\",\"contentUrl\":\"https:\\\/\\\/i0.wp.com\\\/shop24.dietz-ih.de\\\/wp-content\\\/uploads\\\/2025\\\/06\\\/Ein-Logo-fuer-einen-Onlineshop-mit-Spielzeug.-Der-Buchstabe-D-soll-drauf-sein.-Farblich_-Gruen-Warmgelb-und-Lachs.-Und-bitte-als-ausgeschnittene-Datei-Photoroom-2.png?fit=1120%2C1120&ssl=1\",\"width\":1120,\"height\":1120,\"caption\":\"Dietz-Internethandel\"},\"image\":{\"@id\":\"https:\\\/\\\/shop24.dietz-ih.de\\\/#\\\/schema\\\/logo\\\/image\\\/\"},\"sameAs\":[\"https:\\\/\\\/www.facebook.com\\\/profile.php?id=100081292915783\",\"https:\\\/\\\/www.instagram.com\\\/dietz_internethandel\\\/\"]}]}<\/script>\n<!-- \/ Yoast SEO plugin. -->","yoast_head_json":{"title":"schleich FARM WORLD 42407 Bauernhaus mit Stall und Tieren - Dietz-Internethandel","description":"Entdecke das schleich FARM WORLD 42407 Bauernhaus mit Stall und Tieren \u2013 detailreiches Spielset f\u00fcr Kinder ab 3 Jahren mit Figuren, Tieren und Zubeh\u00f6r.","robots":{"index":"index","follow":"follow","max-snippet":"max-snippet:-1","max-image-preview":"max-image-preview:large","max-video-preview":"max-video-preview:-1"},"canonical":"https:\/\/shop24.dietz-ih.de\/?product=schleich-farm-world-42407-bauernhaus-mit-stall-und-tieren","og_locale":"de_DE","og_type":"article","og_title":"schleich FARM WORLD 42407 Bauernhaus mit Stall und Tieren - Dietz-Internethandel","og_description":"Entdecke das schleich FARM WORLD 42407 Bauernhaus mit Stall und Tieren \u2013 detailreiches Spielset f\u00fcr Kinder ab 3 Jahren mit Figuren, Tieren und Zubeh\u00f6r.","og_url":"https:\/\/shop24.dietz-ih.de\/?product=schleich-farm-world-42407-bauernhaus-mit-stall-und-tieren","og_site_name":"Dietz-Internethandel","article_publisher":"https:\/\/www.facebook.com\/profile.php?id=100081292915783","article_modified_time":"2026-01-19T12:46:21+00:00","og_image":[{"width":600,"height":600,"url":"https:\/\/shop24.dietz-ih.de\/wp-content\/uploads\/2025\/07\/schleich4-1_ergebnis.webp","type":"image\/webp"}],"twitter_card":"summary_large_image","twitter_misc":{"Gesch\u00e4tzte Lesezeit":"2\u00a0Minuten"},"schema":{"@context":"https:\/\/schema.org","@graph":[{"@type":"WebPage","@id":"https:\/\/shop24.dietz-ih.de\/?product=schleich-farm-world-42407-bauernhaus-mit-stall-und-tieren","url":"https:\/\/shop24.dietz-ih.de\/?product=schleich-farm-world-42407-bauernhaus-mit-stall-und-tieren","name":"schleich FARM WORLD 42407 Bauernhaus mit Stall und Tieren - Dietz-Internethandel","isPartOf":{"@id":"https:\/\/shop24.dietz-ih.de\/#website"},"primaryImageOfPage":{"@id":"https:\/\/shop24.dietz-ih.de\/?product=schleich-farm-world-42407-bauernhaus-mit-stall-und-tieren#primaryimage"},"image":{"@id":"https:\/\/shop24.dietz-ih.de\/?product=schleich-farm-world-42407-bauernhaus-mit-stall-und-tieren#primaryimage"},"thumbnailUrl":"https:\/\/i0.wp.com\/shop24.dietz-ih.de\/wp-content\/uploads\/2025\/07\/schleich4-1_ergebnis.webp?fit=600%2C600&ssl=1","datePublished":"2025-07-08T11:10:17+00:00","dateModified":"2026-01-19T12:46:21+00:00","description":"Entdecke das schleich FARM WORLD 42407 Bauernhaus mit Stall und Tieren \u2013 detailreiches Spielset f\u00fcr Kinder ab 3 Jahren mit Figuren, Tieren und Zubeh\u00f6r.","breadcrumb":{"@id":"https:\/\/shop24.dietz-ih.de\/?product=schleich-farm-world-42407-bauernhaus-mit-stall-und-tieren#breadcrumb"},"inLanguage":"de","potentialAction":[{"@type":"ReadAction","target":["https:\/\/shop24.dietz-ih.de\/?product=schleich-farm-world-42407-bauernhaus-mit-stall-und-tieren"]}]},{"@type":"ImageObject","inLanguage":"de","@id":"https:\/\/shop24.dietz-ih.de\/?product=schleich-farm-world-42407-bauernhaus-mit-stall-und-tieren#primaryimage","url":"https:\/\/i0.wp.com\/shop24.dietz-ih.de\/wp-content\/uploads\/2025\/07\/schleich4-1_ergebnis.webp?fit=600%2C600&ssl=1","contentUrl":"https:\/\/i0.wp.com\/shop24.dietz-ih.de\/wp-content\/uploads\/2025\/07\/schleich4-1_ergebnis.webp?fit=600%2C600&ssl=1","width":600,"height":600},{"@type":"BreadcrumbList","@id":"https:\/\/shop24.dietz-ih.de\/?product=schleich-farm-world-42407-bauernhaus-mit-stall-und-tieren#breadcrumb","itemListElement":[{"@type":"ListItem","position":1,"name":"Startseite","item":"https:\/\/shop24.dietz-ih.de\/"},{"@type":"ListItem","position":2,"name":"Shop","item":"https:\/\/shop24.dietz-ih.de\/?page_id=7"},{"@type":"ListItem","position":3,"name":"schleich FARM WORLD 42407 Bauernhaus mit Stall und Tieren"}]},{"@type":"WebSite","@id":"https:\/\/shop24.dietz-ih.de\/#website","url":"https:\/\/shop24.dietz-ih.de\/","name":"Dietz-Internethandel","description":"","publisher":{"@id":"https:\/\/shop24.dietz-ih.de\/#organization"},"potentialAction":[{"@type":"SearchAction","target":{"@type":"EntryPoint","urlTemplate":"https:\/\/shop24.dietz-ih.de\/?s={search_term_string}"},"query-input":{"@type":"PropertyValueSpecification","valueRequired":true,"valueName":"search_term_string"}}],"inLanguage":"de"},{"@type":"Organization","@id":"https:\/\/shop24.dietz-ih.de\/#organization","name":"Dietz-Internethandel","url":"https:\/\/shop24.dietz-ih.de\/","logo":{"@type":"ImageObject","inLanguage":"de","@id":"https:\/\/shop24.dietz-ih.de\/#\/schema\/logo\/image\/","url":"https:\/\/i0.wp.com\/shop24.dietz-ih.de\/wp-content\/uploads\/2025\/06\/Ein-Logo-fuer-einen-Onlineshop-mit-Spielzeug.-Der-Buchstabe-D-soll-drauf-sein.-Farblich_-Gruen-Warmgelb-und-Lachs.-Und-bitte-als-ausgeschnittene-Datei-Photoroom-2.png?fit=1120%2C1120&ssl=1","contentUrl":"https:\/\/i0.wp.com\/shop24.dietz-ih.de\/wp-content\/uploads\/2025\/06\/Ein-Logo-fuer-einen-Onlineshop-mit-Spielzeug.-Der-Buchstabe-D-soll-drauf-sein.-Farblich_-Gruen-Warmgelb-und-Lachs.-Und-bitte-als-ausgeschnittene-Datei-Photoroom-2.png?fit=1120%2C1120&ssl=1","width":1120,"height":1120,"caption":"Dietz-Internethandel"},"image":{"@id":"https:\/\/shop24.dietz-ih.de\/#\/schema\/logo\/image\/"},"sameAs":["https:\/\/www.facebook.com\/profile.php?id=100081292915783","https:\/\/www.instagram.com\/dietz_internethandel\/"]}]}},"uagb_featured_image_src":{"full":["https:\/\/i0.wp.com\/shop24.dietz-ih.de\/wp-content\/uploads\/2025\/07\/schleich4-1_ergebnis.webp?fit=600%2C600&ssl=1",600,600,false],"thumbnail":["https:\/\/i0.wp.com\/shop24.dietz-ih.de\/wp-content\/uploads\/2025\/07\/schleich4-1_ergebnis.webp?resize=150%2C150&ssl=1",150,150,true],"medium":["https:\/\/i0.wp.com\/shop24.dietz-ih.de\/wp-content\/uploads\/2025\/07\/schleich4-1_ergebnis.webp?fit=300%2C300&ssl=1",300,300,true],"medium_large":["https:\/\/i0.wp.com\/shop24.dietz-ih.de\/wp-content\/uploads\/2025\/07\/schleich4-1_ergebnis.webp?fit=600%2C600&ssl=1",600,600,true],"large":["https:\/\/i0.wp.com\/shop24.dietz-ih.de\/wp-content\/uploads\/2025\/07\/schleich4-1_ergebnis.webp?fit=600%2C600&ssl=1",600,600,true],"gs-tiny":["https:\/\/i0.wp.com\/shop24.dietz-ih.de\/wp-content\/uploads\/2025\/07\/schleich4-1_ergebnis.webp?fit=50%2C50&ssl=1",50,50,true],"xl":["https:\/\/i0.wp.com\/shop24.dietz-ih.de\/wp-content\/uploads\/2025\/07\/schleich4-1_ergebnis.webp?fit=600%2C600&ssl=1",600,600,true],"xxl":["https:\/\/i0.wp.com\/shop24.dietz-ih.de\/wp-content\/uploads\/2025\/07\/schleich4-1_ergebnis.webp?fit=600%2C600&ssl=1",600,600,true],"xxxl":["https:\/\/i0.wp.com\/shop24.dietz-ih.de\/wp-content\/uploads\/2025\/07\/schleich4-1_ergebnis.webp?fit=600%2C600&ssl=1",600,600,true],"xxxxl":["https:\/\/i0.wp.com\/shop24.dietz-ih.de\/wp-content\/uploads\/2025\/07\/schleich4-1_ergebnis.webp?fit=600%2C600&ssl=1",600,600,true],"xxxxxl":["https:\/\/i0.wp.com\/shop24.dietz-ih.de\/wp-content\/uploads\/2025\/07\/schleich4-1_ergebnis.webp?fit=600%2C600&ssl=1",600,600,true],"1536x1536":["https:\/\/i0.wp.com\/shop24.dietz-ih.de\/wp-content\/uploads\/2025\/07\/schleich4-1_ergebnis.webp?fit=600%2C600&ssl=1",600,600,true],"2048x2048":["https:\/\/i0.wp.com\/shop24.dietz-ih.de\/wp-content\/uploads\/2025\/07\/schleich4-1_ergebnis.webp?fit=600%2C600&ssl=1",600,600,true],"woocommerce_thumbnail":["https:\/\/i0.wp.com\/shop24.dietz-ih.de\/wp-content\/uploads\/2025\/07\/schleich4-1_ergebnis.webp?resize=600%2C600&ssl=1",600,600,true],"woocommerce_single":["https:\/\/i0.wp.com\/shop24.dietz-ih.de\/wp-content\/uploads\/2025\/07\/schleich4-1_ergebnis.webp?fit=600%2C600&ssl=1",600,600,true],"woocommerce_gallery_thumbnail":["https:\/\/i0.wp.com\/shop24.dietz-ih.de\/wp-content\/uploads\/2025\/07\/schleich4-1_ergebnis.webp?resize=100%2C100&ssl=1",100,100,true]},"uagb_author_info":{"display_name":"admin","author_link":"https:\/\/shop24.dietz-ih.de\/?author=0"},"uagb_comment_info":0,"uagb_excerpt":"Produkt-Kurzbeschreibung: Das Schleich Farm World Bauernhaus mit Stall und Tieren (Set 42407) bietet Kindern ab 3 Jahren realistischen Spielspa\u00df rund um das Leben auf dem Bauernhof. Mit liebevoll gestalteten Geb\u00e4uden, beweglichen Figuren und vielen Tieren l\u00e4dt das Set zum Entdecken, Pflegen und Spielen ein. Dank zahlreicher Funktionen wie einem funktionsf\u00e4higen Kran, flexibel steckbaren Z\u00e4unen und&hellip;","jetpack_sharing_enabled":true,"_links":{"self":[{"href":"https:\/\/shop24.dietz-ih.de\/index.php?rest_route=\/wp\/v2\/product\/573","targetHints":{"allow":["GET"]}}],"collection":[{"href":"https:\/\/shop24.dietz-ih.de\/index.php?rest_route=\/wp\/v2\/product"}],"about":[{"href":"https:\/\/shop24.dietz-ih.de\/index.php?rest_route=\/wp\/v2\/types\/product"}],"replies":[{"embeddable":true,"href":"https:\/\/shop24.dietz-ih.de\/index.php?rest_route=%2Fwp%2Fv2%2Fcomments&post=573"}],"wp:featuredmedia":[{"embeddable":true,"href":"https:\/\/shop24.dietz-ih.de\/index.php?rest_route=\/wp\/v2\/media\/574"}],"wp:attachment":[{"href":"https:\/\/shop24.dietz-ih.de\/index.php?rest_route=%2Fwp%2Fv2%2Fmedia&parent=573"}],"wp:term":[{"taxonomy":"product_brand","embeddable":true,"href":"https:\/\/shop24.dietz-ih.de\/index.php?rest_route=%2Fwp%2Fv2%2Fproduct_brand&post=573"},{"taxonomy":"product_cat","embeddable":true,"href":"https:\/\/shop24.dietz-ih.de\/index.php?rest_route=%2Fwp%2Fv2%2Fproduct_cat&post=573"},{"taxonomy":"product_tag","embeddable":true,"href":"https:\/\/shop24.dietz-ih.de\/index.php?rest_route=%2Fwp%2Fv2%2Fproduct_tag&post=573"}],"curies":[{"name":"wp","href":"https:\/\/api.w.org\/{rel}","templated":true}]}}