{"id":602,"date":"2025-07-09T12:45:10","date_gmt":"2025-07-09T10:45:10","guid":{"rendered":"https:\/\/shop24.dietz-ih.de\/?post_type=product&#038;p=602"},"modified":"2026-01-19T13:43:17","modified_gmt":"2026-01-19T12:43:17","slug":"lego-harry-potter-76445-schloss-hogwarts-kraeuterkundeunterricht","status":"publish","type":"product","link":"https:\/\/shop24.dietz-ih.de\/?product=lego-harry-potter-76445-schloss-hogwarts-kraeuterkundeunterricht","title":{"rendered":"LEGO\u00ae Harry Potter 76445 Schloss Hogwarts\u2122: Kr\u00e4uterkundeunterricht"},"content":{"rendered":"<h3 data-start=\"163\" data-end=\"275\"><strong data-start=\"167\" data-end=\"275\">LEGO\u00ae Harry Potter\u2122 76445 Schloss Hogwarts\u2122: Kr\u00e4uterkundeunterricht \u2013 Spielspa\u00df im magischen Gew\u00e4chshaus<\/strong><\/h3>\n<p data-start=\"277\" data-end=\"694\">Willkommen im ber\u00fchmten Kr\u00e4uterkundeunterricht von Hogwarts\u2122! Mit diesem detailreichen <strong>LEGO\u00ae Harry Potter 76445 Schloss Hogwarts\u2122: Kr\u00e4uterkundeunterricht<\/strong> Spielset tauchen Kinder ab 8 Jahren tief in die magische Welt ein und erleben unvergessliche Abenteuer im zauberhaften Gew\u00e4chshaus der Zauberschule. Gemeinsam mit <strong data-start=\"547\" data-end=\"588\">Neville Longbottom\u2122, Hermine Granger\u2122<\/strong> und <strong data-start=\"593\" data-end=\"613\">Professor Sprout<\/strong> lernen sie, wie man magische Pflanzen hegt, pflegt \u2013 und manchmal sogar b\u00e4ndigt!<\/p>\n<p data-start=\"696\" data-end=\"830\">Das aufklappbare <strong data-start=\"713\" data-end=\"735\">Gew\u00e4chshaus-Modell<\/strong> steckt voller spannender Details und liebevoller Elemente, die zum kreativen Spielen einladen:<\/p>\n<ul data-start=\"832\" data-end=\"1185\">\n<li data-start=\"832\" data-end=\"889\">\n<p data-start=\"834\" data-end=\"889\">Zwei herausnehmbare Tische mit verschiedenen Pflanzen<\/p>\n<\/li>\n<li data-start=\"890\" data-end=\"947\">\n<p data-start=\"892\" data-end=\"947\">Ein Baum, der durch ein kaputtes Fenster hineinw\u00e4chst<\/p>\n<\/li>\n<li data-start=\"948\" data-end=\"990\">\n<p data-start=\"950\" data-end=\"990\">Gartenzubeh\u00f6r wie Gie\u00dfkanne und Schere<\/p>\n<\/li>\n<li data-start=\"991\" data-end=\"1043\">\n<p data-start=\"993\" data-end=\"1043\"><strong data-start=\"993\" data-end=\"1020\">Drei exklusive Alraunen<\/strong> mit passenden T\u00f6pfen<\/p>\n<\/li>\n<li data-start=\"1044\" data-end=\"1120\">\n<p data-start=\"1046\" data-end=\"1120\">Mimbulus Mimbletonia, Venemosa Tentacula und weitere Pflanzen-Highlights<\/p>\n<\/li>\n<li data-start=\"1121\" data-end=\"1185\">\n<p data-start=\"1123\" data-end=\"1185\">Ohrensch\u00fctzer zum Schutz vor dem ber\u00fchmten Alraunen-Geschrei<\/p>\n<\/li>\n<\/ul>\n<p data-start=\"1187\" data-end=\"1389\">Besonders praktisch: Die Alraunen lassen sich an den Bl\u00e4ttern halten und aus den T\u00f6pfen nehmen \u2013 so wird der Unterricht zum echten Erlebnis. Selbst <strong data-start=\"1335\" data-end=\"1360\">Nevilles Kr\u00f6te Trevor<\/strong> darf nat\u00fcrlich nicht fehlen!<\/p>\n<p data-start=\"1391\" data-end=\"1637\">Mit <strong data-start=\"1395\" data-end=\"1409\">390 Teilen<\/strong> ist dieses Set nicht nur ein spannender Bauspa\u00df, sondern auch ein wunderbares Geschenk f\u00fcr jeden Anlass \u2013 ob Geburtstag, Weihnachten oder einfach als \u00dcberraschung f\u00fcr kleine Hexen, Zauberer und alle, die Harry Potter\u2122 lieben.<\/p>\n<p data-start=\"1639\" data-end=\"1819\">Das Spielset ist Teil einer modularen Sammelserie und l\u00e4sst sich mit anderen LEGO\u00ae Harry Potter\u2122 Sets kombinieren, um ein gro\u00dfes und detailgetreues Schloss Hogwarts\u2122 zu erschaffen.<\/p>\n<p data-start=\"1821\" data-end=\"1961\">Dank der <strong data-start=\"1830\" data-end=\"1851\">LEGO\u00ae Builder App<\/strong> k\u00f6nnen Kinder beim Bauen moderne 3D-Ansichten nutzen, ihre Fortschritte speichern und ganz intuitiv loslegen.<\/p>\n<h3 data-start=\"1968\" data-end=\"2003\"><strong data-start=\"1972\" data-end=\"2003\">Highlights auf einen Blick:<\/strong><\/h3>\n<ul data-start=\"2005\" data-end=\"2440\">\n<li data-start=\"2005\" data-end=\"2098\">\n<p data-start=\"2007\" data-end=\"2098\"><strong data-start=\"2007\" data-end=\"2024\">3 Minifiguren<\/strong>: Neville Longbottom\u2122, Hermine Granger\u2122, Professor Sprout + Kr\u00f6te Trevor<\/p>\n<\/li>\n<li data-start=\"2099\" data-end=\"2177\">\n<p data-start=\"2101\" data-end=\"2177\"><strong data-start=\"2101\" data-end=\"2123\">Besondere Pflanzen<\/strong>: Alraunen, Mimbulus Mimbletonia, Venemosa Tentacula<\/p>\n<\/li>\n<li data-start=\"2178\" data-end=\"2249\">\n<p data-start=\"2180\" data-end=\"2249\"><strong data-start=\"2180\" data-end=\"2209\">Aufklappbares Gew\u00e4chshaus<\/strong> mit beweglichen Elementen und Zubeh\u00f6r<\/p>\n<\/li>\n<li data-start=\"2250\" data-end=\"2308\">\n<p data-start=\"2252\" data-end=\"2308\"><strong data-start=\"2252\" data-end=\"2273\">LEGO\u00ae Builder App<\/strong> f\u00fcr ein interaktives Bauerlebnis<\/p>\n<\/li>\n<li data-start=\"2309\" data-end=\"2379\">\n<p data-start=\"2311\" data-end=\"2379\"><strong data-start=\"2311\" data-end=\"2331\">Ideales Geschenk<\/strong> f\u00fcr Kinder ab 8 Jahren und Harry Potter\u2122 Fans<\/p>\n<\/li>\n<li data-start=\"2380\" data-end=\"2440\">\n<p data-start=\"2382\" data-end=\"2440\"><strong data-start=\"2382\" data-end=\"2397\">Abmessungen<\/strong>: ca. 12 cm hoch, 13 cm breit, 13 cm tief<\/p>\n<\/li>\n<\/ul>\n<p data-start=\"2447\" data-end=\"2576\"><strong data-start=\"2447\" data-end=\"2576\">Entdecke die Magie von Hogwarts\u2122 neu \u2013 mit diesem besonderen LEGO\u00ae Harry Potter\u2122 Spielset voller Fantasie, Zauberei und Spa\u00df!<\/strong><\/p>\n","protected":false},"excerpt":{"rendered":"<p>Willkommen im Kr\u00e4uterkundeunterricht von Hogwarts\u2122! Mit diesem zauberhaften<strong> LEGO\u00ae Harry Potter 76445 Schloss Hogwarts\u2122: Kr\u00e4uterkundeunterricht<\/strong> Set tauchen Kinder in die magische Welt der Pflanzen ein. Gemeinsam mit Hermine, Neville und Professor Sprout pflegen sie Alraunen, Mimbulus Mimbletonia und mehr im liebevoll gestalteten Gew\u00e4chshaus. Das Set steckt voller Details, die Kinderherzen h\u00f6herschlagen lassen \u2013 von beweglichen Pflanzen bis hin zu Ohrensch\u00fctzern gegen das Kreischen der Alraunen. Ein perfektes Geschenk f\u00fcr kleine Zauberfans ab 8 Jahren, das Kreativit\u00e4t, Fantasie und Spielfreude f\u00f6rdert. Magischer Bauspa\u00df garantiert!<\/p>\n","protected":false},"featured_media":603,"comment_status":"open","ping_status":"closed","template":"","meta":{"_coblocks_attr":"","_coblocks_dimensions":"","_coblocks_responsive_height":"","_coblocks_accordion_ie_support":"","_eb_attr":"","_uag_custom_page_level_css":""},"product_brand":[158],"product_cat":[15],"product_tag":[180,173,181,182,163,177,183],"class_list":{"0":"post-602","1":"product","2":"type-product","3":"status-publish","4":"has-post-thumbnail","6":"product_brand-lego","7":"product_cat-lego","8":"product_tag-180","9":"product_tag-harry-potter","10":"product_tag-hogwarts","11":"product_tag-kraeuterkundeunterricht","12":"product_tag-lego","13":"product_tag-legoharrypotter","14":"product_tag-schloss","16":"first","17":"outofstock","18":"taxable","19":"shipping-taxable","20":"purchasable","21":"product-type-simple"},"yoast_head":"<!-- This site is optimized with the Yoast SEO plugin v27.4 - https:\/\/yoast.com\/product\/yoast-seo-wordpress\/ -->\n<title>LEGO\u00ae Harry Potter 76445 Schloss Hogwarts\u2122: Kr\u00e4uterkundeunterricht - Dietz-Internethandel<\/title>\n<meta name=\"description\" content=\"LEGO\u00ae Harry Potter 76445 Schloss Hogwarts\u2122: Kr\u00e4uterkundeunterricht mit Gew\u00e4chshaus, 3 Minifiguren &amp; Alraunen. Perfekt f\u00fcr Kinder ab 8 Jahren &amp; echte Fans!\" \/>\n<meta name=\"robots\" content=\"index, follow, max-snippet:-1, max-image-preview:large, max-video-preview:-1\" \/>\n<link rel=\"canonical\" href=\"https:\/\/shop24.dietz-ih.de\/?product=lego-harry-potter-76445-schloss-hogwarts-kraeuterkundeunterricht\" \/>\n<meta property=\"og:locale\" content=\"de_DE\" \/>\n<meta property=\"og:type\" content=\"article\" \/>\n<meta property=\"og:title\" content=\"LEGO\u00ae Harry Potter 76445 Schloss Hogwarts\u2122: Kr\u00e4uterkundeunterricht - Dietz-Internethandel\" \/>\n<meta property=\"og:description\" content=\"LEGO\u00ae Harry Potter 76445 Schloss Hogwarts\u2122: Kr\u00e4uterkundeunterricht mit Gew\u00e4chshaus, 3 Minifiguren &amp; Alraunen. Perfekt f\u00fcr Kinder ab 8 Jahren &amp; echte Fans!\" \/>\n<meta property=\"og:url\" content=\"https:\/\/shop24.dietz-ih.de\/?product=lego-harry-potter-76445-schloss-hogwarts-kraeuterkundeunterricht\" \/>\n<meta property=\"og:site_name\" content=\"Dietz-Internethandel\" \/>\n<meta property=\"article:publisher\" content=\"https:\/\/www.facebook.com\/profile.php?id=100081292915783\" \/>\n<meta property=\"article:modified_time\" content=\"2026-01-19T12:43:17+00:00\" \/>\n<meta property=\"og:image\" content=\"https:\/\/shop24.dietz-ih.de\/wp-content\/uploads\/2025\/07\/LEGO_76445_1_ergebnis.jpg\" \/>\n\t<meta property=\"og:image:width\" content=\"600\" \/>\n\t<meta property=\"og:image:height\" content=\"600\" \/>\n\t<meta property=\"og:image:type\" content=\"image\/jpeg\" \/>\n<meta name=\"twitter:card\" content=\"summary_large_image\" \/>\n<meta name=\"twitter:label1\" content=\"Gesch\u00e4tzte Lesezeit\" \/>\n\t<meta name=\"twitter:data1\" content=\"2\u00a0Minuten\" \/>\n<script type=\"application\/ld+json\" class=\"yoast-schema-graph\">{\"@context\":\"https:\\\/\\\/schema.org\",\"@graph\":[{\"@type\":\"WebPage\",\"@id\":\"https:\\\/\\\/shop24.dietz-ih.de\\\/?product=lego-harry-potter-76445-schloss-hogwarts-kraeuterkundeunterricht\",\"url\":\"https:\\\/\\\/shop24.dietz-ih.de\\\/?product=lego-harry-potter-76445-schloss-hogwarts-kraeuterkundeunterricht\",\"name\":\"LEGO\u00ae Harry Potter 76445 Schloss Hogwarts\u2122: Kr\u00e4uterkundeunterricht - Dietz-Internethandel\",\"isPartOf\":{\"@id\":\"https:\\\/\\\/shop24.dietz-ih.de\\\/#website\"},\"primaryImageOfPage\":{\"@id\":\"https:\\\/\\\/shop24.dietz-ih.de\\\/?product=lego-harry-potter-76445-schloss-hogwarts-kraeuterkundeunterricht#primaryimage\"},\"image\":{\"@id\":\"https:\\\/\\\/shop24.dietz-ih.de\\\/?product=lego-harry-potter-76445-schloss-hogwarts-kraeuterkundeunterricht#primaryimage\"},\"thumbnailUrl\":\"https:\\\/\\\/i0.wp.com\\\/shop24.dietz-ih.de\\\/wp-content\\\/uploads\\\/2025\\\/07\\\/LEGO_76445_1_ergebnis.jpg?fit=600%2C600&ssl=1\",\"datePublished\":\"2025-07-09T10:45:10+00:00\",\"dateModified\":\"2026-01-19T12:43:17+00:00\",\"description\":\"LEGO\u00ae Harry Potter 76445 Schloss Hogwarts\u2122: Kr\u00e4uterkundeunterricht mit Gew\u00e4chshaus, 3 Minifiguren & Alraunen. Perfekt f\u00fcr Kinder ab 8 Jahren & echte Fans!\",\"breadcrumb\":{\"@id\":\"https:\\\/\\\/shop24.dietz-ih.de\\\/?product=lego-harry-potter-76445-schloss-hogwarts-kraeuterkundeunterricht#breadcrumb\"},\"inLanguage\":\"de\",\"potentialAction\":[{\"@type\":\"ReadAction\",\"target\":[\"https:\\\/\\\/shop24.dietz-ih.de\\\/?product=lego-harry-potter-76445-schloss-hogwarts-kraeuterkundeunterricht\"]}]},{\"@type\":\"ImageObject\",\"inLanguage\":\"de\",\"@id\":\"https:\\\/\\\/shop24.dietz-ih.de\\\/?product=lego-harry-potter-76445-schloss-hogwarts-kraeuterkundeunterricht#primaryimage\",\"url\":\"https:\\\/\\\/i0.wp.com\\\/shop24.dietz-ih.de\\\/wp-content\\\/uploads\\\/2025\\\/07\\\/LEGO_76445_1_ergebnis.jpg?fit=600%2C600&ssl=1\",\"contentUrl\":\"https:\\\/\\\/i0.wp.com\\\/shop24.dietz-ih.de\\\/wp-content\\\/uploads\\\/2025\\\/07\\\/LEGO_76445_1_ergebnis.jpg?fit=600%2C600&ssl=1\",\"width\":600,\"height\":600},{\"@type\":\"BreadcrumbList\",\"@id\":\"https:\\\/\\\/shop24.dietz-ih.de\\\/?product=lego-harry-potter-76445-schloss-hogwarts-kraeuterkundeunterricht#breadcrumb\",\"itemListElement\":[{\"@type\":\"ListItem\",\"position\":1,\"name\":\"Startseite\",\"item\":\"https:\\\/\\\/shop24.dietz-ih.de\\\/\"},{\"@type\":\"ListItem\",\"position\":2,\"name\":\"Shop\",\"item\":\"https:\\\/\\\/shop24.dietz-ih.de\\\/?page_id=7\"},{\"@type\":\"ListItem\",\"position\":3,\"name\":\"LEGO\u00ae Harry Potter 76445 Schloss Hogwarts\u2122: Kr\u00e4uterkundeunterricht\"}]},{\"@type\":\"WebSite\",\"@id\":\"https:\\\/\\\/shop24.dietz-ih.de\\\/#website\",\"url\":\"https:\\\/\\\/shop24.dietz-ih.de\\\/\",\"name\":\"Dietz-Internethandel\",\"description\":\"\",\"publisher\":{\"@id\":\"https:\\\/\\\/shop24.dietz-ih.de\\\/#organization\"},\"potentialAction\":[{\"@type\":\"SearchAction\",\"target\":{\"@type\":\"EntryPoint\",\"urlTemplate\":\"https:\\\/\\\/shop24.dietz-ih.de\\\/?s={search_term_string}\"},\"query-input\":{\"@type\":\"PropertyValueSpecification\",\"valueRequired\":true,\"valueName\":\"search_term_string\"}}],\"inLanguage\":\"de\"},{\"@type\":\"Organization\",\"@id\":\"https:\\\/\\\/shop24.dietz-ih.de\\\/#organization\",\"name\":\"Dietz-Internethandel\",\"url\":\"https:\\\/\\\/shop24.dietz-ih.de\\\/\",\"logo\":{\"@type\":\"ImageObject\",\"inLanguage\":\"de\",\"@id\":\"https:\\\/\\\/shop24.dietz-ih.de\\\/#\\\/schema\\\/logo\\\/image\\\/\",\"url\":\"https:\\\/\\\/i0.wp.com\\\/shop24.dietz-ih.de\\\/wp-content\\\/uploads\\\/2025\\\/06\\\/Ein-Logo-fuer-einen-Onlineshop-mit-Spielzeug.-Der-Buchstabe-D-soll-drauf-sein.-Farblich_-Gruen-Warmgelb-und-Lachs.-Und-bitte-als-ausgeschnittene-Datei-Photoroom-2.png?fit=1120%2C1120&ssl=1\",\"contentUrl\":\"https:\\\/\\\/i0.wp.com\\\/shop24.dietz-ih.de\\\/wp-content\\\/uploads\\\/2025\\\/06\\\/Ein-Logo-fuer-einen-Onlineshop-mit-Spielzeug.-Der-Buchstabe-D-soll-drauf-sein.-Farblich_-Gruen-Warmgelb-und-Lachs.-Und-bitte-als-ausgeschnittene-Datei-Photoroom-2.png?fit=1120%2C1120&ssl=1\",\"width\":1120,\"height\":1120,\"caption\":\"Dietz-Internethandel\"},\"image\":{\"@id\":\"https:\\\/\\\/shop24.dietz-ih.de\\\/#\\\/schema\\\/logo\\\/image\\\/\"},\"sameAs\":[\"https:\\\/\\\/www.facebook.com\\\/profile.php?id=100081292915783\",\"https:\\\/\\\/www.instagram.com\\\/dietz_internethandel\\\/\"]}]}<\/script>\n<!-- \/ Yoast SEO plugin. -->","yoast_head_json":{"title":"LEGO\u00ae Harry Potter 76445 Schloss Hogwarts\u2122: Kr\u00e4uterkundeunterricht - Dietz-Internethandel","description":"LEGO\u00ae Harry Potter 76445 Schloss Hogwarts\u2122: Kr\u00e4uterkundeunterricht mit Gew\u00e4chshaus, 3 Minifiguren & Alraunen. Perfekt f\u00fcr Kinder ab 8 Jahren & echte Fans!","robots":{"index":"index","follow":"follow","max-snippet":"max-snippet:-1","max-image-preview":"max-image-preview:large","max-video-preview":"max-video-preview:-1"},"canonical":"https:\/\/shop24.dietz-ih.de\/?product=lego-harry-potter-76445-schloss-hogwarts-kraeuterkundeunterricht","og_locale":"de_DE","og_type":"article","og_title":"LEGO\u00ae Harry Potter 76445 Schloss Hogwarts\u2122: Kr\u00e4uterkundeunterricht - Dietz-Internethandel","og_description":"LEGO\u00ae Harry Potter 76445 Schloss Hogwarts\u2122: Kr\u00e4uterkundeunterricht mit Gew\u00e4chshaus, 3 Minifiguren & Alraunen. Perfekt f\u00fcr Kinder ab 8 Jahren & echte Fans!","og_url":"https:\/\/shop24.dietz-ih.de\/?product=lego-harry-potter-76445-schloss-hogwarts-kraeuterkundeunterricht","og_site_name":"Dietz-Internethandel","article_publisher":"https:\/\/www.facebook.com\/profile.php?id=100081292915783","article_modified_time":"2026-01-19T12:43:17+00:00","og_image":[{"width":600,"height":600,"url":"https:\/\/shop24.dietz-ih.de\/wp-content\/uploads\/2025\/07\/LEGO_76445_1_ergebnis.jpg","type":"image\/jpeg"}],"twitter_card":"summary_large_image","twitter_misc":{"Gesch\u00e4tzte Lesezeit":"2\u00a0Minuten"},"schema":{"@context":"https:\/\/schema.org","@graph":[{"@type":"WebPage","@id":"https:\/\/shop24.dietz-ih.de\/?product=lego-harry-potter-76445-schloss-hogwarts-kraeuterkundeunterricht","url":"https:\/\/shop24.dietz-ih.de\/?product=lego-harry-potter-76445-schloss-hogwarts-kraeuterkundeunterricht","name":"LEGO\u00ae Harry Potter 76445 Schloss Hogwarts\u2122: Kr\u00e4uterkundeunterricht - Dietz-Internethandel","isPartOf":{"@id":"https:\/\/shop24.dietz-ih.de\/#website"},"primaryImageOfPage":{"@id":"https:\/\/shop24.dietz-ih.de\/?product=lego-harry-potter-76445-schloss-hogwarts-kraeuterkundeunterricht#primaryimage"},"image":{"@id":"https:\/\/shop24.dietz-ih.de\/?product=lego-harry-potter-76445-schloss-hogwarts-kraeuterkundeunterricht#primaryimage"},"thumbnailUrl":"https:\/\/i0.wp.com\/shop24.dietz-ih.de\/wp-content\/uploads\/2025\/07\/LEGO_76445_1_ergebnis.jpg?fit=600%2C600&ssl=1","datePublished":"2025-07-09T10:45:10+00:00","dateModified":"2026-01-19T12:43:17+00:00","description":"LEGO\u00ae Harry Potter 76445 Schloss Hogwarts\u2122: Kr\u00e4uterkundeunterricht mit Gew\u00e4chshaus, 3 Minifiguren & Alraunen. Perfekt f\u00fcr Kinder ab 8 Jahren & echte Fans!","breadcrumb":{"@id":"https:\/\/shop24.dietz-ih.de\/?product=lego-harry-potter-76445-schloss-hogwarts-kraeuterkundeunterricht#breadcrumb"},"inLanguage":"de","potentialAction":[{"@type":"ReadAction","target":["https:\/\/shop24.dietz-ih.de\/?product=lego-harry-potter-76445-schloss-hogwarts-kraeuterkundeunterricht"]}]},{"@type":"ImageObject","inLanguage":"de","@id":"https:\/\/shop24.dietz-ih.de\/?product=lego-harry-potter-76445-schloss-hogwarts-kraeuterkundeunterricht#primaryimage","url":"https:\/\/i0.wp.com\/shop24.dietz-ih.de\/wp-content\/uploads\/2025\/07\/LEGO_76445_1_ergebnis.jpg?fit=600%2C600&ssl=1","contentUrl":"https:\/\/i0.wp.com\/shop24.dietz-ih.de\/wp-content\/uploads\/2025\/07\/LEGO_76445_1_ergebnis.jpg?fit=600%2C600&ssl=1","width":600,"height":600},{"@type":"BreadcrumbList","@id":"https:\/\/shop24.dietz-ih.de\/?product=lego-harry-potter-76445-schloss-hogwarts-kraeuterkundeunterricht#breadcrumb","itemListElement":[{"@type":"ListItem","position":1,"name":"Startseite","item":"https:\/\/shop24.dietz-ih.de\/"},{"@type":"ListItem","position":2,"name":"Shop","item":"https:\/\/shop24.dietz-ih.de\/?page_id=7"},{"@type":"ListItem","position":3,"name":"LEGO\u00ae Harry Potter 76445 Schloss Hogwarts\u2122: Kr\u00e4uterkundeunterricht"}]},{"@type":"WebSite","@id":"https:\/\/shop24.dietz-ih.de\/#website","url":"https:\/\/shop24.dietz-ih.de\/","name":"Dietz-Internethandel","description":"","publisher":{"@id":"https:\/\/shop24.dietz-ih.de\/#organization"},"potentialAction":[{"@type":"SearchAction","target":{"@type":"EntryPoint","urlTemplate":"https:\/\/shop24.dietz-ih.de\/?s={search_term_string}"},"query-input":{"@type":"PropertyValueSpecification","valueRequired":true,"valueName":"search_term_string"}}],"inLanguage":"de"},{"@type":"Organization","@id":"https:\/\/shop24.dietz-ih.de\/#organization","name":"Dietz-Internethandel","url":"https:\/\/shop24.dietz-ih.de\/","logo":{"@type":"ImageObject","inLanguage":"de","@id":"https:\/\/shop24.dietz-ih.de\/#\/schema\/logo\/image\/","url":"https:\/\/i0.wp.com\/shop24.dietz-ih.de\/wp-content\/uploads\/2025\/06\/Ein-Logo-fuer-einen-Onlineshop-mit-Spielzeug.-Der-Buchstabe-D-soll-drauf-sein.-Farblich_-Gruen-Warmgelb-und-Lachs.-Und-bitte-als-ausgeschnittene-Datei-Photoroom-2.png?fit=1120%2C1120&ssl=1","contentUrl":"https:\/\/i0.wp.com\/shop24.dietz-ih.de\/wp-content\/uploads\/2025\/06\/Ein-Logo-fuer-einen-Onlineshop-mit-Spielzeug.-Der-Buchstabe-D-soll-drauf-sein.-Farblich_-Gruen-Warmgelb-und-Lachs.-Und-bitte-als-ausgeschnittene-Datei-Photoroom-2.png?fit=1120%2C1120&ssl=1","width":1120,"height":1120,"caption":"Dietz-Internethandel"},"image":{"@id":"https:\/\/shop24.dietz-ih.de\/#\/schema\/logo\/image\/"},"sameAs":["https:\/\/www.facebook.com\/profile.php?id=100081292915783","https:\/\/www.instagram.com\/dietz_internethandel\/"]}]}},"uagb_featured_image_src":{"full":["https:\/\/i0.wp.com\/shop24.dietz-ih.de\/wp-content\/uploads\/2025\/07\/LEGO_76445_1_ergebnis.jpg?fit=600%2C600&ssl=1",600,600,false],"thumbnail":["https:\/\/i0.wp.com\/shop24.dietz-ih.de\/wp-content\/uploads\/2025\/07\/LEGO_76445_1_ergebnis.jpg?resize=150%2C150&ssl=1",150,150,true],"medium":["https:\/\/i0.wp.com\/shop24.dietz-ih.de\/wp-content\/uploads\/2025\/07\/LEGO_76445_1_ergebnis.jpg?fit=300%2C300&ssl=1",300,300,true],"medium_large":["https:\/\/i0.wp.com\/shop24.dietz-ih.de\/wp-content\/uploads\/2025\/07\/LEGO_76445_1_ergebnis.jpg?fit=600%2C600&ssl=1",600,600,true],"large":["https:\/\/i0.wp.com\/shop24.dietz-ih.de\/wp-content\/uploads\/2025\/07\/LEGO_76445_1_ergebnis.jpg?fit=600%2C600&ssl=1",600,600,true],"gs-tiny":["https:\/\/i0.wp.com\/shop24.dietz-ih.de\/wp-content\/uploads\/2025\/07\/LEGO_76445_1_ergebnis.jpg?fit=50%2C50&ssl=1",50,50,true],"xl":["https:\/\/i0.wp.com\/shop24.dietz-ih.de\/wp-content\/uploads\/2025\/07\/LEGO_76445_1_ergebnis.jpg?fit=600%2C600&ssl=1",600,600,true],"xxl":["https:\/\/i0.wp.com\/shop24.dietz-ih.de\/wp-content\/uploads\/2025\/07\/LEGO_76445_1_ergebnis.jpg?fit=600%2C600&ssl=1",600,600,true],"xxxl":["https:\/\/i0.wp.com\/shop24.dietz-ih.de\/wp-content\/uploads\/2025\/07\/LEGO_76445_1_ergebnis.jpg?fit=600%2C600&ssl=1",600,600,true],"xxxxl":["https:\/\/i0.wp.com\/shop24.dietz-ih.de\/wp-content\/uploads\/2025\/07\/LEGO_76445_1_ergebnis.jpg?fit=600%2C600&ssl=1",600,600,true],"xxxxxl":["https:\/\/i0.wp.com\/shop24.dietz-ih.de\/wp-content\/uploads\/2025\/07\/LEGO_76445_1_ergebnis.jpg?fit=600%2C600&ssl=1",600,600,true],"1536x1536":["https:\/\/i0.wp.com\/shop24.dietz-ih.de\/wp-content\/uploads\/2025\/07\/LEGO_76445_1_ergebnis.jpg?fit=600%2C600&ssl=1",600,600,true],"2048x2048":["https:\/\/i0.wp.com\/shop24.dietz-ih.de\/wp-content\/uploads\/2025\/07\/LEGO_76445_1_ergebnis.jpg?fit=600%2C600&ssl=1",600,600,true],"woocommerce_thumbnail":["https:\/\/i0.wp.com\/shop24.dietz-ih.de\/wp-content\/uploads\/2025\/07\/LEGO_76445_1_ergebnis.jpg?resize=600%2C600&ssl=1",600,600,true],"woocommerce_single":["https:\/\/i0.wp.com\/shop24.dietz-ih.de\/wp-content\/uploads\/2025\/07\/LEGO_76445_1_ergebnis.jpg?fit=600%2C600&ssl=1",600,600,true],"woocommerce_gallery_thumbnail":["https:\/\/i0.wp.com\/shop24.dietz-ih.de\/wp-content\/uploads\/2025\/07\/LEGO_76445_1_ergebnis.jpg?resize=100%2C100&ssl=1",100,100,true]},"uagb_author_info":{"display_name":"admin","author_link":"https:\/\/shop24.dietz-ih.de\/?author=0"},"uagb_comment_info":0,"uagb_excerpt":"Willkommen im Kr\u00e4uterkundeunterricht von Hogwarts\u2122! Mit diesem zauberhaften LEGO\u00ae Harry Potter 76445 Schloss Hogwarts\u2122: Kr\u00e4uterkundeunterricht Set tauchen Kinder in die magische Welt der Pflanzen ein. Gemeinsam mit Hermine, Neville und Professor Sprout pflegen sie Alraunen, Mimbulus Mimbletonia und mehr im liebevoll gestalteten Gew\u00e4chshaus. Das Set steckt voller Details, die Kinderherzen h\u00f6herschlagen lassen \u2013 von beweglichen&hellip;","jetpack_sharing_enabled":true,"_links":{"self":[{"href":"https:\/\/shop24.dietz-ih.de\/index.php?rest_route=\/wp\/v2\/product\/602","targetHints":{"allow":["GET"]}}],"collection":[{"href":"https:\/\/shop24.dietz-ih.de\/index.php?rest_route=\/wp\/v2\/product"}],"about":[{"href":"https:\/\/shop24.dietz-ih.de\/index.php?rest_route=\/wp\/v2\/types\/product"}],"replies":[{"embeddable":true,"href":"https:\/\/shop24.dietz-ih.de\/index.php?rest_route=%2Fwp%2Fv2%2Fcomments&post=602"}],"wp:featuredmedia":[{"embeddable":true,"href":"https:\/\/shop24.dietz-ih.de\/index.php?rest_route=\/wp\/v2\/media\/603"}],"wp:attachment":[{"href":"https:\/\/shop24.dietz-ih.de\/index.php?rest_route=%2Fwp%2Fv2%2Fmedia&parent=602"}],"wp:term":[{"taxonomy":"product_brand","embeddable":true,"href":"https:\/\/shop24.dietz-ih.de\/index.php?rest_route=%2Fwp%2Fv2%2Fproduct_brand&post=602"},{"taxonomy":"product_cat","embeddable":true,"href":"https:\/\/shop24.dietz-ih.de\/index.php?rest_route=%2Fwp%2Fv2%2Fproduct_cat&post=602"},{"taxonomy":"product_tag","embeddable":true,"href":"https:\/\/shop24.dietz-ih.de\/index.php?rest_route=%2Fwp%2Fv2%2Fproduct_tag&post=602"}],"curies":[{"name":"wp","href":"https:\/\/api.w.org\/{rel}","templated":true}]}}