{"id":623,"date":"2025-07-09T13:47:21","date_gmt":"2025-07-09T11:47:21","guid":{"rendered":"https:\/\/shop24.dietz-ih.de\/?post_type=product&#038;p=623"},"modified":"2026-01-19T13:41:10","modified_gmt":"2026-01-19T12:41:10","slug":"lego-duplo-10450-hopsys-burgspiel","status":"publish","type":"product","link":"https:\/\/shop24.dietz-ih.de\/?product=lego-duplo-10450-hopsys-burgspiel","title":{"rendered":"LEGO\u00ae Duplo 10450 Hopsys Burgspiel"},"content":{"rendered":"<p data-start=\"144\" data-end=\"216\"><strong data-start=\"144\" data-end=\"216\">LEGO\u00ae Duplo 10450 Hopsys Burgspiel \u2013 2-in-1 Brettspiel f\u00fcr Vorschulkinder<\/strong><\/p>\n<p data-start=\"218\" data-end=\"504\">Entdecke mit dem <strong>LEGO\u00ae Duplo 10450 Hopsys Burgspiel<\/strong> ein kreatives und lehrreiches <strong>2-in-1 Brettspiel<\/strong>, das speziell f\u00fcr Vorschulkinder ab 3 Jahren entwickelt wurde. Dieses farbenfrohe Spielzeug f\u00f6rdert spielerisch die motorischen F\u00e4higkeiten, das Zahlenverst\u00e4ndnis und das soziale Miteinander.<\/p>\n<p data-start=\"506\" data-end=\"962\">In zwei spannenden Spielvarianten erleben Kinder abwechslungsreichen Spielspa\u00df: Im ersten Spiel bauen sie gemeinsam mit den Tierfiguren Hopsy, Floppy und Mopsy eine bunte Burg, bevor die Freunde wieder nach Hause kommen. Im zweiten Spiel steht der Bau des h\u00f6chsten Turms aus den 47 mitgelieferten Steinen im Fokus. So werden nicht nur Kreativit\u00e4t und Feinmotorik gef\u00f6rdert, sondern auch das Lernen von Farben, Zahlen und das abwechselnde Spielen trainiert.<\/p>\n<p data-start=\"964\" data-end=\"1317\">Das Set beinhaltet alles, was kleine Baumeister brauchen: ein handliches Spielbrett (32 x 22 cm), drei niedliche Tierfiguren, einen praktischen Spinner sowie 47 bunte Steine und Bauteile. Das Spielzeug ist ideal f\u00fcr Familienaktivit\u00e4ten und unterst\u00fctzt Kinder dabei, spielerisch Vorschulf\u00e4higkeiten wie Teamarbeit, Geduld und Konzentration zu entwickeln.<\/p>\n<p data-start=\"1319\" data-end=\"1563\">Dank der digitalen Bauanleitung in der <strong>LEGO\u00ae Builder App<\/strong> k\u00f6nnen Kinder und Eltern die Bauprojekte Schritt f\u00fcr Schritt umsetzen \u2013 f\u00fcr noch mehr kreativen Spielspa\u00df. Alle Teile wurden sorgf\u00e4ltig gepr\u00fcft und garantieren ein sicheres Spielerlebnis.<\/p>\n<p data-start=\"1565\" data-end=\"1764\">Dieses spannende Lernspielzeug ist das perfekte Geschenk f\u00fcr Vorschulkinder, die gern fantasievoll spielen und dabei wichtige F\u00e4higkeiten f\u00fcr die Schule und das t\u00e4gliche Miteinander erlernen m\u00f6chten.<\/p>\n<p data-start=\"1771\" data-end=\"1794\"><strong data-start=\"1771\" data-end=\"1794\">Produkt-Highlights:<\/strong><\/p>\n<ul data-start=\"1796\" data-end=\"2254\">\n<li data-start=\"1796\" data-end=\"1877\">\n<p data-start=\"1798\" data-end=\"1877\"><strong>2-in-1 Brettspiel<\/strong> mit zwei Spielvarianten: Burg bauen &amp; h\u00f6chsten Turm stapeln<\/p>\n<\/li>\n<li data-start=\"1878\" data-end=\"1938\">\n<p data-start=\"1880\" data-end=\"1938\">F\u00f6rdert Zahlen-, Farb- und Sozialkompetenzen spielerisch<\/p>\n<\/li>\n<li data-start=\"1939\" data-end=\"2018\">\n<p data-start=\"1941\" data-end=\"2018\">Enth\u00e4lt <strong>3<\/strong> Tierfiguren, <strong>47<\/strong> bunte Steine, Spinner und Spielbrett (32 x 22 cm)<\/p>\n<\/li>\n<li data-start=\"2019\" data-end=\"2074\">\n<p data-start=\"2021\" data-end=\"2074\">Unterst\u00fctzt Feinmotorik, Kreativit\u00e4t und Teamarbeit<\/p>\n<\/li>\n<li data-start=\"2075\" data-end=\"2133\">\n<p data-start=\"2077\" data-end=\"2133\">Digitale Bauanleitung \u00fcber <strong>LEGO\u00ae Builder App<\/strong> verf\u00fcgbar<\/p>\n<\/li>\n<li data-start=\"2134\" data-end=\"2169\">\n<p data-start=\"2136\" data-end=\"2169\">Geeignet f\u00fcr Kinder ab 3 Jahren<\/p>\n<\/li>\n<li data-start=\"2170\" data-end=\"2212\">\n<p data-start=\"2172\" data-end=\"2212\">Sicher gepr\u00fcft f\u00fcr unbesorgtes Spielen<\/p>\n<\/li>\n<li data-start=\"2213\" data-end=\"2254\">\n<p data-start=\"2215\" data-end=\"2254\">Perfektes Geschenk f\u00fcr Vorschulkinder<\/p>\n<\/li>\n<\/ul>\n","protected":false},"excerpt":{"rendered":"<p>Mit dem <strong>LEGO\u00ae Duplo 10450 Hopsys Burgspiel<\/strong> tauchen Vorschulkinder in eine zauberhafte Welt voller Farben, Abenteuer und spielerischem Lernen ein. Gemeinsam mit den s\u00fc\u00dfen Tierfreunden bauen sie Burgen und T\u00fcrme, w\u00e4hrend sie spielerisch Zahlen, Farben und das Miteinander entdecken. Dieses liebevoll gestaltete 2-in-1 Spiel f\u00f6rdert Kreativit\u00e4t, Feinmotorik und Teamgeist \u2013 ideal f\u00fcr kleine Entdecker, die spielerisch gro\u00df werden wollen. Ein besonderer Moment voller Freude und gemeinsamer Erlebnisse f\u00fcr die ganze Familie!<\/p>\n","protected":false},"featured_media":624,"comment_status":"open","ping_status":"closed","template":"","meta":{"_coblocks_attr":"","_coblocks_dimensions":"","_coblocks_responsive_height":"","_coblocks_accordion_ie_support":"","_eb_attr":"","_uag_custom_page_level_css":""},"product_brand":[158],"product_cat":[15],"product_tag":[198,199,200,201,163,202],"class_list":{"0":"post-623","1":"product","2":"type-product","3":"status-publish","4":"has-post-thumbnail","6":"product_brand-lego","7":"product_cat-lego","8":"product_tag-198","9":"product_tag-burgspiel","10":"product_tag-duplo","11":"product_tag-hopsys","12":"product_tag-lego","13":"product_tag-legoduplo","15":"first","16":"outofstock","17":"taxable","18":"shipping-taxable","19":"purchasable","20":"product-type-simple"},"yoast_head":"<!-- This site is optimized with the Yoast SEO plugin v27.4 - https:\/\/yoast.com\/product\/yoast-seo-wordpress\/ -->\n<title>LEGO\u00ae Duplo 10450 Hopsys Burgspiel - Dietz-Internethandel<\/title>\n<meta name=\"description\" content=\"LEGO\u00ae Duplo 10450 Hopsys Burgspiel \u2013 ein liebevolles 2-in-1 Lernspiel f\u00fcr Vorschulkinder ab 3 Jahren. F\u00f6rdere spielerisch Kreativit\u00e4t.\" \/>\n<meta name=\"robots\" content=\"index, follow, max-snippet:-1, max-image-preview:large, max-video-preview:-1\" \/>\n<link rel=\"canonical\" href=\"https:\/\/shop24.dietz-ih.de\/?product=lego-duplo-10450-hopsys-burgspiel\" \/>\n<meta property=\"og:locale\" content=\"de_DE\" \/>\n<meta property=\"og:type\" content=\"article\" \/>\n<meta property=\"og:title\" content=\"LEGO\u00ae Duplo 10450 Hopsys Burgspiel - Dietz-Internethandel\" \/>\n<meta property=\"og:description\" content=\"LEGO\u00ae Duplo 10450 Hopsys Burgspiel \u2013 ein liebevolles 2-in-1 Lernspiel f\u00fcr Vorschulkinder ab 3 Jahren. F\u00f6rdere spielerisch Kreativit\u00e4t.\" \/>\n<meta property=\"og:url\" content=\"https:\/\/shop24.dietz-ih.de\/?product=lego-duplo-10450-hopsys-burgspiel\" \/>\n<meta property=\"og:site_name\" content=\"Dietz-Internethandel\" \/>\n<meta property=\"article:publisher\" content=\"https:\/\/www.facebook.com\/profile.php?id=100081292915783\" \/>\n<meta property=\"article:modified_time\" content=\"2026-01-19T12:41:10+00:00\" \/>\n<meta property=\"og:image\" content=\"https:\/\/shop24.dietz-ih.de\/wp-content\/uploads\/2025\/07\/LEGO_10450_1_ergebnis.jpg\" \/>\n\t<meta property=\"og:image:width\" content=\"600\" \/>\n\t<meta property=\"og:image:height\" content=\"600\" \/>\n\t<meta property=\"og:image:type\" content=\"image\/jpeg\" \/>\n<meta name=\"twitter:card\" content=\"summary_large_image\" \/>\n<meta name=\"twitter:label1\" content=\"Gesch\u00e4tzte Lesezeit\" \/>\n\t<meta name=\"twitter:data1\" content=\"2\u00a0Minuten\" \/>\n<script type=\"application\/ld+json\" class=\"yoast-schema-graph\">{\"@context\":\"https:\\\/\\\/schema.org\",\"@graph\":[{\"@type\":\"WebPage\",\"@id\":\"https:\\\/\\\/shop24.dietz-ih.de\\\/?product=lego-duplo-10450-hopsys-burgspiel\",\"url\":\"https:\\\/\\\/shop24.dietz-ih.de\\\/?product=lego-duplo-10450-hopsys-burgspiel\",\"name\":\"LEGO\u00ae Duplo 10450 Hopsys Burgspiel - Dietz-Internethandel\",\"isPartOf\":{\"@id\":\"https:\\\/\\\/shop24.dietz-ih.de\\\/#website\"},\"primaryImageOfPage\":{\"@id\":\"https:\\\/\\\/shop24.dietz-ih.de\\\/?product=lego-duplo-10450-hopsys-burgspiel#primaryimage\"},\"image\":{\"@id\":\"https:\\\/\\\/shop24.dietz-ih.de\\\/?product=lego-duplo-10450-hopsys-burgspiel#primaryimage\"},\"thumbnailUrl\":\"https:\\\/\\\/i0.wp.com\\\/shop24.dietz-ih.de\\\/wp-content\\\/uploads\\\/2025\\\/07\\\/LEGO_10450_1_ergebnis.jpg?fit=600%2C600&ssl=1\",\"datePublished\":\"2025-07-09T11:47:21+00:00\",\"dateModified\":\"2026-01-19T12:41:10+00:00\",\"description\":\"LEGO\u00ae Duplo 10450 Hopsys Burgspiel \u2013 ein liebevolles 2-in-1 Lernspiel f\u00fcr Vorschulkinder ab 3 Jahren. F\u00f6rdere spielerisch Kreativit\u00e4t.\",\"breadcrumb\":{\"@id\":\"https:\\\/\\\/shop24.dietz-ih.de\\\/?product=lego-duplo-10450-hopsys-burgspiel#breadcrumb\"},\"inLanguage\":\"de\",\"potentialAction\":[{\"@type\":\"ReadAction\",\"target\":[\"https:\\\/\\\/shop24.dietz-ih.de\\\/?product=lego-duplo-10450-hopsys-burgspiel\"]}]},{\"@type\":\"ImageObject\",\"inLanguage\":\"de\",\"@id\":\"https:\\\/\\\/shop24.dietz-ih.de\\\/?product=lego-duplo-10450-hopsys-burgspiel#primaryimage\",\"url\":\"https:\\\/\\\/i0.wp.com\\\/shop24.dietz-ih.de\\\/wp-content\\\/uploads\\\/2025\\\/07\\\/LEGO_10450_1_ergebnis.jpg?fit=600%2C600&ssl=1\",\"contentUrl\":\"https:\\\/\\\/i0.wp.com\\\/shop24.dietz-ih.de\\\/wp-content\\\/uploads\\\/2025\\\/07\\\/LEGO_10450_1_ergebnis.jpg?fit=600%2C600&ssl=1\",\"width\":600,\"height\":600},{\"@type\":\"BreadcrumbList\",\"@id\":\"https:\\\/\\\/shop24.dietz-ih.de\\\/?product=lego-duplo-10450-hopsys-burgspiel#breadcrumb\",\"itemListElement\":[{\"@type\":\"ListItem\",\"position\":1,\"name\":\"Startseite\",\"item\":\"https:\\\/\\\/shop24.dietz-ih.de\\\/\"},{\"@type\":\"ListItem\",\"position\":2,\"name\":\"Shop\",\"item\":\"https:\\\/\\\/shop24.dietz-ih.de\\\/?page_id=7\"},{\"@type\":\"ListItem\",\"position\":3,\"name\":\"LEGO\u00ae Duplo 10450 Hopsys Burgspiel\"}]},{\"@type\":\"WebSite\",\"@id\":\"https:\\\/\\\/shop24.dietz-ih.de\\\/#website\",\"url\":\"https:\\\/\\\/shop24.dietz-ih.de\\\/\",\"name\":\"Dietz-Internethandel\",\"description\":\"\",\"publisher\":{\"@id\":\"https:\\\/\\\/shop24.dietz-ih.de\\\/#organization\"},\"potentialAction\":[{\"@type\":\"SearchAction\",\"target\":{\"@type\":\"EntryPoint\",\"urlTemplate\":\"https:\\\/\\\/shop24.dietz-ih.de\\\/?s={search_term_string}\"},\"query-input\":{\"@type\":\"PropertyValueSpecification\",\"valueRequired\":true,\"valueName\":\"search_term_string\"}}],\"inLanguage\":\"de\"},{\"@type\":\"Organization\",\"@id\":\"https:\\\/\\\/shop24.dietz-ih.de\\\/#organization\",\"name\":\"Dietz-Internethandel\",\"url\":\"https:\\\/\\\/shop24.dietz-ih.de\\\/\",\"logo\":{\"@type\":\"ImageObject\",\"inLanguage\":\"de\",\"@id\":\"https:\\\/\\\/shop24.dietz-ih.de\\\/#\\\/schema\\\/logo\\\/image\\\/\",\"url\":\"https:\\\/\\\/i0.wp.com\\\/shop24.dietz-ih.de\\\/wp-content\\\/uploads\\\/2025\\\/06\\\/Ein-Logo-fuer-einen-Onlineshop-mit-Spielzeug.-Der-Buchstabe-D-soll-drauf-sein.-Farblich_-Gruen-Warmgelb-und-Lachs.-Und-bitte-als-ausgeschnittene-Datei-Photoroom-2.png?fit=1120%2C1120&ssl=1\",\"contentUrl\":\"https:\\\/\\\/i0.wp.com\\\/shop24.dietz-ih.de\\\/wp-content\\\/uploads\\\/2025\\\/06\\\/Ein-Logo-fuer-einen-Onlineshop-mit-Spielzeug.-Der-Buchstabe-D-soll-drauf-sein.-Farblich_-Gruen-Warmgelb-und-Lachs.-Und-bitte-als-ausgeschnittene-Datei-Photoroom-2.png?fit=1120%2C1120&ssl=1\",\"width\":1120,\"height\":1120,\"caption\":\"Dietz-Internethandel\"},\"image\":{\"@id\":\"https:\\\/\\\/shop24.dietz-ih.de\\\/#\\\/schema\\\/logo\\\/image\\\/\"},\"sameAs\":[\"https:\\\/\\\/www.facebook.com\\\/profile.php?id=100081292915783\",\"https:\\\/\\\/www.instagram.com\\\/dietz_internethandel\\\/\"]}]}<\/script>\n<!-- \/ Yoast SEO plugin. -->","yoast_head_json":{"title":"LEGO\u00ae Duplo 10450 Hopsys Burgspiel - Dietz-Internethandel","description":"LEGO\u00ae Duplo 10450 Hopsys Burgspiel \u2013 ein liebevolles 2-in-1 Lernspiel f\u00fcr Vorschulkinder ab 3 Jahren. F\u00f6rdere spielerisch Kreativit\u00e4t.","robots":{"index":"index","follow":"follow","max-snippet":"max-snippet:-1","max-image-preview":"max-image-preview:large","max-video-preview":"max-video-preview:-1"},"canonical":"https:\/\/shop24.dietz-ih.de\/?product=lego-duplo-10450-hopsys-burgspiel","og_locale":"de_DE","og_type":"article","og_title":"LEGO\u00ae Duplo 10450 Hopsys Burgspiel - Dietz-Internethandel","og_description":"LEGO\u00ae Duplo 10450 Hopsys Burgspiel \u2013 ein liebevolles 2-in-1 Lernspiel f\u00fcr Vorschulkinder ab 3 Jahren. F\u00f6rdere spielerisch Kreativit\u00e4t.","og_url":"https:\/\/shop24.dietz-ih.de\/?product=lego-duplo-10450-hopsys-burgspiel","og_site_name":"Dietz-Internethandel","article_publisher":"https:\/\/www.facebook.com\/profile.php?id=100081292915783","article_modified_time":"2026-01-19T12:41:10+00:00","og_image":[{"width":600,"height":600,"url":"https:\/\/shop24.dietz-ih.de\/wp-content\/uploads\/2025\/07\/LEGO_10450_1_ergebnis.jpg","type":"image\/jpeg"}],"twitter_card":"summary_large_image","twitter_misc":{"Gesch\u00e4tzte Lesezeit":"2\u00a0Minuten"},"schema":{"@context":"https:\/\/schema.org","@graph":[{"@type":"WebPage","@id":"https:\/\/shop24.dietz-ih.de\/?product=lego-duplo-10450-hopsys-burgspiel","url":"https:\/\/shop24.dietz-ih.de\/?product=lego-duplo-10450-hopsys-burgspiel","name":"LEGO\u00ae Duplo 10450 Hopsys Burgspiel - Dietz-Internethandel","isPartOf":{"@id":"https:\/\/shop24.dietz-ih.de\/#website"},"primaryImageOfPage":{"@id":"https:\/\/shop24.dietz-ih.de\/?product=lego-duplo-10450-hopsys-burgspiel#primaryimage"},"image":{"@id":"https:\/\/shop24.dietz-ih.de\/?product=lego-duplo-10450-hopsys-burgspiel#primaryimage"},"thumbnailUrl":"https:\/\/i0.wp.com\/shop24.dietz-ih.de\/wp-content\/uploads\/2025\/07\/LEGO_10450_1_ergebnis.jpg?fit=600%2C600&ssl=1","datePublished":"2025-07-09T11:47:21+00:00","dateModified":"2026-01-19T12:41:10+00:00","description":"LEGO\u00ae Duplo 10450 Hopsys Burgspiel \u2013 ein liebevolles 2-in-1 Lernspiel f\u00fcr Vorschulkinder ab 3 Jahren. F\u00f6rdere spielerisch Kreativit\u00e4t.","breadcrumb":{"@id":"https:\/\/shop24.dietz-ih.de\/?product=lego-duplo-10450-hopsys-burgspiel#breadcrumb"},"inLanguage":"de","potentialAction":[{"@type":"ReadAction","target":["https:\/\/shop24.dietz-ih.de\/?product=lego-duplo-10450-hopsys-burgspiel"]}]},{"@type":"ImageObject","inLanguage":"de","@id":"https:\/\/shop24.dietz-ih.de\/?product=lego-duplo-10450-hopsys-burgspiel#primaryimage","url":"https:\/\/i0.wp.com\/shop24.dietz-ih.de\/wp-content\/uploads\/2025\/07\/LEGO_10450_1_ergebnis.jpg?fit=600%2C600&ssl=1","contentUrl":"https:\/\/i0.wp.com\/shop24.dietz-ih.de\/wp-content\/uploads\/2025\/07\/LEGO_10450_1_ergebnis.jpg?fit=600%2C600&ssl=1","width":600,"height":600},{"@type":"BreadcrumbList","@id":"https:\/\/shop24.dietz-ih.de\/?product=lego-duplo-10450-hopsys-burgspiel#breadcrumb","itemListElement":[{"@type":"ListItem","position":1,"name":"Startseite","item":"https:\/\/shop24.dietz-ih.de\/"},{"@type":"ListItem","position":2,"name":"Shop","item":"https:\/\/shop24.dietz-ih.de\/?page_id=7"},{"@type":"ListItem","position":3,"name":"LEGO\u00ae Duplo 10450 Hopsys Burgspiel"}]},{"@type":"WebSite","@id":"https:\/\/shop24.dietz-ih.de\/#website","url":"https:\/\/shop24.dietz-ih.de\/","name":"Dietz-Internethandel","description":"","publisher":{"@id":"https:\/\/shop24.dietz-ih.de\/#organization"},"potentialAction":[{"@type":"SearchAction","target":{"@type":"EntryPoint","urlTemplate":"https:\/\/shop24.dietz-ih.de\/?s={search_term_string}"},"query-input":{"@type":"PropertyValueSpecification","valueRequired":true,"valueName":"search_term_string"}}],"inLanguage":"de"},{"@type":"Organization","@id":"https:\/\/shop24.dietz-ih.de\/#organization","name":"Dietz-Internethandel","url":"https:\/\/shop24.dietz-ih.de\/","logo":{"@type":"ImageObject","inLanguage":"de","@id":"https:\/\/shop24.dietz-ih.de\/#\/schema\/logo\/image\/","url":"https:\/\/i0.wp.com\/shop24.dietz-ih.de\/wp-content\/uploads\/2025\/06\/Ein-Logo-fuer-einen-Onlineshop-mit-Spielzeug.-Der-Buchstabe-D-soll-drauf-sein.-Farblich_-Gruen-Warmgelb-und-Lachs.-Und-bitte-als-ausgeschnittene-Datei-Photoroom-2.png?fit=1120%2C1120&ssl=1","contentUrl":"https:\/\/i0.wp.com\/shop24.dietz-ih.de\/wp-content\/uploads\/2025\/06\/Ein-Logo-fuer-einen-Onlineshop-mit-Spielzeug.-Der-Buchstabe-D-soll-drauf-sein.-Farblich_-Gruen-Warmgelb-und-Lachs.-Und-bitte-als-ausgeschnittene-Datei-Photoroom-2.png?fit=1120%2C1120&ssl=1","width":1120,"height":1120,"caption":"Dietz-Internethandel"},"image":{"@id":"https:\/\/shop24.dietz-ih.de\/#\/schema\/logo\/image\/"},"sameAs":["https:\/\/www.facebook.com\/profile.php?id=100081292915783","https:\/\/www.instagram.com\/dietz_internethandel\/"]}]}},"uagb_featured_image_src":{"full":["https:\/\/i0.wp.com\/shop24.dietz-ih.de\/wp-content\/uploads\/2025\/07\/LEGO_10450_1_ergebnis.jpg?fit=600%2C600&ssl=1",600,600,false],"thumbnail":["https:\/\/i0.wp.com\/shop24.dietz-ih.de\/wp-content\/uploads\/2025\/07\/LEGO_10450_1_ergebnis.jpg?resize=150%2C150&ssl=1",150,150,true],"medium":["https:\/\/i0.wp.com\/shop24.dietz-ih.de\/wp-content\/uploads\/2025\/07\/LEGO_10450_1_ergebnis.jpg?fit=300%2C300&ssl=1",300,300,true],"medium_large":["https:\/\/i0.wp.com\/shop24.dietz-ih.de\/wp-content\/uploads\/2025\/07\/LEGO_10450_1_ergebnis.jpg?fit=600%2C600&ssl=1",600,600,true],"large":["https:\/\/i0.wp.com\/shop24.dietz-ih.de\/wp-content\/uploads\/2025\/07\/LEGO_10450_1_ergebnis.jpg?fit=600%2C600&ssl=1",600,600,true],"gs-tiny":["https:\/\/i0.wp.com\/shop24.dietz-ih.de\/wp-content\/uploads\/2025\/07\/LEGO_10450_1_ergebnis.jpg?fit=50%2C50&ssl=1",50,50,true],"xl":["https:\/\/i0.wp.com\/shop24.dietz-ih.de\/wp-content\/uploads\/2025\/07\/LEGO_10450_1_ergebnis.jpg?fit=600%2C600&ssl=1",600,600,true],"xxl":["https:\/\/i0.wp.com\/shop24.dietz-ih.de\/wp-content\/uploads\/2025\/07\/LEGO_10450_1_ergebnis.jpg?fit=600%2C600&ssl=1",600,600,true],"xxxl":["https:\/\/i0.wp.com\/shop24.dietz-ih.de\/wp-content\/uploads\/2025\/07\/LEGO_10450_1_ergebnis.jpg?fit=600%2C600&ssl=1",600,600,true],"xxxxl":["https:\/\/i0.wp.com\/shop24.dietz-ih.de\/wp-content\/uploads\/2025\/07\/LEGO_10450_1_ergebnis.jpg?fit=600%2C600&ssl=1",600,600,true],"xxxxxl":["https:\/\/i0.wp.com\/shop24.dietz-ih.de\/wp-content\/uploads\/2025\/07\/LEGO_10450_1_ergebnis.jpg?fit=600%2C600&ssl=1",600,600,true],"1536x1536":["https:\/\/i0.wp.com\/shop24.dietz-ih.de\/wp-content\/uploads\/2025\/07\/LEGO_10450_1_ergebnis.jpg?fit=600%2C600&ssl=1",600,600,true],"2048x2048":["https:\/\/i0.wp.com\/shop24.dietz-ih.de\/wp-content\/uploads\/2025\/07\/LEGO_10450_1_ergebnis.jpg?fit=600%2C600&ssl=1",600,600,true],"woocommerce_thumbnail":["https:\/\/i0.wp.com\/shop24.dietz-ih.de\/wp-content\/uploads\/2025\/07\/LEGO_10450_1_ergebnis.jpg?resize=600%2C600&ssl=1",600,600,true],"woocommerce_single":["https:\/\/i0.wp.com\/shop24.dietz-ih.de\/wp-content\/uploads\/2025\/07\/LEGO_10450_1_ergebnis.jpg?fit=600%2C600&ssl=1",600,600,true],"woocommerce_gallery_thumbnail":["https:\/\/i0.wp.com\/shop24.dietz-ih.de\/wp-content\/uploads\/2025\/07\/LEGO_10450_1_ergebnis.jpg?resize=100%2C100&ssl=1",100,100,true]},"uagb_author_info":{"display_name":"admin","author_link":"https:\/\/shop24.dietz-ih.de\/?author=0"},"uagb_comment_info":0,"uagb_excerpt":"Mit dem LEGO\u00ae Duplo 10450 Hopsys Burgspiel tauchen Vorschulkinder in eine zauberhafte Welt voller Farben, Abenteuer und spielerischem Lernen ein. Gemeinsam mit den s\u00fc\u00dfen Tierfreunden bauen sie Burgen und T\u00fcrme, w\u00e4hrend sie spielerisch Zahlen, Farben und das Miteinander entdecken. Dieses liebevoll gestaltete 2-in-1 Spiel f\u00f6rdert Kreativit\u00e4t, Feinmotorik und Teamgeist \u2013 ideal f\u00fcr kleine Entdecker, die&hellip;","jetpack_sharing_enabled":true,"_links":{"self":[{"href":"https:\/\/shop24.dietz-ih.de\/index.php?rest_route=\/wp\/v2\/product\/623","targetHints":{"allow":["GET"]}}],"collection":[{"href":"https:\/\/shop24.dietz-ih.de\/index.php?rest_route=\/wp\/v2\/product"}],"about":[{"href":"https:\/\/shop24.dietz-ih.de\/index.php?rest_route=\/wp\/v2\/types\/product"}],"replies":[{"embeddable":true,"href":"https:\/\/shop24.dietz-ih.de\/index.php?rest_route=%2Fwp%2Fv2%2Fcomments&post=623"}],"wp:featuredmedia":[{"embeddable":true,"href":"https:\/\/shop24.dietz-ih.de\/index.php?rest_route=\/wp\/v2\/media\/624"}],"wp:attachment":[{"href":"https:\/\/shop24.dietz-ih.de\/index.php?rest_route=%2Fwp%2Fv2%2Fmedia&parent=623"}],"wp:term":[{"taxonomy":"product_brand","embeddable":true,"href":"https:\/\/shop24.dietz-ih.de\/index.php?rest_route=%2Fwp%2Fv2%2Fproduct_brand&post=623"},{"taxonomy":"product_cat","embeddable":true,"href":"https:\/\/shop24.dietz-ih.de\/index.php?rest_route=%2Fwp%2Fv2%2Fproduct_cat&post=623"},{"taxonomy":"product_tag","embeddable":true,"href":"https:\/\/shop24.dietz-ih.de\/index.php?rest_route=%2Fwp%2Fv2%2Fproduct_tag&post=623"}],"curies":[{"name":"wp","href":"https:\/\/api.w.org\/{rel}","templated":true}]}}