{"id":635,"date":"2025-07-09T14:10:42","date_gmt":"2025-07-09T12:10:42","guid":{"rendered":"https:\/\/shop24.dietz-ih.de\/?post_type=product&#038;p=635"},"modified":"2026-01-19T13:38:42","modified_gmt":"2026-01-19T12:38:42","slug":"lego-art-31217-fauna-collection-tiger","status":"publish","type":"product","link":"https:\/\/shop24.dietz-ih.de\/?product=lego-art-31217-fauna-collection-tiger","title":{"rendered":"LEGO\u00ae Art 31217 Fauna Collection &#8211; Tiger"},"content":{"rendered":"<p data-start=\"0\" data-end=\"85\"><strong data-start=\"0\" data-end=\"85\">LEGO\u00ae Art 31217 Fauna Collection &#8211; Tiger: Natur trifft Design in deinem Zuhause<\/strong><\/p>\n<p data-start=\"87\" data-end=\"351\">Bring Farbe und Lebendigkeit in deine vier W\u00e4nde \u2013 mit dem LEGO\u00ae Art 31217 Fauna Collection &#8211; Tiger. Dieses au\u00dfergew\u00f6hnliche Set f\u00fcr Erwachsene vereint kreatives Bauen mit stilvoller Wohn-Deko und ist ein echter Hingucker f\u00fcr Kunst-, Tier- und Naturliebhaber.<\/p>\n<p data-start=\"353\" data-end=\"693\">Das detailreiche 3D-Wandbild zeigt einen majest\u00e4tischen Tigerkopf, der sich aus einem Arrangement aus <strong data-start=\"455\" data-end=\"490\">dekorativen Pflanzen und Blumen<\/strong> hervorhebt. Aus <strong data-start=\"507\" data-end=\"530\">744 LEGO\u00ae Elementen<\/strong> entsteht ein kunstvolles Motiv, das du wahlweise an der Wand aufh\u00e4ngen oder mithilfe des integrierten St\u00e4nders auf einem Regal oder Sideboard pr\u00e4sentieren kannst.<\/p>\n<p data-start=\"695\" data-end=\"959\">Besonders flexibel: Die beiliegenden Blumen lassen sich individuell platzieren und mit anderen <strong data-start=\"794\" data-end=\"819\">LEGO\u00ae Botanicals Sets<\/strong> kombinieren \u2013 f\u00fcr ein ganz pers\u00f6nliches Deko-Erlebnis. So kannst du dein Kunstwerk je nach Saison oder Stimmung immer wieder neu gestalten.<\/p>\n<p data-start=\"961\" data-end=\"1173\">Das <strong data-start=\"965\" data-end=\"986\">rahmenlose Design<\/strong> sorgt f\u00fcr einen modernen Look, der sich perfekt in jedes Wohn- oder Arbeitszimmer einf\u00fcgt. Mit einer Gr\u00f6\u00dfe von <strong data-start=\"1098\" data-end=\"1116\">20 x 31 x 6 cm<\/strong> (H x B x T) ist das Modell kompakt und dennoch imposant.<\/p>\n<p data-start=\"1175\" data-end=\"1409\">Ein perfektes Geschenk \u2013 ob f\u00fcr dich selbst oder f\u00fcr kreative Freunde und Familie. Besonders geeignet als <strong data-start=\"1281\" data-end=\"1304\">Einweihungsgeschenk<\/strong>, f\u00fcr Kunstbegeisterte oder alle, die ihre Wohnr\u00e4ume mit einem besonderen Naturmotiv versch\u00f6nern m\u00f6chten.<\/p>\n<p data-start=\"1411\" data-end=\"1639\">Erlebe ein <strong data-start=\"1422\" data-end=\"1465\">entspannendes und lohnendes Bauerlebnis<\/strong> und erschaffe mit jedem Stein ein St\u00fcck Naturkunst. Die LEGO\u00ae Art Sets bieten Erwachsenen eine kreative Auszeit und die M\u00f6glichkeit, ihre Leidenschaft f\u00fcr Design auszuleben.<\/p>\n<p data-start=\"1646\" data-end=\"1669\"><strong data-start=\"1646\" data-end=\"1669\">Produkt-Highlights:<\/strong><\/p>\n<ul data-start=\"1670\" data-end=\"1963\">\n<li data-start=\"1670\" data-end=\"1723\">\n<p data-start=\"1672\" data-end=\"1723\">3D-Kunstwerk mit Tigerkopf und floralen Elementen<\/p>\n<\/li>\n<li data-start=\"1724\" data-end=\"1752\">\n<p data-start=\"1726\" data-end=\"1752\">Enth\u00e4lt 744 LEGO\u00ae Steine<\/p>\n<\/li>\n<li data-start=\"1753\" data-end=\"1821\">\n<p data-start=\"1755\" data-end=\"1821\">Flexible Blumengestaltung &amp; Kombinierbarkeit mit LEGO Botanicals<\/p>\n<\/li>\n<li data-start=\"1822\" data-end=\"1891\">\n<p data-start=\"1824\" data-end=\"1891\">Zum Aufh\u00e4ngen oder Aufstellen geeignet (mit integriertem St\u00e4nder)<\/p>\n<\/li>\n<li data-start=\"1892\" data-end=\"1916\">\n<p data-start=\"1894\" data-end=\"1916\">Ma\u00dfe: 20 x 31 x 6 cm<\/p>\n<\/li>\n<li data-start=\"1917\" data-end=\"1963\">\n<p data-start=\"1919\" data-end=\"1963\">Ideal als Geschenk oder kreative Wohn-Deko<\/p>\n<\/li>\n<\/ul>\n<p data-start=\"1965\" data-end=\"2054\" data-is-last-node=\"\" data-is-only-node=\"\">Verleihe deinem Zuhause mit diesem einzigartigen LEGO\u00ae Kunstwerk einen Hauch von Wildnis!<\/p>\n","protected":false},"excerpt":{"rendered":"<p>Tauche ein in die faszinierende Welt der Natur mit dem <strong>LEGO\u00ae Art 31217 Fauna Collection &#8211; Tiger<\/strong>. Dieses kunstvolle Bauset l\u00e4sst dich einen majest\u00e4tischen Tigerkopf erschaffen, der von leuchtenden Blumen umgeben ist \u2013 ein Symbol f\u00fcr St\u00e4rke, Sch\u00f6nheit und Harmonie. Mit jedem Stein w\u00e4chst nicht nur dein Kunstwerk, sondern auch deine Begeisterung. Ob als ausdrucksstarke Wanddeko oder stilvoller Blickfang auf dem Regal \u2013 dieses Set bringt W\u00e4rme, Farbe und Pers\u00f6nlichkeit in dein Zuhause. Ideal f\u00fcr kreative Seelen, Tierliebhaber oder alle, die sich nach einem Moment der Ruhe und Inspiration sehnen. Dein pers\u00f6nliches St\u00fcck Natur zum Selberbauen!<\/p>\n","protected":false},"featured_media":636,"comment_status":"open","ping_status":"closed","template":"","meta":{"_coblocks_attr":"","_coblocks_dimensions":"","_coblocks_responsive_height":"","_coblocks_accordion_ie_support":"","_eb_attr":"","_uag_custom_page_level_css":""},"product_brand":[158],"product_cat":[15],"product_tag":[212,213,214,163,215,216],"class_list":{"0":"post-635","1":"product","2":"type-product","3":"status-publish","4":"has-post-thumbnail","6":"product_brand-lego","7":"product_cat-lego","8":"product_tag-212","9":"product_tag-art","10":"product_tag-collection","11":"product_tag-lego","12":"product_tag-legoart","13":"product_tag-tiger","15":"first","16":"outofstock","17":"taxable","18":"shipping-taxable","19":"purchasable","20":"product-type-simple"},"yoast_head":"<!-- This site is optimized with the Yoast SEO plugin v27.4 - https:\/\/yoast.com\/product\/yoast-seo-wordpress\/ -->\n<title>LEGO\u00ae Art 31217 Fauna Collection - Tiger - Dietz-Internethandel<\/title>\n<meta name=\"description\" content=\"LEGO\u00ae Art 31217 Fauna Collection - Tiger ein kreatives 3D-Kunstwerk mit floralen Details zum Aufstellen oder Aufh\u00e4ngen. F\u00fcr Natur- und Designliebhaber!\" \/>\n<meta name=\"robots\" content=\"index, follow, max-snippet:-1, max-image-preview:large, max-video-preview:-1\" \/>\n<link rel=\"canonical\" href=\"https:\/\/shop24.dietz-ih.de\/?product=lego-art-31217-fauna-collection-tiger\" \/>\n<meta property=\"og:locale\" content=\"de_DE\" \/>\n<meta property=\"og:type\" content=\"article\" \/>\n<meta property=\"og:title\" content=\"LEGO\u00ae Art 31217 Fauna Collection - Tiger - Dietz-Internethandel\" \/>\n<meta property=\"og:description\" content=\"LEGO\u00ae Art 31217 Fauna Collection - Tiger ein kreatives 3D-Kunstwerk mit floralen Details zum Aufstellen oder Aufh\u00e4ngen. F\u00fcr Natur- und Designliebhaber!\" \/>\n<meta property=\"og:url\" content=\"https:\/\/shop24.dietz-ih.de\/?product=lego-art-31217-fauna-collection-tiger\" \/>\n<meta property=\"og:site_name\" content=\"Dietz-Internethandel\" \/>\n<meta property=\"article:publisher\" content=\"https:\/\/www.facebook.com\/profile.php?id=100081292915783\" \/>\n<meta property=\"article:modified_time\" content=\"2026-01-19T12:38:42+00:00\" \/>\n<meta property=\"og:image\" content=\"https:\/\/shop24.dietz-ih.de\/wp-content\/uploads\/2025\/07\/LEGO_31217_1_ergebnis.jpg\" \/>\n\t<meta property=\"og:image:width\" content=\"600\" \/>\n\t<meta property=\"og:image:height\" content=\"600\" \/>\n\t<meta property=\"og:image:type\" content=\"image\/jpeg\" \/>\n<meta name=\"twitter:card\" content=\"summary_large_image\" \/>\n<meta name=\"twitter:label1\" content=\"Gesch\u00e4tzte Lesezeit\" \/>\n\t<meta name=\"twitter:data1\" content=\"2\u00a0Minuten\" \/>\n<script type=\"application\/ld+json\" class=\"yoast-schema-graph\">{\"@context\":\"https:\\\/\\\/schema.org\",\"@graph\":[{\"@type\":\"WebPage\",\"@id\":\"https:\\\/\\\/shop24.dietz-ih.de\\\/?product=lego-art-31217-fauna-collection-tiger\",\"url\":\"https:\\\/\\\/shop24.dietz-ih.de\\\/?product=lego-art-31217-fauna-collection-tiger\",\"name\":\"LEGO\u00ae Art 31217 Fauna Collection - Tiger - Dietz-Internethandel\",\"isPartOf\":{\"@id\":\"https:\\\/\\\/shop24.dietz-ih.de\\\/#website\"},\"primaryImageOfPage\":{\"@id\":\"https:\\\/\\\/shop24.dietz-ih.de\\\/?product=lego-art-31217-fauna-collection-tiger#primaryimage\"},\"image\":{\"@id\":\"https:\\\/\\\/shop24.dietz-ih.de\\\/?product=lego-art-31217-fauna-collection-tiger#primaryimage\"},\"thumbnailUrl\":\"https:\\\/\\\/i0.wp.com\\\/shop24.dietz-ih.de\\\/wp-content\\\/uploads\\\/2025\\\/07\\\/LEGO_31217_1_ergebnis.jpg?fit=600%2C600&ssl=1\",\"datePublished\":\"2025-07-09T12:10:42+00:00\",\"dateModified\":\"2026-01-19T12:38:42+00:00\",\"description\":\"LEGO\u00ae Art 31217 Fauna Collection - Tiger ein kreatives 3D-Kunstwerk mit floralen Details zum Aufstellen oder Aufh\u00e4ngen. F\u00fcr Natur- und Designliebhaber!\",\"breadcrumb\":{\"@id\":\"https:\\\/\\\/shop24.dietz-ih.de\\\/?product=lego-art-31217-fauna-collection-tiger#breadcrumb\"},\"inLanguage\":\"de\",\"potentialAction\":[{\"@type\":\"ReadAction\",\"target\":[\"https:\\\/\\\/shop24.dietz-ih.de\\\/?product=lego-art-31217-fauna-collection-tiger\"]}]},{\"@type\":\"ImageObject\",\"inLanguage\":\"de\",\"@id\":\"https:\\\/\\\/shop24.dietz-ih.de\\\/?product=lego-art-31217-fauna-collection-tiger#primaryimage\",\"url\":\"https:\\\/\\\/i0.wp.com\\\/shop24.dietz-ih.de\\\/wp-content\\\/uploads\\\/2025\\\/07\\\/LEGO_31217_1_ergebnis.jpg?fit=600%2C600&ssl=1\",\"contentUrl\":\"https:\\\/\\\/i0.wp.com\\\/shop24.dietz-ih.de\\\/wp-content\\\/uploads\\\/2025\\\/07\\\/LEGO_31217_1_ergebnis.jpg?fit=600%2C600&ssl=1\",\"width\":600,\"height\":600},{\"@type\":\"BreadcrumbList\",\"@id\":\"https:\\\/\\\/shop24.dietz-ih.de\\\/?product=lego-art-31217-fauna-collection-tiger#breadcrumb\",\"itemListElement\":[{\"@type\":\"ListItem\",\"position\":1,\"name\":\"Startseite\",\"item\":\"https:\\\/\\\/shop24.dietz-ih.de\\\/\"},{\"@type\":\"ListItem\",\"position\":2,\"name\":\"Shop\",\"item\":\"https:\\\/\\\/shop24.dietz-ih.de\\\/?page_id=7\"},{\"@type\":\"ListItem\",\"position\":3,\"name\":\"LEGO\u00ae Art 31217 Fauna Collection &#8211; Tiger\"}]},{\"@type\":\"WebSite\",\"@id\":\"https:\\\/\\\/shop24.dietz-ih.de\\\/#website\",\"url\":\"https:\\\/\\\/shop24.dietz-ih.de\\\/\",\"name\":\"Dietz-Internethandel\",\"description\":\"\",\"publisher\":{\"@id\":\"https:\\\/\\\/shop24.dietz-ih.de\\\/#organization\"},\"potentialAction\":[{\"@type\":\"SearchAction\",\"target\":{\"@type\":\"EntryPoint\",\"urlTemplate\":\"https:\\\/\\\/shop24.dietz-ih.de\\\/?s={search_term_string}\"},\"query-input\":{\"@type\":\"PropertyValueSpecification\",\"valueRequired\":true,\"valueName\":\"search_term_string\"}}],\"inLanguage\":\"de\"},{\"@type\":\"Organization\",\"@id\":\"https:\\\/\\\/shop24.dietz-ih.de\\\/#organization\",\"name\":\"Dietz-Internethandel\",\"url\":\"https:\\\/\\\/shop24.dietz-ih.de\\\/\",\"logo\":{\"@type\":\"ImageObject\",\"inLanguage\":\"de\",\"@id\":\"https:\\\/\\\/shop24.dietz-ih.de\\\/#\\\/schema\\\/logo\\\/image\\\/\",\"url\":\"https:\\\/\\\/i0.wp.com\\\/shop24.dietz-ih.de\\\/wp-content\\\/uploads\\\/2025\\\/06\\\/Ein-Logo-fuer-einen-Onlineshop-mit-Spielzeug.-Der-Buchstabe-D-soll-drauf-sein.-Farblich_-Gruen-Warmgelb-und-Lachs.-Und-bitte-als-ausgeschnittene-Datei-Photoroom-2.png?fit=1120%2C1120&ssl=1\",\"contentUrl\":\"https:\\\/\\\/i0.wp.com\\\/shop24.dietz-ih.de\\\/wp-content\\\/uploads\\\/2025\\\/06\\\/Ein-Logo-fuer-einen-Onlineshop-mit-Spielzeug.-Der-Buchstabe-D-soll-drauf-sein.-Farblich_-Gruen-Warmgelb-und-Lachs.-Und-bitte-als-ausgeschnittene-Datei-Photoroom-2.png?fit=1120%2C1120&ssl=1\",\"width\":1120,\"height\":1120,\"caption\":\"Dietz-Internethandel\"},\"image\":{\"@id\":\"https:\\\/\\\/shop24.dietz-ih.de\\\/#\\\/schema\\\/logo\\\/image\\\/\"},\"sameAs\":[\"https:\\\/\\\/www.facebook.com\\\/profile.php?id=100081292915783\",\"https:\\\/\\\/www.instagram.com\\\/dietz_internethandel\\\/\"]}]}<\/script>\n<!-- \/ Yoast SEO plugin. -->","yoast_head_json":{"title":"LEGO\u00ae Art 31217 Fauna Collection - Tiger - Dietz-Internethandel","description":"LEGO\u00ae Art 31217 Fauna Collection - Tiger ein kreatives 3D-Kunstwerk mit floralen Details zum Aufstellen oder Aufh\u00e4ngen. F\u00fcr Natur- und Designliebhaber!","robots":{"index":"index","follow":"follow","max-snippet":"max-snippet:-1","max-image-preview":"max-image-preview:large","max-video-preview":"max-video-preview:-1"},"canonical":"https:\/\/shop24.dietz-ih.de\/?product=lego-art-31217-fauna-collection-tiger","og_locale":"de_DE","og_type":"article","og_title":"LEGO\u00ae Art 31217 Fauna Collection - Tiger - Dietz-Internethandel","og_description":"LEGO\u00ae Art 31217 Fauna Collection - Tiger ein kreatives 3D-Kunstwerk mit floralen Details zum Aufstellen oder Aufh\u00e4ngen. F\u00fcr Natur- und Designliebhaber!","og_url":"https:\/\/shop24.dietz-ih.de\/?product=lego-art-31217-fauna-collection-tiger","og_site_name":"Dietz-Internethandel","article_publisher":"https:\/\/www.facebook.com\/profile.php?id=100081292915783","article_modified_time":"2026-01-19T12:38:42+00:00","og_image":[{"width":600,"height":600,"url":"https:\/\/shop24.dietz-ih.de\/wp-content\/uploads\/2025\/07\/LEGO_31217_1_ergebnis.jpg","type":"image\/jpeg"}],"twitter_card":"summary_large_image","twitter_misc":{"Gesch\u00e4tzte Lesezeit":"2\u00a0Minuten"},"schema":{"@context":"https:\/\/schema.org","@graph":[{"@type":"WebPage","@id":"https:\/\/shop24.dietz-ih.de\/?product=lego-art-31217-fauna-collection-tiger","url":"https:\/\/shop24.dietz-ih.de\/?product=lego-art-31217-fauna-collection-tiger","name":"LEGO\u00ae Art 31217 Fauna Collection - Tiger - Dietz-Internethandel","isPartOf":{"@id":"https:\/\/shop24.dietz-ih.de\/#website"},"primaryImageOfPage":{"@id":"https:\/\/shop24.dietz-ih.de\/?product=lego-art-31217-fauna-collection-tiger#primaryimage"},"image":{"@id":"https:\/\/shop24.dietz-ih.de\/?product=lego-art-31217-fauna-collection-tiger#primaryimage"},"thumbnailUrl":"https:\/\/i0.wp.com\/shop24.dietz-ih.de\/wp-content\/uploads\/2025\/07\/LEGO_31217_1_ergebnis.jpg?fit=600%2C600&ssl=1","datePublished":"2025-07-09T12:10:42+00:00","dateModified":"2026-01-19T12:38:42+00:00","description":"LEGO\u00ae Art 31217 Fauna Collection - Tiger ein kreatives 3D-Kunstwerk mit floralen Details zum Aufstellen oder Aufh\u00e4ngen. F\u00fcr Natur- und Designliebhaber!","breadcrumb":{"@id":"https:\/\/shop24.dietz-ih.de\/?product=lego-art-31217-fauna-collection-tiger#breadcrumb"},"inLanguage":"de","potentialAction":[{"@type":"ReadAction","target":["https:\/\/shop24.dietz-ih.de\/?product=lego-art-31217-fauna-collection-tiger"]}]},{"@type":"ImageObject","inLanguage":"de","@id":"https:\/\/shop24.dietz-ih.de\/?product=lego-art-31217-fauna-collection-tiger#primaryimage","url":"https:\/\/i0.wp.com\/shop24.dietz-ih.de\/wp-content\/uploads\/2025\/07\/LEGO_31217_1_ergebnis.jpg?fit=600%2C600&ssl=1","contentUrl":"https:\/\/i0.wp.com\/shop24.dietz-ih.de\/wp-content\/uploads\/2025\/07\/LEGO_31217_1_ergebnis.jpg?fit=600%2C600&ssl=1","width":600,"height":600},{"@type":"BreadcrumbList","@id":"https:\/\/shop24.dietz-ih.de\/?product=lego-art-31217-fauna-collection-tiger#breadcrumb","itemListElement":[{"@type":"ListItem","position":1,"name":"Startseite","item":"https:\/\/shop24.dietz-ih.de\/"},{"@type":"ListItem","position":2,"name":"Shop","item":"https:\/\/shop24.dietz-ih.de\/?page_id=7"},{"@type":"ListItem","position":3,"name":"LEGO\u00ae Art 31217 Fauna Collection &#8211; Tiger"}]},{"@type":"WebSite","@id":"https:\/\/shop24.dietz-ih.de\/#website","url":"https:\/\/shop24.dietz-ih.de\/","name":"Dietz-Internethandel","description":"","publisher":{"@id":"https:\/\/shop24.dietz-ih.de\/#organization"},"potentialAction":[{"@type":"SearchAction","target":{"@type":"EntryPoint","urlTemplate":"https:\/\/shop24.dietz-ih.de\/?s={search_term_string}"},"query-input":{"@type":"PropertyValueSpecification","valueRequired":true,"valueName":"search_term_string"}}],"inLanguage":"de"},{"@type":"Organization","@id":"https:\/\/shop24.dietz-ih.de\/#organization","name":"Dietz-Internethandel","url":"https:\/\/shop24.dietz-ih.de\/","logo":{"@type":"ImageObject","inLanguage":"de","@id":"https:\/\/shop24.dietz-ih.de\/#\/schema\/logo\/image\/","url":"https:\/\/i0.wp.com\/shop24.dietz-ih.de\/wp-content\/uploads\/2025\/06\/Ein-Logo-fuer-einen-Onlineshop-mit-Spielzeug.-Der-Buchstabe-D-soll-drauf-sein.-Farblich_-Gruen-Warmgelb-und-Lachs.-Und-bitte-als-ausgeschnittene-Datei-Photoroom-2.png?fit=1120%2C1120&ssl=1","contentUrl":"https:\/\/i0.wp.com\/shop24.dietz-ih.de\/wp-content\/uploads\/2025\/06\/Ein-Logo-fuer-einen-Onlineshop-mit-Spielzeug.-Der-Buchstabe-D-soll-drauf-sein.-Farblich_-Gruen-Warmgelb-und-Lachs.-Und-bitte-als-ausgeschnittene-Datei-Photoroom-2.png?fit=1120%2C1120&ssl=1","width":1120,"height":1120,"caption":"Dietz-Internethandel"},"image":{"@id":"https:\/\/shop24.dietz-ih.de\/#\/schema\/logo\/image\/"},"sameAs":["https:\/\/www.facebook.com\/profile.php?id=100081292915783","https:\/\/www.instagram.com\/dietz_internethandel\/"]}]}},"uagb_featured_image_src":{"full":["https:\/\/i0.wp.com\/shop24.dietz-ih.de\/wp-content\/uploads\/2025\/07\/LEGO_31217_1_ergebnis.jpg?fit=600%2C600&ssl=1",600,600,false],"thumbnail":["https:\/\/i0.wp.com\/shop24.dietz-ih.de\/wp-content\/uploads\/2025\/07\/LEGO_31217_1_ergebnis.jpg?resize=150%2C150&ssl=1",150,150,true],"medium":["https:\/\/i0.wp.com\/shop24.dietz-ih.de\/wp-content\/uploads\/2025\/07\/LEGO_31217_1_ergebnis.jpg?fit=300%2C300&ssl=1",300,300,true],"medium_large":["https:\/\/i0.wp.com\/shop24.dietz-ih.de\/wp-content\/uploads\/2025\/07\/LEGO_31217_1_ergebnis.jpg?fit=600%2C600&ssl=1",600,600,true],"large":["https:\/\/i0.wp.com\/shop24.dietz-ih.de\/wp-content\/uploads\/2025\/07\/LEGO_31217_1_ergebnis.jpg?fit=600%2C600&ssl=1",600,600,true],"gs-tiny":["https:\/\/i0.wp.com\/shop24.dietz-ih.de\/wp-content\/uploads\/2025\/07\/LEGO_31217_1_ergebnis.jpg?fit=50%2C50&ssl=1",50,50,true],"xl":["https:\/\/i0.wp.com\/shop24.dietz-ih.de\/wp-content\/uploads\/2025\/07\/LEGO_31217_1_ergebnis.jpg?fit=600%2C600&ssl=1",600,600,true],"xxl":["https:\/\/i0.wp.com\/shop24.dietz-ih.de\/wp-content\/uploads\/2025\/07\/LEGO_31217_1_ergebnis.jpg?fit=600%2C600&ssl=1",600,600,true],"xxxl":["https:\/\/i0.wp.com\/shop24.dietz-ih.de\/wp-content\/uploads\/2025\/07\/LEGO_31217_1_ergebnis.jpg?fit=600%2C600&ssl=1",600,600,true],"xxxxl":["https:\/\/i0.wp.com\/shop24.dietz-ih.de\/wp-content\/uploads\/2025\/07\/LEGO_31217_1_ergebnis.jpg?fit=600%2C600&ssl=1",600,600,true],"xxxxxl":["https:\/\/i0.wp.com\/shop24.dietz-ih.de\/wp-content\/uploads\/2025\/07\/LEGO_31217_1_ergebnis.jpg?fit=600%2C600&ssl=1",600,600,true],"1536x1536":["https:\/\/i0.wp.com\/shop24.dietz-ih.de\/wp-content\/uploads\/2025\/07\/LEGO_31217_1_ergebnis.jpg?fit=600%2C600&ssl=1",600,600,true],"2048x2048":["https:\/\/i0.wp.com\/shop24.dietz-ih.de\/wp-content\/uploads\/2025\/07\/LEGO_31217_1_ergebnis.jpg?fit=600%2C600&ssl=1",600,600,true],"woocommerce_thumbnail":["https:\/\/i0.wp.com\/shop24.dietz-ih.de\/wp-content\/uploads\/2025\/07\/LEGO_31217_1_ergebnis.jpg?resize=600%2C600&ssl=1",600,600,true],"woocommerce_single":["https:\/\/i0.wp.com\/shop24.dietz-ih.de\/wp-content\/uploads\/2025\/07\/LEGO_31217_1_ergebnis.jpg?fit=600%2C600&ssl=1",600,600,true],"woocommerce_gallery_thumbnail":["https:\/\/i0.wp.com\/shop24.dietz-ih.de\/wp-content\/uploads\/2025\/07\/LEGO_31217_1_ergebnis.jpg?resize=100%2C100&ssl=1",100,100,true]},"uagb_author_info":{"display_name":"admin","author_link":"https:\/\/shop24.dietz-ih.de\/?author=0"},"uagb_comment_info":0,"uagb_excerpt":"Tauche ein in die faszinierende Welt der Natur mit dem LEGO\u00ae Art 31217 Fauna Collection - Tiger. Dieses kunstvolle Bauset l\u00e4sst dich einen majest\u00e4tischen Tigerkopf erschaffen, der von leuchtenden Blumen umgeben ist \u2013 ein Symbol f\u00fcr St\u00e4rke, Sch\u00f6nheit und Harmonie. Mit jedem Stein w\u00e4chst nicht nur dein Kunstwerk, sondern auch deine Begeisterung. Ob als ausdrucksstarke&hellip;","jetpack_sharing_enabled":true,"_links":{"self":[{"href":"https:\/\/shop24.dietz-ih.de\/index.php?rest_route=\/wp\/v2\/product\/635","targetHints":{"allow":["GET"]}}],"collection":[{"href":"https:\/\/shop24.dietz-ih.de\/index.php?rest_route=\/wp\/v2\/product"}],"about":[{"href":"https:\/\/shop24.dietz-ih.de\/index.php?rest_route=\/wp\/v2\/types\/product"}],"replies":[{"embeddable":true,"href":"https:\/\/shop24.dietz-ih.de\/index.php?rest_route=%2Fwp%2Fv2%2Fcomments&post=635"}],"wp:featuredmedia":[{"embeddable":true,"href":"https:\/\/shop24.dietz-ih.de\/index.php?rest_route=\/wp\/v2\/media\/636"}],"wp:attachment":[{"href":"https:\/\/shop24.dietz-ih.de\/index.php?rest_route=%2Fwp%2Fv2%2Fmedia&parent=635"}],"wp:term":[{"taxonomy":"product_brand","embeddable":true,"href":"https:\/\/shop24.dietz-ih.de\/index.php?rest_route=%2Fwp%2Fv2%2Fproduct_brand&post=635"},{"taxonomy":"product_cat","embeddable":true,"href":"https:\/\/shop24.dietz-ih.de\/index.php?rest_route=%2Fwp%2Fv2%2Fproduct_cat&post=635"},{"taxonomy":"product_tag","embeddable":true,"href":"https:\/\/shop24.dietz-ih.de\/index.php?rest_route=%2Fwp%2Fv2%2Fproduct_tag&post=635"}],"curies":[{"name":"wp","href":"https:\/\/api.w.org\/{rel}","templated":true}]}}