{"id":670,"date":"2025-07-10T12:47:02","date_gmt":"2025-07-10T10:47:02","guid":{"rendered":"https:\/\/shop24.dietz-ih.de\/?post_type=product&#038;p=670"},"modified":"2026-01-19T13:39:32","modified_gmt":"2026-01-19T12:39:32","slug":"lego-fortnite-77075-das-lager-von-schali-und-der-zuendkerzenkuenstlerin","status":"publish","type":"product","link":"https:\/\/shop24.dietz-ih.de\/?product=lego-fortnite-77075-das-lager-von-schali-und-der-zuendkerzenkuenstlerin","title":{"rendered":"LEGO\u00ae Fortnite 77075 Das Lager von Schali und der Z\u00fcndkerzenk\u00fcnstlerin"},"content":{"rendered":"<p data-start=\"144\" data-end=\"283\"><strong>LEGO\u00ae Fortnite 77075 Das Lager von Schali und der Z\u00fcndkerzenk\u00fcnstlerin<\/strong><\/p>\n<p>Mit dem <strong>LEGO\u00ae Fortnite 77075 Das Lager von Schali und der Z\u00fcndkerzenk\u00fcnstlerin<\/strong> bringst du die Welt des beliebten Videospiels direkt ins Kinderzimmer! Inspiriert vom neuen LEGO Fortnite Odyssey Spiel erleben Kinder ab 7 Jahren ein fantasievolles Abenteuer mit vielen coolen Details und ikonischen Figuren. Ob beim Bauen der geheimnisvollen Ruinen oder beim Entfachen des Lagerfeuers \u2013 hier beginnt die Geschichte mit deinen eigenen H\u00e4nden.<\/p>\n<p>Das <strong>250-teilige Set<\/strong> enth\u00e4lt alles, was kleine Baumeisterinnen und Baumeister f\u00fcr spannende Abenteuer und actionreiche Rollenspiele brauchen. Mit den detailreichen Minifiguren <em>Schali<\/em>, <em>der Z\u00fcndkerzenk\u00fcnstlerin<\/em> und einem <em>Skelett<\/em> lassen sich viele Szenen aus dem Spiel nachstellen. Besonders lebendig wird das Spiel durch die beweglichen Elemente: Der <strong>Wolf<\/strong> kann Schwanz und Beine bewegen und sorgt f\u00fcr zus\u00e4tzliche Spannung beim Spielen.<\/p>\n<p>Ob als Geschenk f\u00fcr Gamer, LEGO-Fans oder kreative Kinder: Dieses Set ist ideal f\u00fcr alle, die digitales und analoges Spielvergn\u00fcgen verbinden m\u00f6chten. Und das Beste: Kombiniere Set mit anderen LEGO Fortnite Sets und baue dein eigenes gro\u00dfes Abenteuer-Display!<\/p>\n<p>Dank der <strong>LEGO\u00ae Builder App<\/strong> wird das Bauvergn\u00fcgen noch intuitiver. Die App erm\u00f6glicht 3D-Ansichten, Zoomfunktionen und hilft, den Baufortschritt kinderleicht zu verfolgen \u2013 ideal f\u00fcr junge Ingenieure und kreative K\u00f6pfe.<\/p>\n<p data-start=\"1563\" data-end=\"1586\"><strong data-start=\"1563\" data-end=\"1586\">Produkt-Highlights:<\/strong><\/p>\n<ul data-start=\"1587\" data-end=\"2067\">\n<li data-start=\"1587\" data-end=\"1654\">\n<p data-start=\"1589\" data-end=\"1654\"><strong data-start=\"1589\" data-end=\"1624\">Offizielles LEGO\u00ae Fortnite\u00ae Set<\/strong> zur neuen Odyssey-Spielwelt<\/p>\n<\/li>\n<li data-start=\"1655\" data-end=\"1726\">\n<p data-start=\"1657\" data-end=\"1726\"><strong data-start=\"1657\" data-end=\"1684\">Inklusive 3 Minifiguren<\/strong>: Schali, Z\u00fcndkerzenk\u00fcnstlerin &amp; Skelett<\/p>\n<\/li>\n<li data-start=\"1727\" data-end=\"1793\">\n<p data-start=\"1729\" data-end=\"1793\"><strong data-start=\"1729\" data-end=\"1750\">Tiere zum Spielen<\/strong>: beweglicher Wolf &amp; kultiges Vorratslama<\/p>\n<\/li>\n<li data-start=\"1794\" data-end=\"1886\">\n<p data-start=\"1796\" data-end=\"1886\"><strong data-start=\"1796\" data-end=\"1829\">Interaktive In-Game-Belohnung<\/strong>: Z\u00fcndkerzenk\u00fcnstlerin-Outfit per QR-Code freischaltbar<\/p>\n<\/li>\n<li data-start=\"1887\" data-end=\"1950\">\n<p data-start=\"1889\" data-end=\"1950\"><strong data-start=\"1889\" data-end=\"1915\">Bauspa\u00df mit 250 Teilen<\/strong> \u2013 perfekt f\u00fcr Kinder ab 7 Jahren<\/p>\n<\/li>\n<li data-start=\"1951\" data-end=\"2013\">\n<p data-start=\"1953\" data-end=\"2013\"><strong data-start=\"1953\" data-end=\"1972\">Ma\u00dfe der Ruinen<\/strong>: ca. 9 cm hoch, 10 cm breit, 6 cm tief<\/p>\n<\/li>\n<li data-start=\"2014\" data-end=\"2067\">\n<p data-start=\"2016\" data-end=\"2067\"><strong data-start=\"2016\" data-end=\"2036\">Ideales Geschenk<\/strong> f\u00fcr Fortnite- und LEGO\u00ae-Fans<\/p>\n<\/li>\n<\/ul>\n<p><strong>Erlebe Fortnite zum Bauen, Spielen und Sammeln \u2013 jetzt entdecken!<\/strong><\/p>\n","protected":false},"excerpt":{"rendered":"<p>Tauche ein in die Welt von\u00a0<strong>LEGO\u00ae Fortnite 77075 Das Lager von Schali und der Z\u00fcndkerzenk\u00fcnstlerin<\/strong> bringt dein Lieblingsspiel direkt in dein Kinderzimmer. Baue, spiele und erlebe spannende Abenteuer mit ikonischen Charakteren, einem beweglichen Wolf, dem beliebten Vorratslama und geheimnisvollen Ruinen. Dieses Set ist mehr als nur ein Bauprojekt \u2013 es ist der Start deines ganz eigenen Fortnite-Abenteuers in der echten Welt. Als besonderes Extra wartet ein exklusives In-Game-Outfit auf dich! Perfekt f\u00fcr kreative Kids, begeisterte Gamer und alle, die Spielwelten zum Leben erwecken m\u00f6chten. Hol dir jetzt das Abenteuer nach Hause!<\/p>\n","protected":false},"featured_media":671,"comment_status":"open","ping_status":"closed","template":"","meta":{"_coblocks_attr":"","_coblocks_dimensions":"","_coblocks_responsive_height":"","_coblocks_accordion_ie_support":"","_eb_attr":"","_uag_custom_page_level_css":""},"product_brand":[158],"product_cat":[15],"product_tag":[245,242,163,241,243,244],"class_list":{"0":"post-670","1":"product","2":"type-product","3":"status-publish","4":"has-post-thumbnail","6":"product_brand-lego","7":"product_cat-lego","8":"product_tag-245","9":"product_tag-fortnite","10":"product_tag-lego","11":"product_tag-legofortnite","12":"product_tag-schali","13":"product_tag-zuendkerzenkuenstlerin","15":"first","16":"outofstock","17":"taxable","18":"shipping-taxable","19":"purchasable","20":"product-type-simple"},"yoast_head":"<!-- This site is optimized with the Yoast SEO plugin v27.4 - https:\/\/yoast.com\/product\/yoast-seo-wordpress\/ -->\n<title>LEGO\u00ae Fortnite 77075 Das Lager von Schali und der Z\u00fcndkerzenk\u00fcnstlerin - Dietz-Internethandel<\/title>\n<meta name=\"description\" content=\"Entdecke den LEGO\u00ae Fortnite 77075 Das Lager von Schali und der Z\u00fcndkerzenk\u00fcnstlerin. Das perfekte Geschenk f\u00fcr junge Auto- und LEGO-Fans!\" \/>\n<meta name=\"robots\" content=\"index, follow, max-snippet:-1, max-image-preview:large, max-video-preview:-1\" \/>\n<link rel=\"canonical\" href=\"https:\/\/shop24.dietz-ih.de\/?product=lego-fortnite-77075-das-lager-von-schali-und-der-zuendkerzenkuenstlerin\" \/>\n<meta property=\"og:locale\" content=\"de_DE\" \/>\n<meta property=\"og:type\" content=\"article\" \/>\n<meta property=\"og:title\" content=\"LEGO\u00ae Fortnite 77075 Das Lager von Schali und der Z\u00fcndkerzenk\u00fcnstlerin - Dietz-Internethandel\" \/>\n<meta property=\"og:description\" content=\"Entdecke den LEGO\u00ae Fortnite 77075 Das Lager von Schali und der Z\u00fcndkerzenk\u00fcnstlerin. Das perfekte Geschenk f\u00fcr junge Auto- und LEGO-Fans!\" \/>\n<meta property=\"og:url\" content=\"https:\/\/shop24.dietz-ih.de\/?product=lego-fortnite-77075-das-lager-von-schali-und-der-zuendkerzenkuenstlerin\" \/>\n<meta property=\"og:site_name\" content=\"Dietz-Internethandel\" \/>\n<meta property=\"article:publisher\" content=\"https:\/\/www.facebook.com\/profile.php?id=100081292915783\" \/>\n<meta property=\"article:modified_time\" content=\"2026-01-19T12:39:32+00:00\" \/>\n<meta property=\"og:image\" content=\"https:\/\/shop24.dietz-ih.de\/wp-content\/uploads\/2025\/07\/LEGO_77075_1_ergebnis.jpg\" \/>\n\t<meta property=\"og:image:width\" content=\"600\" \/>\n\t<meta property=\"og:image:height\" content=\"600\" \/>\n\t<meta property=\"og:image:type\" content=\"image\/jpeg\" \/>\n<meta name=\"twitter:card\" content=\"summary_large_image\" \/>\n<meta name=\"twitter:label1\" content=\"Gesch\u00e4tzte Lesezeit\" \/>\n\t<meta name=\"twitter:data1\" content=\"2\u00a0Minuten\" \/>\n<script type=\"application\/ld+json\" class=\"yoast-schema-graph\">{\"@context\":\"https:\\\/\\\/schema.org\",\"@graph\":[{\"@type\":\"WebPage\",\"@id\":\"https:\\\/\\\/shop24.dietz-ih.de\\\/?product=lego-fortnite-77075-das-lager-von-schali-und-der-zuendkerzenkuenstlerin\",\"url\":\"https:\\\/\\\/shop24.dietz-ih.de\\\/?product=lego-fortnite-77075-das-lager-von-schali-und-der-zuendkerzenkuenstlerin\",\"name\":\"LEGO\u00ae Fortnite 77075 Das Lager von Schali und der Z\u00fcndkerzenk\u00fcnstlerin - Dietz-Internethandel\",\"isPartOf\":{\"@id\":\"https:\\\/\\\/shop24.dietz-ih.de\\\/#website\"},\"primaryImageOfPage\":{\"@id\":\"https:\\\/\\\/shop24.dietz-ih.de\\\/?product=lego-fortnite-77075-das-lager-von-schali-und-der-zuendkerzenkuenstlerin#primaryimage\"},\"image\":{\"@id\":\"https:\\\/\\\/shop24.dietz-ih.de\\\/?product=lego-fortnite-77075-das-lager-von-schali-und-der-zuendkerzenkuenstlerin#primaryimage\"},\"thumbnailUrl\":\"https:\\\/\\\/i0.wp.com\\\/shop24.dietz-ih.de\\\/wp-content\\\/uploads\\\/2025\\\/07\\\/LEGO_77075_1_ergebnis.jpg?fit=600%2C600&ssl=1\",\"datePublished\":\"2025-07-10T10:47:02+00:00\",\"dateModified\":\"2026-01-19T12:39:32+00:00\",\"description\":\"Entdecke den LEGO\u00ae Fortnite 77075 Das Lager von Schali und der Z\u00fcndkerzenk\u00fcnstlerin. Das perfekte Geschenk f\u00fcr junge Auto- und LEGO-Fans!\",\"breadcrumb\":{\"@id\":\"https:\\\/\\\/shop24.dietz-ih.de\\\/?product=lego-fortnite-77075-das-lager-von-schali-und-der-zuendkerzenkuenstlerin#breadcrumb\"},\"inLanguage\":\"de\",\"potentialAction\":[{\"@type\":\"ReadAction\",\"target\":[\"https:\\\/\\\/shop24.dietz-ih.de\\\/?product=lego-fortnite-77075-das-lager-von-schali-und-der-zuendkerzenkuenstlerin\"]}]},{\"@type\":\"ImageObject\",\"inLanguage\":\"de\",\"@id\":\"https:\\\/\\\/shop24.dietz-ih.de\\\/?product=lego-fortnite-77075-das-lager-von-schali-und-der-zuendkerzenkuenstlerin#primaryimage\",\"url\":\"https:\\\/\\\/i0.wp.com\\\/shop24.dietz-ih.de\\\/wp-content\\\/uploads\\\/2025\\\/07\\\/LEGO_77075_1_ergebnis.jpg?fit=600%2C600&ssl=1\",\"contentUrl\":\"https:\\\/\\\/i0.wp.com\\\/shop24.dietz-ih.de\\\/wp-content\\\/uploads\\\/2025\\\/07\\\/LEGO_77075_1_ergebnis.jpg?fit=600%2C600&ssl=1\",\"width\":600,\"height\":600},{\"@type\":\"BreadcrumbList\",\"@id\":\"https:\\\/\\\/shop24.dietz-ih.de\\\/?product=lego-fortnite-77075-das-lager-von-schali-und-der-zuendkerzenkuenstlerin#breadcrumb\",\"itemListElement\":[{\"@type\":\"ListItem\",\"position\":1,\"name\":\"Startseite\",\"item\":\"https:\\\/\\\/shop24.dietz-ih.de\\\/\"},{\"@type\":\"ListItem\",\"position\":2,\"name\":\"Shop\",\"item\":\"https:\\\/\\\/shop24.dietz-ih.de\\\/?page_id=7\"},{\"@type\":\"ListItem\",\"position\":3,\"name\":\"LEGO\u00ae Fortnite 77075 Das Lager von Schali und der Z\u00fcndkerzenk\u00fcnstlerin\"}]},{\"@type\":\"WebSite\",\"@id\":\"https:\\\/\\\/shop24.dietz-ih.de\\\/#website\",\"url\":\"https:\\\/\\\/shop24.dietz-ih.de\\\/\",\"name\":\"Dietz-Internethandel\",\"description\":\"\",\"publisher\":{\"@id\":\"https:\\\/\\\/shop24.dietz-ih.de\\\/#organization\"},\"potentialAction\":[{\"@type\":\"SearchAction\",\"target\":{\"@type\":\"EntryPoint\",\"urlTemplate\":\"https:\\\/\\\/shop24.dietz-ih.de\\\/?s={search_term_string}\"},\"query-input\":{\"@type\":\"PropertyValueSpecification\",\"valueRequired\":true,\"valueName\":\"search_term_string\"}}],\"inLanguage\":\"de\"},{\"@type\":\"Organization\",\"@id\":\"https:\\\/\\\/shop24.dietz-ih.de\\\/#organization\",\"name\":\"Dietz-Internethandel\",\"url\":\"https:\\\/\\\/shop24.dietz-ih.de\\\/\",\"logo\":{\"@type\":\"ImageObject\",\"inLanguage\":\"de\",\"@id\":\"https:\\\/\\\/shop24.dietz-ih.de\\\/#\\\/schema\\\/logo\\\/image\\\/\",\"url\":\"https:\\\/\\\/i0.wp.com\\\/shop24.dietz-ih.de\\\/wp-content\\\/uploads\\\/2025\\\/06\\\/Ein-Logo-fuer-einen-Onlineshop-mit-Spielzeug.-Der-Buchstabe-D-soll-drauf-sein.-Farblich_-Gruen-Warmgelb-und-Lachs.-Und-bitte-als-ausgeschnittene-Datei-Photoroom-2.png?fit=1120%2C1120&ssl=1\",\"contentUrl\":\"https:\\\/\\\/i0.wp.com\\\/shop24.dietz-ih.de\\\/wp-content\\\/uploads\\\/2025\\\/06\\\/Ein-Logo-fuer-einen-Onlineshop-mit-Spielzeug.-Der-Buchstabe-D-soll-drauf-sein.-Farblich_-Gruen-Warmgelb-und-Lachs.-Und-bitte-als-ausgeschnittene-Datei-Photoroom-2.png?fit=1120%2C1120&ssl=1\",\"width\":1120,\"height\":1120,\"caption\":\"Dietz-Internethandel\"},\"image\":{\"@id\":\"https:\\\/\\\/shop24.dietz-ih.de\\\/#\\\/schema\\\/logo\\\/image\\\/\"},\"sameAs\":[\"https:\\\/\\\/www.facebook.com\\\/profile.php?id=100081292915783\",\"https:\\\/\\\/www.instagram.com\\\/dietz_internethandel\\\/\"]}]}<\/script>\n<!-- \/ Yoast SEO plugin. -->","yoast_head_json":{"title":"LEGO\u00ae Fortnite 77075 Das Lager von Schali und der Z\u00fcndkerzenk\u00fcnstlerin - Dietz-Internethandel","description":"Entdecke den LEGO\u00ae Fortnite 77075 Das Lager von Schali und der Z\u00fcndkerzenk\u00fcnstlerin. Das perfekte Geschenk f\u00fcr junge Auto- und LEGO-Fans!","robots":{"index":"index","follow":"follow","max-snippet":"max-snippet:-1","max-image-preview":"max-image-preview:large","max-video-preview":"max-video-preview:-1"},"canonical":"https:\/\/shop24.dietz-ih.de\/?product=lego-fortnite-77075-das-lager-von-schali-und-der-zuendkerzenkuenstlerin","og_locale":"de_DE","og_type":"article","og_title":"LEGO\u00ae Fortnite 77075 Das Lager von Schali und der Z\u00fcndkerzenk\u00fcnstlerin - Dietz-Internethandel","og_description":"Entdecke den LEGO\u00ae Fortnite 77075 Das Lager von Schali und der Z\u00fcndkerzenk\u00fcnstlerin. Das perfekte Geschenk f\u00fcr junge Auto- und LEGO-Fans!","og_url":"https:\/\/shop24.dietz-ih.de\/?product=lego-fortnite-77075-das-lager-von-schali-und-der-zuendkerzenkuenstlerin","og_site_name":"Dietz-Internethandel","article_publisher":"https:\/\/www.facebook.com\/profile.php?id=100081292915783","article_modified_time":"2026-01-19T12:39:32+00:00","og_image":[{"width":600,"height":600,"url":"https:\/\/shop24.dietz-ih.de\/wp-content\/uploads\/2025\/07\/LEGO_77075_1_ergebnis.jpg","type":"image\/jpeg"}],"twitter_card":"summary_large_image","twitter_misc":{"Gesch\u00e4tzte Lesezeit":"2\u00a0Minuten"},"schema":{"@context":"https:\/\/schema.org","@graph":[{"@type":"WebPage","@id":"https:\/\/shop24.dietz-ih.de\/?product=lego-fortnite-77075-das-lager-von-schali-und-der-zuendkerzenkuenstlerin","url":"https:\/\/shop24.dietz-ih.de\/?product=lego-fortnite-77075-das-lager-von-schali-und-der-zuendkerzenkuenstlerin","name":"LEGO\u00ae Fortnite 77075 Das Lager von Schali und der Z\u00fcndkerzenk\u00fcnstlerin - Dietz-Internethandel","isPartOf":{"@id":"https:\/\/shop24.dietz-ih.de\/#website"},"primaryImageOfPage":{"@id":"https:\/\/shop24.dietz-ih.de\/?product=lego-fortnite-77075-das-lager-von-schali-und-der-zuendkerzenkuenstlerin#primaryimage"},"image":{"@id":"https:\/\/shop24.dietz-ih.de\/?product=lego-fortnite-77075-das-lager-von-schali-und-der-zuendkerzenkuenstlerin#primaryimage"},"thumbnailUrl":"https:\/\/i0.wp.com\/shop24.dietz-ih.de\/wp-content\/uploads\/2025\/07\/LEGO_77075_1_ergebnis.jpg?fit=600%2C600&ssl=1","datePublished":"2025-07-10T10:47:02+00:00","dateModified":"2026-01-19T12:39:32+00:00","description":"Entdecke den LEGO\u00ae Fortnite 77075 Das Lager von Schali und der Z\u00fcndkerzenk\u00fcnstlerin. Das perfekte Geschenk f\u00fcr junge Auto- und LEGO-Fans!","breadcrumb":{"@id":"https:\/\/shop24.dietz-ih.de\/?product=lego-fortnite-77075-das-lager-von-schali-und-der-zuendkerzenkuenstlerin#breadcrumb"},"inLanguage":"de","potentialAction":[{"@type":"ReadAction","target":["https:\/\/shop24.dietz-ih.de\/?product=lego-fortnite-77075-das-lager-von-schali-und-der-zuendkerzenkuenstlerin"]}]},{"@type":"ImageObject","inLanguage":"de","@id":"https:\/\/shop24.dietz-ih.de\/?product=lego-fortnite-77075-das-lager-von-schali-und-der-zuendkerzenkuenstlerin#primaryimage","url":"https:\/\/i0.wp.com\/shop24.dietz-ih.de\/wp-content\/uploads\/2025\/07\/LEGO_77075_1_ergebnis.jpg?fit=600%2C600&ssl=1","contentUrl":"https:\/\/i0.wp.com\/shop24.dietz-ih.de\/wp-content\/uploads\/2025\/07\/LEGO_77075_1_ergebnis.jpg?fit=600%2C600&ssl=1","width":600,"height":600},{"@type":"BreadcrumbList","@id":"https:\/\/shop24.dietz-ih.de\/?product=lego-fortnite-77075-das-lager-von-schali-und-der-zuendkerzenkuenstlerin#breadcrumb","itemListElement":[{"@type":"ListItem","position":1,"name":"Startseite","item":"https:\/\/shop24.dietz-ih.de\/"},{"@type":"ListItem","position":2,"name":"Shop","item":"https:\/\/shop24.dietz-ih.de\/?page_id=7"},{"@type":"ListItem","position":3,"name":"LEGO\u00ae Fortnite 77075 Das Lager von Schali und der Z\u00fcndkerzenk\u00fcnstlerin"}]},{"@type":"WebSite","@id":"https:\/\/shop24.dietz-ih.de\/#website","url":"https:\/\/shop24.dietz-ih.de\/","name":"Dietz-Internethandel","description":"","publisher":{"@id":"https:\/\/shop24.dietz-ih.de\/#organization"},"potentialAction":[{"@type":"SearchAction","target":{"@type":"EntryPoint","urlTemplate":"https:\/\/shop24.dietz-ih.de\/?s={search_term_string}"},"query-input":{"@type":"PropertyValueSpecification","valueRequired":true,"valueName":"search_term_string"}}],"inLanguage":"de"},{"@type":"Organization","@id":"https:\/\/shop24.dietz-ih.de\/#organization","name":"Dietz-Internethandel","url":"https:\/\/shop24.dietz-ih.de\/","logo":{"@type":"ImageObject","inLanguage":"de","@id":"https:\/\/shop24.dietz-ih.de\/#\/schema\/logo\/image\/","url":"https:\/\/i0.wp.com\/shop24.dietz-ih.de\/wp-content\/uploads\/2025\/06\/Ein-Logo-fuer-einen-Onlineshop-mit-Spielzeug.-Der-Buchstabe-D-soll-drauf-sein.-Farblich_-Gruen-Warmgelb-und-Lachs.-Und-bitte-als-ausgeschnittene-Datei-Photoroom-2.png?fit=1120%2C1120&ssl=1","contentUrl":"https:\/\/i0.wp.com\/shop24.dietz-ih.de\/wp-content\/uploads\/2025\/06\/Ein-Logo-fuer-einen-Onlineshop-mit-Spielzeug.-Der-Buchstabe-D-soll-drauf-sein.-Farblich_-Gruen-Warmgelb-und-Lachs.-Und-bitte-als-ausgeschnittene-Datei-Photoroom-2.png?fit=1120%2C1120&ssl=1","width":1120,"height":1120,"caption":"Dietz-Internethandel"},"image":{"@id":"https:\/\/shop24.dietz-ih.de\/#\/schema\/logo\/image\/"},"sameAs":["https:\/\/www.facebook.com\/profile.php?id=100081292915783","https:\/\/www.instagram.com\/dietz_internethandel\/"]}]}},"uagb_featured_image_src":{"full":["https:\/\/i0.wp.com\/shop24.dietz-ih.de\/wp-content\/uploads\/2025\/07\/LEGO_77075_1_ergebnis.jpg?fit=600%2C600&ssl=1",600,600,false],"thumbnail":["https:\/\/i0.wp.com\/shop24.dietz-ih.de\/wp-content\/uploads\/2025\/07\/LEGO_77075_1_ergebnis.jpg?resize=150%2C150&ssl=1",150,150,true],"medium":["https:\/\/i0.wp.com\/shop24.dietz-ih.de\/wp-content\/uploads\/2025\/07\/LEGO_77075_1_ergebnis.jpg?fit=300%2C300&ssl=1",300,300,true],"medium_large":["https:\/\/i0.wp.com\/shop24.dietz-ih.de\/wp-content\/uploads\/2025\/07\/LEGO_77075_1_ergebnis.jpg?fit=600%2C600&ssl=1",600,600,true],"large":["https:\/\/i0.wp.com\/shop24.dietz-ih.de\/wp-content\/uploads\/2025\/07\/LEGO_77075_1_ergebnis.jpg?fit=600%2C600&ssl=1",600,600,true],"gs-tiny":["https:\/\/i0.wp.com\/shop24.dietz-ih.de\/wp-content\/uploads\/2025\/07\/LEGO_77075_1_ergebnis.jpg?fit=50%2C50&ssl=1",50,50,true],"xl":["https:\/\/i0.wp.com\/shop24.dietz-ih.de\/wp-content\/uploads\/2025\/07\/LEGO_77075_1_ergebnis.jpg?fit=600%2C600&ssl=1",600,600,true],"xxl":["https:\/\/i0.wp.com\/shop24.dietz-ih.de\/wp-content\/uploads\/2025\/07\/LEGO_77075_1_ergebnis.jpg?fit=600%2C600&ssl=1",600,600,true],"xxxl":["https:\/\/i0.wp.com\/shop24.dietz-ih.de\/wp-content\/uploads\/2025\/07\/LEGO_77075_1_ergebnis.jpg?fit=600%2C600&ssl=1",600,600,true],"xxxxl":["https:\/\/i0.wp.com\/shop24.dietz-ih.de\/wp-content\/uploads\/2025\/07\/LEGO_77075_1_ergebnis.jpg?fit=600%2C600&ssl=1",600,600,true],"xxxxxl":["https:\/\/i0.wp.com\/shop24.dietz-ih.de\/wp-content\/uploads\/2025\/07\/LEGO_77075_1_ergebnis.jpg?fit=600%2C600&ssl=1",600,600,true],"1536x1536":["https:\/\/i0.wp.com\/shop24.dietz-ih.de\/wp-content\/uploads\/2025\/07\/LEGO_77075_1_ergebnis.jpg?fit=600%2C600&ssl=1",600,600,true],"2048x2048":["https:\/\/i0.wp.com\/shop24.dietz-ih.de\/wp-content\/uploads\/2025\/07\/LEGO_77075_1_ergebnis.jpg?fit=600%2C600&ssl=1",600,600,true],"woocommerce_thumbnail":["https:\/\/i0.wp.com\/shop24.dietz-ih.de\/wp-content\/uploads\/2025\/07\/LEGO_77075_1_ergebnis.jpg?resize=600%2C600&ssl=1",600,600,true],"woocommerce_single":["https:\/\/i0.wp.com\/shop24.dietz-ih.de\/wp-content\/uploads\/2025\/07\/LEGO_77075_1_ergebnis.jpg?fit=600%2C600&ssl=1",600,600,true],"woocommerce_gallery_thumbnail":["https:\/\/i0.wp.com\/shop24.dietz-ih.de\/wp-content\/uploads\/2025\/07\/LEGO_77075_1_ergebnis.jpg?resize=100%2C100&ssl=1",100,100,true]},"uagb_author_info":{"display_name":"admin","author_link":"https:\/\/shop24.dietz-ih.de\/?author=0"},"uagb_comment_info":0,"uagb_excerpt":"Tauche ein in die Welt von\u00a0LEGO\u00ae Fortnite 77075 Das Lager von Schali und der Z\u00fcndkerzenk\u00fcnstlerin bringt dein Lieblingsspiel direkt in dein Kinderzimmer. Baue, spiele und erlebe spannende Abenteuer mit ikonischen Charakteren, einem beweglichen Wolf, dem beliebten Vorratslama und geheimnisvollen Ruinen. Dieses Set ist mehr als nur ein Bauprojekt \u2013 es ist der Start deines ganz&hellip;","jetpack_sharing_enabled":true,"_links":{"self":[{"href":"https:\/\/shop24.dietz-ih.de\/index.php?rest_route=\/wp\/v2\/product\/670","targetHints":{"allow":["GET"]}}],"collection":[{"href":"https:\/\/shop24.dietz-ih.de\/index.php?rest_route=\/wp\/v2\/product"}],"about":[{"href":"https:\/\/shop24.dietz-ih.de\/index.php?rest_route=\/wp\/v2\/types\/product"}],"replies":[{"embeddable":true,"href":"https:\/\/shop24.dietz-ih.de\/index.php?rest_route=%2Fwp%2Fv2%2Fcomments&post=670"}],"wp:featuredmedia":[{"embeddable":true,"href":"https:\/\/shop24.dietz-ih.de\/index.php?rest_route=\/wp\/v2\/media\/671"}],"wp:attachment":[{"href":"https:\/\/shop24.dietz-ih.de\/index.php?rest_route=%2Fwp%2Fv2%2Fmedia&parent=670"}],"wp:term":[{"taxonomy":"product_brand","embeddable":true,"href":"https:\/\/shop24.dietz-ih.de\/index.php?rest_route=%2Fwp%2Fv2%2Fproduct_brand&post=670"},{"taxonomy":"product_cat","embeddable":true,"href":"https:\/\/shop24.dietz-ih.de\/index.php?rest_route=%2Fwp%2Fv2%2Fproduct_cat&post=670"},{"taxonomy":"product_tag","embeddable":true,"href":"https:\/\/shop24.dietz-ih.de\/index.php?rest_route=%2Fwp%2Fv2%2Fproduct_tag&post=670"}],"curies":[{"name":"wp","href":"https:\/\/api.w.org\/{rel}","templated":true}]}}