{"id":678,"date":"2025-07-10T12:47:02","date_gmt":"2025-07-10T10:47:02","guid":{"rendered":"https:\/\/shop24.dietz-ih.de\/?post_type=product&#038;p=678"},"modified":"2026-01-19T13:37:04","modified_gmt":"2026-01-19T12:37:04","slug":"lego-harry-potter-76448-fawkes-dumbledores-phoenix","status":"publish","type":"product","link":"https:\/\/shop24.dietz-ih.de\/?product=lego-harry-potter-76448-fawkes-dumbledores-phoenix","title":{"rendered":"LEGO\u00ae Harry Potter 76448 Fawkes\u2122: Dumbledores Ph\u00f6nix"},"content":{"rendered":"<h2 data-start=\"244\" data-end=\"332\">LEGO\u00ae Harry Potter 76448 Fawkes\u2122: Dumbledores Ph\u00f6nix \u2013 Magie zum Bauen und Spielen<\/h2>\n<p data-start=\"334\" data-end=\"680\">Erlebe die Magie von Hogwarts\u2122 hautnah \u2013 mit dem <strong data-start=\"383\" data-end=\"440\">LEGO\u00ae Harry Potter 76448 Fawkes\u2122: Dumbledores Ph\u00f6nix<\/strong>. Dieses liebevoll gestaltete Bauset l\u00e4sst den legend\u00e4ren Ph\u00f6nix aus der ber\u00fchmten Zauberwelt lebendig werden. Mit <strong data-start=\"555\" data-end=\"569\">299 Teilen<\/strong> baust du ein bewegliches, detailgetreues Modell von <strong data-start=\"622\" data-end=\"632\">Fawkes<\/strong>, dem treuen Gef\u00e4hrten von Professor Dumbledore.<\/p>\n<h3 data-start=\"682\" data-end=\"734\">Ein Muss f\u00fcr alle Harry Potter\u2122 Fans ab 8 Jahren<\/h3>\n<p data-start=\"736\" data-end=\"1077\">Das LEGO\u00ae Set bringt nicht nur ein beeindruckendes Ausstellungsst\u00fcck in dein Regal, sondern auch viele <strong data-start=\"839\" data-end=\"870\">magische Spielm\u00f6glichkeiten<\/strong>. <strong data-start=\"872\" data-end=\"901\">Fl\u00fcgel, Kopf und Schnabel<\/strong> von Fawkes sind <strong data-start=\"918\" data-end=\"931\">beweglich<\/strong>, sodass du ihn in verschiedene Posen bringen kannst \u2013 ideal f\u00fcr kreative Rollenspiele oder zum Nachstellen deiner Lieblingsszenen aus den Filmen.<\/p>\n<p data-start=\"1079\" data-end=\"1546\">Besonders beeindruckend ist die <strong data-start=\"1111\" data-end=\"1139\">baubare Stange mit Asche<\/strong>, auf der Fawkes dank seiner kr\u00e4ftigen Greifkrallen sicher sitzen kann \u2013 eine tolle Hommage an seine Wiedergeburt aus der Asche. Zus\u00e4tzlich enth\u00e4lt das Set zwei besondere Harry Potter\u2122 Symbole: <strong data-start=\"1333\" data-end=\"1356\">den Sprechenden Hut<\/strong> und das <strong data-start=\"1365\" data-end=\"1392\">Schwert von Gryffindor\u2122<\/strong>, die Fawkes in den Krallen h\u00e4lt. Die <strong data-start=\"1430\" data-end=\"1451\">Baby-Fawkes-Figur<\/strong> ist ein niedliches Extra und macht das Set zu einem Highlight f\u00fcr gro\u00dfe und kleine Zauberfans.<\/p>\n<h3 data-start=\"1553\" data-end=\"1592\">Produkt-Highlights auf einen Blick:<\/h3>\n<ul data-start=\"1594\" data-end=\"2089\">\n<li data-start=\"1594\" data-end=\"1653\">\n<p data-start=\"1596\" data-end=\"1653\"><strong data-start=\"1596\" data-end=\"1631\">Detailliertes Modell von Fawkes<\/strong>, Dumbledores Ph\u00f6nix<\/p>\n<\/li>\n<li data-start=\"1654\" data-end=\"1723\">\n<p data-start=\"1656\" data-end=\"1723\"><strong data-start=\"1656\" data-end=\"1696\">Bewegliche Fl\u00fcgel, Kopf und Schnabel<\/strong> \u2013 f\u00fcr realistische Posen<\/p>\n<\/li>\n<li data-start=\"1724\" data-end=\"1791\">\n<p data-start=\"1726\" data-end=\"1791\"><strong data-start=\"1726\" data-end=\"1745\">299 LEGO\u00ae Teile<\/strong> \u2013 ideales Bauprojekt f\u00fcr Kinder ab 8 Jahren<\/p>\n<\/li>\n<li data-start=\"1792\" data-end=\"1874\">\n<p data-start=\"1794\" data-end=\"1874\">Inklusive <strong data-start=\"1804\" data-end=\"1823\">Sprechendem Hut<\/strong>, <strong data-start=\"1825\" data-end=\"1852\">Schwert von Gryffindor\u2122<\/strong> und <strong data-start=\"1857\" data-end=\"1872\">Baby-Fawkes<\/strong><\/p>\n<\/li>\n<li data-start=\"1875\" data-end=\"1944\">\n<p data-start=\"1877\" data-end=\"1944\">Fawkes sitzt sicher auf einer <strong data-start=\"1907\" data-end=\"1942\">baubaren Stange mit Aschepodest<\/strong><\/p>\n<\/li>\n<li data-start=\"1945\" data-end=\"2005\">\n<p data-start=\"1947\" data-end=\"2005\"><strong data-start=\"1947\" data-end=\"1965\">Ca. 16 cm hoch<\/strong> \u2013 perfekt zum Spielen oder Ausstellen<\/p>\n<\/li>\n<li data-start=\"2006\" data-end=\"2089\">\n<p data-start=\"2008\" data-end=\"2089\">Unterst\u00fctzt durch die <strong data-start=\"2030\" data-end=\"2051\">LEGO\u00ae Builder App<\/strong> mit 3D-Ansichten und Baufortschritt<\/p>\n<\/li>\n<\/ul>\n<h3 data-start=\"2096\" data-end=\"2127\">Fantasie trifft auf Bauspa\u00df<\/h3>\n<p data-start=\"2129\" data-end=\"2465\">Dieses LEGO\u00ae Harry Potter\u2122 Set ist nicht nur ein tolles Geschenk f\u00fcr junge Fans der Zauberwelt \u2013 es f\u00f6rdert gleichzeitig <strong data-start=\"2250\" data-end=\"2270\">kreatives Denken<\/strong>, <strong data-start=\"2272\" data-end=\"2287\">Feinmotorik<\/strong> und <strong data-start=\"2292\" data-end=\"2307\">Baugeschick<\/strong>. Ob als Geburtstagsgeschenk, Weihnachts\u00fcberraschung oder einfach als magischer Zeitvertreib: Der <strong data-start=\"2405\" data-end=\"2428\">LEGO\u00ae Ph\u00f6nix Fawkes<\/strong> ist ein Highlight f\u00fcr jede Sammlung.<\/p>\n","protected":false},"excerpt":{"rendered":"<p>Entdecke den\u00a0<strong>LEGO\u00ae Harry Potter 76448 Fawkes\u2122: Dumbledores Ph\u00f6nix<\/strong> und sp\u00fcre die Magie von Hogwarts hautnah! Mit beweglichen Fl\u00fcgeln, dem Sprechenden Hut und dem legend\u00e4ren Schwert von Gryffindor\u2122 kannst du aufregende Abenteuer erleben. Dieses <strong>LEGO\u00ae<\/strong> Set ist mehr als nur ein Spiel \u2013 es ist ein magisches Erlebnis, das deine Fantasie entfacht und dich tief in die zauberhafte Welt von <strong>Harry Potter\u2122<\/strong> eintauchen l\u00e4sst. Perfekt f\u00fcr kleine und gro\u00dfe Fans!<\/p>\n","protected":false},"featured_media":679,"comment_status":"open","ping_status":"closed","template":"","meta":{"_coblocks_attr":"","_coblocks_dimensions":"","_coblocks_responsive_height":"","_coblocks_accordion_ie_support":"","_eb_attr":"","_uag_custom_page_level_css":""},"product_brand":[158],"product_cat":[15],"product_tag":[250,251,252,163,177,253],"class_list":{"0":"post-678","1":"product","2":"type-product","3":"status-publish","4":"has-post-thumbnail","6":"product_brand-lego","7":"product_cat-lego","8":"product_tag-250","9":"product_tag-fawkes","10":"product_tag-harrypotter","11":"product_tag-lego","12":"product_tag-legoharrypotter","13":"product_tag-phoenix","15":"first","16":"outofstock","17":"taxable","18":"shipping-taxable","19":"purchasable","20":"product-type-simple"},"yoast_head":"<!-- This site is optimized with the Yoast SEO plugin v27.4 - https:\/\/yoast.com\/product\/yoast-seo-wordpress\/ -->\n<title>LEGO\u00ae Harry Potter 76448 Fawkes\u2122: Dumbledores Ph\u00f6nix - Dietz-Internethandel<\/title>\n<meta name=\"description\" content=\"LEGO\u00ae Harry Potter 76448 Fawkes\u2122: Dumbledores Ph\u00f6nix \u2013 ein magisches Bau- und Spielset mit 299 Teilen f\u00fcr Harry Potter\u2122 Fans ab 8 Jahren.\" \/>\n<meta name=\"robots\" content=\"index, follow, max-snippet:-1, max-image-preview:large, max-video-preview:-1\" \/>\n<link rel=\"canonical\" href=\"https:\/\/shop24.dietz-ih.de\/?product=lego-harry-potter-76448-fawkes-dumbledores-phoenix\" \/>\n<meta property=\"og:locale\" content=\"de_DE\" \/>\n<meta property=\"og:type\" content=\"article\" \/>\n<meta property=\"og:title\" content=\"LEGO\u00ae Harry Potter 76448 Fawkes\u2122: Dumbledores Ph\u00f6nix - Dietz-Internethandel\" \/>\n<meta property=\"og:description\" content=\"LEGO\u00ae Harry Potter 76448 Fawkes\u2122: Dumbledores Ph\u00f6nix \u2013 ein magisches Bau- und Spielset mit 299 Teilen f\u00fcr Harry Potter\u2122 Fans ab 8 Jahren.\" \/>\n<meta property=\"og:url\" content=\"https:\/\/shop24.dietz-ih.de\/?product=lego-harry-potter-76448-fawkes-dumbledores-phoenix\" \/>\n<meta property=\"og:site_name\" content=\"Dietz-Internethandel\" \/>\n<meta property=\"article:publisher\" content=\"https:\/\/www.facebook.com\/profile.php?id=100081292915783\" \/>\n<meta property=\"article:modified_time\" content=\"2026-01-19T12:37:04+00:00\" \/>\n<meta property=\"og:image\" content=\"https:\/\/shop24.dietz-ih.de\/wp-content\/uploads\/2025\/07\/LEGO_76448_1_ergebnis.jpg\" \/>\n\t<meta property=\"og:image:width\" content=\"600\" \/>\n\t<meta property=\"og:image:height\" content=\"600\" \/>\n\t<meta property=\"og:image:type\" content=\"image\/jpeg\" \/>\n<meta name=\"twitter:card\" content=\"summary_large_image\" \/>\n<meta name=\"twitter:label1\" content=\"Gesch\u00e4tzte Lesezeit\" \/>\n\t<meta name=\"twitter:data1\" content=\"2\u00a0Minuten\" \/>\n<script type=\"application\/ld+json\" class=\"yoast-schema-graph\">{\"@context\":\"https:\\\/\\\/schema.org\",\"@graph\":[{\"@type\":\"WebPage\",\"@id\":\"https:\\\/\\\/shop24.dietz-ih.de\\\/?product=lego-harry-potter-76448-fawkes-dumbledores-phoenix\",\"url\":\"https:\\\/\\\/shop24.dietz-ih.de\\\/?product=lego-harry-potter-76448-fawkes-dumbledores-phoenix\",\"name\":\"LEGO\u00ae Harry Potter 76448 Fawkes\u2122: Dumbledores Ph\u00f6nix - Dietz-Internethandel\",\"isPartOf\":{\"@id\":\"https:\\\/\\\/shop24.dietz-ih.de\\\/#website\"},\"primaryImageOfPage\":{\"@id\":\"https:\\\/\\\/shop24.dietz-ih.de\\\/?product=lego-harry-potter-76448-fawkes-dumbledores-phoenix#primaryimage\"},\"image\":{\"@id\":\"https:\\\/\\\/shop24.dietz-ih.de\\\/?product=lego-harry-potter-76448-fawkes-dumbledores-phoenix#primaryimage\"},\"thumbnailUrl\":\"https:\\\/\\\/i0.wp.com\\\/shop24.dietz-ih.de\\\/wp-content\\\/uploads\\\/2025\\\/07\\\/LEGO_76448_1_ergebnis.jpg?fit=600%2C600&ssl=1\",\"datePublished\":\"2025-07-10T10:47:02+00:00\",\"dateModified\":\"2026-01-19T12:37:04+00:00\",\"description\":\"LEGO\u00ae Harry Potter 76448 Fawkes\u2122: Dumbledores Ph\u00f6nix \u2013 ein magisches Bau- und Spielset mit 299 Teilen f\u00fcr Harry Potter\u2122 Fans ab 8 Jahren.\",\"breadcrumb\":{\"@id\":\"https:\\\/\\\/shop24.dietz-ih.de\\\/?product=lego-harry-potter-76448-fawkes-dumbledores-phoenix#breadcrumb\"},\"inLanguage\":\"de\",\"potentialAction\":[{\"@type\":\"ReadAction\",\"target\":[\"https:\\\/\\\/shop24.dietz-ih.de\\\/?product=lego-harry-potter-76448-fawkes-dumbledores-phoenix\"]}]},{\"@type\":\"ImageObject\",\"inLanguage\":\"de\",\"@id\":\"https:\\\/\\\/shop24.dietz-ih.de\\\/?product=lego-harry-potter-76448-fawkes-dumbledores-phoenix#primaryimage\",\"url\":\"https:\\\/\\\/i0.wp.com\\\/shop24.dietz-ih.de\\\/wp-content\\\/uploads\\\/2025\\\/07\\\/LEGO_76448_1_ergebnis.jpg?fit=600%2C600&ssl=1\",\"contentUrl\":\"https:\\\/\\\/i0.wp.com\\\/shop24.dietz-ih.de\\\/wp-content\\\/uploads\\\/2025\\\/07\\\/LEGO_76448_1_ergebnis.jpg?fit=600%2C600&ssl=1\",\"width\":600,\"height\":600},{\"@type\":\"BreadcrumbList\",\"@id\":\"https:\\\/\\\/shop24.dietz-ih.de\\\/?product=lego-harry-potter-76448-fawkes-dumbledores-phoenix#breadcrumb\",\"itemListElement\":[{\"@type\":\"ListItem\",\"position\":1,\"name\":\"Startseite\",\"item\":\"https:\\\/\\\/shop24.dietz-ih.de\\\/\"},{\"@type\":\"ListItem\",\"position\":2,\"name\":\"Shop\",\"item\":\"https:\\\/\\\/shop24.dietz-ih.de\\\/?page_id=7\"},{\"@type\":\"ListItem\",\"position\":3,\"name\":\"LEGO\u00ae Harry Potter 76448 Fawkes\u2122: Dumbledores Ph\u00f6nix\"}]},{\"@type\":\"WebSite\",\"@id\":\"https:\\\/\\\/shop24.dietz-ih.de\\\/#website\",\"url\":\"https:\\\/\\\/shop24.dietz-ih.de\\\/\",\"name\":\"Dietz-Internethandel\",\"description\":\"\",\"publisher\":{\"@id\":\"https:\\\/\\\/shop24.dietz-ih.de\\\/#organization\"},\"potentialAction\":[{\"@type\":\"SearchAction\",\"target\":{\"@type\":\"EntryPoint\",\"urlTemplate\":\"https:\\\/\\\/shop24.dietz-ih.de\\\/?s={search_term_string}\"},\"query-input\":{\"@type\":\"PropertyValueSpecification\",\"valueRequired\":true,\"valueName\":\"search_term_string\"}}],\"inLanguage\":\"de\"},{\"@type\":\"Organization\",\"@id\":\"https:\\\/\\\/shop24.dietz-ih.de\\\/#organization\",\"name\":\"Dietz-Internethandel\",\"url\":\"https:\\\/\\\/shop24.dietz-ih.de\\\/\",\"logo\":{\"@type\":\"ImageObject\",\"inLanguage\":\"de\",\"@id\":\"https:\\\/\\\/shop24.dietz-ih.de\\\/#\\\/schema\\\/logo\\\/image\\\/\",\"url\":\"https:\\\/\\\/i0.wp.com\\\/shop24.dietz-ih.de\\\/wp-content\\\/uploads\\\/2025\\\/06\\\/Ein-Logo-fuer-einen-Onlineshop-mit-Spielzeug.-Der-Buchstabe-D-soll-drauf-sein.-Farblich_-Gruen-Warmgelb-und-Lachs.-Und-bitte-als-ausgeschnittene-Datei-Photoroom-2.png?fit=1120%2C1120&ssl=1\",\"contentUrl\":\"https:\\\/\\\/i0.wp.com\\\/shop24.dietz-ih.de\\\/wp-content\\\/uploads\\\/2025\\\/06\\\/Ein-Logo-fuer-einen-Onlineshop-mit-Spielzeug.-Der-Buchstabe-D-soll-drauf-sein.-Farblich_-Gruen-Warmgelb-und-Lachs.-Und-bitte-als-ausgeschnittene-Datei-Photoroom-2.png?fit=1120%2C1120&ssl=1\",\"width\":1120,\"height\":1120,\"caption\":\"Dietz-Internethandel\"},\"image\":{\"@id\":\"https:\\\/\\\/shop24.dietz-ih.de\\\/#\\\/schema\\\/logo\\\/image\\\/\"},\"sameAs\":[\"https:\\\/\\\/www.facebook.com\\\/profile.php?id=100081292915783\",\"https:\\\/\\\/www.instagram.com\\\/dietz_internethandel\\\/\"]}]}<\/script>\n<!-- \/ Yoast SEO plugin. -->","yoast_head_json":{"title":"LEGO\u00ae Harry Potter 76448 Fawkes\u2122: Dumbledores Ph\u00f6nix - Dietz-Internethandel","description":"LEGO\u00ae Harry Potter 76448 Fawkes\u2122: Dumbledores Ph\u00f6nix \u2013 ein magisches Bau- und Spielset mit 299 Teilen f\u00fcr Harry Potter\u2122 Fans ab 8 Jahren.","robots":{"index":"index","follow":"follow","max-snippet":"max-snippet:-1","max-image-preview":"max-image-preview:large","max-video-preview":"max-video-preview:-1"},"canonical":"https:\/\/shop24.dietz-ih.de\/?product=lego-harry-potter-76448-fawkes-dumbledores-phoenix","og_locale":"de_DE","og_type":"article","og_title":"LEGO\u00ae Harry Potter 76448 Fawkes\u2122: Dumbledores Ph\u00f6nix - Dietz-Internethandel","og_description":"LEGO\u00ae Harry Potter 76448 Fawkes\u2122: Dumbledores Ph\u00f6nix \u2013 ein magisches Bau- und Spielset mit 299 Teilen f\u00fcr Harry Potter\u2122 Fans ab 8 Jahren.","og_url":"https:\/\/shop24.dietz-ih.de\/?product=lego-harry-potter-76448-fawkes-dumbledores-phoenix","og_site_name":"Dietz-Internethandel","article_publisher":"https:\/\/www.facebook.com\/profile.php?id=100081292915783","article_modified_time":"2026-01-19T12:37:04+00:00","og_image":[{"width":600,"height":600,"url":"https:\/\/shop24.dietz-ih.de\/wp-content\/uploads\/2025\/07\/LEGO_76448_1_ergebnis.jpg","type":"image\/jpeg"}],"twitter_card":"summary_large_image","twitter_misc":{"Gesch\u00e4tzte Lesezeit":"2\u00a0Minuten"},"schema":{"@context":"https:\/\/schema.org","@graph":[{"@type":"WebPage","@id":"https:\/\/shop24.dietz-ih.de\/?product=lego-harry-potter-76448-fawkes-dumbledores-phoenix","url":"https:\/\/shop24.dietz-ih.de\/?product=lego-harry-potter-76448-fawkes-dumbledores-phoenix","name":"LEGO\u00ae Harry Potter 76448 Fawkes\u2122: Dumbledores Ph\u00f6nix - Dietz-Internethandel","isPartOf":{"@id":"https:\/\/shop24.dietz-ih.de\/#website"},"primaryImageOfPage":{"@id":"https:\/\/shop24.dietz-ih.de\/?product=lego-harry-potter-76448-fawkes-dumbledores-phoenix#primaryimage"},"image":{"@id":"https:\/\/shop24.dietz-ih.de\/?product=lego-harry-potter-76448-fawkes-dumbledores-phoenix#primaryimage"},"thumbnailUrl":"https:\/\/i0.wp.com\/shop24.dietz-ih.de\/wp-content\/uploads\/2025\/07\/LEGO_76448_1_ergebnis.jpg?fit=600%2C600&ssl=1","datePublished":"2025-07-10T10:47:02+00:00","dateModified":"2026-01-19T12:37:04+00:00","description":"LEGO\u00ae Harry Potter 76448 Fawkes\u2122: Dumbledores Ph\u00f6nix \u2013 ein magisches Bau- und Spielset mit 299 Teilen f\u00fcr Harry Potter\u2122 Fans ab 8 Jahren.","breadcrumb":{"@id":"https:\/\/shop24.dietz-ih.de\/?product=lego-harry-potter-76448-fawkes-dumbledores-phoenix#breadcrumb"},"inLanguage":"de","potentialAction":[{"@type":"ReadAction","target":["https:\/\/shop24.dietz-ih.de\/?product=lego-harry-potter-76448-fawkes-dumbledores-phoenix"]}]},{"@type":"ImageObject","inLanguage":"de","@id":"https:\/\/shop24.dietz-ih.de\/?product=lego-harry-potter-76448-fawkes-dumbledores-phoenix#primaryimage","url":"https:\/\/i0.wp.com\/shop24.dietz-ih.de\/wp-content\/uploads\/2025\/07\/LEGO_76448_1_ergebnis.jpg?fit=600%2C600&ssl=1","contentUrl":"https:\/\/i0.wp.com\/shop24.dietz-ih.de\/wp-content\/uploads\/2025\/07\/LEGO_76448_1_ergebnis.jpg?fit=600%2C600&ssl=1","width":600,"height":600},{"@type":"BreadcrumbList","@id":"https:\/\/shop24.dietz-ih.de\/?product=lego-harry-potter-76448-fawkes-dumbledores-phoenix#breadcrumb","itemListElement":[{"@type":"ListItem","position":1,"name":"Startseite","item":"https:\/\/shop24.dietz-ih.de\/"},{"@type":"ListItem","position":2,"name":"Shop","item":"https:\/\/shop24.dietz-ih.de\/?page_id=7"},{"@type":"ListItem","position":3,"name":"LEGO\u00ae Harry Potter 76448 Fawkes\u2122: Dumbledores Ph\u00f6nix"}]},{"@type":"WebSite","@id":"https:\/\/shop24.dietz-ih.de\/#website","url":"https:\/\/shop24.dietz-ih.de\/","name":"Dietz-Internethandel","description":"","publisher":{"@id":"https:\/\/shop24.dietz-ih.de\/#organization"},"potentialAction":[{"@type":"SearchAction","target":{"@type":"EntryPoint","urlTemplate":"https:\/\/shop24.dietz-ih.de\/?s={search_term_string}"},"query-input":{"@type":"PropertyValueSpecification","valueRequired":true,"valueName":"search_term_string"}}],"inLanguage":"de"},{"@type":"Organization","@id":"https:\/\/shop24.dietz-ih.de\/#organization","name":"Dietz-Internethandel","url":"https:\/\/shop24.dietz-ih.de\/","logo":{"@type":"ImageObject","inLanguage":"de","@id":"https:\/\/shop24.dietz-ih.de\/#\/schema\/logo\/image\/","url":"https:\/\/i0.wp.com\/shop24.dietz-ih.de\/wp-content\/uploads\/2025\/06\/Ein-Logo-fuer-einen-Onlineshop-mit-Spielzeug.-Der-Buchstabe-D-soll-drauf-sein.-Farblich_-Gruen-Warmgelb-und-Lachs.-Und-bitte-als-ausgeschnittene-Datei-Photoroom-2.png?fit=1120%2C1120&ssl=1","contentUrl":"https:\/\/i0.wp.com\/shop24.dietz-ih.de\/wp-content\/uploads\/2025\/06\/Ein-Logo-fuer-einen-Onlineshop-mit-Spielzeug.-Der-Buchstabe-D-soll-drauf-sein.-Farblich_-Gruen-Warmgelb-und-Lachs.-Und-bitte-als-ausgeschnittene-Datei-Photoroom-2.png?fit=1120%2C1120&ssl=1","width":1120,"height":1120,"caption":"Dietz-Internethandel"},"image":{"@id":"https:\/\/shop24.dietz-ih.de\/#\/schema\/logo\/image\/"},"sameAs":["https:\/\/www.facebook.com\/profile.php?id=100081292915783","https:\/\/www.instagram.com\/dietz_internethandel\/"]}]}},"uagb_featured_image_src":{"full":["https:\/\/i0.wp.com\/shop24.dietz-ih.de\/wp-content\/uploads\/2025\/07\/LEGO_76448_1_ergebnis.jpg?fit=600%2C600&ssl=1",600,600,false],"thumbnail":["https:\/\/i0.wp.com\/shop24.dietz-ih.de\/wp-content\/uploads\/2025\/07\/LEGO_76448_1_ergebnis.jpg?resize=150%2C150&ssl=1",150,150,true],"medium":["https:\/\/i0.wp.com\/shop24.dietz-ih.de\/wp-content\/uploads\/2025\/07\/LEGO_76448_1_ergebnis.jpg?fit=300%2C300&ssl=1",300,300,true],"medium_large":["https:\/\/i0.wp.com\/shop24.dietz-ih.de\/wp-content\/uploads\/2025\/07\/LEGO_76448_1_ergebnis.jpg?fit=600%2C600&ssl=1",600,600,true],"large":["https:\/\/i0.wp.com\/shop24.dietz-ih.de\/wp-content\/uploads\/2025\/07\/LEGO_76448_1_ergebnis.jpg?fit=600%2C600&ssl=1",600,600,true],"gs-tiny":["https:\/\/i0.wp.com\/shop24.dietz-ih.de\/wp-content\/uploads\/2025\/07\/LEGO_76448_1_ergebnis.jpg?fit=50%2C50&ssl=1",50,50,true],"xl":["https:\/\/i0.wp.com\/shop24.dietz-ih.de\/wp-content\/uploads\/2025\/07\/LEGO_76448_1_ergebnis.jpg?fit=600%2C600&ssl=1",600,600,true],"xxl":["https:\/\/i0.wp.com\/shop24.dietz-ih.de\/wp-content\/uploads\/2025\/07\/LEGO_76448_1_ergebnis.jpg?fit=600%2C600&ssl=1",600,600,true],"xxxl":["https:\/\/i0.wp.com\/shop24.dietz-ih.de\/wp-content\/uploads\/2025\/07\/LEGO_76448_1_ergebnis.jpg?fit=600%2C600&ssl=1",600,600,true],"xxxxl":["https:\/\/i0.wp.com\/shop24.dietz-ih.de\/wp-content\/uploads\/2025\/07\/LEGO_76448_1_ergebnis.jpg?fit=600%2C600&ssl=1",600,600,true],"xxxxxl":["https:\/\/i0.wp.com\/shop24.dietz-ih.de\/wp-content\/uploads\/2025\/07\/LEGO_76448_1_ergebnis.jpg?fit=600%2C600&ssl=1",600,600,true],"1536x1536":["https:\/\/i0.wp.com\/shop24.dietz-ih.de\/wp-content\/uploads\/2025\/07\/LEGO_76448_1_ergebnis.jpg?fit=600%2C600&ssl=1",600,600,true],"2048x2048":["https:\/\/i0.wp.com\/shop24.dietz-ih.de\/wp-content\/uploads\/2025\/07\/LEGO_76448_1_ergebnis.jpg?fit=600%2C600&ssl=1",600,600,true],"woocommerce_thumbnail":["https:\/\/i0.wp.com\/shop24.dietz-ih.de\/wp-content\/uploads\/2025\/07\/LEGO_76448_1_ergebnis.jpg?resize=600%2C600&ssl=1",600,600,true],"woocommerce_single":["https:\/\/i0.wp.com\/shop24.dietz-ih.de\/wp-content\/uploads\/2025\/07\/LEGO_76448_1_ergebnis.jpg?fit=600%2C600&ssl=1",600,600,true],"woocommerce_gallery_thumbnail":["https:\/\/i0.wp.com\/shop24.dietz-ih.de\/wp-content\/uploads\/2025\/07\/LEGO_76448_1_ergebnis.jpg?resize=100%2C100&ssl=1",100,100,true]},"uagb_author_info":{"display_name":"admin","author_link":"https:\/\/shop24.dietz-ih.de\/?author=0"},"uagb_comment_info":0,"uagb_excerpt":"Entdecke den\u00a0LEGO\u00ae Harry Potter 76448 Fawkes\u2122: Dumbledores Ph\u00f6nix und sp\u00fcre die Magie von Hogwarts hautnah! Mit beweglichen Fl\u00fcgeln, dem Sprechenden Hut und dem legend\u00e4ren Schwert von Gryffindor\u2122 kannst du aufregende Abenteuer erleben. Dieses LEGO\u00ae Set ist mehr als nur ein Spiel \u2013 es ist ein magisches Erlebnis, das deine Fantasie entfacht und dich tief in&hellip;","jetpack_sharing_enabled":true,"_links":{"self":[{"href":"https:\/\/shop24.dietz-ih.de\/index.php?rest_route=\/wp\/v2\/product\/678","targetHints":{"allow":["GET"]}}],"collection":[{"href":"https:\/\/shop24.dietz-ih.de\/index.php?rest_route=\/wp\/v2\/product"}],"about":[{"href":"https:\/\/shop24.dietz-ih.de\/index.php?rest_route=\/wp\/v2\/types\/product"}],"replies":[{"embeddable":true,"href":"https:\/\/shop24.dietz-ih.de\/index.php?rest_route=%2Fwp%2Fv2%2Fcomments&post=678"}],"wp:featuredmedia":[{"embeddable":true,"href":"https:\/\/shop24.dietz-ih.de\/index.php?rest_route=\/wp\/v2\/media\/679"}],"wp:attachment":[{"href":"https:\/\/shop24.dietz-ih.de\/index.php?rest_route=%2Fwp%2Fv2%2Fmedia&parent=678"}],"wp:term":[{"taxonomy":"product_brand","embeddable":true,"href":"https:\/\/shop24.dietz-ih.de\/index.php?rest_route=%2Fwp%2Fv2%2Fproduct_brand&post=678"},{"taxonomy":"product_cat","embeddable":true,"href":"https:\/\/shop24.dietz-ih.de\/index.php?rest_route=%2Fwp%2Fv2%2Fproduct_cat&post=678"},{"taxonomy":"product_tag","embeddable":true,"href":"https:\/\/shop24.dietz-ih.de\/index.php?rest_route=%2Fwp%2Fv2%2Fproduct_tag&post=678"}],"curies":[{"name":"wp","href":"https:\/\/api.w.org\/{rel}","templated":true}]}}