{"id":708,"date":"2025-07-10T14:24:59","date_gmt":"2025-07-10T12:24:59","guid":{"rendered":"https:\/\/shop24.dietz-ih.de\/?post_type=product&#038;p=708"},"modified":"2026-01-19T13:24:48","modified_gmt":"2026-01-19T12:24:48","slug":"lego-friends-42654-ponyhof-stall","status":"publish","type":"product","link":"https:\/\/shop24.dietz-ih.de\/?product=lego-friends-42654-ponyhof-stall","title":{"rendered":"LEGO\u00ae Friends 42654 Ponyhof &#038; Stall"},"content":{"rendered":"<h2 data-start=\"202\" data-end=\"287\">LEGO\u00ae Friends 42654 Ponyhof &amp; Stall: Spielspa\u00df f\u00fcr kleine Pferdefans ab 7 Jahren<\/h2>\n<p data-start=\"289\" data-end=\"689\">Mit dem <strong data-start=\"297\" data-end=\"336\">LEGO\u00ae Friends 42654 Ponyhof &amp; Stall<\/strong> tauchen Kinder ab 7 Jahren in die liebevoll gestaltete Welt von <strong data-start=\"401\" data-end=\"419\">Heartlake City<\/strong> ein. Dieses detailreiche Set bietet nicht nur viele Spielm\u00f6glichkeiten rund um das Thema <strong data-start=\"509\" data-end=\"536\">Pferde und Freundschaft<\/strong>, sondern regt auch die Fantasie und Kreativit\u00e4t an. Ideal f\u00fcr alle, die Ponys lieben und gerne in die Rolle von f\u00fcrsorglichen Tierfreundinnen schl\u00fcpfen!<\/p>\n<h3 data-start=\"691\" data-end=\"724\">Ein Traum f\u00fcr Pferdeliebhaber<\/h3>\n<p data-start=\"726\" data-end=\"1147\">Im Zentrum des Sets steht ein <strong data-start=\"756\" data-end=\"797\">gro\u00dfer Ponyhof mit Stall und Heuboden<\/strong>, der durch zahlreiche Spielfunktionen begeistert. Mit dabei sind die vier LEGO\u00ae Friends Charaktere <strong data-start=\"897\" data-end=\"932\">Aliya, Liann, Victoria und Ella<\/strong> sowie drei niedliche Ponys und das s\u00fc\u00dfe K\u00e4tzchen <strong data-start=\"982\" data-end=\"991\">Pluto<\/strong>. Gemeinsam k\u00fcmmern sich die Freundinnen um die Tiere, f\u00fcttern sie mit Karotten und Brombeeren, b\u00fcrsten das Fell und sorgen f\u00fcr jede Menge Liebe und Pflege.<\/p>\n<h3 data-start=\"1149\" data-end=\"1203\">Interaktive Funktionen f\u00fcr realistischen Spielspa\u00df<\/h3>\n<p data-start=\"1205\" data-end=\"1540\">Ein echtes Highlight ist der <strong data-start=\"1234\" data-end=\"1261\">funktionierende Heulift<\/strong>: Damit lassen sich die Heuballen ganz einfach auf den Heuboden oder in den mitgelieferten <strong data-start=\"1352\" data-end=\"1365\">Ponywagen<\/strong> transportieren. Nach einem ereignisreichen Tag d\u00fcrfen sich die Freundinnen auf dem gem\u00fctlichen Heuboden ausruhen.<\/p>\n<h3 data-start=\"1542\" data-end=\"1576\">Liebevolle Details und Zubeh\u00f6r<\/h3>\n<p data-start=\"1578\" data-end=\"1937\">Das Set enth\u00e4lt <strong data-start=\"1594\" data-end=\"1607\">727 Teile<\/strong> und bietet jede Menge Zubeh\u00f6r: <strong data-start=\"1639\" data-end=\"1704\">B\u00fcrsten, Schleifen, Kekse, einen Ofen, Laternen in Pferdeform<\/strong> und vieles mehr. Der Stall mit Wohnbereich ist <strong data-start=\"1752\" data-end=\"1794\">17 cm hoch, 33 cm breit und 14 cm tief<\/strong> \u2013 perfekt zum Spielen und Ausstellen. Kinder k\u00f6nnen unz\u00e4hlige Rollenspiele erfinden und stundenlang in die Welt von Heartlake City eintauchen.<\/p>\n<h3 data-start=\"1944\" data-end=\"1975\">Highlights auf einen Blick:<\/h3>\n<ul data-start=\"1977\" data-end=\"2434\">\n<li data-start=\"1977\" data-end=\"2034\">\n<p data-start=\"1979\" data-end=\"2034\">Umfangreiches LEGO\u00ae Friends Pferde-Set mit 727 Teilen<\/p>\n<\/li>\n<li data-start=\"2035\" data-end=\"2097\">\n<p data-start=\"2037\" data-end=\"2097\">Mit <strong data-start=\"2041\" data-end=\"2059\">4 Spielfiguren<\/strong>, <strong data-start=\"2061\" data-end=\"2072\">3 Ponys<\/strong> und <strong data-start=\"2077\" data-end=\"2095\">K\u00e4tzchen Pluto<\/strong><\/p>\n<\/li>\n<li data-start=\"2098\" data-end=\"2156\">\n<p data-start=\"2100\" data-end=\"2156\">Funktionierender <strong data-start=\"2117\" data-end=\"2128\">Heulift<\/strong> und beweglicher Ponywagen<\/p>\n<\/li>\n<li data-start=\"2157\" data-end=\"2221\">\n<p data-start=\"2159\" data-end=\"2221\">Viele liebevolle Zubeh\u00f6rteile f\u00fcr fantasievolle Rollenspiele<\/p>\n<\/li>\n<li data-start=\"2222\" data-end=\"2277\">\n<p data-start=\"2224\" data-end=\"2277\">Stall mit <strong data-start=\"2234\" data-end=\"2259\">Wohnbereich, Heuboden<\/strong> und Schlafplatz<\/p>\n<\/li>\n<li data-start=\"2278\" data-end=\"2327\">\n<p data-start=\"2280\" data-end=\"2327\">Ma\u00dfe des Modells: 17 x 33 x 14 cm (H x B x T)<\/p>\n<\/li>\n<li data-start=\"2328\" data-end=\"2367\">\n<p data-start=\"2330\" data-end=\"2367\">Geeignet f\u00fcr <strong data-start=\"2343\" data-end=\"2365\">Kinder ab 7 Jahren<\/strong><\/p>\n<\/li>\n<li data-start=\"2368\" data-end=\"2434\">\n<p data-start=\"2370\" data-end=\"2434\">Kompatibel mit anderen <strong data-start=\"2393\" data-end=\"2434\">LEGO\u00ae Friends Sets aus Heartlake City<\/strong><\/p>\n<\/li>\n<\/ul>\n<h3 data-start=\"2441\" data-end=\"2480\">Noch mehr erleben mit LEGO\u00ae Friends<\/h3>\n<p data-start=\"2482\" data-end=\"2680\">F\u00fcr noch mehr Geschichten rund um Freundschaft, Tiere und Abenteuer entdecken Kinder die <strong data-start=\"2571\" data-end=\"2624\">Online-Serie \u201eLEGO\u00ae Friends: Das n\u00e4chste Kapitel\u201c<\/strong><\/p>\n<p data-start=\"2682\" data-end=\"2777\">\n","protected":false},"excerpt":{"rendered":"<p>Tauche ein in die zauberhafte Welt des LEGO\u00ae Friends Ponyhofs! Aliya, Liann, Victoria und Ella erleben gemeinsam liebevolle Abenteuer mit ihren drei s\u00fc\u00dfen Ponys und dem neugierigen K\u00e4tzchen Pluto. Der praktische Heulift macht das F\u00fcttern zum Kinderspiel, w\u00e4hrend der gem\u00fctliche Heuboden zum Tr\u00e4umen einl\u00e4dt. Dieses detailreiche Set l\u00e4sst Kinder ab 7 Jahren ihre Fantasie entfalten, Freundschaften st\u00e4rken und spielerisch Verantwortung \u00fcbernehmen. Mit viel Zubeh\u00f6r und liebevollen Details wird jeder Tag auf dem Ponyhof zu einem unvergesslichen Erlebnis voller Spa\u00df und Kreativit\u00e4t. Perfekt f\u00fcr kleine Pferdefans, die Abenteuer und Freundschaft lieben!<\/p>\n","protected":false},"featured_media":709,"comment_status":"open","ping_status":"closed","template":"","meta":{"_coblocks_attr":"","_coblocks_dimensions":"","_coblocks_responsive_height":"","_coblocks_accordion_ie_support":"","_eb_attr":"","_uag_custom_page_level_css":""},"product_brand":[158],"product_cat":[15],"product_tag":[277,187,163,194,278,153],"class_list":{"0":"post-708","1":"product","2":"type-product","3":"status-publish","4":"has-post-thumbnail","6":"product_brand-lego","7":"product_cat-lego","8":"product_tag-277","9":"product_tag-friends","10":"product_tag-lego","11":"product_tag-legofriends","12":"product_tag-ponyhof","13":"product_tag-stall","15":"first","16":"outofstock","17":"taxable","18":"shipping-taxable","19":"purchasable","20":"product-type-simple"},"yoast_head":"<!-- This site is optimized with the Yoast SEO plugin v27.4 - https:\/\/yoast.com\/product\/yoast-seo-wordpress\/ -->\n<title>LEGO\u00ae Friends 42654 Ponyhof &amp; Stall - Dietz-Internethandel<\/title>\n<meta name=\"description\" content=\"LEGO\u00ae Friends 42654 Ponyhof &amp; Stall \u2013 mit Ponys, Heulift und viel Zubeh\u00f6r. Perfekt f\u00fcr Kinder ab 7 Jahren, die Pferde und Freundschaft lieben!\" \/>\n<meta name=\"robots\" content=\"index, follow, max-snippet:-1, max-image-preview:large, max-video-preview:-1\" \/>\n<link rel=\"canonical\" href=\"https:\/\/shop24.dietz-ih.de\/?product=lego-friends-42654-ponyhof-stall\" \/>\n<meta property=\"og:locale\" content=\"de_DE\" \/>\n<meta property=\"og:type\" content=\"article\" \/>\n<meta property=\"og:title\" content=\"LEGO\u00ae Friends 42654 Ponyhof &amp; Stall - Dietz-Internethandel\" \/>\n<meta property=\"og:description\" content=\"LEGO\u00ae Friends 42654 Ponyhof &amp; Stall \u2013 mit Ponys, Heulift und viel Zubeh\u00f6r. Perfekt f\u00fcr Kinder ab 7 Jahren, die Pferde und Freundschaft lieben!\" \/>\n<meta property=\"og:url\" content=\"https:\/\/shop24.dietz-ih.de\/?product=lego-friends-42654-ponyhof-stall\" \/>\n<meta property=\"og:site_name\" content=\"Dietz-Internethandel\" \/>\n<meta property=\"article:publisher\" content=\"https:\/\/www.facebook.com\/profile.php?id=100081292915783\" \/>\n<meta property=\"article:modified_time\" content=\"2026-01-19T12:24:48+00:00\" \/>\n<meta property=\"og:image\" content=\"https:\/\/shop24.dietz-ih.de\/wp-content\/uploads\/2025\/07\/LEGO_42654_1_ergebnis.jpg\" \/>\n\t<meta property=\"og:image:width\" content=\"600\" \/>\n\t<meta property=\"og:image:height\" content=\"600\" \/>\n\t<meta property=\"og:image:type\" content=\"image\/jpeg\" \/>\n<meta name=\"twitter:card\" content=\"summary_large_image\" \/>\n<meta name=\"twitter:label1\" content=\"Gesch\u00e4tzte Lesezeit\" \/>\n\t<meta name=\"twitter:data1\" content=\"3\u00a0Minuten\" \/>\n<script type=\"application\/ld+json\" class=\"yoast-schema-graph\">{\"@context\":\"https:\\\/\\\/schema.org\",\"@graph\":[{\"@type\":\"WebPage\",\"@id\":\"https:\\\/\\\/shop24.dietz-ih.de\\\/?product=lego-friends-42654-ponyhof-stall\",\"url\":\"https:\\\/\\\/shop24.dietz-ih.de\\\/?product=lego-friends-42654-ponyhof-stall\",\"name\":\"LEGO\u00ae Friends 42654 Ponyhof & Stall - Dietz-Internethandel\",\"isPartOf\":{\"@id\":\"https:\\\/\\\/shop24.dietz-ih.de\\\/#website\"},\"primaryImageOfPage\":{\"@id\":\"https:\\\/\\\/shop24.dietz-ih.de\\\/?product=lego-friends-42654-ponyhof-stall#primaryimage\"},\"image\":{\"@id\":\"https:\\\/\\\/shop24.dietz-ih.de\\\/?product=lego-friends-42654-ponyhof-stall#primaryimage\"},\"thumbnailUrl\":\"https:\\\/\\\/i0.wp.com\\\/shop24.dietz-ih.de\\\/wp-content\\\/uploads\\\/2025\\\/07\\\/LEGO_42654_1_ergebnis.jpg?fit=600%2C600&ssl=1\",\"datePublished\":\"2025-07-10T12:24:59+00:00\",\"dateModified\":\"2026-01-19T12:24:48+00:00\",\"description\":\"LEGO\u00ae Friends 42654 Ponyhof & Stall \u2013 mit Ponys, Heulift und viel Zubeh\u00f6r. Perfekt f\u00fcr Kinder ab 7 Jahren, die Pferde und Freundschaft lieben!\",\"breadcrumb\":{\"@id\":\"https:\\\/\\\/shop24.dietz-ih.de\\\/?product=lego-friends-42654-ponyhof-stall#breadcrumb\"},\"inLanguage\":\"de\",\"potentialAction\":[{\"@type\":\"ReadAction\",\"target\":[\"https:\\\/\\\/shop24.dietz-ih.de\\\/?product=lego-friends-42654-ponyhof-stall\"]}]},{\"@type\":\"ImageObject\",\"inLanguage\":\"de\",\"@id\":\"https:\\\/\\\/shop24.dietz-ih.de\\\/?product=lego-friends-42654-ponyhof-stall#primaryimage\",\"url\":\"https:\\\/\\\/i0.wp.com\\\/shop24.dietz-ih.de\\\/wp-content\\\/uploads\\\/2025\\\/07\\\/LEGO_42654_1_ergebnis.jpg?fit=600%2C600&ssl=1\",\"contentUrl\":\"https:\\\/\\\/i0.wp.com\\\/shop24.dietz-ih.de\\\/wp-content\\\/uploads\\\/2025\\\/07\\\/LEGO_42654_1_ergebnis.jpg?fit=600%2C600&ssl=1\",\"width\":600,\"height\":600},{\"@type\":\"BreadcrumbList\",\"@id\":\"https:\\\/\\\/shop24.dietz-ih.de\\\/?product=lego-friends-42654-ponyhof-stall#breadcrumb\",\"itemListElement\":[{\"@type\":\"ListItem\",\"position\":1,\"name\":\"Startseite\",\"item\":\"https:\\\/\\\/shop24.dietz-ih.de\\\/\"},{\"@type\":\"ListItem\",\"position\":2,\"name\":\"Shop\",\"item\":\"https:\\\/\\\/shop24.dietz-ih.de\\\/?page_id=7\"},{\"@type\":\"ListItem\",\"position\":3,\"name\":\"LEGO\u00ae Friends 42654 Ponyhof &#038; Stall\"}]},{\"@type\":\"WebSite\",\"@id\":\"https:\\\/\\\/shop24.dietz-ih.de\\\/#website\",\"url\":\"https:\\\/\\\/shop24.dietz-ih.de\\\/\",\"name\":\"Dietz-Internethandel\",\"description\":\"\",\"publisher\":{\"@id\":\"https:\\\/\\\/shop24.dietz-ih.de\\\/#organization\"},\"potentialAction\":[{\"@type\":\"SearchAction\",\"target\":{\"@type\":\"EntryPoint\",\"urlTemplate\":\"https:\\\/\\\/shop24.dietz-ih.de\\\/?s={search_term_string}\"},\"query-input\":{\"@type\":\"PropertyValueSpecification\",\"valueRequired\":true,\"valueName\":\"search_term_string\"}}],\"inLanguage\":\"de\"},{\"@type\":\"Organization\",\"@id\":\"https:\\\/\\\/shop24.dietz-ih.de\\\/#organization\",\"name\":\"Dietz-Internethandel\",\"url\":\"https:\\\/\\\/shop24.dietz-ih.de\\\/\",\"logo\":{\"@type\":\"ImageObject\",\"inLanguage\":\"de\",\"@id\":\"https:\\\/\\\/shop24.dietz-ih.de\\\/#\\\/schema\\\/logo\\\/image\\\/\",\"url\":\"https:\\\/\\\/i0.wp.com\\\/shop24.dietz-ih.de\\\/wp-content\\\/uploads\\\/2025\\\/06\\\/Ein-Logo-fuer-einen-Onlineshop-mit-Spielzeug.-Der-Buchstabe-D-soll-drauf-sein.-Farblich_-Gruen-Warmgelb-und-Lachs.-Und-bitte-als-ausgeschnittene-Datei-Photoroom-2.png?fit=1120%2C1120&ssl=1\",\"contentUrl\":\"https:\\\/\\\/i0.wp.com\\\/shop24.dietz-ih.de\\\/wp-content\\\/uploads\\\/2025\\\/06\\\/Ein-Logo-fuer-einen-Onlineshop-mit-Spielzeug.-Der-Buchstabe-D-soll-drauf-sein.-Farblich_-Gruen-Warmgelb-und-Lachs.-Und-bitte-als-ausgeschnittene-Datei-Photoroom-2.png?fit=1120%2C1120&ssl=1\",\"width\":1120,\"height\":1120,\"caption\":\"Dietz-Internethandel\"},\"image\":{\"@id\":\"https:\\\/\\\/shop24.dietz-ih.de\\\/#\\\/schema\\\/logo\\\/image\\\/\"},\"sameAs\":[\"https:\\\/\\\/www.facebook.com\\\/profile.php?id=100081292915783\",\"https:\\\/\\\/www.instagram.com\\\/dietz_internethandel\\\/\"]}]}<\/script>\n<!-- \/ Yoast SEO plugin. -->","yoast_head_json":{"title":"LEGO\u00ae Friends 42654 Ponyhof & Stall - Dietz-Internethandel","description":"LEGO\u00ae Friends 42654 Ponyhof & Stall \u2013 mit Ponys, Heulift und viel Zubeh\u00f6r. Perfekt f\u00fcr Kinder ab 7 Jahren, die Pferde und Freundschaft lieben!","robots":{"index":"index","follow":"follow","max-snippet":"max-snippet:-1","max-image-preview":"max-image-preview:large","max-video-preview":"max-video-preview:-1"},"canonical":"https:\/\/shop24.dietz-ih.de\/?product=lego-friends-42654-ponyhof-stall","og_locale":"de_DE","og_type":"article","og_title":"LEGO\u00ae Friends 42654 Ponyhof & Stall - Dietz-Internethandel","og_description":"LEGO\u00ae Friends 42654 Ponyhof & Stall \u2013 mit Ponys, Heulift und viel Zubeh\u00f6r. Perfekt f\u00fcr Kinder ab 7 Jahren, die Pferde und Freundschaft lieben!","og_url":"https:\/\/shop24.dietz-ih.de\/?product=lego-friends-42654-ponyhof-stall","og_site_name":"Dietz-Internethandel","article_publisher":"https:\/\/www.facebook.com\/profile.php?id=100081292915783","article_modified_time":"2026-01-19T12:24:48+00:00","og_image":[{"width":600,"height":600,"url":"https:\/\/shop24.dietz-ih.de\/wp-content\/uploads\/2025\/07\/LEGO_42654_1_ergebnis.jpg","type":"image\/jpeg"}],"twitter_card":"summary_large_image","twitter_misc":{"Gesch\u00e4tzte Lesezeit":"3\u00a0Minuten"},"schema":{"@context":"https:\/\/schema.org","@graph":[{"@type":"WebPage","@id":"https:\/\/shop24.dietz-ih.de\/?product=lego-friends-42654-ponyhof-stall","url":"https:\/\/shop24.dietz-ih.de\/?product=lego-friends-42654-ponyhof-stall","name":"LEGO\u00ae Friends 42654 Ponyhof & Stall - Dietz-Internethandel","isPartOf":{"@id":"https:\/\/shop24.dietz-ih.de\/#website"},"primaryImageOfPage":{"@id":"https:\/\/shop24.dietz-ih.de\/?product=lego-friends-42654-ponyhof-stall#primaryimage"},"image":{"@id":"https:\/\/shop24.dietz-ih.de\/?product=lego-friends-42654-ponyhof-stall#primaryimage"},"thumbnailUrl":"https:\/\/i0.wp.com\/shop24.dietz-ih.de\/wp-content\/uploads\/2025\/07\/LEGO_42654_1_ergebnis.jpg?fit=600%2C600&ssl=1","datePublished":"2025-07-10T12:24:59+00:00","dateModified":"2026-01-19T12:24:48+00:00","description":"LEGO\u00ae Friends 42654 Ponyhof & Stall \u2013 mit Ponys, Heulift und viel Zubeh\u00f6r. Perfekt f\u00fcr Kinder ab 7 Jahren, die Pferde und Freundschaft lieben!","breadcrumb":{"@id":"https:\/\/shop24.dietz-ih.de\/?product=lego-friends-42654-ponyhof-stall#breadcrumb"},"inLanguage":"de","potentialAction":[{"@type":"ReadAction","target":["https:\/\/shop24.dietz-ih.de\/?product=lego-friends-42654-ponyhof-stall"]}]},{"@type":"ImageObject","inLanguage":"de","@id":"https:\/\/shop24.dietz-ih.de\/?product=lego-friends-42654-ponyhof-stall#primaryimage","url":"https:\/\/i0.wp.com\/shop24.dietz-ih.de\/wp-content\/uploads\/2025\/07\/LEGO_42654_1_ergebnis.jpg?fit=600%2C600&ssl=1","contentUrl":"https:\/\/i0.wp.com\/shop24.dietz-ih.de\/wp-content\/uploads\/2025\/07\/LEGO_42654_1_ergebnis.jpg?fit=600%2C600&ssl=1","width":600,"height":600},{"@type":"BreadcrumbList","@id":"https:\/\/shop24.dietz-ih.de\/?product=lego-friends-42654-ponyhof-stall#breadcrumb","itemListElement":[{"@type":"ListItem","position":1,"name":"Startseite","item":"https:\/\/shop24.dietz-ih.de\/"},{"@type":"ListItem","position":2,"name":"Shop","item":"https:\/\/shop24.dietz-ih.de\/?page_id=7"},{"@type":"ListItem","position":3,"name":"LEGO\u00ae Friends 42654 Ponyhof &#038; Stall"}]},{"@type":"WebSite","@id":"https:\/\/shop24.dietz-ih.de\/#website","url":"https:\/\/shop24.dietz-ih.de\/","name":"Dietz-Internethandel","description":"","publisher":{"@id":"https:\/\/shop24.dietz-ih.de\/#organization"},"potentialAction":[{"@type":"SearchAction","target":{"@type":"EntryPoint","urlTemplate":"https:\/\/shop24.dietz-ih.de\/?s={search_term_string}"},"query-input":{"@type":"PropertyValueSpecification","valueRequired":true,"valueName":"search_term_string"}}],"inLanguage":"de"},{"@type":"Organization","@id":"https:\/\/shop24.dietz-ih.de\/#organization","name":"Dietz-Internethandel","url":"https:\/\/shop24.dietz-ih.de\/","logo":{"@type":"ImageObject","inLanguage":"de","@id":"https:\/\/shop24.dietz-ih.de\/#\/schema\/logo\/image\/","url":"https:\/\/i0.wp.com\/shop24.dietz-ih.de\/wp-content\/uploads\/2025\/06\/Ein-Logo-fuer-einen-Onlineshop-mit-Spielzeug.-Der-Buchstabe-D-soll-drauf-sein.-Farblich_-Gruen-Warmgelb-und-Lachs.-Und-bitte-als-ausgeschnittene-Datei-Photoroom-2.png?fit=1120%2C1120&ssl=1","contentUrl":"https:\/\/i0.wp.com\/shop24.dietz-ih.de\/wp-content\/uploads\/2025\/06\/Ein-Logo-fuer-einen-Onlineshop-mit-Spielzeug.-Der-Buchstabe-D-soll-drauf-sein.-Farblich_-Gruen-Warmgelb-und-Lachs.-Und-bitte-als-ausgeschnittene-Datei-Photoroom-2.png?fit=1120%2C1120&ssl=1","width":1120,"height":1120,"caption":"Dietz-Internethandel"},"image":{"@id":"https:\/\/shop24.dietz-ih.de\/#\/schema\/logo\/image\/"},"sameAs":["https:\/\/www.facebook.com\/profile.php?id=100081292915783","https:\/\/www.instagram.com\/dietz_internethandel\/"]}]}},"uagb_featured_image_src":{"full":["https:\/\/i0.wp.com\/shop24.dietz-ih.de\/wp-content\/uploads\/2025\/07\/LEGO_42654_1_ergebnis.jpg?fit=600%2C600&ssl=1",600,600,false],"thumbnail":["https:\/\/i0.wp.com\/shop24.dietz-ih.de\/wp-content\/uploads\/2025\/07\/LEGO_42654_1_ergebnis.jpg?resize=150%2C150&ssl=1",150,150,true],"medium":["https:\/\/i0.wp.com\/shop24.dietz-ih.de\/wp-content\/uploads\/2025\/07\/LEGO_42654_1_ergebnis.jpg?fit=300%2C300&ssl=1",300,300,true],"medium_large":["https:\/\/i0.wp.com\/shop24.dietz-ih.de\/wp-content\/uploads\/2025\/07\/LEGO_42654_1_ergebnis.jpg?fit=600%2C600&ssl=1",600,600,true],"large":["https:\/\/i0.wp.com\/shop24.dietz-ih.de\/wp-content\/uploads\/2025\/07\/LEGO_42654_1_ergebnis.jpg?fit=600%2C600&ssl=1",600,600,true],"gs-tiny":["https:\/\/i0.wp.com\/shop24.dietz-ih.de\/wp-content\/uploads\/2025\/07\/LEGO_42654_1_ergebnis.jpg?fit=50%2C50&ssl=1",50,50,true],"xl":["https:\/\/i0.wp.com\/shop24.dietz-ih.de\/wp-content\/uploads\/2025\/07\/LEGO_42654_1_ergebnis.jpg?fit=600%2C600&ssl=1",600,600,true],"xxl":["https:\/\/i0.wp.com\/shop24.dietz-ih.de\/wp-content\/uploads\/2025\/07\/LEGO_42654_1_ergebnis.jpg?fit=600%2C600&ssl=1",600,600,true],"xxxl":["https:\/\/i0.wp.com\/shop24.dietz-ih.de\/wp-content\/uploads\/2025\/07\/LEGO_42654_1_ergebnis.jpg?fit=600%2C600&ssl=1",600,600,true],"xxxxl":["https:\/\/i0.wp.com\/shop24.dietz-ih.de\/wp-content\/uploads\/2025\/07\/LEGO_42654_1_ergebnis.jpg?fit=600%2C600&ssl=1",600,600,true],"xxxxxl":["https:\/\/i0.wp.com\/shop24.dietz-ih.de\/wp-content\/uploads\/2025\/07\/LEGO_42654_1_ergebnis.jpg?fit=600%2C600&ssl=1",600,600,true],"1536x1536":["https:\/\/i0.wp.com\/shop24.dietz-ih.de\/wp-content\/uploads\/2025\/07\/LEGO_42654_1_ergebnis.jpg?fit=600%2C600&ssl=1",600,600,true],"2048x2048":["https:\/\/i0.wp.com\/shop24.dietz-ih.de\/wp-content\/uploads\/2025\/07\/LEGO_42654_1_ergebnis.jpg?fit=600%2C600&ssl=1",600,600,true],"woocommerce_thumbnail":["https:\/\/i0.wp.com\/shop24.dietz-ih.de\/wp-content\/uploads\/2025\/07\/LEGO_42654_1_ergebnis.jpg?resize=600%2C600&ssl=1",600,600,true],"woocommerce_single":["https:\/\/i0.wp.com\/shop24.dietz-ih.de\/wp-content\/uploads\/2025\/07\/LEGO_42654_1_ergebnis.jpg?fit=600%2C600&ssl=1",600,600,true],"woocommerce_gallery_thumbnail":["https:\/\/i0.wp.com\/shop24.dietz-ih.de\/wp-content\/uploads\/2025\/07\/LEGO_42654_1_ergebnis.jpg?resize=100%2C100&ssl=1",100,100,true]},"uagb_author_info":{"display_name":"admin","author_link":"https:\/\/shop24.dietz-ih.de\/?author=0"},"uagb_comment_info":0,"uagb_excerpt":"Tauche ein in die zauberhafte Welt des LEGO\u00ae Friends Ponyhofs! Aliya, Liann, Victoria und Ella erleben gemeinsam liebevolle Abenteuer mit ihren drei s\u00fc\u00dfen Ponys und dem neugierigen K\u00e4tzchen Pluto. Der praktische Heulift macht das F\u00fcttern zum Kinderspiel, w\u00e4hrend der gem\u00fctliche Heuboden zum Tr\u00e4umen einl\u00e4dt. Dieses detailreiche Set l\u00e4sst Kinder ab 7 Jahren ihre Fantasie entfalten,&hellip;","jetpack_sharing_enabled":true,"_links":{"self":[{"href":"https:\/\/shop24.dietz-ih.de\/index.php?rest_route=\/wp\/v2\/product\/708","targetHints":{"allow":["GET"]}}],"collection":[{"href":"https:\/\/shop24.dietz-ih.de\/index.php?rest_route=\/wp\/v2\/product"}],"about":[{"href":"https:\/\/shop24.dietz-ih.de\/index.php?rest_route=\/wp\/v2\/types\/product"}],"replies":[{"embeddable":true,"href":"https:\/\/shop24.dietz-ih.de\/index.php?rest_route=%2Fwp%2Fv2%2Fcomments&post=708"}],"wp:featuredmedia":[{"embeddable":true,"href":"https:\/\/shop24.dietz-ih.de\/index.php?rest_route=\/wp\/v2\/media\/709"}],"wp:attachment":[{"href":"https:\/\/shop24.dietz-ih.de\/index.php?rest_route=%2Fwp%2Fv2%2Fmedia&parent=708"}],"wp:term":[{"taxonomy":"product_brand","embeddable":true,"href":"https:\/\/shop24.dietz-ih.de\/index.php?rest_route=%2Fwp%2Fv2%2Fproduct_brand&post=708"},{"taxonomy":"product_cat","embeddable":true,"href":"https:\/\/shop24.dietz-ih.de\/index.php?rest_route=%2Fwp%2Fv2%2Fproduct_cat&post=708"},{"taxonomy":"product_tag","embeddable":true,"href":"https:\/\/shop24.dietz-ih.de\/index.php?rest_route=%2Fwp%2Fv2%2Fproduct_tag&post=708"}],"curies":[{"name":"wp","href":"https:\/\/api.w.org\/{rel}","templated":true}]}}