{"id":748,"date":"2025-07-10T14:58:28","date_gmt":"2025-07-10T12:58:28","guid":{"rendered":"https:\/\/shop24.dietz-ih.de\/?post_type=product&#038;p=748"},"modified":"2026-01-19T13:23:05","modified_gmt":"2026-01-19T12:23:05","slug":"lego-harry-potter-76452-qualitaet-fuer-quidditch-fortescues-eissalon","status":"publish","type":"product","link":"https:\/\/shop24.dietz-ih.de\/?product=lego-harry-potter-76452-qualitaet-fuer-quidditch-fortescues-eissalon","title":{"rendered":"LEGO\u00ae Harry Potter 76452 Qualit\u00e4t f\u00fcr Quidditch\u2122 &#038; Fortescues Eissalon"},"content":{"rendered":"<h3 data-start=\"186\" data-end=\"265\">LEGO\u00ae Harry Potter 76452 Qualit\u00e4t f\u00fcr Quidditch\u2122 &amp; Fortescues Eissalon<\/h3>\n<p data-start=\"267\" data-end=\"649\"><strong data-start=\"267\" data-end=\"331\">Erlebe magische Momente mitten in der ber\u00fchmten Winkelgasse!<\/strong><br data-start=\"331\" data-end=\"334\" \/>Mit dem detailverliebten Set tauchst du tief in die zauberhafte Welt von Hogwarts ein. Dieses vielseitige Bauset ist perfekt f\u00fcr Kinder ab 8 Jahren, Harry Potter\u2122 Fans jeden Alters und alle, die von einem Besuch in der Winkelgasse tr\u00e4umen.<\/p>\n<p data-start=\"651\" data-end=\"730\"><strong data-start=\"651\" data-end=\"730\">Zwei liebevoll gestaltete L\u00e4den bieten Spielspa\u00df und Sammelfreude in einem:<\/strong><\/p>\n<ul data-start=\"732\" data-end=\"1333\">\n<li data-start=\"732\" data-end=\"1046\">\n<p data-start=\"734\" data-end=\"1046\"><strong data-start=\"734\" data-end=\"758\">Fortescues Eissalon:<\/strong> Das charmante Geb\u00e4ude l\u00e4sst sich zum Spielen aufklappen und verf\u00fcgt \u00fcber einen Servicebereich, einen gem\u00fctlichen Sitzbereich im Obergeschoss sowie einen h\u00fcbsch gestalteten Au\u00dfenbereich mit Eisstand. Hier l\u00e4sst es sich wunderbar entspannen und tr\u00e4umen \u2013 bei einem magischen Eis nat\u00fcrlich!<\/p>\n<\/li>\n<li data-start=\"1048\" data-end=\"1333\">\n<p data-start=\"1050\" data-end=\"1333\"><strong data-start=\"1050\" data-end=\"1078\">Qualit\u00e4t f\u00fcr Quidditch\u2122:<\/strong> Das legend\u00e4re Sportgesch\u00e4ft f\u00fcr Zauberer ist ein echtes Highlight! Mit einem \u201eschwebenden\u201c Besen, detailgetreuer Quidditch-Ausr\u00fcstung wie Quaffel, Klatscher, goldener Schnatz, Pokalen und sogar Slytherin\u2122-Schulkleidung kommt echte Wettkampf-Stimmung auf.<\/p>\n<\/li>\n<\/ul>\n<p data-start=\"1335\" data-end=\"1582\"><strong data-start=\"1335\" data-end=\"1384\">Das Set enth\u00e4lt 6 beliebte LEGO\u00ae Minifiguren:<\/strong> Ron Weasley\u2122, Cho Chang\u2122, Florean Fortescue, Katie Bell, Alicia Spinnet sowie einen Ladenbesitzer \u2013 ideal f\u00fcr kreative Rollenspiele und das Nachstellen ikonischer Szenen aus der Harry Potter\u2122 Welt.<\/p>\n<p data-start=\"1335\" data-end=\"1582\">Ob zum\u00a0<strong data-start=\"1182\" data-end=\"1216\">Bauen, Spielen oder Ausstellen<\/strong>\u00a0\u2013 dieses Set ist ein echter Hingucker, auch im Gaming-Zimmer. Mit der\u00a0<strong data-start=\"1287\" data-end=\"1308\">LEGO\u00ae Builder App<\/strong>\u00a0l\u00e4sst sich der Bau digital begleiten: Kinder k\u00f6nnen das 3D-Modell drehen, zoomen und ihren Fortschritt speichern \u2013 ein besonders fesselndes Bauerlebnis!<\/p>\n<h3 data-start=\"1589\" data-end=\"1617\">Highlights im \u00dcberblick:<\/h3>\n<ul data-start=\"1619\" data-end=\"1959\">\n<li data-start=\"1619\" data-end=\"1658\">\n<p data-start=\"1621\" data-end=\"1658\">795 Teile voller Magie und Fantasie<\/p>\n<\/li>\n<li data-start=\"1659\" data-end=\"1745\">\n<p data-start=\"1661\" data-end=\"1745\">Modular aufgebaut \u2013 kombinierbar mit weiteren LEGO\u00ae Harry Potter\u2122 Winkelgasse Sets<\/p>\n<\/li>\n<li data-start=\"1811\" data-end=\"1891\">\n<p data-start=\"1813\" data-end=\"1891\">Perfekt als Geschenk f\u00fcr Geburtstage, Weihnachten oder einfach zwischendurch<\/p>\n<\/li>\n<li data-start=\"1892\" data-end=\"1959\">\n<p data-start=\"1894\" data-end=\"1959\">Ma\u00dfe des Quidditch-Shops: ca. 20 cm hoch, 13 cm breit, 10 cm tief<\/p>\n<\/li>\n<\/ul>\n<p data-start=\"1966\" data-end=\"2191\">Dieses Set ist mehr als nur ein Bauprojekt \u2013 es ist ein St\u00fcck Harry Potter\u2122 Magie f\u00fcr dein Zuhause. Ob du alleine spielst oder gemeinsam mit Familie und Freunden baust: LEGO\u00ae Harry Potter 76452 Qualit\u00e4t f\u00fcr Quidditch\u2122 &amp; Fortescues Eissalon wird jeder Moment magisch!<\/p>\n","protected":false},"excerpt":{"rendered":"<p>Erlebe den Zauber der Winkelgasse mit dem <strong>LEGO\u00ae Harry Potter 76452 Qualit\u00e4t f\u00fcr Quidditch\u2122 &amp; Fortescues Eissalon<\/strong>! Besuche mit Ron Weasley\u2122 und Cho Chang\u2122 das ber\u00fchmte Sportgesch\u00e4ft <em data-start=\"229\" data-end=\"254\">Qualit\u00e4t f\u00fcr Quidditch\u2122<\/em>, entdecke schwebende Besen, goldene Schnatze und Schulkleidung von Slytherin\u2122. G\u00f6nn dir danach ein magisches Eis bei Fortescues Eissalon \u2013 drinnen oder gem\u00fctlich drau\u00dfen. Mit 6 liebevoll gestalteten Minifiguren und detailreichen L\u00e4den wird jede Szene zum Abenteuer. Das perfekte Geschenk f\u00fcr Kinder ab 8 Jahren und alle, die Hogwarts im Herzen tragen. Lass deine Fantasie fliegen und baue gemeinsam mit Familie und Freunden ein St\u00fcck Zauberwelt!<\/p>\n","protected":false},"featured_media":750,"comment_status":"open","ping_status":"closed","template":"","meta":{"_coblocks_attr":"","_coblocks_dimensions":"","_coblocks_responsive_height":"","_coblocks_accordion_ie_support":"","_eb_attr":"","_uag_custom_page_level_css":""},"product_brand":[158],"product_cat":[15],"product_tag":[299,300,301,173,163,177],"class_list":{"0":"post-748","1":"product","2":"type-product","3":"status-publish","4":"has-post-thumbnail","6":"product_brand-lego","7":"product_cat-lego","8":"product_tag-299","9":"product_tag-eissalon","10":"product_tag-fortescues","11":"product_tag-harry-potter","12":"product_tag-lego","13":"product_tag-legoharrypotter","15":"first","16":"outofstock","17":"taxable","18":"shipping-taxable","19":"purchasable","20":"product-type-simple"},"yoast_head":"<!-- This site is optimized with the Yoast SEO plugin v27.4 - https:\/\/yoast.com\/product\/yoast-seo-wordpress\/ -->\n<title>LEGO\u00ae Harry Potter 76452 Qualit\u00e4t f\u00fcr Quidditch\u2122 &amp; Fortescues Eissalon - Dietz-Internethandel<\/title>\n<meta name=\"description\" content=\"LEGO\u00ae Harry Potter 76452 Qualit\u00e4t f\u00fcr Quidditch\u2122 &amp; Fortescues Eissalon! Mit 6 Minifiguren, Quidditch-Shop &amp; Eissalon \u2013 perfekt f\u00fcr Kinder ab 8 Jahren.\" \/>\n<meta name=\"robots\" content=\"index, follow, max-snippet:-1, max-image-preview:large, max-video-preview:-1\" \/>\n<link rel=\"canonical\" href=\"https:\/\/shop24.dietz-ih.de\/?product=lego-harry-potter-76452-qualitaet-fuer-quidditch-fortescues-eissalon\" \/>\n<meta property=\"og:locale\" content=\"de_DE\" \/>\n<meta property=\"og:type\" content=\"article\" \/>\n<meta property=\"og:title\" content=\"LEGO\u00ae Harry Potter 76452 Qualit\u00e4t f\u00fcr Quidditch\u2122 &amp; Fortescues Eissalon - Dietz-Internethandel\" \/>\n<meta property=\"og:description\" content=\"LEGO\u00ae Harry Potter 76452 Qualit\u00e4t f\u00fcr Quidditch\u2122 &amp; Fortescues Eissalon! Mit 6 Minifiguren, Quidditch-Shop &amp; Eissalon \u2013 perfekt f\u00fcr Kinder ab 8 Jahren.\" \/>\n<meta property=\"og:url\" content=\"https:\/\/shop24.dietz-ih.de\/?product=lego-harry-potter-76452-qualitaet-fuer-quidditch-fortescues-eissalon\" \/>\n<meta property=\"og:site_name\" content=\"Dietz-Internethandel\" \/>\n<meta property=\"article:publisher\" content=\"https:\/\/www.facebook.com\/profile.php?id=100081292915783\" \/>\n<meta property=\"article:modified_time\" content=\"2026-01-19T12:23:05+00:00\" \/>\n<meta property=\"og:image\" content=\"https:\/\/shop24.dietz-ih.de\/wp-content\/uploads\/2025\/07\/LEGO_76452_1_ergebnis.jpg\" \/>\n\t<meta property=\"og:image:width\" content=\"600\" \/>\n\t<meta property=\"og:image:height\" content=\"600\" \/>\n\t<meta property=\"og:image:type\" content=\"image\/jpeg\" \/>\n<meta name=\"twitter:card\" content=\"summary_large_image\" \/>\n<meta name=\"twitter:label1\" content=\"Gesch\u00e4tzte Lesezeit\" \/>\n\t<meta name=\"twitter:data1\" content=\"2\u00a0Minuten\" \/>\n<script type=\"application\/ld+json\" class=\"yoast-schema-graph\">{\"@context\":\"https:\\\/\\\/schema.org\",\"@graph\":[{\"@type\":\"WebPage\",\"@id\":\"https:\\\/\\\/shop24.dietz-ih.de\\\/?product=lego-harry-potter-76452-qualitaet-fuer-quidditch-fortescues-eissalon\",\"url\":\"https:\\\/\\\/shop24.dietz-ih.de\\\/?product=lego-harry-potter-76452-qualitaet-fuer-quidditch-fortescues-eissalon\",\"name\":\"LEGO\u00ae Harry Potter 76452 Qualit\u00e4t f\u00fcr Quidditch\u2122 & Fortescues Eissalon - Dietz-Internethandel\",\"isPartOf\":{\"@id\":\"https:\\\/\\\/shop24.dietz-ih.de\\\/#website\"},\"primaryImageOfPage\":{\"@id\":\"https:\\\/\\\/shop24.dietz-ih.de\\\/?product=lego-harry-potter-76452-qualitaet-fuer-quidditch-fortescues-eissalon#primaryimage\"},\"image\":{\"@id\":\"https:\\\/\\\/shop24.dietz-ih.de\\\/?product=lego-harry-potter-76452-qualitaet-fuer-quidditch-fortescues-eissalon#primaryimage\"},\"thumbnailUrl\":\"https:\\\/\\\/i0.wp.com\\\/shop24.dietz-ih.de\\\/wp-content\\\/uploads\\\/2025\\\/07\\\/LEGO_76452_1_ergebnis.jpg?fit=600%2C600&ssl=1\",\"datePublished\":\"2025-07-10T12:58:28+00:00\",\"dateModified\":\"2026-01-19T12:23:05+00:00\",\"description\":\"LEGO\u00ae Harry Potter 76452 Qualit\u00e4t f\u00fcr Quidditch\u2122 & Fortescues Eissalon! Mit 6 Minifiguren, Quidditch-Shop & Eissalon \u2013 perfekt f\u00fcr Kinder ab 8 Jahren.\",\"breadcrumb\":{\"@id\":\"https:\\\/\\\/shop24.dietz-ih.de\\\/?product=lego-harry-potter-76452-qualitaet-fuer-quidditch-fortescues-eissalon#breadcrumb\"},\"inLanguage\":\"de\",\"potentialAction\":[{\"@type\":\"ReadAction\",\"target\":[\"https:\\\/\\\/shop24.dietz-ih.de\\\/?product=lego-harry-potter-76452-qualitaet-fuer-quidditch-fortescues-eissalon\"]}]},{\"@type\":\"ImageObject\",\"inLanguage\":\"de\",\"@id\":\"https:\\\/\\\/shop24.dietz-ih.de\\\/?product=lego-harry-potter-76452-qualitaet-fuer-quidditch-fortescues-eissalon#primaryimage\",\"url\":\"https:\\\/\\\/i0.wp.com\\\/shop24.dietz-ih.de\\\/wp-content\\\/uploads\\\/2025\\\/07\\\/LEGO_76452_1_ergebnis.jpg?fit=600%2C600&ssl=1\",\"contentUrl\":\"https:\\\/\\\/i0.wp.com\\\/shop24.dietz-ih.de\\\/wp-content\\\/uploads\\\/2025\\\/07\\\/LEGO_76452_1_ergebnis.jpg?fit=600%2C600&ssl=1\",\"width\":600,\"height\":600},{\"@type\":\"BreadcrumbList\",\"@id\":\"https:\\\/\\\/shop24.dietz-ih.de\\\/?product=lego-harry-potter-76452-qualitaet-fuer-quidditch-fortescues-eissalon#breadcrumb\",\"itemListElement\":[{\"@type\":\"ListItem\",\"position\":1,\"name\":\"Startseite\",\"item\":\"https:\\\/\\\/shop24.dietz-ih.de\\\/\"},{\"@type\":\"ListItem\",\"position\":2,\"name\":\"Shop\",\"item\":\"https:\\\/\\\/shop24.dietz-ih.de\\\/?page_id=7\"},{\"@type\":\"ListItem\",\"position\":3,\"name\":\"LEGO\u00ae Harry Potter 76452 Qualit\u00e4t f\u00fcr Quidditch\u2122 &#038; Fortescues Eissalon\"}]},{\"@type\":\"WebSite\",\"@id\":\"https:\\\/\\\/shop24.dietz-ih.de\\\/#website\",\"url\":\"https:\\\/\\\/shop24.dietz-ih.de\\\/\",\"name\":\"Dietz-Internethandel\",\"description\":\"\",\"publisher\":{\"@id\":\"https:\\\/\\\/shop24.dietz-ih.de\\\/#organization\"},\"potentialAction\":[{\"@type\":\"SearchAction\",\"target\":{\"@type\":\"EntryPoint\",\"urlTemplate\":\"https:\\\/\\\/shop24.dietz-ih.de\\\/?s={search_term_string}\"},\"query-input\":{\"@type\":\"PropertyValueSpecification\",\"valueRequired\":true,\"valueName\":\"search_term_string\"}}],\"inLanguage\":\"de\"},{\"@type\":\"Organization\",\"@id\":\"https:\\\/\\\/shop24.dietz-ih.de\\\/#organization\",\"name\":\"Dietz-Internethandel\",\"url\":\"https:\\\/\\\/shop24.dietz-ih.de\\\/\",\"logo\":{\"@type\":\"ImageObject\",\"inLanguage\":\"de\",\"@id\":\"https:\\\/\\\/shop24.dietz-ih.de\\\/#\\\/schema\\\/logo\\\/image\\\/\",\"url\":\"https:\\\/\\\/i0.wp.com\\\/shop24.dietz-ih.de\\\/wp-content\\\/uploads\\\/2025\\\/06\\\/Ein-Logo-fuer-einen-Onlineshop-mit-Spielzeug.-Der-Buchstabe-D-soll-drauf-sein.-Farblich_-Gruen-Warmgelb-und-Lachs.-Und-bitte-als-ausgeschnittene-Datei-Photoroom-2.png?fit=1120%2C1120&ssl=1\",\"contentUrl\":\"https:\\\/\\\/i0.wp.com\\\/shop24.dietz-ih.de\\\/wp-content\\\/uploads\\\/2025\\\/06\\\/Ein-Logo-fuer-einen-Onlineshop-mit-Spielzeug.-Der-Buchstabe-D-soll-drauf-sein.-Farblich_-Gruen-Warmgelb-und-Lachs.-Und-bitte-als-ausgeschnittene-Datei-Photoroom-2.png?fit=1120%2C1120&ssl=1\",\"width\":1120,\"height\":1120,\"caption\":\"Dietz-Internethandel\"},\"image\":{\"@id\":\"https:\\\/\\\/shop24.dietz-ih.de\\\/#\\\/schema\\\/logo\\\/image\\\/\"},\"sameAs\":[\"https:\\\/\\\/www.facebook.com\\\/profile.php?id=100081292915783\",\"https:\\\/\\\/www.instagram.com\\\/dietz_internethandel\\\/\"]}]}<\/script>\n<!-- \/ Yoast SEO plugin. -->","yoast_head_json":{"title":"LEGO\u00ae Harry Potter 76452 Qualit\u00e4t f\u00fcr Quidditch\u2122 & Fortescues Eissalon - Dietz-Internethandel","description":"LEGO\u00ae Harry Potter 76452 Qualit\u00e4t f\u00fcr Quidditch\u2122 & Fortescues Eissalon! Mit 6 Minifiguren, Quidditch-Shop & Eissalon \u2013 perfekt f\u00fcr Kinder ab 8 Jahren.","robots":{"index":"index","follow":"follow","max-snippet":"max-snippet:-1","max-image-preview":"max-image-preview:large","max-video-preview":"max-video-preview:-1"},"canonical":"https:\/\/shop24.dietz-ih.de\/?product=lego-harry-potter-76452-qualitaet-fuer-quidditch-fortescues-eissalon","og_locale":"de_DE","og_type":"article","og_title":"LEGO\u00ae Harry Potter 76452 Qualit\u00e4t f\u00fcr Quidditch\u2122 & Fortescues Eissalon - Dietz-Internethandel","og_description":"LEGO\u00ae Harry Potter 76452 Qualit\u00e4t f\u00fcr Quidditch\u2122 & Fortescues Eissalon! Mit 6 Minifiguren, Quidditch-Shop & Eissalon \u2013 perfekt f\u00fcr Kinder ab 8 Jahren.","og_url":"https:\/\/shop24.dietz-ih.de\/?product=lego-harry-potter-76452-qualitaet-fuer-quidditch-fortescues-eissalon","og_site_name":"Dietz-Internethandel","article_publisher":"https:\/\/www.facebook.com\/profile.php?id=100081292915783","article_modified_time":"2026-01-19T12:23:05+00:00","og_image":[{"width":600,"height":600,"url":"https:\/\/shop24.dietz-ih.de\/wp-content\/uploads\/2025\/07\/LEGO_76452_1_ergebnis.jpg","type":"image\/jpeg"}],"twitter_card":"summary_large_image","twitter_misc":{"Gesch\u00e4tzte Lesezeit":"2\u00a0Minuten"},"schema":{"@context":"https:\/\/schema.org","@graph":[{"@type":"WebPage","@id":"https:\/\/shop24.dietz-ih.de\/?product=lego-harry-potter-76452-qualitaet-fuer-quidditch-fortescues-eissalon","url":"https:\/\/shop24.dietz-ih.de\/?product=lego-harry-potter-76452-qualitaet-fuer-quidditch-fortescues-eissalon","name":"LEGO\u00ae Harry Potter 76452 Qualit\u00e4t f\u00fcr Quidditch\u2122 & Fortescues Eissalon - Dietz-Internethandel","isPartOf":{"@id":"https:\/\/shop24.dietz-ih.de\/#website"},"primaryImageOfPage":{"@id":"https:\/\/shop24.dietz-ih.de\/?product=lego-harry-potter-76452-qualitaet-fuer-quidditch-fortescues-eissalon#primaryimage"},"image":{"@id":"https:\/\/shop24.dietz-ih.de\/?product=lego-harry-potter-76452-qualitaet-fuer-quidditch-fortescues-eissalon#primaryimage"},"thumbnailUrl":"https:\/\/i0.wp.com\/shop24.dietz-ih.de\/wp-content\/uploads\/2025\/07\/LEGO_76452_1_ergebnis.jpg?fit=600%2C600&ssl=1","datePublished":"2025-07-10T12:58:28+00:00","dateModified":"2026-01-19T12:23:05+00:00","description":"LEGO\u00ae Harry Potter 76452 Qualit\u00e4t f\u00fcr Quidditch\u2122 & Fortescues Eissalon! Mit 6 Minifiguren, Quidditch-Shop & Eissalon \u2013 perfekt f\u00fcr Kinder ab 8 Jahren.","breadcrumb":{"@id":"https:\/\/shop24.dietz-ih.de\/?product=lego-harry-potter-76452-qualitaet-fuer-quidditch-fortescues-eissalon#breadcrumb"},"inLanguage":"de","potentialAction":[{"@type":"ReadAction","target":["https:\/\/shop24.dietz-ih.de\/?product=lego-harry-potter-76452-qualitaet-fuer-quidditch-fortescues-eissalon"]}]},{"@type":"ImageObject","inLanguage":"de","@id":"https:\/\/shop24.dietz-ih.de\/?product=lego-harry-potter-76452-qualitaet-fuer-quidditch-fortescues-eissalon#primaryimage","url":"https:\/\/i0.wp.com\/shop24.dietz-ih.de\/wp-content\/uploads\/2025\/07\/LEGO_76452_1_ergebnis.jpg?fit=600%2C600&ssl=1","contentUrl":"https:\/\/i0.wp.com\/shop24.dietz-ih.de\/wp-content\/uploads\/2025\/07\/LEGO_76452_1_ergebnis.jpg?fit=600%2C600&ssl=1","width":600,"height":600},{"@type":"BreadcrumbList","@id":"https:\/\/shop24.dietz-ih.de\/?product=lego-harry-potter-76452-qualitaet-fuer-quidditch-fortescues-eissalon#breadcrumb","itemListElement":[{"@type":"ListItem","position":1,"name":"Startseite","item":"https:\/\/shop24.dietz-ih.de\/"},{"@type":"ListItem","position":2,"name":"Shop","item":"https:\/\/shop24.dietz-ih.de\/?page_id=7"},{"@type":"ListItem","position":3,"name":"LEGO\u00ae Harry Potter 76452 Qualit\u00e4t f\u00fcr Quidditch\u2122 &#038; Fortescues Eissalon"}]},{"@type":"WebSite","@id":"https:\/\/shop24.dietz-ih.de\/#website","url":"https:\/\/shop24.dietz-ih.de\/","name":"Dietz-Internethandel","description":"","publisher":{"@id":"https:\/\/shop24.dietz-ih.de\/#organization"},"potentialAction":[{"@type":"SearchAction","target":{"@type":"EntryPoint","urlTemplate":"https:\/\/shop24.dietz-ih.de\/?s={search_term_string}"},"query-input":{"@type":"PropertyValueSpecification","valueRequired":true,"valueName":"search_term_string"}}],"inLanguage":"de"},{"@type":"Organization","@id":"https:\/\/shop24.dietz-ih.de\/#organization","name":"Dietz-Internethandel","url":"https:\/\/shop24.dietz-ih.de\/","logo":{"@type":"ImageObject","inLanguage":"de","@id":"https:\/\/shop24.dietz-ih.de\/#\/schema\/logo\/image\/","url":"https:\/\/i0.wp.com\/shop24.dietz-ih.de\/wp-content\/uploads\/2025\/06\/Ein-Logo-fuer-einen-Onlineshop-mit-Spielzeug.-Der-Buchstabe-D-soll-drauf-sein.-Farblich_-Gruen-Warmgelb-und-Lachs.-Und-bitte-als-ausgeschnittene-Datei-Photoroom-2.png?fit=1120%2C1120&ssl=1","contentUrl":"https:\/\/i0.wp.com\/shop24.dietz-ih.de\/wp-content\/uploads\/2025\/06\/Ein-Logo-fuer-einen-Onlineshop-mit-Spielzeug.-Der-Buchstabe-D-soll-drauf-sein.-Farblich_-Gruen-Warmgelb-und-Lachs.-Und-bitte-als-ausgeschnittene-Datei-Photoroom-2.png?fit=1120%2C1120&ssl=1","width":1120,"height":1120,"caption":"Dietz-Internethandel"},"image":{"@id":"https:\/\/shop24.dietz-ih.de\/#\/schema\/logo\/image\/"},"sameAs":["https:\/\/www.facebook.com\/profile.php?id=100081292915783","https:\/\/www.instagram.com\/dietz_internethandel\/"]}]}},"uagb_featured_image_src":{"full":["https:\/\/i0.wp.com\/shop24.dietz-ih.de\/wp-content\/uploads\/2025\/07\/LEGO_76452_1_ergebnis.jpg?fit=600%2C600&ssl=1",600,600,false],"thumbnail":["https:\/\/i0.wp.com\/shop24.dietz-ih.de\/wp-content\/uploads\/2025\/07\/LEGO_76452_1_ergebnis.jpg?resize=150%2C150&ssl=1",150,150,true],"medium":["https:\/\/i0.wp.com\/shop24.dietz-ih.de\/wp-content\/uploads\/2025\/07\/LEGO_76452_1_ergebnis.jpg?fit=300%2C300&ssl=1",300,300,true],"medium_large":["https:\/\/i0.wp.com\/shop24.dietz-ih.de\/wp-content\/uploads\/2025\/07\/LEGO_76452_1_ergebnis.jpg?fit=600%2C600&ssl=1",600,600,true],"large":["https:\/\/i0.wp.com\/shop24.dietz-ih.de\/wp-content\/uploads\/2025\/07\/LEGO_76452_1_ergebnis.jpg?fit=600%2C600&ssl=1",600,600,true],"gs-tiny":["https:\/\/i0.wp.com\/shop24.dietz-ih.de\/wp-content\/uploads\/2025\/07\/LEGO_76452_1_ergebnis.jpg?fit=50%2C50&ssl=1",50,50,true],"xl":["https:\/\/i0.wp.com\/shop24.dietz-ih.de\/wp-content\/uploads\/2025\/07\/LEGO_76452_1_ergebnis.jpg?fit=600%2C600&ssl=1",600,600,true],"xxl":["https:\/\/i0.wp.com\/shop24.dietz-ih.de\/wp-content\/uploads\/2025\/07\/LEGO_76452_1_ergebnis.jpg?fit=600%2C600&ssl=1",600,600,true],"xxxl":["https:\/\/i0.wp.com\/shop24.dietz-ih.de\/wp-content\/uploads\/2025\/07\/LEGO_76452_1_ergebnis.jpg?fit=600%2C600&ssl=1",600,600,true],"xxxxl":["https:\/\/i0.wp.com\/shop24.dietz-ih.de\/wp-content\/uploads\/2025\/07\/LEGO_76452_1_ergebnis.jpg?fit=600%2C600&ssl=1",600,600,true],"xxxxxl":["https:\/\/i0.wp.com\/shop24.dietz-ih.de\/wp-content\/uploads\/2025\/07\/LEGO_76452_1_ergebnis.jpg?fit=600%2C600&ssl=1",600,600,true],"1536x1536":["https:\/\/i0.wp.com\/shop24.dietz-ih.de\/wp-content\/uploads\/2025\/07\/LEGO_76452_1_ergebnis.jpg?fit=600%2C600&ssl=1",600,600,true],"2048x2048":["https:\/\/i0.wp.com\/shop24.dietz-ih.de\/wp-content\/uploads\/2025\/07\/LEGO_76452_1_ergebnis.jpg?fit=600%2C600&ssl=1",600,600,true],"woocommerce_thumbnail":["https:\/\/i0.wp.com\/shop24.dietz-ih.de\/wp-content\/uploads\/2025\/07\/LEGO_76452_1_ergebnis.jpg?resize=600%2C600&ssl=1",600,600,true],"woocommerce_single":["https:\/\/i0.wp.com\/shop24.dietz-ih.de\/wp-content\/uploads\/2025\/07\/LEGO_76452_1_ergebnis.jpg?fit=600%2C600&ssl=1",600,600,true],"woocommerce_gallery_thumbnail":["https:\/\/i0.wp.com\/shop24.dietz-ih.de\/wp-content\/uploads\/2025\/07\/LEGO_76452_1_ergebnis.jpg?resize=100%2C100&ssl=1",100,100,true]},"uagb_author_info":{"display_name":"admin","author_link":"https:\/\/shop24.dietz-ih.de\/?author=0"},"uagb_comment_info":0,"uagb_excerpt":"Erlebe den Zauber der Winkelgasse mit dem LEGO\u00ae Harry Potter 76452 Qualit\u00e4t f\u00fcr Quidditch\u2122 &amp; Fortescues Eissalon! Besuche mit Ron Weasley\u2122 und Cho Chang\u2122 das ber\u00fchmte Sportgesch\u00e4ft Qualit\u00e4t f\u00fcr Quidditch\u2122, entdecke schwebende Besen, goldene Schnatze und Schulkleidung von Slytherin\u2122. G\u00f6nn dir danach ein magisches Eis bei Fortescues Eissalon \u2013 drinnen oder gem\u00fctlich drau\u00dfen. Mit 6&hellip;","jetpack_sharing_enabled":true,"_links":{"self":[{"href":"https:\/\/shop24.dietz-ih.de\/index.php?rest_route=\/wp\/v2\/product\/748","targetHints":{"allow":["GET"]}}],"collection":[{"href":"https:\/\/shop24.dietz-ih.de\/index.php?rest_route=\/wp\/v2\/product"}],"about":[{"href":"https:\/\/shop24.dietz-ih.de\/index.php?rest_route=\/wp\/v2\/types\/product"}],"replies":[{"embeddable":true,"href":"https:\/\/shop24.dietz-ih.de\/index.php?rest_route=%2Fwp%2Fv2%2Fcomments&post=748"}],"wp:featuredmedia":[{"embeddable":true,"href":"https:\/\/shop24.dietz-ih.de\/index.php?rest_route=\/wp\/v2\/media\/750"}],"wp:attachment":[{"href":"https:\/\/shop24.dietz-ih.de\/index.php?rest_route=%2Fwp%2Fv2%2Fmedia&parent=748"}],"wp:term":[{"taxonomy":"product_brand","embeddable":true,"href":"https:\/\/shop24.dietz-ih.de\/index.php?rest_route=%2Fwp%2Fv2%2Fproduct_brand&post=748"},{"taxonomy":"product_cat","embeddable":true,"href":"https:\/\/shop24.dietz-ih.de\/index.php?rest_route=%2Fwp%2Fv2%2Fproduct_cat&post=748"},{"taxonomy":"product_tag","embeddable":true,"href":"https:\/\/shop24.dietz-ih.de\/index.php?rest_route=%2Fwp%2Fv2%2Fproduct_tag&post=748"}],"curies":[{"name":"wp","href":"https:\/\/api.w.org\/{rel}","templated":true}]}}