{"id":756,"date":"2025-07-10T15:06:22","date_gmt":"2025-07-10T13:06:22","guid":{"rendered":"https:\/\/shop24.dietz-ih.de\/?post_type=product&#038;p=756"},"modified":"2026-01-19T13:22:56","modified_gmt":"2026-01-19T12:22:56","slug":"lego-friends-42648-panda-pflegestation","status":"publish","type":"product","link":"https:\/\/shop24.dietz-ih.de\/?product=lego-friends-42648-panda-pflegestation","title":{"rendered":"LEGO\u00ae Friends 42648 Panda-Pflegestation"},"content":{"rendered":"<p data-start=\"157\" data-end=\"253\"><strong>LEGO\u00ae Friends 42648 Panda-Pflegestation<\/strong> <strong data-start=\"205\" data-end=\"253\">Tierpflege mit Herz \u2013 f\u00fcr Kinder ab 7 Jahren<\/strong><\/p>\n<p data-start=\"255\" data-end=\"600\">In der LEGO\u00ae Friends 42648 Panda-Pflegestation k\u00fcmmern sich Autumn und Liann liebevoll um eine Panda-Mama und ihre zwei s\u00fc\u00dfen Babys. Die drei Pandas lieben es, auf der Rutsche zu spielen oder in der Schaukel zu entspannen. Nach dem Spielen kuscheln sie sich in ihre H\u00f6hle und machen ein Nickerchen \u2013 w\u00e4hrend Autumn und Liann im Baumhaus entspannen.<\/p>\n<p data-start=\"602\" data-end=\"916\">Das Set enth\u00e4lt ein detailliertes <strong data-start=\"636\" data-end=\"648\">Baumhaus<\/strong>, das als Pflegestation dient, und ein <strong data-start=\"687\" data-end=\"695\">Quad<\/strong>, mit dem Futter und Zubeh\u00f6r herangebracht werden k\u00f6nnen. Viele liebevolle Details wie eine Waage, B\u00fcrste, Schaufel, Apfel, Bambus und sogar ein Pandahaufen sorgen f\u00fcr realistische Rollenspiele und viel Spa\u00df beim Spielen.<\/p>\n<p data-start=\"918\" data-end=\"1171\">Im Baumhaus gibt es <strong data-start=\"938\" data-end=\"948\">Betten<\/strong>, einen <strong data-start=\"956\" data-end=\"972\">Schreibtisch<\/strong>, ein <strong data-start=\"978\" data-end=\"989\">Telefon<\/strong> und ein <strong data-start=\"998\" data-end=\"1012\">Solarmodul<\/strong> \u2013 perfekt f\u00fcr kleine Abenteurer und umweltbewusste Tierfreunde! Die Kinder k\u00f6nnen eigene Geschichten erfinden und in die Rolle von Tierpflegerinnen schl\u00fcpfen.<\/p>\n<p data-start=\"1173\" data-end=\"1193\"><strong data-start=\"1173\" data-end=\"1193\">Inhalt des Sets:<\/strong><\/p>\n<ul data-start=\"1194\" data-end=\"1394\">\n<li data-start=\"1194\" data-end=\"1230\">\n<p data-start=\"1196\" data-end=\"1230\">2 Spielfiguren: Autumn und Liann<\/p>\n<\/li>\n<li data-start=\"1231\" data-end=\"1275\">\n<p data-start=\"1233\" data-end=\"1275\">3 Pandas: eine Panda-Mama und zwei Babys<\/p>\n<\/li>\n<li data-start=\"1276\" data-end=\"1335\">\n<p data-start=\"1278\" data-end=\"1335\">Baumhaus mit H\u00f6hle, Rutsche, Schaukel und vielen Extras<\/p>\n<\/li>\n<li data-start=\"1336\" data-end=\"1394\">\n<p data-start=\"1338\" data-end=\"1394\">Zubeh\u00f6r wie Futter, Laterne, Stift, Werkzeuge und mehr<\/p>\n<\/li>\n<\/ul>\n<p data-start=\"1396\" data-end=\"1611\">Mit <strong data-start=\"1400\" data-end=\"1414\">243 Teilen<\/strong> ist dieses Set ideal f\u00fcr Kinder ab 7 Jahren und bietet langanhaltenden Bau- und Spielspa\u00df. Die Panda-Pflegestation ist <strong data-start=\"1534\" data-end=\"1576\">15 cm hoch, 17 cm breit und 16 cm tief<\/strong> \u2013 genau richtig f\u00fcrs Kinderzimmer.<\/p>\n<p data-start=\"1613\" data-end=\"1854\">Ein tolles Geschenk f\u00fcr kleine Tierliebhaber, die Natur, Freundschaft und fantasievolle Geschichten lieben. Und mit der Online-Serie <strong data-start=\"1746\" data-end=\"1784\">LEGO\u00ae Friends: Das n\u00e4chste Kapitel<\/strong> k\u00f6nnen Kinder noch mehr Abenteuer mit ihren Lieblingsfiguren erleben!<\/p>\n<p data-start=\"1613\" data-end=\"1854\">Ob zum\u00a0<strong data-start=\"1182\" data-end=\"1216\">Bauen, Spielen oder Ausstellen<\/strong>\u00a0\u2013 dieses Set ist ein echter Hingucker, auch im Gaming-Zimmer. Mit der\u00a0<strong data-start=\"1287\" data-end=\"1308\">LEGO\u00ae Builder App<\/strong>\u00a0l\u00e4sst sich der Bau digital begleiten: Kinder k\u00f6nnen das 3D-Modell drehen, zoomen und ihren Fortschritt speichern \u2013 ein besonders fesselndes Bauerlebnis!<\/p>\n","protected":false},"excerpt":{"rendered":"<p>Tauche ein in eine Welt voller F\u00fcrsorge und Freundschaft mit der <strong>LEGO\u00ae Friends 42648 Panda-Pflegestation<\/strong>! Gemeinsam mit Autumn und Liann k\u00fcmmerst du dich liebevoll um eine Panda-Mama und ihre zwei verspielten Babys. Schaukeln, rutschen, kuscheln \u2013 hier erleben kleine Tierfreunde herzerw\u00e4rmende Abenteuer. Im liebevoll gestalteten Baumhaus mit vielen Details wie Schreibtisch, Betten und Zubeh\u00f6r wird jede Spielidee lebendig. Das Set f\u00f6rdert Fantasie, Verantwortungsgef\u00fchl und die Liebe zur Natur \u2013 ideal f\u00fcr Kinder ab 7 Jahren. Ein wundersch\u00f6nes Geschenk f\u00fcr kleine Tierliebhaber, die gro\u00dfe Geschichten erz\u00e4hlen m\u00f6chten. Hier entstehen Freundschaften, die das Herz ber\u00fchren.<\/p>\n","protected":false},"featured_media":757,"comment_status":"open","ping_status":"closed","template":"","meta":{"_coblocks_attr":"","_coblocks_dimensions":"","_coblocks_responsive_height":"","_coblocks_accordion_ie_support":"","_eb_attr":"","_uag_custom_page_level_css":""},"product_brand":[158],"product_cat":[15],"product_tag":[302,187,163,194,304,303,305],"class_list":{"0":"post-756","1":"product","2":"type-product","3":"status-publish","4":"has-post-thumbnail","6":"product_brand-lego","7":"product_cat-lego","8":"product_tag-302","9":"product_tag-friends","10":"product_tag-lego","11":"product_tag-legofriends","12":"product_tag-panda","13":"product_tag-panda-pflegestation","14":"product_tag-pflegestation","16":"first","17":"outofstock","18":"taxable","19":"shipping-taxable","20":"purchasable","21":"product-type-simple"},"yoast_head":"<!-- This site is optimized with the Yoast SEO plugin v27.4 - https:\/\/yoast.com\/product\/yoast-seo-wordpress\/ -->\n<title>LEGO\u00ae Friends 42648 Panda-Pflegestation - Dietz-Internethandel<\/title>\n<meta name=\"description\" content=\"Pflege Panda-Babys mit Autumn &amp; Liann! Die LEGO\u00ae Friends 42648 Panda-Pflegestation bietet kreativen Bauspa\u00df f\u00fcr Kinder ab 7 Jahren\" \/>\n<meta name=\"robots\" content=\"index, follow, max-snippet:-1, max-image-preview:large, max-video-preview:-1\" \/>\n<link rel=\"canonical\" href=\"https:\/\/shop24.dietz-ih.de\/?product=lego-friends-42648-panda-pflegestation\" \/>\n<meta property=\"og:locale\" content=\"de_DE\" \/>\n<meta property=\"og:type\" content=\"article\" \/>\n<meta property=\"og:title\" content=\"LEGO\u00ae Friends 42648 Panda-Pflegestation - Dietz-Internethandel\" \/>\n<meta property=\"og:description\" content=\"Pflege Panda-Babys mit Autumn &amp; Liann! Die LEGO\u00ae Friends 42648 Panda-Pflegestation bietet kreativen Bauspa\u00df f\u00fcr Kinder ab 7 Jahren\" \/>\n<meta property=\"og:url\" content=\"https:\/\/shop24.dietz-ih.de\/?product=lego-friends-42648-panda-pflegestation\" \/>\n<meta property=\"og:site_name\" content=\"Dietz-Internethandel\" \/>\n<meta property=\"article:publisher\" content=\"https:\/\/www.facebook.com\/profile.php?id=100081292915783\" \/>\n<meta property=\"article:modified_time\" content=\"2026-01-19T12:22:56+00:00\" \/>\n<meta property=\"og:image\" content=\"https:\/\/shop24.dietz-ih.de\/wp-content\/uploads\/2025\/07\/LEGO_42648_1_ergebnis.jpg\" \/>\n\t<meta property=\"og:image:width\" content=\"600\" \/>\n\t<meta property=\"og:image:height\" content=\"600\" \/>\n\t<meta property=\"og:image:type\" content=\"image\/jpeg\" \/>\n<meta name=\"twitter:card\" content=\"summary_large_image\" \/>\n<meta name=\"twitter:label1\" content=\"Gesch\u00e4tzte Lesezeit\" \/>\n\t<meta name=\"twitter:data1\" content=\"2\u00a0Minuten\" \/>\n<script type=\"application\/ld+json\" class=\"yoast-schema-graph\">{\"@context\":\"https:\\\/\\\/schema.org\",\"@graph\":[{\"@type\":\"WebPage\",\"@id\":\"https:\\\/\\\/shop24.dietz-ih.de\\\/?product=lego-friends-42648-panda-pflegestation\",\"url\":\"https:\\\/\\\/shop24.dietz-ih.de\\\/?product=lego-friends-42648-panda-pflegestation\",\"name\":\"LEGO\u00ae Friends 42648 Panda-Pflegestation - Dietz-Internethandel\",\"isPartOf\":{\"@id\":\"https:\\\/\\\/shop24.dietz-ih.de\\\/#website\"},\"primaryImageOfPage\":{\"@id\":\"https:\\\/\\\/shop24.dietz-ih.de\\\/?product=lego-friends-42648-panda-pflegestation#primaryimage\"},\"image\":{\"@id\":\"https:\\\/\\\/shop24.dietz-ih.de\\\/?product=lego-friends-42648-panda-pflegestation#primaryimage\"},\"thumbnailUrl\":\"https:\\\/\\\/i0.wp.com\\\/shop24.dietz-ih.de\\\/wp-content\\\/uploads\\\/2025\\\/07\\\/LEGO_42648_1_ergebnis.jpg?fit=600%2C600&ssl=1\",\"datePublished\":\"2025-07-10T13:06:22+00:00\",\"dateModified\":\"2026-01-19T12:22:56+00:00\",\"description\":\"Pflege Panda-Babys mit Autumn & Liann! Die LEGO\u00ae Friends 42648 Panda-Pflegestation bietet kreativen Bauspa\u00df f\u00fcr Kinder ab 7 Jahren\",\"breadcrumb\":{\"@id\":\"https:\\\/\\\/shop24.dietz-ih.de\\\/?product=lego-friends-42648-panda-pflegestation#breadcrumb\"},\"inLanguage\":\"de\",\"potentialAction\":[{\"@type\":\"ReadAction\",\"target\":[\"https:\\\/\\\/shop24.dietz-ih.de\\\/?product=lego-friends-42648-panda-pflegestation\"]}]},{\"@type\":\"ImageObject\",\"inLanguage\":\"de\",\"@id\":\"https:\\\/\\\/shop24.dietz-ih.de\\\/?product=lego-friends-42648-panda-pflegestation#primaryimage\",\"url\":\"https:\\\/\\\/i0.wp.com\\\/shop24.dietz-ih.de\\\/wp-content\\\/uploads\\\/2025\\\/07\\\/LEGO_42648_1_ergebnis.jpg?fit=600%2C600&ssl=1\",\"contentUrl\":\"https:\\\/\\\/i0.wp.com\\\/shop24.dietz-ih.de\\\/wp-content\\\/uploads\\\/2025\\\/07\\\/LEGO_42648_1_ergebnis.jpg?fit=600%2C600&ssl=1\",\"width\":600,\"height\":600},{\"@type\":\"BreadcrumbList\",\"@id\":\"https:\\\/\\\/shop24.dietz-ih.de\\\/?product=lego-friends-42648-panda-pflegestation#breadcrumb\",\"itemListElement\":[{\"@type\":\"ListItem\",\"position\":1,\"name\":\"Startseite\",\"item\":\"https:\\\/\\\/shop24.dietz-ih.de\\\/\"},{\"@type\":\"ListItem\",\"position\":2,\"name\":\"Shop\",\"item\":\"https:\\\/\\\/shop24.dietz-ih.de\\\/?page_id=7\"},{\"@type\":\"ListItem\",\"position\":3,\"name\":\"LEGO\u00ae Friends 42648 Panda-Pflegestation\"}]},{\"@type\":\"WebSite\",\"@id\":\"https:\\\/\\\/shop24.dietz-ih.de\\\/#website\",\"url\":\"https:\\\/\\\/shop24.dietz-ih.de\\\/\",\"name\":\"Dietz-Internethandel\",\"description\":\"\",\"publisher\":{\"@id\":\"https:\\\/\\\/shop24.dietz-ih.de\\\/#organization\"},\"potentialAction\":[{\"@type\":\"SearchAction\",\"target\":{\"@type\":\"EntryPoint\",\"urlTemplate\":\"https:\\\/\\\/shop24.dietz-ih.de\\\/?s={search_term_string}\"},\"query-input\":{\"@type\":\"PropertyValueSpecification\",\"valueRequired\":true,\"valueName\":\"search_term_string\"}}],\"inLanguage\":\"de\"},{\"@type\":\"Organization\",\"@id\":\"https:\\\/\\\/shop24.dietz-ih.de\\\/#organization\",\"name\":\"Dietz-Internethandel\",\"url\":\"https:\\\/\\\/shop24.dietz-ih.de\\\/\",\"logo\":{\"@type\":\"ImageObject\",\"inLanguage\":\"de\",\"@id\":\"https:\\\/\\\/shop24.dietz-ih.de\\\/#\\\/schema\\\/logo\\\/image\\\/\",\"url\":\"https:\\\/\\\/i0.wp.com\\\/shop24.dietz-ih.de\\\/wp-content\\\/uploads\\\/2025\\\/06\\\/Ein-Logo-fuer-einen-Onlineshop-mit-Spielzeug.-Der-Buchstabe-D-soll-drauf-sein.-Farblich_-Gruen-Warmgelb-und-Lachs.-Und-bitte-als-ausgeschnittene-Datei-Photoroom-2.png?fit=1120%2C1120&ssl=1\",\"contentUrl\":\"https:\\\/\\\/i0.wp.com\\\/shop24.dietz-ih.de\\\/wp-content\\\/uploads\\\/2025\\\/06\\\/Ein-Logo-fuer-einen-Onlineshop-mit-Spielzeug.-Der-Buchstabe-D-soll-drauf-sein.-Farblich_-Gruen-Warmgelb-und-Lachs.-Und-bitte-als-ausgeschnittene-Datei-Photoroom-2.png?fit=1120%2C1120&ssl=1\",\"width\":1120,\"height\":1120,\"caption\":\"Dietz-Internethandel\"},\"image\":{\"@id\":\"https:\\\/\\\/shop24.dietz-ih.de\\\/#\\\/schema\\\/logo\\\/image\\\/\"},\"sameAs\":[\"https:\\\/\\\/www.facebook.com\\\/profile.php?id=100081292915783\",\"https:\\\/\\\/www.instagram.com\\\/dietz_internethandel\\\/\"]}]}<\/script>\n<!-- \/ Yoast SEO plugin. -->","yoast_head_json":{"title":"LEGO\u00ae Friends 42648 Panda-Pflegestation - Dietz-Internethandel","description":"Pflege Panda-Babys mit Autumn & Liann! Die LEGO\u00ae Friends 42648 Panda-Pflegestation bietet kreativen Bauspa\u00df f\u00fcr Kinder ab 7 Jahren","robots":{"index":"index","follow":"follow","max-snippet":"max-snippet:-1","max-image-preview":"max-image-preview:large","max-video-preview":"max-video-preview:-1"},"canonical":"https:\/\/shop24.dietz-ih.de\/?product=lego-friends-42648-panda-pflegestation","og_locale":"de_DE","og_type":"article","og_title":"LEGO\u00ae Friends 42648 Panda-Pflegestation - Dietz-Internethandel","og_description":"Pflege Panda-Babys mit Autumn & Liann! Die LEGO\u00ae Friends 42648 Panda-Pflegestation bietet kreativen Bauspa\u00df f\u00fcr Kinder ab 7 Jahren","og_url":"https:\/\/shop24.dietz-ih.de\/?product=lego-friends-42648-panda-pflegestation","og_site_name":"Dietz-Internethandel","article_publisher":"https:\/\/www.facebook.com\/profile.php?id=100081292915783","article_modified_time":"2026-01-19T12:22:56+00:00","og_image":[{"width":600,"height":600,"url":"https:\/\/shop24.dietz-ih.de\/wp-content\/uploads\/2025\/07\/LEGO_42648_1_ergebnis.jpg","type":"image\/jpeg"}],"twitter_card":"summary_large_image","twitter_misc":{"Gesch\u00e4tzte Lesezeit":"2\u00a0Minuten"},"schema":{"@context":"https:\/\/schema.org","@graph":[{"@type":"WebPage","@id":"https:\/\/shop24.dietz-ih.de\/?product=lego-friends-42648-panda-pflegestation","url":"https:\/\/shop24.dietz-ih.de\/?product=lego-friends-42648-panda-pflegestation","name":"LEGO\u00ae Friends 42648 Panda-Pflegestation - Dietz-Internethandel","isPartOf":{"@id":"https:\/\/shop24.dietz-ih.de\/#website"},"primaryImageOfPage":{"@id":"https:\/\/shop24.dietz-ih.de\/?product=lego-friends-42648-panda-pflegestation#primaryimage"},"image":{"@id":"https:\/\/shop24.dietz-ih.de\/?product=lego-friends-42648-panda-pflegestation#primaryimage"},"thumbnailUrl":"https:\/\/i0.wp.com\/shop24.dietz-ih.de\/wp-content\/uploads\/2025\/07\/LEGO_42648_1_ergebnis.jpg?fit=600%2C600&ssl=1","datePublished":"2025-07-10T13:06:22+00:00","dateModified":"2026-01-19T12:22:56+00:00","description":"Pflege Panda-Babys mit Autumn & Liann! Die LEGO\u00ae Friends 42648 Panda-Pflegestation bietet kreativen Bauspa\u00df f\u00fcr Kinder ab 7 Jahren","breadcrumb":{"@id":"https:\/\/shop24.dietz-ih.de\/?product=lego-friends-42648-panda-pflegestation#breadcrumb"},"inLanguage":"de","potentialAction":[{"@type":"ReadAction","target":["https:\/\/shop24.dietz-ih.de\/?product=lego-friends-42648-panda-pflegestation"]}]},{"@type":"ImageObject","inLanguage":"de","@id":"https:\/\/shop24.dietz-ih.de\/?product=lego-friends-42648-panda-pflegestation#primaryimage","url":"https:\/\/i0.wp.com\/shop24.dietz-ih.de\/wp-content\/uploads\/2025\/07\/LEGO_42648_1_ergebnis.jpg?fit=600%2C600&ssl=1","contentUrl":"https:\/\/i0.wp.com\/shop24.dietz-ih.de\/wp-content\/uploads\/2025\/07\/LEGO_42648_1_ergebnis.jpg?fit=600%2C600&ssl=1","width":600,"height":600},{"@type":"BreadcrumbList","@id":"https:\/\/shop24.dietz-ih.de\/?product=lego-friends-42648-panda-pflegestation#breadcrumb","itemListElement":[{"@type":"ListItem","position":1,"name":"Startseite","item":"https:\/\/shop24.dietz-ih.de\/"},{"@type":"ListItem","position":2,"name":"Shop","item":"https:\/\/shop24.dietz-ih.de\/?page_id=7"},{"@type":"ListItem","position":3,"name":"LEGO\u00ae Friends 42648 Panda-Pflegestation"}]},{"@type":"WebSite","@id":"https:\/\/shop24.dietz-ih.de\/#website","url":"https:\/\/shop24.dietz-ih.de\/","name":"Dietz-Internethandel","description":"","publisher":{"@id":"https:\/\/shop24.dietz-ih.de\/#organization"},"potentialAction":[{"@type":"SearchAction","target":{"@type":"EntryPoint","urlTemplate":"https:\/\/shop24.dietz-ih.de\/?s={search_term_string}"},"query-input":{"@type":"PropertyValueSpecification","valueRequired":true,"valueName":"search_term_string"}}],"inLanguage":"de"},{"@type":"Organization","@id":"https:\/\/shop24.dietz-ih.de\/#organization","name":"Dietz-Internethandel","url":"https:\/\/shop24.dietz-ih.de\/","logo":{"@type":"ImageObject","inLanguage":"de","@id":"https:\/\/shop24.dietz-ih.de\/#\/schema\/logo\/image\/","url":"https:\/\/i0.wp.com\/shop24.dietz-ih.de\/wp-content\/uploads\/2025\/06\/Ein-Logo-fuer-einen-Onlineshop-mit-Spielzeug.-Der-Buchstabe-D-soll-drauf-sein.-Farblich_-Gruen-Warmgelb-und-Lachs.-Und-bitte-als-ausgeschnittene-Datei-Photoroom-2.png?fit=1120%2C1120&ssl=1","contentUrl":"https:\/\/i0.wp.com\/shop24.dietz-ih.de\/wp-content\/uploads\/2025\/06\/Ein-Logo-fuer-einen-Onlineshop-mit-Spielzeug.-Der-Buchstabe-D-soll-drauf-sein.-Farblich_-Gruen-Warmgelb-und-Lachs.-Und-bitte-als-ausgeschnittene-Datei-Photoroom-2.png?fit=1120%2C1120&ssl=1","width":1120,"height":1120,"caption":"Dietz-Internethandel"},"image":{"@id":"https:\/\/shop24.dietz-ih.de\/#\/schema\/logo\/image\/"},"sameAs":["https:\/\/www.facebook.com\/profile.php?id=100081292915783","https:\/\/www.instagram.com\/dietz_internethandel\/"]}]}},"uagb_featured_image_src":{"full":["https:\/\/i0.wp.com\/shop24.dietz-ih.de\/wp-content\/uploads\/2025\/07\/LEGO_42648_1_ergebnis.jpg?fit=600%2C600&ssl=1",600,600,false],"thumbnail":["https:\/\/i0.wp.com\/shop24.dietz-ih.de\/wp-content\/uploads\/2025\/07\/LEGO_42648_1_ergebnis.jpg?resize=150%2C150&ssl=1",150,150,true],"medium":["https:\/\/i0.wp.com\/shop24.dietz-ih.de\/wp-content\/uploads\/2025\/07\/LEGO_42648_1_ergebnis.jpg?fit=300%2C300&ssl=1",300,300,true],"medium_large":["https:\/\/i0.wp.com\/shop24.dietz-ih.de\/wp-content\/uploads\/2025\/07\/LEGO_42648_1_ergebnis.jpg?fit=600%2C600&ssl=1",600,600,true],"large":["https:\/\/i0.wp.com\/shop24.dietz-ih.de\/wp-content\/uploads\/2025\/07\/LEGO_42648_1_ergebnis.jpg?fit=600%2C600&ssl=1",600,600,true],"gs-tiny":["https:\/\/i0.wp.com\/shop24.dietz-ih.de\/wp-content\/uploads\/2025\/07\/LEGO_42648_1_ergebnis.jpg?fit=50%2C50&ssl=1",50,50,true],"xl":["https:\/\/i0.wp.com\/shop24.dietz-ih.de\/wp-content\/uploads\/2025\/07\/LEGO_42648_1_ergebnis.jpg?fit=600%2C600&ssl=1",600,600,true],"xxl":["https:\/\/i0.wp.com\/shop24.dietz-ih.de\/wp-content\/uploads\/2025\/07\/LEGO_42648_1_ergebnis.jpg?fit=600%2C600&ssl=1",600,600,true],"xxxl":["https:\/\/i0.wp.com\/shop24.dietz-ih.de\/wp-content\/uploads\/2025\/07\/LEGO_42648_1_ergebnis.jpg?fit=600%2C600&ssl=1",600,600,true],"xxxxl":["https:\/\/i0.wp.com\/shop24.dietz-ih.de\/wp-content\/uploads\/2025\/07\/LEGO_42648_1_ergebnis.jpg?fit=600%2C600&ssl=1",600,600,true],"xxxxxl":["https:\/\/i0.wp.com\/shop24.dietz-ih.de\/wp-content\/uploads\/2025\/07\/LEGO_42648_1_ergebnis.jpg?fit=600%2C600&ssl=1",600,600,true],"1536x1536":["https:\/\/i0.wp.com\/shop24.dietz-ih.de\/wp-content\/uploads\/2025\/07\/LEGO_42648_1_ergebnis.jpg?fit=600%2C600&ssl=1",600,600,true],"2048x2048":["https:\/\/i0.wp.com\/shop24.dietz-ih.de\/wp-content\/uploads\/2025\/07\/LEGO_42648_1_ergebnis.jpg?fit=600%2C600&ssl=1",600,600,true],"woocommerce_thumbnail":["https:\/\/i0.wp.com\/shop24.dietz-ih.de\/wp-content\/uploads\/2025\/07\/LEGO_42648_1_ergebnis.jpg?resize=600%2C600&ssl=1",600,600,true],"woocommerce_single":["https:\/\/i0.wp.com\/shop24.dietz-ih.de\/wp-content\/uploads\/2025\/07\/LEGO_42648_1_ergebnis.jpg?fit=600%2C600&ssl=1",600,600,true],"woocommerce_gallery_thumbnail":["https:\/\/i0.wp.com\/shop24.dietz-ih.de\/wp-content\/uploads\/2025\/07\/LEGO_42648_1_ergebnis.jpg?resize=100%2C100&ssl=1",100,100,true]},"uagb_author_info":{"display_name":"admin","author_link":"https:\/\/shop24.dietz-ih.de\/?author=0"},"uagb_comment_info":0,"uagb_excerpt":"Tauche ein in eine Welt voller F\u00fcrsorge und Freundschaft mit der LEGO\u00ae Friends 42648 Panda-Pflegestation! Gemeinsam mit Autumn und Liann k\u00fcmmerst du dich liebevoll um eine Panda-Mama und ihre zwei verspielten Babys. Schaukeln, rutschen, kuscheln \u2013 hier erleben kleine Tierfreunde herzerw\u00e4rmende Abenteuer. Im liebevoll gestalteten Baumhaus mit vielen Details wie Schreibtisch, Betten und Zubeh\u00f6r wird&hellip;","jetpack_sharing_enabled":true,"_links":{"self":[{"href":"https:\/\/shop24.dietz-ih.de\/index.php?rest_route=\/wp\/v2\/product\/756","targetHints":{"allow":["GET"]}}],"collection":[{"href":"https:\/\/shop24.dietz-ih.de\/index.php?rest_route=\/wp\/v2\/product"}],"about":[{"href":"https:\/\/shop24.dietz-ih.de\/index.php?rest_route=\/wp\/v2\/types\/product"}],"replies":[{"embeddable":true,"href":"https:\/\/shop24.dietz-ih.de\/index.php?rest_route=%2Fwp%2Fv2%2Fcomments&post=756"}],"wp:featuredmedia":[{"embeddable":true,"href":"https:\/\/shop24.dietz-ih.de\/index.php?rest_route=\/wp\/v2\/media\/757"}],"wp:attachment":[{"href":"https:\/\/shop24.dietz-ih.de\/index.php?rest_route=%2Fwp%2Fv2%2Fmedia&parent=756"}],"wp:term":[{"taxonomy":"product_brand","embeddable":true,"href":"https:\/\/shop24.dietz-ih.de\/index.php?rest_route=%2Fwp%2Fv2%2Fproduct_brand&post=756"},{"taxonomy":"product_cat","embeddable":true,"href":"https:\/\/shop24.dietz-ih.de\/index.php?rest_route=%2Fwp%2Fv2%2Fproduct_cat&post=756"},{"taxonomy":"product_tag","embeddable":true,"href":"https:\/\/shop24.dietz-ih.de\/index.php?rest_route=%2Fwp%2Fv2%2Fproduct_tag&post=756"}],"curies":[{"name":"wp","href":"https:\/\/api.w.org\/{rel}","templated":true}]}}