{"id":760,"date":"2025-07-10T15:09:09","date_gmt":"2025-07-10T13:09:09","guid":{"rendered":"https:\/\/shop24.dietz-ih.de\/?post_type=product&#038;p=760"},"modified":"2026-01-19T13:26:36","modified_gmt":"2026-01-19T12:26:36","slug":"lego-city-60456-verfolgungsjagd-im-polizeiboot","status":"publish","type":"product","link":"https:\/\/shop24.dietz-ih.de\/?product=lego-city-60456-verfolgungsjagd-im-polizeiboot","title":{"rendered":"LEGO\u00ae City 60456 Verfolgungsjagd im Polizeiboot"},"content":{"rendered":"<p data-start=\"152\" data-end=\"234\"><strong data-start=\"152\" data-end=\"234\">LEGO\u00ae City 60456 Verfolgungsjagd im Polizeiboot \u2013 Spa\u00df f\u00fcr Kinder ab 6 Jahren<\/strong><\/p>\n<p data-start=\"236\" data-end=\"518\">Mit dem <strong data-start=\"152\" data-end=\"234\">LEGO\u00ae City 60456 Verfolgungsjagd im Polizeiboot <\/strong> geht es jetzt richtig spannend zu! Dieses Spielset bringt aufregende Boots-Verfolgungsjagden direkt ins Kinderzimmer. Hier k\u00f6nnen kleine Polizisten einen Ganoven spannend jagen, der mit einem schnellen Schlauchboot aus dem Hafen flieht.<\/p>\n<p data-start=\"520\" data-end=\"782\">Das Set enth\u00e4lt ein cooles Polizeiboot mit zwei starken Au\u00dfenbordmotoren. Damit k\u00f6nnen die Kinder dem Ganoven flink hinterherfahren. An Bord gibt es sogar eine Gef\u00e4ngniszelle, um den Ganoven einzusperren, wenn sie ihn fangen. Das macht das Spiel noch spannender!<\/p>\n<p data-start=\"784\" data-end=\"1109\">In der Box sind drei LEGO Minifiguren: Zwei mutige Polizisten, ein Ganove und sogar ein Hai, der f\u00fcr extra Abenteuer sorgt. Au\u00dferdem gibt es tolles Zubeh\u00f6r wie einen Rubin, Handschellen, eine Taschenlampe, eine Kette und einen Rettungsring. So k\u00f6nnen Kinder viele verschiedene Geschichten rund um die Verfolgungsjagd spielen.<\/p>\n<p data-start=\"1111\" data-end=\"1258\">Die Boote k\u00f6nnen sogar im Wasser fahren \u2013 sei es in der Badewanne, im Schwimmbad oder im Pool \u2013 und sorgen dort f\u00fcr echten Spielspa\u00df. So wird das Abenteuer besonders realistisch, die Fantasie der Kinder angeregt und das Spielvergn\u00fcgen verdoppelt sich.<\/p>\n<p data-start=\"1260\" data-end=\"1468\">Das Polizeiboot ist 31 cm lang, 11 cm hoch und 8 cm breit. Mit 264 Teilen ist das Set nicht zu gro\u00df und nicht zu klein \u2013 perfekt f\u00fcr Kinder ab 6 Jahren. Es f\u00f6rdert das Bauen, die Kreativit\u00e4t und die Fantasie.<\/p>\n<p data-start=\"1470\" data-end=\"1702\">Das LEGO\u00ae City 60456 Verfolgungsjagd im Polizeiboot, ist ein tolles Geschenk f\u00fcr alle kleinen Abenteurer und Fans von Polizei- und Actionspielen. Es eignet sich super f\u00fcr Geburtstage, Weihnachten oder einfach als eine kleine \u00dcberraschung zwischendurch.<\/p>\n<p data-start=\"1704\" data-end=\"1868\">Hol dir jetzt das LEGO City Verfolgungsjagd im Polizeiboot, tauche ein in aufregende Abenteuer auf dem Wasser und starte dein eigenes spannendes Bootsrennen voller\u00a0 Spielspa\u00df, Action, Geschwindigkeit und Nervenkitzel!<\/p>\n","protected":false},"excerpt":{"rendered":"<p>Sp\u00fcre den Nervenkitzel einer wilden Verfolgungsjagd auf dem Wasser mit dem <strong data-start=\"152\" data-end=\"234\">LEGO\u00ae City 60456 Verfolgungsjagd im Polizeiboot<\/strong>! Kinder ab 6 Jahren k\u00f6nnen als mutige Polizisten spannende Abenteuer erleben und den gerissenen Ganoven in seinem schnellen Schlauchboot fangen. Mit detailreichen Minifiguren, coolen Extras wie Handschellen und einem funkelnden Rubin, und einem schwimmf\u00e4higen Polizeiboot wird jedes Spiel zum aufregenden Erlebnis. Ob im Kinderzimmer oder in der Badewanne \u2013 hier erwacht die Fantasie zum Leben. Dieses Set bringt Spa\u00df, Spannung und jede Menge Action \u2013 perfekt f\u00fcr kleine Helden, die gro\u00dfe Geschichten lieben!<\/p>\n","protected":false},"featured_media":761,"comment_status":"open","ping_status":"closed","template":"","meta":{"_coblocks_attr":"","_coblocks_dimensions":"","_coblocks_responsive_height":"","_coblocks_accordion_ie_support":"","_eb_attr":"","_uag_custom_page_level_css":""},"product_brand":[158],"product_cat":[15],"product_tag":[307,47,163,247,306],"class_list":{"0":"post-760","1":"product","2":"type-product","3":"status-publish","4":"has-post-thumbnail","6":"product_brand-lego","7":"product_cat-lego","8":"product_tag-307","9":"product_tag-city","10":"product_tag-lego","11":"product_tag-legocity","12":"product_tag-polizeiboot","14":"first","15":"outofstock","16":"taxable","17":"shipping-taxable","18":"purchasable","19":"product-type-simple"},"yoast_head":"<!-- This site is optimized with the Yoast SEO plugin v27.4 - https:\/\/yoast.com\/product\/yoast-seo-wordpress\/ -->\n<title>LEGO\u00ae City 60456 Verfolgungsjagd im Polizeiboot - Dietz-Internethandel<\/title>\n<meta name=\"description\" content=\"Spannende Verfolgungsjagden mit demLEGO\u00ae City 60456 Verfolgungsjagd im Polizeiboot! Perfekt f\u00fcr Kinder ab 6 Jahren. Jetzt entdecken!\" \/>\n<meta name=\"robots\" content=\"index, follow, max-snippet:-1, max-image-preview:large, max-video-preview:-1\" \/>\n<link rel=\"canonical\" href=\"https:\/\/shop24.dietz-ih.de\/?product=lego-city-60456-verfolgungsjagd-im-polizeiboot\" \/>\n<meta property=\"og:locale\" content=\"de_DE\" \/>\n<meta property=\"og:type\" content=\"article\" \/>\n<meta property=\"og:title\" content=\"LEGO\u00ae City 60456 Verfolgungsjagd im Polizeiboot - Dietz-Internethandel\" \/>\n<meta property=\"og:description\" content=\"Spannende Verfolgungsjagden mit demLEGO\u00ae City 60456 Verfolgungsjagd im Polizeiboot! Perfekt f\u00fcr Kinder ab 6 Jahren. Jetzt entdecken!\" \/>\n<meta property=\"og:url\" content=\"https:\/\/shop24.dietz-ih.de\/?product=lego-city-60456-verfolgungsjagd-im-polizeiboot\" \/>\n<meta property=\"og:site_name\" content=\"Dietz-Internethandel\" \/>\n<meta property=\"article:publisher\" content=\"https:\/\/www.facebook.com\/profile.php?id=100081292915783\" \/>\n<meta property=\"article:modified_time\" content=\"2026-01-19T12:26:36+00:00\" \/>\n<meta property=\"og:image\" content=\"https:\/\/shop24.dietz-ih.de\/wp-content\/uploads\/2025\/07\/LEGO_60456_1_ergebnis.jpg\" \/>\n\t<meta property=\"og:image:width\" content=\"600\" \/>\n\t<meta property=\"og:image:height\" content=\"600\" \/>\n\t<meta property=\"og:image:type\" content=\"image\/jpeg\" \/>\n<meta name=\"twitter:card\" content=\"summary_large_image\" \/>\n<meta name=\"twitter:label1\" content=\"Gesch\u00e4tzte Lesezeit\" \/>\n\t<meta name=\"twitter:data1\" content=\"2\u00a0Minuten\" \/>\n<script type=\"application\/ld+json\" class=\"yoast-schema-graph\">{\"@context\":\"https:\\\/\\\/schema.org\",\"@graph\":[{\"@type\":\"WebPage\",\"@id\":\"https:\\\/\\\/shop24.dietz-ih.de\\\/?product=lego-city-60456-verfolgungsjagd-im-polizeiboot\",\"url\":\"https:\\\/\\\/shop24.dietz-ih.de\\\/?product=lego-city-60456-verfolgungsjagd-im-polizeiboot\",\"name\":\"LEGO\u00ae City 60456 Verfolgungsjagd im Polizeiboot - Dietz-Internethandel\",\"isPartOf\":{\"@id\":\"https:\\\/\\\/shop24.dietz-ih.de\\\/#website\"},\"primaryImageOfPage\":{\"@id\":\"https:\\\/\\\/shop24.dietz-ih.de\\\/?product=lego-city-60456-verfolgungsjagd-im-polizeiboot#primaryimage\"},\"image\":{\"@id\":\"https:\\\/\\\/shop24.dietz-ih.de\\\/?product=lego-city-60456-verfolgungsjagd-im-polizeiboot#primaryimage\"},\"thumbnailUrl\":\"https:\\\/\\\/i0.wp.com\\\/shop24.dietz-ih.de\\\/wp-content\\\/uploads\\\/2025\\\/07\\\/LEGO_60456_1_ergebnis.jpg?fit=600%2C600&ssl=1\",\"datePublished\":\"2025-07-10T13:09:09+00:00\",\"dateModified\":\"2026-01-19T12:26:36+00:00\",\"description\":\"Spannende Verfolgungsjagden mit demLEGO\u00ae City 60456 Verfolgungsjagd im Polizeiboot! Perfekt f\u00fcr Kinder ab 6 Jahren. Jetzt entdecken!\",\"breadcrumb\":{\"@id\":\"https:\\\/\\\/shop24.dietz-ih.de\\\/?product=lego-city-60456-verfolgungsjagd-im-polizeiboot#breadcrumb\"},\"inLanguage\":\"de\",\"potentialAction\":[{\"@type\":\"ReadAction\",\"target\":[\"https:\\\/\\\/shop24.dietz-ih.de\\\/?product=lego-city-60456-verfolgungsjagd-im-polizeiboot\"]}]},{\"@type\":\"ImageObject\",\"inLanguage\":\"de\",\"@id\":\"https:\\\/\\\/shop24.dietz-ih.de\\\/?product=lego-city-60456-verfolgungsjagd-im-polizeiboot#primaryimage\",\"url\":\"https:\\\/\\\/i0.wp.com\\\/shop24.dietz-ih.de\\\/wp-content\\\/uploads\\\/2025\\\/07\\\/LEGO_60456_1_ergebnis.jpg?fit=600%2C600&ssl=1\",\"contentUrl\":\"https:\\\/\\\/i0.wp.com\\\/shop24.dietz-ih.de\\\/wp-content\\\/uploads\\\/2025\\\/07\\\/LEGO_60456_1_ergebnis.jpg?fit=600%2C600&ssl=1\",\"width\":600,\"height\":600},{\"@type\":\"BreadcrumbList\",\"@id\":\"https:\\\/\\\/shop24.dietz-ih.de\\\/?product=lego-city-60456-verfolgungsjagd-im-polizeiboot#breadcrumb\",\"itemListElement\":[{\"@type\":\"ListItem\",\"position\":1,\"name\":\"Startseite\",\"item\":\"https:\\\/\\\/shop24.dietz-ih.de\\\/\"},{\"@type\":\"ListItem\",\"position\":2,\"name\":\"Shop\",\"item\":\"https:\\\/\\\/shop24.dietz-ih.de\\\/?page_id=7\"},{\"@type\":\"ListItem\",\"position\":3,\"name\":\"LEGO\u00ae City 60456 Verfolgungsjagd im Polizeiboot\"}]},{\"@type\":\"WebSite\",\"@id\":\"https:\\\/\\\/shop24.dietz-ih.de\\\/#website\",\"url\":\"https:\\\/\\\/shop24.dietz-ih.de\\\/\",\"name\":\"Dietz-Internethandel\",\"description\":\"\",\"publisher\":{\"@id\":\"https:\\\/\\\/shop24.dietz-ih.de\\\/#organization\"},\"potentialAction\":[{\"@type\":\"SearchAction\",\"target\":{\"@type\":\"EntryPoint\",\"urlTemplate\":\"https:\\\/\\\/shop24.dietz-ih.de\\\/?s={search_term_string}\"},\"query-input\":{\"@type\":\"PropertyValueSpecification\",\"valueRequired\":true,\"valueName\":\"search_term_string\"}}],\"inLanguage\":\"de\"},{\"@type\":\"Organization\",\"@id\":\"https:\\\/\\\/shop24.dietz-ih.de\\\/#organization\",\"name\":\"Dietz-Internethandel\",\"url\":\"https:\\\/\\\/shop24.dietz-ih.de\\\/\",\"logo\":{\"@type\":\"ImageObject\",\"inLanguage\":\"de\",\"@id\":\"https:\\\/\\\/shop24.dietz-ih.de\\\/#\\\/schema\\\/logo\\\/image\\\/\",\"url\":\"https:\\\/\\\/i0.wp.com\\\/shop24.dietz-ih.de\\\/wp-content\\\/uploads\\\/2025\\\/06\\\/Ein-Logo-fuer-einen-Onlineshop-mit-Spielzeug.-Der-Buchstabe-D-soll-drauf-sein.-Farblich_-Gruen-Warmgelb-und-Lachs.-Und-bitte-als-ausgeschnittene-Datei-Photoroom-2.png?fit=1120%2C1120&ssl=1\",\"contentUrl\":\"https:\\\/\\\/i0.wp.com\\\/shop24.dietz-ih.de\\\/wp-content\\\/uploads\\\/2025\\\/06\\\/Ein-Logo-fuer-einen-Onlineshop-mit-Spielzeug.-Der-Buchstabe-D-soll-drauf-sein.-Farblich_-Gruen-Warmgelb-und-Lachs.-Und-bitte-als-ausgeschnittene-Datei-Photoroom-2.png?fit=1120%2C1120&ssl=1\",\"width\":1120,\"height\":1120,\"caption\":\"Dietz-Internethandel\"},\"image\":{\"@id\":\"https:\\\/\\\/shop24.dietz-ih.de\\\/#\\\/schema\\\/logo\\\/image\\\/\"},\"sameAs\":[\"https:\\\/\\\/www.facebook.com\\\/profile.php?id=100081292915783\",\"https:\\\/\\\/www.instagram.com\\\/dietz_internethandel\\\/\"]}]}<\/script>\n<!-- \/ Yoast SEO plugin. -->","yoast_head_json":{"title":"LEGO\u00ae City 60456 Verfolgungsjagd im Polizeiboot - Dietz-Internethandel","description":"Spannende Verfolgungsjagden mit demLEGO\u00ae City 60456 Verfolgungsjagd im Polizeiboot! Perfekt f\u00fcr Kinder ab 6 Jahren. Jetzt entdecken!","robots":{"index":"index","follow":"follow","max-snippet":"max-snippet:-1","max-image-preview":"max-image-preview:large","max-video-preview":"max-video-preview:-1"},"canonical":"https:\/\/shop24.dietz-ih.de\/?product=lego-city-60456-verfolgungsjagd-im-polizeiboot","og_locale":"de_DE","og_type":"article","og_title":"LEGO\u00ae City 60456 Verfolgungsjagd im Polizeiboot - Dietz-Internethandel","og_description":"Spannende Verfolgungsjagden mit demLEGO\u00ae City 60456 Verfolgungsjagd im Polizeiboot! Perfekt f\u00fcr Kinder ab 6 Jahren. Jetzt entdecken!","og_url":"https:\/\/shop24.dietz-ih.de\/?product=lego-city-60456-verfolgungsjagd-im-polizeiboot","og_site_name":"Dietz-Internethandel","article_publisher":"https:\/\/www.facebook.com\/profile.php?id=100081292915783","article_modified_time":"2026-01-19T12:26:36+00:00","og_image":[{"width":600,"height":600,"url":"https:\/\/shop24.dietz-ih.de\/wp-content\/uploads\/2025\/07\/LEGO_60456_1_ergebnis.jpg","type":"image\/jpeg"}],"twitter_card":"summary_large_image","twitter_misc":{"Gesch\u00e4tzte Lesezeit":"2\u00a0Minuten"},"schema":{"@context":"https:\/\/schema.org","@graph":[{"@type":"WebPage","@id":"https:\/\/shop24.dietz-ih.de\/?product=lego-city-60456-verfolgungsjagd-im-polizeiboot","url":"https:\/\/shop24.dietz-ih.de\/?product=lego-city-60456-verfolgungsjagd-im-polizeiboot","name":"LEGO\u00ae City 60456 Verfolgungsjagd im Polizeiboot - Dietz-Internethandel","isPartOf":{"@id":"https:\/\/shop24.dietz-ih.de\/#website"},"primaryImageOfPage":{"@id":"https:\/\/shop24.dietz-ih.de\/?product=lego-city-60456-verfolgungsjagd-im-polizeiboot#primaryimage"},"image":{"@id":"https:\/\/shop24.dietz-ih.de\/?product=lego-city-60456-verfolgungsjagd-im-polizeiboot#primaryimage"},"thumbnailUrl":"https:\/\/i0.wp.com\/shop24.dietz-ih.de\/wp-content\/uploads\/2025\/07\/LEGO_60456_1_ergebnis.jpg?fit=600%2C600&ssl=1","datePublished":"2025-07-10T13:09:09+00:00","dateModified":"2026-01-19T12:26:36+00:00","description":"Spannende Verfolgungsjagden mit demLEGO\u00ae City 60456 Verfolgungsjagd im Polizeiboot! Perfekt f\u00fcr Kinder ab 6 Jahren. Jetzt entdecken!","breadcrumb":{"@id":"https:\/\/shop24.dietz-ih.de\/?product=lego-city-60456-verfolgungsjagd-im-polizeiboot#breadcrumb"},"inLanguage":"de","potentialAction":[{"@type":"ReadAction","target":["https:\/\/shop24.dietz-ih.de\/?product=lego-city-60456-verfolgungsjagd-im-polizeiboot"]}]},{"@type":"ImageObject","inLanguage":"de","@id":"https:\/\/shop24.dietz-ih.de\/?product=lego-city-60456-verfolgungsjagd-im-polizeiboot#primaryimage","url":"https:\/\/i0.wp.com\/shop24.dietz-ih.de\/wp-content\/uploads\/2025\/07\/LEGO_60456_1_ergebnis.jpg?fit=600%2C600&ssl=1","contentUrl":"https:\/\/i0.wp.com\/shop24.dietz-ih.de\/wp-content\/uploads\/2025\/07\/LEGO_60456_1_ergebnis.jpg?fit=600%2C600&ssl=1","width":600,"height":600},{"@type":"BreadcrumbList","@id":"https:\/\/shop24.dietz-ih.de\/?product=lego-city-60456-verfolgungsjagd-im-polizeiboot#breadcrumb","itemListElement":[{"@type":"ListItem","position":1,"name":"Startseite","item":"https:\/\/shop24.dietz-ih.de\/"},{"@type":"ListItem","position":2,"name":"Shop","item":"https:\/\/shop24.dietz-ih.de\/?page_id=7"},{"@type":"ListItem","position":3,"name":"LEGO\u00ae City 60456 Verfolgungsjagd im Polizeiboot"}]},{"@type":"WebSite","@id":"https:\/\/shop24.dietz-ih.de\/#website","url":"https:\/\/shop24.dietz-ih.de\/","name":"Dietz-Internethandel","description":"","publisher":{"@id":"https:\/\/shop24.dietz-ih.de\/#organization"},"potentialAction":[{"@type":"SearchAction","target":{"@type":"EntryPoint","urlTemplate":"https:\/\/shop24.dietz-ih.de\/?s={search_term_string}"},"query-input":{"@type":"PropertyValueSpecification","valueRequired":true,"valueName":"search_term_string"}}],"inLanguage":"de"},{"@type":"Organization","@id":"https:\/\/shop24.dietz-ih.de\/#organization","name":"Dietz-Internethandel","url":"https:\/\/shop24.dietz-ih.de\/","logo":{"@type":"ImageObject","inLanguage":"de","@id":"https:\/\/shop24.dietz-ih.de\/#\/schema\/logo\/image\/","url":"https:\/\/i0.wp.com\/shop24.dietz-ih.de\/wp-content\/uploads\/2025\/06\/Ein-Logo-fuer-einen-Onlineshop-mit-Spielzeug.-Der-Buchstabe-D-soll-drauf-sein.-Farblich_-Gruen-Warmgelb-und-Lachs.-Und-bitte-als-ausgeschnittene-Datei-Photoroom-2.png?fit=1120%2C1120&ssl=1","contentUrl":"https:\/\/i0.wp.com\/shop24.dietz-ih.de\/wp-content\/uploads\/2025\/06\/Ein-Logo-fuer-einen-Onlineshop-mit-Spielzeug.-Der-Buchstabe-D-soll-drauf-sein.-Farblich_-Gruen-Warmgelb-und-Lachs.-Und-bitte-als-ausgeschnittene-Datei-Photoroom-2.png?fit=1120%2C1120&ssl=1","width":1120,"height":1120,"caption":"Dietz-Internethandel"},"image":{"@id":"https:\/\/shop24.dietz-ih.de\/#\/schema\/logo\/image\/"},"sameAs":["https:\/\/www.facebook.com\/profile.php?id=100081292915783","https:\/\/www.instagram.com\/dietz_internethandel\/"]}]}},"uagb_featured_image_src":{"full":["https:\/\/i0.wp.com\/shop24.dietz-ih.de\/wp-content\/uploads\/2025\/07\/LEGO_60456_1_ergebnis.jpg?fit=600%2C600&ssl=1",600,600,false],"thumbnail":["https:\/\/i0.wp.com\/shop24.dietz-ih.de\/wp-content\/uploads\/2025\/07\/LEGO_60456_1_ergebnis.jpg?resize=150%2C150&ssl=1",150,150,true],"medium":["https:\/\/i0.wp.com\/shop24.dietz-ih.de\/wp-content\/uploads\/2025\/07\/LEGO_60456_1_ergebnis.jpg?fit=300%2C300&ssl=1",300,300,true],"medium_large":["https:\/\/i0.wp.com\/shop24.dietz-ih.de\/wp-content\/uploads\/2025\/07\/LEGO_60456_1_ergebnis.jpg?fit=600%2C600&ssl=1",600,600,true],"large":["https:\/\/i0.wp.com\/shop24.dietz-ih.de\/wp-content\/uploads\/2025\/07\/LEGO_60456_1_ergebnis.jpg?fit=600%2C600&ssl=1",600,600,true],"gs-tiny":["https:\/\/i0.wp.com\/shop24.dietz-ih.de\/wp-content\/uploads\/2025\/07\/LEGO_60456_1_ergebnis.jpg?fit=50%2C50&ssl=1",50,50,true],"xl":["https:\/\/i0.wp.com\/shop24.dietz-ih.de\/wp-content\/uploads\/2025\/07\/LEGO_60456_1_ergebnis.jpg?fit=600%2C600&ssl=1",600,600,true],"xxl":["https:\/\/i0.wp.com\/shop24.dietz-ih.de\/wp-content\/uploads\/2025\/07\/LEGO_60456_1_ergebnis.jpg?fit=600%2C600&ssl=1",600,600,true],"xxxl":["https:\/\/i0.wp.com\/shop24.dietz-ih.de\/wp-content\/uploads\/2025\/07\/LEGO_60456_1_ergebnis.jpg?fit=600%2C600&ssl=1",600,600,true],"xxxxl":["https:\/\/i0.wp.com\/shop24.dietz-ih.de\/wp-content\/uploads\/2025\/07\/LEGO_60456_1_ergebnis.jpg?fit=600%2C600&ssl=1",600,600,true],"xxxxxl":["https:\/\/i0.wp.com\/shop24.dietz-ih.de\/wp-content\/uploads\/2025\/07\/LEGO_60456_1_ergebnis.jpg?fit=600%2C600&ssl=1",600,600,true],"1536x1536":["https:\/\/i0.wp.com\/shop24.dietz-ih.de\/wp-content\/uploads\/2025\/07\/LEGO_60456_1_ergebnis.jpg?fit=600%2C600&ssl=1",600,600,true],"2048x2048":["https:\/\/i0.wp.com\/shop24.dietz-ih.de\/wp-content\/uploads\/2025\/07\/LEGO_60456_1_ergebnis.jpg?fit=600%2C600&ssl=1",600,600,true],"woocommerce_thumbnail":["https:\/\/i0.wp.com\/shop24.dietz-ih.de\/wp-content\/uploads\/2025\/07\/LEGO_60456_1_ergebnis.jpg?resize=600%2C600&ssl=1",600,600,true],"woocommerce_single":["https:\/\/i0.wp.com\/shop24.dietz-ih.de\/wp-content\/uploads\/2025\/07\/LEGO_60456_1_ergebnis.jpg?fit=600%2C600&ssl=1",600,600,true],"woocommerce_gallery_thumbnail":["https:\/\/i0.wp.com\/shop24.dietz-ih.de\/wp-content\/uploads\/2025\/07\/LEGO_60456_1_ergebnis.jpg?resize=100%2C100&ssl=1",100,100,true]},"uagb_author_info":{"display_name":"admin","author_link":"https:\/\/shop24.dietz-ih.de\/?author=0"},"uagb_comment_info":0,"uagb_excerpt":"Sp\u00fcre den Nervenkitzel einer wilden Verfolgungsjagd auf dem Wasser mit dem LEGO\u00ae City 60456 Verfolgungsjagd im Polizeiboot! Kinder ab 6 Jahren k\u00f6nnen als mutige Polizisten spannende Abenteuer erleben und den gerissenen Ganoven in seinem schnellen Schlauchboot fangen. Mit detailreichen Minifiguren, coolen Extras wie Handschellen und einem funkelnden Rubin, und einem schwimmf\u00e4higen Polizeiboot wird jedes Spiel&hellip;","jetpack_sharing_enabled":true,"_links":{"self":[{"href":"https:\/\/shop24.dietz-ih.de\/index.php?rest_route=\/wp\/v2\/product\/760","targetHints":{"allow":["GET"]}}],"collection":[{"href":"https:\/\/shop24.dietz-ih.de\/index.php?rest_route=\/wp\/v2\/product"}],"about":[{"href":"https:\/\/shop24.dietz-ih.de\/index.php?rest_route=\/wp\/v2\/types\/product"}],"replies":[{"embeddable":true,"href":"https:\/\/shop24.dietz-ih.de\/index.php?rest_route=%2Fwp%2Fv2%2Fcomments&post=760"}],"wp:featuredmedia":[{"embeddable":true,"href":"https:\/\/shop24.dietz-ih.de\/index.php?rest_route=\/wp\/v2\/media\/761"}],"wp:attachment":[{"href":"https:\/\/shop24.dietz-ih.de\/index.php?rest_route=%2Fwp%2Fv2%2Fmedia&parent=760"}],"wp:term":[{"taxonomy":"product_brand","embeddable":true,"href":"https:\/\/shop24.dietz-ih.de\/index.php?rest_route=%2Fwp%2Fv2%2Fproduct_brand&post=760"},{"taxonomy":"product_cat","embeddable":true,"href":"https:\/\/shop24.dietz-ih.de\/index.php?rest_route=%2Fwp%2Fv2%2Fproduct_cat&post=760"},{"taxonomy":"product_tag","embeddable":true,"href":"https:\/\/shop24.dietz-ih.de\/index.php?rest_route=%2Fwp%2Fv2%2Fproduct_tag&post=760"}],"curies":[{"name":"wp","href":"https:\/\/api.w.org\/{rel}","templated":true}]}}