{"id":765,"date":"2025-07-10T15:12:42","date_gmt":"2025-07-10T13:12:42","guid":{"rendered":"https:\/\/shop24.dietz-ih.de\/?post_type=product&#038;p=765"},"modified":"2026-01-19T13:19:46","modified_gmt":"2026-01-19T12:19:46","slug":"lego-ninjago-71844-ninja-actionflitzer","status":"publish","type":"product","link":"https:\/\/shop24.dietz-ih.de\/?product=lego-ninjago-71844-ninja-actionflitzer","title":{"rendered":"LEGO\u00ae Ninjago 71844 Ninja-Actionflitzer"},"content":{"rendered":"<p data-start=\"204\" data-end=\"299\"><strong data-start=\"204\" data-end=\"299\">LEGO\u00ae NINJAGO\u00ae 71844 Ninja-Actionflitzer \u2013 3-in-1-Spielset mit Jet, Bikes und 6 Minifiguren<\/strong><\/p>\n<p data-start=\"305\" data-end=\"688\">Mit dem <strong data-start=\"313\" data-end=\"357\">LEGO\u00ae NINJAGO\u00ae 71844 Ninja-Actionflitzer<\/strong> erleben Kinder ab 8 Jahren spannende Abenteuer aus der Welt von <em data-start=\"422\" data-end=\"454\">NINJAGO\u00ae: Aufstieg der Drachen<\/em>. Dieses aufwendig gestaltete LEGO Set ist ein 3-in-1-Spielzeug, das vielseitige M\u00f6glichkeiten zum Bauen, Spielen und Kombinieren bietet \u2013 perfekt f\u00fcr junge Ninja-Fans, die sich f\u00fcr Action, Fantasy und kreative Geschichten begeistern.<\/p>\n<p data-start=\"690\" data-end=\"832\">Im Mittelpunkt steht der gro\u00dfe, futuristische <strong data-start=\"736\" data-end=\"759\">Ninja-Actionflitzer<\/strong>, der sich ganz einfach in <strong data-start=\"786\" data-end=\"813\">drei einzelne Fahrzeuge<\/strong> aufteilen l\u00e4sst:<\/p>\n<ul data-start=\"833\" data-end=\"1023\">\n<li data-start=\"833\" data-end=\"876\">\n<p data-start=\"835\" data-end=\"876\">Ein schnittiges <strong data-start=\"851\" data-end=\"873\">Ninja-Bike f\u00fcr Kai<\/strong>,<\/p>\n<\/li>\n<li data-start=\"877\" data-end=\"921\">\n<p data-start=\"879\" data-end=\"921\">ein starkes <strong data-start=\"891\" data-end=\"918\">Ninja-Bike f\u00fcr Wyldfyre<\/strong>,<\/p>\n<\/li>\n<li data-start=\"922\" data-end=\"1023\">\n<p data-start=\"924\" data-end=\"1023\">und ein schneller <strong data-start=\"942\" data-end=\"958\">Jet f\u00fcr Frak<\/strong>, ausgestattet mit <strong data-start=\"977\" data-end=\"994\">zwei Shootern<\/strong> f\u00fcr Angriffe aus der Luft.<\/p>\n<\/li>\n<\/ul>\n<p data-start=\"1025\" data-end=\"1249\">Mit diesen Fahrzeugen k\u00f6nnen Kinder verschiedene Spielszenen nachstellen oder sich eigene Missionen ausdenken. Das Besondere: Mit dem neuen Ninja <strong data-start=\"1171\" data-end=\"1179\">Frak<\/strong> ist erstmals ein brandneuer Charakter als Minifigur im Set enthalten!<\/p>\n<p data-start=\"1251\" data-end=\"1313\"><strong data-start=\"1251\" data-end=\"1281\">6 detailreiche Minifiguren<\/strong> sorgen f\u00fcr noch mehr Spielspa\u00df:<\/p>\n<ul data-start=\"1314\" data-end=\"1466\">\n<li data-start=\"1314\" data-end=\"1326\">\n<p data-start=\"1316\" data-end=\"1326\"><strong data-start=\"1316\" data-end=\"1323\">Kai<\/strong>,<\/p>\n<\/li>\n<li data-start=\"1327\" data-end=\"1344\">\n<p data-start=\"1329\" data-end=\"1344\"><strong data-start=\"1329\" data-end=\"1341\">Wyldfyre<\/strong>,<\/p>\n<\/li>\n<li data-start=\"1345\" data-end=\"1358\">\n<p data-start=\"1347\" data-end=\"1358\"><strong data-start=\"1347\" data-end=\"1355\">Cole<\/strong>,<\/p>\n<\/li>\n<li data-start=\"1359\" data-end=\"1372\">\n<p data-start=\"1361\" data-end=\"1372\"><strong data-start=\"1361\" data-end=\"1369\">Frak<\/strong>,<\/p>\n<\/li>\n<li data-start=\"1373\" data-end=\"1398\">\n<p data-start=\"1375\" data-end=\"1398\">der d\u00fcstere <strong data-start=\"1387\" data-end=\"1395\">Nokt<\/strong>,<\/p>\n<\/li>\n<li data-start=\"1399\" data-end=\"1466\">\n<p data-start=\"1401\" data-end=\"1466\">und ein m\u00e4chtiger <strong data-start=\"1419\" data-end=\"1443\">Geisterdrachenmensch<\/strong> mit eigenem Gleiter.<\/p>\n<\/li>\n<\/ul>\n<p data-start=\"1468\" data-end=\"1732\">Alle Figuren sind mit <strong data-start=\"1490\" data-end=\"1524\">authentischer Ninja-Ausr\u00fcstung<\/strong> ausgestattet: Kai, Wyldfyre und Frak tragen jeweils zwei Katanas, Cole kommt mit einer durchscheinenden Enth\u00fcllungsklinge und Laterne, w\u00e4hrend Nokt und der Geisterdrachenmensch jeweils ein Schwert schwingen.<\/p>\n<p data-start=\"1734\" data-end=\"2180\">Ein kleines Modell einer <strong data-start=\"1759\" data-end=\"1770\">Kreatur<\/strong> erg\u00e4nzt die fantasievolle Spielwelt und regt zu spannenden Rollenspielen an. Mit <strong data-start=\"1852\" data-end=\"1866\">561 Teilen<\/strong> ist dieses LEGO Set nicht nur ein abwechslungsreiches Action-Spielzeug, sondern auch ein anspruchsvolles Bauprojekt f\u00fcr Kinder. Die kostenlose <strong data-start=\"2010\" data-end=\"2031\">LEGO\u00ae Builder App<\/strong> bietet zus\u00e4tzliche Unterst\u00fctzung: Bauanleitungen in 3D, Zoomfunktionen, Fortschrittsverfolgung und mehr machen den Aufbau intuitiv und unterhaltsam.<\/p>\n<p data-start=\"2288\" data-end=\"2580\">Dieses LEGO NINJAGO Set ist ein fantastisches Geschenk f\u00fcr jeden Anlass \u2013 ob Geburtstag, Weihnachten oder einfach als \u00dcberraschung f\u00fcr zwischendurch. Es f\u00f6rdert <strong data-start=\"2449\" data-end=\"2509\">kreatives Denken, Feinmotorik und fantasievolles Spielen<\/strong> \u2013 und bringt Kinder in eine Welt voller Helden, Drachen und Abenteuer.<\/p>\n","protected":false},"excerpt":{"rendered":"<p><strong data-start=\"135\" data-end=\"165\">Sp\u00fcre die Kraft der Ninja!<\/strong><br data-start=\"165\" data-end=\"168\" \/>Mit dem <strong>LEGO\u00ae Ninjago 71844 Ninja-Actionflitzer<\/strong> beginnt dein eigenes Abenteuer. Ob auf dem Boden mit schnellen Bikes oder aus der Luft mit dem Jet \u2013 nur du kannst die Verbundenen Welten retten! Mit 6 mutigen Minifiguren, spannender Ausr\u00fcstung und jeder Menge Action wird dieses Set zu einem unvergesslichen Erlebnis f\u00fcr kleine Helden ab 8 Jahren.<\/p>\n","protected":false},"featured_media":766,"comment_status":"open","ping_status":"closed","template":"","meta":{"_coblocks_attr":"","_coblocks_dimensions":"","_coblocks_responsive_height":"","_coblocks_accordion_ie_support":"","_eb_attr":"","_uag_custom_page_level_css":""},"product_brand":[158],"product_cat":[15],"product_tag":[308,309,163,208,310,209],"class_list":{"0":"post-765","1":"product","2":"type-product","3":"status-publish","4":"has-post-thumbnail","6":"product_brand-lego","7":"product_cat-lego","8":"product_tag-308","9":"product_tag-actionflitzer","10":"product_tag-lego","11":"product_tag-legoninjago","12":"product_tag-ninja","13":"product_tag-ninjago","15":"first","16":"outofstock","17":"taxable","18":"shipping-taxable","19":"purchasable","20":"product-type-simple"},"yoast_head":"<!-- This site is optimized with the Yoast SEO plugin v27.4 - https:\/\/yoast.com\/product\/yoast-seo-wordpress\/ -->\n<title>LEGO\u00ae Ninjago 71844 Ninja-Actionflitzer - Dietz-Internethandel<\/title>\n<meta name=\"description\" content=\"Erlebe Action pur mit dem LEGO\u00ae Ninjago 71844 Ninja-Actionflitzer! 3-in-1-Fahrzeug, 6 Minifiguren &amp; Drachen-Abenteuer \u2013 ideal f\u00fcr Kinder ab 8 Jahren.\" \/>\n<meta name=\"robots\" content=\"index, follow, max-snippet:-1, max-image-preview:large, max-video-preview:-1\" \/>\n<link rel=\"canonical\" href=\"https:\/\/shop24.dietz-ih.de\/?product=lego-ninjago-71844-ninja-actionflitzer\" \/>\n<meta property=\"og:locale\" content=\"de_DE\" \/>\n<meta property=\"og:type\" content=\"article\" \/>\n<meta property=\"og:title\" content=\"LEGO\u00ae Ninjago 71844 Ninja-Actionflitzer - Dietz-Internethandel\" \/>\n<meta property=\"og:description\" content=\"Erlebe Action pur mit dem LEGO\u00ae Ninjago 71844 Ninja-Actionflitzer! 3-in-1-Fahrzeug, 6 Minifiguren &amp; Drachen-Abenteuer \u2013 ideal f\u00fcr Kinder ab 8 Jahren.\" \/>\n<meta property=\"og:url\" content=\"https:\/\/shop24.dietz-ih.de\/?product=lego-ninjago-71844-ninja-actionflitzer\" \/>\n<meta property=\"og:site_name\" content=\"Dietz-Internethandel\" \/>\n<meta property=\"article:publisher\" content=\"https:\/\/www.facebook.com\/profile.php?id=100081292915783\" \/>\n<meta property=\"article:modified_time\" content=\"2026-01-19T12:19:46+00:00\" \/>\n<meta property=\"og:image\" content=\"https:\/\/shop24.dietz-ih.de\/wp-content\/uploads\/2025\/07\/LEGO_71844_1_ergebnis.jpg\" \/>\n\t<meta property=\"og:image:width\" content=\"600\" \/>\n\t<meta property=\"og:image:height\" content=\"600\" \/>\n\t<meta property=\"og:image:type\" content=\"image\/jpeg\" \/>\n<meta name=\"twitter:card\" content=\"summary_large_image\" \/>\n<meta name=\"twitter:label1\" content=\"Gesch\u00e4tzte Lesezeit\" \/>\n\t<meta name=\"twitter:data1\" content=\"2\u00a0Minuten\" \/>\n<script type=\"application\/ld+json\" class=\"yoast-schema-graph\">{\"@context\":\"https:\\\/\\\/schema.org\",\"@graph\":[{\"@type\":\"WebPage\",\"@id\":\"https:\\\/\\\/shop24.dietz-ih.de\\\/?product=lego-ninjago-71844-ninja-actionflitzer\",\"url\":\"https:\\\/\\\/shop24.dietz-ih.de\\\/?product=lego-ninjago-71844-ninja-actionflitzer\",\"name\":\"LEGO\u00ae Ninjago 71844 Ninja-Actionflitzer - Dietz-Internethandel\",\"isPartOf\":{\"@id\":\"https:\\\/\\\/shop24.dietz-ih.de\\\/#website\"},\"primaryImageOfPage\":{\"@id\":\"https:\\\/\\\/shop24.dietz-ih.de\\\/?product=lego-ninjago-71844-ninja-actionflitzer#primaryimage\"},\"image\":{\"@id\":\"https:\\\/\\\/shop24.dietz-ih.de\\\/?product=lego-ninjago-71844-ninja-actionflitzer#primaryimage\"},\"thumbnailUrl\":\"https:\\\/\\\/i0.wp.com\\\/shop24.dietz-ih.de\\\/wp-content\\\/uploads\\\/2025\\\/07\\\/LEGO_71844_1_ergebnis.jpg?fit=600%2C600&ssl=1\",\"datePublished\":\"2025-07-10T13:12:42+00:00\",\"dateModified\":\"2026-01-19T12:19:46+00:00\",\"description\":\"Erlebe Action pur mit dem LEGO\u00ae Ninjago 71844 Ninja-Actionflitzer! 3-in-1-Fahrzeug, 6 Minifiguren & Drachen-Abenteuer \u2013 ideal f\u00fcr Kinder ab 8 Jahren.\",\"breadcrumb\":{\"@id\":\"https:\\\/\\\/shop24.dietz-ih.de\\\/?product=lego-ninjago-71844-ninja-actionflitzer#breadcrumb\"},\"inLanguage\":\"de\",\"potentialAction\":[{\"@type\":\"ReadAction\",\"target\":[\"https:\\\/\\\/shop24.dietz-ih.de\\\/?product=lego-ninjago-71844-ninja-actionflitzer\"]}]},{\"@type\":\"ImageObject\",\"inLanguage\":\"de\",\"@id\":\"https:\\\/\\\/shop24.dietz-ih.de\\\/?product=lego-ninjago-71844-ninja-actionflitzer#primaryimage\",\"url\":\"https:\\\/\\\/i0.wp.com\\\/shop24.dietz-ih.de\\\/wp-content\\\/uploads\\\/2025\\\/07\\\/LEGO_71844_1_ergebnis.jpg?fit=600%2C600&ssl=1\",\"contentUrl\":\"https:\\\/\\\/i0.wp.com\\\/shop24.dietz-ih.de\\\/wp-content\\\/uploads\\\/2025\\\/07\\\/LEGO_71844_1_ergebnis.jpg?fit=600%2C600&ssl=1\",\"width\":600,\"height\":600},{\"@type\":\"BreadcrumbList\",\"@id\":\"https:\\\/\\\/shop24.dietz-ih.de\\\/?product=lego-ninjago-71844-ninja-actionflitzer#breadcrumb\",\"itemListElement\":[{\"@type\":\"ListItem\",\"position\":1,\"name\":\"Startseite\",\"item\":\"https:\\\/\\\/shop24.dietz-ih.de\\\/\"},{\"@type\":\"ListItem\",\"position\":2,\"name\":\"Shop\",\"item\":\"https:\\\/\\\/shop24.dietz-ih.de\\\/?page_id=7\"},{\"@type\":\"ListItem\",\"position\":3,\"name\":\"LEGO\u00ae Ninjago 71844 Ninja-Actionflitzer\"}]},{\"@type\":\"WebSite\",\"@id\":\"https:\\\/\\\/shop24.dietz-ih.de\\\/#website\",\"url\":\"https:\\\/\\\/shop24.dietz-ih.de\\\/\",\"name\":\"Dietz-Internethandel\",\"description\":\"\",\"publisher\":{\"@id\":\"https:\\\/\\\/shop24.dietz-ih.de\\\/#organization\"},\"potentialAction\":[{\"@type\":\"SearchAction\",\"target\":{\"@type\":\"EntryPoint\",\"urlTemplate\":\"https:\\\/\\\/shop24.dietz-ih.de\\\/?s={search_term_string}\"},\"query-input\":{\"@type\":\"PropertyValueSpecification\",\"valueRequired\":true,\"valueName\":\"search_term_string\"}}],\"inLanguage\":\"de\"},{\"@type\":\"Organization\",\"@id\":\"https:\\\/\\\/shop24.dietz-ih.de\\\/#organization\",\"name\":\"Dietz-Internethandel\",\"url\":\"https:\\\/\\\/shop24.dietz-ih.de\\\/\",\"logo\":{\"@type\":\"ImageObject\",\"inLanguage\":\"de\",\"@id\":\"https:\\\/\\\/shop24.dietz-ih.de\\\/#\\\/schema\\\/logo\\\/image\\\/\",\"url\":\"https:\\\/\\\/i0.wp.com\\\/shop24.dietz-ih.de\\\/wp-content\\\/uploads\\\/2025\\\/06\\\/Ein-Logo-fuer-einen-Onlineshop-mit-Spielzeug.-Der-Buchstabe-D-soll-drauf-sein.-Farblich_-Gruen-Warmgelb-und-Lachs.-Und-bitte-als-ausgeschnittene-Datei-Photoroom-2.png?fit=1120%2C1120&ssl=1\",\"contentUrl\":\"https:\\\/\\\/i0.wp.com\\\/shop24.dietz-ih.de\\\/wp-content\\\/uploads\\\/2025\\\/06\\\/Ein-Logo-fuer-einen-Onlineshop-mit-Spielzeug.-Der-Buchstabe-D-soll-drauf-sein.-Farblich_-Gruen-Warmgelb-und-Lachs.-Und-bitte-als-ausgeschnittene-Datei-Photoroom-2.png?fit=1120%2C1120&ssl=1\",\"width\":1120,\"height\":1120,\"caption\":\"Dietz-Internethandel\"},\"image\":{\"@id\":\"https:\\\/\\\/shop24.dietz-ih.de\\\/#\\\/schema\\\/logo\\\/image\\\/\"},\"sameAs\":[\"https:\\\/\\\/www.facebook.com\\\/profile.php?id=100081292915783\",\"https:\\\/\\\/www.instagram.com\\\/dietz_internethandel\\\/\"]}]}<\/script>\n<!-- \/ Yoast SEO plugin. -->","yoast_head_json":{"title":"LEGO\u00ae Ninjago 71844 Ninja-Actionflitzer - Dietz-Internethandel","description":"Erlebe Action pur mit dem LEGO\u00ae Ninjago 71844 Ninja-Actionflitzer! 3-in-1-Fahrzeug, 6 Minifiguren & Drachen-Abenteuer \u2013 ideal f\u00fcr Kinder ab 8 Jahren.","robots":{"index":"index","follow":"follow","max-snippet":"max-snippet:-1","max-image-preview":"max-image-preview:large","max-video-preview":"max-video-preview:-1"},"canonical":"https:\/\/shop24.dietz-ih.de\/?product=lego-ninjago-71844-ninja-actionflitzer","og_locale":"de_DE","og_type":"article","og_title":"LEGO\u00ae Ninjago 71844 Ninja-Actionflitzer - Dietz-Internethandel","og_description":"Erlebe Action pur mit dem LEGO\u00ae Ninjago 71844 Ninja-Actionflitzer! 3-in-1-Fahrzeug, 6 Minifiguren & Drachen-Abenteuer \u2013 ideal f\u00fcr Kinder ab 8 Jahren.","og_url":"https:\/\/shop24.dietz-ih.de\/?product=lego-ninjago-71844-ninja-actionflitzer","og_site_name":"Dietz-Internethandel","article_publisher":"https:\/\/www.facebook.com\/profile.php?id=100081292915783","article_modified_time":"2026-01-19T12:19:46+00:00","og_image":[{"width":600,"height":600,"url":"https:\/\/shop24.dietz-ih.de\/wp-content\/uploads\/2025\/07\/LEGO_71844_1_ergebnis.jpg","type":"image\/jpeg"}],"twitter_card":"summary_large_image","twitter_misc":{"Gesch\u00e4tzte Lesezeit":"2\u00a0Minuten"},"schema":{"@context":"https:\/\/schema.org","@graph":[{"@type":"WebPage","@id":"https:\/\/shop24.dietz-ih.de\/?product=lego-ninjago-71844-ninja-actionflitzer","url":"https:\/\/shop24.dietz-ih.de\/?product=lego-ninjago-71844-ninja-actionflitzer","name":"LEGO\u00ae Ninjago 71844 Ninja-Actionflitzer - Dietz-Internethandel","isPartOf":{"@id":"https:\/\/shop24.dietz-ih.de\/#website"},"primaryImageOfPage":{"@id":"https:\/\/shop24.dietz-ih.de\/?product=lego-ninjago-71844-ninja-actionflitzer#primaryimage"},"image":{"@id":"https:\/\/shop24.dietz-ih.de\/?product=lego-ninjago-71844-ninja-actionflitzer#primaryimage"},"thumbnailUrl":"https:\/\/i0.wp.com\/shop24.dietz-ih.de\/wp-content\/uploads\/2025\/07\/LEGO_71844_1_ergebnis.jpg?fit=600%2C600&ssl=1","datePublished":"2025-07-10T13:12:42+00:00","dateModified":"2026-01-19T12:19:46+00:00","description":"Erlebe Action pur mit dem LEGO\u00ae Ninjago 71844 Ninja-Actionflitzer! 3-in-1-Fahrzeug, 6 Minifiguren & Drachen-Abenteuer \u2013 ideal f\u00fcr Kinder ab 8 Jahren.","breadcrumb":{"@id":"https:\/\/shop24.dietz-ih.de\/?product=lego-ninjago-71844-ninja-actionflitzer#breadcrumb"},"inLanguage":"de","potentialAction":[{"@type":"ReadAction","target":["https:\/\/shop24.dietz-ih.de\/?product=lego-ninjago-71844-ninja-actionflitzer"]}]},{"@type":"ImageObject","inLanguage":"de","@id":"https:\/\/shop24.dietz-ih.de\/?product=lego-ninjago-71844-ninja-actionflitzer#primaryimage","url":"https:\/\/i0.wp.com\/shop24.dietz-ih.de\/wp-content\/uploads\/2025\/07\/LEGO_71844_1_ergebnis.jpg?fit=600%2C600&ssl=1","contentUrl":"https:\/\/i0.wp.com\/shop24.dietz-ih.de\/wp-content\/uploads\/2025\/07\/LEGO_71844_1_ergebnis.jpg?fit=600%2C600&ssl=1","width":600,"height":600},{"@type":"BreadcrumbList","@id":"https:\/\/shop24.dietz-ih.de\/?product=lego-ninjago-71844-ninja-actionflitzer#breadcrumb","itemListElement":[{"@type":"ListItem","position":1,"name":"Startseite","item":"https:\/\/shop24.dietz-ih.de\/"},{"@type":"ListItem","position":2,"name":"Shop","item":"https:\/\/shop24.dietz-ih.de\/?page_id=7"},{"@type":"ListItem","position":3,"name":"LEGO\u00ae Ninjago 71844 Ninja-Actionflitzer"}]},{"@type":"WebSite","@id":"https:\/\/shop24.dietz-ih.de\/#website","url":"https:\/\/shop24.dietz-ih.de\/","name":"Dietz-Internethandel","description":"","publisher":{"@id":"https:\/\/shop24.dietz-ih.de\/#organization"},"potentialAction":[{"@type":"SearchAction","target":{"@type":"EntryPoint","urlTemplate":"https:\/\/shop24.dietz-ih.de\/?s={search_term_string}"},"query-input":{"@type":"PropertyValueSpecification","valueRequired":true,"valueName":"search_term_string"}}],"inLanguage":"de"},{"@type":"Organization","@id":"https:\/\/shop24.dietz-ih.de\/#organization","name":"Dietz-Internethandel","url":"https:\/\/shop24.dietz-ih.de\/","logo":{"@type":"ImageObject","inLanguage":"de","@id":"https:\/\/shop24.dietz-ih.de\/#\/schema\/logo\/image\/","url":"https:\/\/i0.wp.com\/shop24.dietz-ih.de\/wp-content\/uploads\/2025\/06\/Ein-Logo-fuer-einen-Onlineshop-mit-Spielzeug.-Der-Buchstabe-D-soll-drauf-sein.-Farblich_-Gruen-Warmgelb-und-Lachs.-Und-bitte-als-ausgeschnittene-Datei-Photoroom-2.png?fit=1120%2C1120&ssl=1","contentUrl":"https:\/\/i0.wp.com\/shop24.dietz-ih.de\/wp-content\/uploads\/2025\/06\/Ein-Logo-fuer-einen-Onlineshop-mit-Spielzeug.-Der-Buchstabe-D-soll-drauf-sein.-Farblich_-Gruen-Warmgelb-und-Lachs.-Und-bitte-als-ausgeschnittene-Datei-Photoroom-2.png?fit=1120%2C1120&ssl=1","width":1120,"height":1120,"caption":"Dietz-Internethandel"},"image":{"@id":"https:\/\/shop24.dietz-ih.de\/#\/schema\/logo\/image\/"},"sameAs":["https:\/\/www.facebook.com\/profile.php?id=100081292915783","https:\/\/www.instagram.com\/dietz_internethandel\/"]}]}},"uagb_featured_image_src":{"full":["https:\/\/i0.wp.com\/shop24.dietz-ih.de\/wp-content\/uploads\/2025\/07\/LEGO_71844_1_ergebnis.jpg?fit=600%2C600&ssl=1",600,600,false],"thumbnail":["https:\/\/i0.wp.com\/shop24.dietz-ih.de\/wp-content\/uploads\/2025\/07\/LEGO_71844_1_ergebnis.jpg?resize=150%2C150&ssl=1",150,150,true],"medium":["https:\/\/i0.wp.com\/shop24.dietz-ih.de\/wp-content\/uploads\/2025\/07\/LEGO_71844_1_ergebnis.jpg?fit=300%2C300&ssl=1",300,300,true],"medium_large":["https:\/\/i0.wp.com\/shop24.dietz-ih.de\/wp-content\/uploads\/2025\/07\/LEGO_71844_1_ergebnis.jpg?fit=600%2C600&ssl=1",600,600,true],"large":["https:\/\/i0.wp.com\/shop24.dietz-ih.de\/wp-content\/uploads\/2025\/07\/LEGO_71844_1_ergebnis.jpg?fit=600%2C600&ssl=1",600,600,true],"gs-tiny":["https:\/\/i0.wp.com\/shop24.dietz-ih.de\/wp-content\/uploads\/2025\/07\/LEGO_71844_1_ergebnis.jpg?fit=50%2C50&ssl=1",50,50,true],"xl":["https:\/\/i0.wp.com\/shop24.dietz-ih.de\/wp-content\/uploads\/2025\/07\/LEGO_71844_1_ergebnis.jpg?fit=600%2C600&ssl=1",600,600,true],"xxl":["https:\/\/i0.wp.com\/shop24.dietz-ih.de\/wp-content\/uploads\/2025\/07\/LEGO_71844_1_ergebnis.jpg?fit=600%2C600&ssl=1",600,600,true],"xxxl":["https:\/\/i0.wp.com\/shop24.dietz-ih.de\/wp-content\/uploads\/2025\/07\/LEGO_71844_1_ergebnis.jpg?fit=600%2C600&ssl=1",600,600,true],"xxxxl":["https:\/\/i0.wp.com\/shop24.dietz-ih.de\/wp-content\/uploads\/2025\/07\/LEGO_71844_1_ergebnis.jpg?fit=600%2C600&ssl=1",600,600,true],"xxxxxl":["https:\/\/i0.wp.com\/shop24.dietz-ih.de\/wp-content\/uploads\/2025\/07\/LEGO_71844_1_ergebnis.jpg?fit=600%2C600&ssl=1",600,600,true],"1536x1536":["https:\/\/i0.wp.com\/shop24.dietz-ih.de\/wp-content\/uploads\/2025\/07\/LEGO_71844_1_ergebnis.jpg?fit=600%2C600&ssl=1",600,600,true],"2048x2048":["https:\/\/i0.wp.com\/shop24.dietz-ih.de\/wp-content\/uploads\/2025\/07\/LEGO_71844_1_ergebnis.jpg?fit=600%2C600&ssl=1",600,600,true],"woocommerce_thumbnail":["https:\/\/i0.wp.com\/shop24.dietz-ih.de\/wp-content\/uploads\/2025\/07\/LEGO_71844_1_ergebnis.jpg?resize=600%2C600&ssl=1",600,600,true],"woocommerce_single":["https:\/\/i0.wp.com\/shop24.dietz-ih.de\/wp-content\/uploads\/2025\/07\/LEGO_71844_1_ergebnis.jpg?fit=600%2C600&ssl=1",600,600,true],"woocommerce_gallery_thumbnail":["https:\/\/i0.wp.com\/shop24.dietz-ih.de\/wp-content\/uploads\/2025\/07\/LEGO_71844_1_ergebnis.jpg?resize=100%2C100&ssl=1",100,100,true]},"uagb_author_info":{"display_name":"admin","author_link":"https:\/\/shop24.dietz-ih.de\/?author=0"},"uagb_comment_info":0,"uagb_excerpt":"Sp\u00fcre die Kraft der Ninja!Mit dem LEGO\u00ae Ninjago 71844 Ninja-Actionflitzer beginnt dein eigenes Abenteuer. Ob auf dem Boden mit schnellen Bikes oder aus der Luft mit dem Jet \u2013 nur du kannst die Verbundenen Welten retten! Mit 6 mutigen Minifiguren, spannender Ausr\u00fcstung und jeder Menge Action wird dieses Set zu einem unvergesslichen Erlebnis f\u00fcr kleine&hellip;","jetpack_sharing_enabled":true,"_links":{"self":[{"href":"https:\/\/shop24.dietz-ih.de\/index.php?rest_route=\/wp\/v2\/product\/765","targetHints":{"allow":["GET"]}}],"collection":[{"href":"https:\/\/shop24.dietz-ih.de\/index.php?rest_route=\/wp\/v2\/product"}],"about":[{"href":"https:\/\/shop24.dietz-ih.de\/index.php?rest_route=\/wp\/v2\/types\/product"}],"replies":[{"embeddable":true,"href":"https:\/\/shop24.dietz-ih.de\/index.php?rest_route=%2Fwp%2Fv2%2Fcomments&post=765"}],"wp:featuredmedia":[{"embeddable":true,"href":"https:\/\/shop24.dietz-ih.de\/index.php?rest_route=\/wp\/v2\/media\/766"}],"wp:attachment":[{"href":"https:\/\/shop24.dietz-ih.de\/index.php?rest_route=%2Fwp%2Fv2%2Fmedia&parent=765"}],"wp:term":[{"taxonomy":"product_brand","embeddable":true,"href":"https:\/\/shop24.dietz-ih.de\/index.php?rest_route=%2Fwp%2Fv2%2Fproduct_brand&post=765"},{"taxonomy":"product_cat","embeddable":true,"href":"https:\/\/shop24.dietz-ih.de\/index.php?rest_route=%2Fwp%2Fv2%2Fproduct_cat&post=765"},{"taxonomy":"product_tag","embeddable":true,"href":"https:\/\/shop24.dietz-ih.de\/index.php?rest_route=%2Fwp%2Fv2%2Fproduct_tag&post=765"}],"curies":[{"name":"wp","href":"https:\/\/api.w.org\/{rel}","templated":true}]}}