{"id":789,"date":"2025-07-10T16:55:09","date_gmt":"2025-07-10T14:55:09","guid":{"rendered":"https:\/\/shop24.dietz-ih.de\/?post_type=product&#038;p=789"},"modified":"2026-01-19T13:18:32","modified_gmt":"2026-01-19T12:18:32","slug":"lego-minecraft-21278-ein-verwuester-am-pluenderer-aussenposten","status":"publish","type":"product","link":"https:\/\/shop24.dietz-ih.de\/?product=lego-minecraft-21278-ein-verwuester-am-pluenderer-aussenposten","title":{"rendered":"LEGO\u00ae Minecraft 21278 Ein Verw\u00fcster am Pl\u00fcnderer-Au\u00dfenposten"},"content":{"rendered":"<h2 data-start=\"263\" data-end=\"335\"><strong data-start=\"266\" data-end=\"333\">LEGO\u00ae Minecraft 21278 Ein Verw\u00fcster am Pl\u00fcnderer-Au\u00dfenposten<\/strong><\/h2>\n<h3 data-start=\"336\" data-end=\"396\">\u00a0Action, Kreativit\u00e4t &amp; Minecraft-Feeling in einem Set!<\/h3>\n<p data-start=\"398\" data-end=\"742\">Tauche ein in die Welt von Minecraft \u2013 ganz ohne Bildschirm! Mit dem <strong data-start=\"467\" data-end=\"538\">LEGO\u00ae Minecraft 21278\u00a0 Ein Verw\u00fcster am Pl\u00fcnderer-Au\u00dfenposten<\/strong> erleben Kinder ab 9 Jahren actiongeladenen Bau- und Spielspa\u00df. Ob alleine oder mit Freunden: Dieses Set bietet alles, was kleine Abenteurer brauchen, um ihre eigene Minecraft-Story zum Leben zu erwecken.<\/p>\n<h3 data-start=\"749\" data-end=\"785\">\u00a0<strong data-start=\"756\" data-end=\"785\">Abenteuer im Savannenbiom<\/strong><\/h3>\n<p data-start=\"787\" data-end=\"1081\">Im Mittelpunkt steht ein spannendes Gefecht zwischen dem <strong data-start=\"844\" data-end=\"863\">R\u00e4uberhauptmann<\/strong> mit Armbrust und dem <strong data-start=\"885\" data-end=\"895\">Diener<\/strong>, der sich pl\u00f6tzlich in einen riesigen Verw\u00fcster verwandelt. Der baubare Verw\u00fcster sorgt mit beweglichem Kiefer und rammendem Kopf f\u00fcr spektakul\u00e4re Actionszenen \u2013 ganz wie im Videospiel!<\/p>\n<h3 data-start=\"1088\" data-end=\"1136\">\u00a0<strong data-start=\"1095\" data-end=\"1136\">Inhalt &amp; Figuren \u2013 Typisch Minecraft\u00ae<\/strong><\/h3>\n<p data-start=\"1138\" data-end=\"1156\">Das Set enth\u00e4lt:<\/p>\n<ul data-start=\"1157\" data-end=\"1423\">\n<li data-start=\"1157\" data-end=\"1244\">\n<p data-start=\"1159\" data-end=\"1244\"><strong data-start=\"1159\" data-end=\"1193\">4 LEGO\u00ae Minecraft\u00ae Minifiguren<\/strong>: Weltraumwache, R\u00e4uberhauptmann, Maurer &amp; Diener<\/p>\n<\/li>\n<li data-start=\"1245\" data-end=\"1272\">\n<p data-start=\"1247\" data-end=\"1272\"><strong data-start=\"1247\" data-end=\"1260\">1 Schwein<\/strong> zum Bauen<\/p>\n<\/li>\n<li data-start=\"1273\" data-end=\"1317\">\n<p data-start=\"1275\" data-end=\"1317\"><strong data-start=\"1275\" data-end=\"1297\">1 gro\u00dfer Verw\u00fcster<\/strong> mit Spielmechanik<\/p>\n<\/li>\n<li data-start=\"1318\" data-end=\"1423\">\n<p data-start=\"1320\" data-end=\"1423\"><strong data-start=\"1320\" data-end=\"1335\">Zubeh\u00f6r wie<\/strong>: Diamantschwert, Axt, Helm, Fackel, Trainingspuppe, Karotte, Eisenbarren und Armbrust<\/p>\n<\/li>\n<\/ul>\n<p data-start=\"1425\" data-end=\"1527\">Damit lassen sich unz\u00e4hlige Rollenspiele und Kampfszenen nachstellen \u2013 oder eigene Abenteuer erfinden.<\/p>\n<h3 data-start=\"1534\" data-end=\"1576\">\u00a0<strong data-start=\"1541\" data-end=\"1576\">Produktdetails auf einen Blick:<\/strong><\/h3>\n<ul data-start=\"1578\" data-end=\"1822\">\n<li data-start=\"1578\" data-end=\"1615\">\n<p data-start=\"1580\" data-end=\"1615\"><strong data-start=\"1580\" data-end=\"1600\">Altersempfehlung<\/strong>: ab 9 Jahren<\/p>\n<\/li>\n<li data-start=\"1616\" data-end=\"1650\">\n<p data-start=\"1618\" data-end=\"1650\"><strong data-start=\"1618\" data-end=\"1633\">Teileanzahl<\/strong>: 665 Bausteine<\/p>\n<\/li>\n<li data-start=\"1651\" data-end=\"1711\">\n<p data-start=\"1653\" data-end=\"1711\"><strong data-start=\"1653\" data-end=\"1668\">Abmessungen<\/strong>: ca. 24 cm hoch, 16 cm breit, 12 cm tief<\/p>\n<\/li>\n<li data-start=\"1712\" data-end=\"1764\">\n<p data-start=\"1714\" data-end=\"1764\"><strong data-start=\"1714\" data-end=\"1762\">Kompatibel mit anderen LEGO\u00ae Minecraft\u00ae Sets<\/strong><\/p>\n<\/li>\n<li data-start=\"1765\" data-end=\"1822\">\n<p data-start=\"1767\" data-end=\"1822\"><strong data-start=\"1767\" data-end=\"1788\">LEGO\u00ae Builder App<\/strong> f\u00fcr digitalen Bauspa\u00df inklusive<\/p>\n<\/li>\n<\/ul>\n<h3 data-start=\"1829\" data-end=\"1869\">\u00a0<strong data-start=\"1836\" data-end=\"1869\">Minecraft erleben \u2013 ganz real<\/strong><\/h3>\n<p data-start=\"1871\" data-end=\"2182\">Dieses LEGO Set ist ideal f\u00fcr Kinder, die Minecraft\u00ae lieben und gleichzeitig kreativ mit echten Bausteinen bauen wollen. Ob zum Nachspielen klassischer Spielmomente oder zum freien Erfinden neuer Szenen \u2013 <strong data-start=\"2076\" data-end=\"2120\">\u201eEin Verw\u00fcster am Pl\u00fcnderer-Au\u00dfenposten\u201c<\/strong> bringt die aufregende Minecraft-Welt direkt ins Kinderzimmer.<\/p>\n<h3 data-start=\"2189\" data-end=\"2234\">\u00a0<strong data-start=\"2196\" data-end=\"2234\">Tolles Geschenk f\u00fcr Minecraft-Fans<\/strong><\/h3>\n<p data-start=\"2236\" data-end=\"2484\">Suchst du ein Geschenk f\u00fcr ein Kind, das Minecraft\u00ae spielt? Dann ist\u00a0 LEGO\u00ae Set die perfekte Wahl. Ob zum Geburtstag, zu Weihnachten oder einfach als \u00dcberraschung \u2013 es bietet stundenlangen Spielspa\u00df mit Action, Fantasie und beliebten Figuren.<\/p>\n<p data-start=\"2549\" data-end=\"2731\">Bring die Minecraft-Action nach Hause \u2013 mit echtem Bauspa\u00df, beweglichen Figuren und authentischen Details. Jetzt im Online-Shop bestellen und die Welt von LEGO\u00ae Minecraft\u00ae entdecken!<\/p>\n","protected":false},"excerpt":{"rendered":"<p>St\u00fcrz dich ins Abenteuer mit demLEGO\u00ae Minecraft 21278 Ein Verw\u00fcster am Pl\u00fcnderer-Au\u00dfenposten! Erlebe epische K\u00e4mpfe im Savannenbiom, wenn der gef\u00e4hrliche Verw\u00fcster losst\u00fcrmt und alles niedertrampelt. Mit dabei: 4 detailreiche Minifiguren, cooles Zubeh\u00f6r wie Diamantschwert, Armbrust und Helm sowie ein beweglicher Verw\u00fcster mit schnappendem Maul. Besch\u00fctze das Dorf, baue deinen eigenen Au\u00dfenposten und erwecke die Minecraft\u00ae-Welt zum Leben \u2013 Stein f\u00fcr Stein. Ob allein oder gemeinsam mit Freunden \u2013 dieses Set l\u00e4sst Kinder ab 9 Jahren kreativ bauen und voller Spannung spielen. Ein unvergessliches Geschenk f\u00fcr Fans des beliebten Videospiels!<\/p>\n","protected":false},"featured_media":790,"comment_status":"open","ping_status":"closed","template":"","meta":{"_coblocks_attr":"","_coblocks_dimensions":"","_coblocks_responsive_height":"","_coblocks_accordion_ie_support":"","_eb_attr":"","_uag_custom_page_level_css":""},"product_brand":[158],"product_cat":[15],"product_tag":[322,324,163,191,192,323],"class_list":{"0":"post-789","1":"product","2":"type-product","3":"status-publish","4":"has-post-thumbnail","6":"product_brand-lego","7":"product_cat-lego","8":"product_tag-322","9":"product_tag-aussenposten","10":"product_tag-lego","11":"product_tag-legominecraft","12":"product_tag-minecraft","13":"product_tag-pluenderer","15":"first","16":"outofstock","17":"taxable","18":"shipping-taxable","19":"purchasable","20":"product-type-simple"},"yoast_head":"<!-- This site is optimized with the Yoast SEO plugin v27.4 - https:\/\/yoast.com\/product\/yoast-seo-wordpress\/ -->\n<title>LEGO\u00ae Minecraft 21278 Ein Verw\u00fcster am Pl\u00fcnderer-Au\u00dfenposten - Dietz-Internethandel<\/title>\n<meta name=\"description\" content=\"Erlebe spannende action mit LEGO\u00ae Minecraft 21278 Ein Verw\u00fcster am Pl\u00fcnderer-Au\u00dfenposten. Mit 4 Minifiguren, baubarem Verw\u00fcster und authentischem Zubeh\u00f6r.\" \/>\n<meta name=\"robots\" content=\"index, follow, max-snippet:-1, max-image-preview:large, max-video-preview:-1\" \/>\n<link rel=\"canonical\" href=\"https:\/\/shop24.dietz-ih.de\/?product=lego-minecraft-21278-ein-verwuester-am-pluenderer-aussenposten\" \/>\n<meta property=\"og:locale\" content=\"de_DE\" \/>\n<meta property=\"og:type\" content=\"article\" \/>\n<meta property=\"og:title\" content=\"LEGO\u00ae Minecraft 21278 Ein Verw\u00fcster am Pl\u00fcnderer-Au\u00dfenposten - Dietz-Internethandel\" \/>\n<meta property=\"og:description\" content=\"Erlebe spannende action mit LEGO\u00ae Minecraft 21278 Ein Verw\u00fcster am Pl\u00fcnderer-Au\u00dfenposten. Mit 4 Minifiguren, baubarem Verw\u00fcster und authentischem Zubeh\u00f6r.\" \/>\n<meta property=\"og:url\" content=\"https:\/\/shop24.dietz-ih.de\/?product=lego-minecraft-21278-ein-verwuester-am-pluenderer-aussenposten\" \/>\n<meta property=\"og:site_name\" content=\"Dietz-Internethandel\" \/>\n<meta property=\"article:publisher\" content=\"https:\/\/www.facebook.com\/profile.php?id=100081292915783\" \/>\n<meta property=\"article:modified_time\" content=\"2026-01-19T12:18:32+00:00\" \/>\n<meta property=\"og:image\" content=\"https:\/\/shop24.dietz-ih.de\/wp-content\/uploads\/2025\/07\/LEGO_21278_1_ergebnis.jpg\" \/>\n\t<meta property=\"og:image:width\" content=\"600\" \/>\n\t<meta property=\"og:image:height\" content=\"600\" \/>\n\t<meta property=\"og:image:type\" content=\"image\/jpeg\" \/>\n<meta name=\"twitter:card\" content=\"summary_large_image\" \/>\n<meta name=\"twitter:label1\" content=\"Gesch\u00e4tzte Lesezeit\" \/>\n\t<meta name=\"twitter:data1\" content=\"2\u00a0Minuten\" \/>\n<script type=\"application\/ld+json\" class=\"yoast-schema-graph\">{\"@context\":\"https:\\\/\\\/schema.org\",\"@graph\":[{\"@type\":\"WebPage\",\"@id\":\"https:\\\/\\\/shop24.dietz-ih.de\\\/?product=lego-minecraft-21278-ein-verwuester-am-pluenderer-aussenposten\",\"url\":\"https:\\\/\\\/shop24.dietz-ih.de\\\/?product=lego-minecraft-21278-ein-verwuester-am-pluenderer-aussenposten\",\"name\":\"LEGO\u00ae Minecraft 21278 Ein Verw\u00fcster am Pl\u00fcnderer-Au\u00dfenposten - Dietz-Internethandel\",\"isPartOf\":{\"@id\":\"https:\\\/\\\/shop24.dietz-ih.de\\\/#website\"},\"primaryImageOfPage\":{\"@id\":\"https:\\\/\\\/shop24.dietz-ih.de\\\/?product=lego-minecraft-21278-ein-verwuester-am-pluenderer-aussenposten#primaryimage\"},\"image\":{\"@id\":\"https:\\\/\\\/shop24.dietz-ih.de\\\/?product=lego-minecraft-21278-ein-verwuester-am-pluenderer-aussenposten#primaryimage\"},\"thumbnailUrl\":\"https:\\\/\\\/i0.wp.com\\\/shop24.dietz-ih.de\\\/wp-content\\\/uploads\\\/2025\\\/07\\\/LEGO_21278_1_ergebnis.jpg?fit=600%2C600&ssl=1\",\"datePublished\":\"2025-07-10T14:55:09+00:00\",\"dateModified\":\"2026-01-19T12:18:32+00:00\",\"description\":\"Erlebe spannende action mit LEGO\u00ae Minecraft 21278 Ein Verw\u00fcster am Pl\u00fcnderer-Au\u00dfenposten. Mit 4 Minifiguren, baubarem Verw\u00fcster und authentischem Zubeh\u00f6r.\",\"breadcrumb\":{\"@id\":\"https:\\\/\\\/shop24.dietz-ih.de\\\/?product=lego-minecraft-21278-ein-verwuester-am-pluenderer-aussenposten#breadcrumb\"},\"inLanguage\":\"de\",\"potentialAction\":[{\"@type\":\"ReadAction\",\"target\":[\"https:\\\/\\\/shop24.dietz-ih.de\\\/?product=lego-minecraft-21278-ein-verwuester-am-pluenderer-aussenposten\"]}]},{\"@type\":\"ImageObject\",\"inLanguage\":\"de\",\"@id\":\"https:\\\/\\\/shop24.dietz-ih.de\\\/?product=lego-minecraft-21278-ein-verwuester-am-pluenderer-aussenposten#primaryimage\",\"url\":\"https:\\\/\\\/i0.wp.com\\\/shop24.dietz-ih.de\\\/wp-content\\\/uploads\\\/2025\\\/07\\\/LEGO_21278_1_ergebnis.jpg?fit=600%2C600&ssl=1\",\"contentUrl\":\"https:\\\/\\\/i0.wp.com\\\/shop24.dietz-ih.de\\\/wp-content\\\/uploads\\\/2025\\\/07\\\/LEGO_21278_1_ergebnis.jpg?fit=600%2C600&ssl=1\",\"width\":600,\"height\":600},{\"@type\":\"BreadcrumbList\",\"@id\":\"https:\\\/\\\/shop24.dietz-ih.de\\\/?product=lego-minecraft-21278-ein-verwuester-am-pluenderer-aussenposten#breadcrumb\",\"itemListElement\":[{\"@type\":\"ListItem\",\"position\":1,\"name\":\"Startseite\",\"item\":\"https:\\\/\\\/shop24.dietz-ih.de\\\/\"},{\"@type\":\"ListItem\",\"position\":2,\"name\":\"Shop\",\"item\":\"https:\\\/\\\/shop24.dietz-ih.de\\\/?page_id=7\"},{\"@type\":\"ListItem\",\"position\":3,\"name\":\"LEGO\u00ae Minecraft 21278 Ein Verw\u00fcster am Pl\u00fcnderer-Au\u00dfenposten\"}]},{\"@type\":\"WebSite\",\"@id\":\"https:\\\/\\\/shop24.dietz-ih.de\\\/#website\",\"url\":\"https:\\\/\\\/shop24.dietz-ih.de\\\/\",\"name\":\"Dietz-Internethandel\",\"description\":\"\",\"publisher\":{\"@id\":\"https:\\\/\\\/shop24.dietz-ih.de\\\/#organization\"},\"potentialAction\":[{\"@type\":\"SearchAction\",\"target\":{\"@type\":\"EntryPoint\",\"urlTemplate\":\"https:\\\/\\\/shop24.dietz-ih.de\\\/?s={search_term_string}\"},\"query-input\":{\"@type\":\"PropertyValueSpecification\",\"valueRequired\":true,\"valueName\":\"search_term_string\"}}],\"inLanguage\":\"de\"},{\"@type\":\"Organization\",\"@id\":\"https:\\\/\\\/shop24.dietz-ih.de\\\/#organization\",\"name\":\"Dietz-Internethandel\",\"url\":\"https:\\\/\\\/shop24.dietz-ih.de\\\/\",\"logo\":{\"@type\":\"ImageObject\",\"inLanguage\":\"de\",\"@id\":\"https:\\\/\\\/shop24.dietz-ih.de\\\/#\\\/schema\\\/logo\\\/image\\\/\",\"url\":\"https:\\\/\\\/i0.wp.com\\\/shop24.dietz-ih.de\\\/wp-content\\\/uploads\\\/2025\\\/06\\\/Ein-Logo-fuer-einen-Onlineshop-mit-Spielzeug.-Der-Buchstabe-D-soll-drauf-sein.-Farblich_-Gruen-Warmgelb-und-Lachs.-Und-bitte-als-ausgeschnittene-Datei-Photoroom-2.png?fit=1120%2C1120&ssl=1\",\"contentUrl\":\"https:\\\/\\\/i0.wp.com\\\/shop24.dietz-ih.de\\\/wp-content\\\/uploads\\\/2025\\\/06\\\/Ein-Logo-fuer-einen-Onlineshop-mit-Spielzeug.-Der-Buchstabe-D-soll-drauf-sein.-Farblich_-Gruen-Warmgelb-und-Lachs.-Und-bitte-als-ausgeschnittene-Datei-Photoroom-2.png?fit=1120%2C1120&ssl=1\",\"width\":1120,\"height\":1120,\"caption\":\"Dietz-Internethandel\"},\"image\":{\"@id\":\"https:\\\/\\\/shop24.dietz-ih.de\\\/#\\\/schema\\\/logo\\\/image\\\/\"},\"sameAs\":[\"https:\\\/\\\/www.facebook.com\\\/profile.php?id=100081292915783\",\"https:\\\/\\\/www.instagram.com\\\/dietz_internethandel\\\/\"]}]}<\/script>\n<!-- \/ Yoast SEO plugin. -->","yoast_head_json":{"title":"LEGO\u00ae Minecraft 21278 Ein Verw\u00fcster am Pl\u00fcnderer-Au\u00dfenposten - Dietz-Internethandel","description":"Erlebe spannende action mit LEGO\u00ae Minecraft 21278 Ein Verw\u00fcster am Pl\u00fcnderer-Au\u00dfenposten. Mit 4 Minifiguren, baubarem Verw\u00fcster und authentischem Zubeh\u00f6r.","robots":{"index":"index","follow":"follow","max-snippet":"max-snippet:-1","max-image-preview":"max-image-preview:large","max-video-preview":"max-video-preview:-1"},"canonical":"https:\/\/shop24.dietz-ih.de\/?product=lego-minecraft-21278-ein-verwuester-am-pluenderer-aussenposten","og_locale":"de_DE","og_type":"article","og_title":"LEGO\u00ae Minecraft 21278 Ein Verw\u00fcster am Pl\u00fcnderer-Au\u00dfenposten - Dietz-Internethandel","og_description":"Erlebe spannende action mit LEGO\u00ae Minecraft 21278 Ein Verw\u00fcster am Pl\u00fcnderer-Au\u00dfenposten. Mit 4 Minifiguren, baubarem Verw\u00fcster und authentischem Zubeh\u00f6r.","og_url":"https:\/\/shop24.dietz-ih.de\/?product=lego-minecraft-21278-ein-verwuester-am-pluenderer-aussenposten","og_site_name":"Dietz-Internethandel","article_publisher":"https:\/\/www.facebook.com\/profile.php?id=100081292915783","article_modified_time":"2026-01-19T12:18:32+00:00","og_image":[{"width":600,"height":600,"url":"https:\/\/shop24.dietz-ih.de\/wp-content\/uploads\/2025\/07\/LEGO_21278_1_ergebnis.jpg","type":"image\/jpeg"}],"twitter_card":"summary_large_image","twitter_misc":{"Gesch\u00e4tzte Lesezeit":"2\u00a0Minuten"},"schema":{"@context":"https:\/\/schema.org","@graph":[{"@type":"WebPage","@id":"https:\/\/shop24.dietz-ih.de\/?product=lego-minecraft-21278-ein-verwuester-am-pluenderer-aussenposten","url":"https:\/\/shop24.dietz-ih.de\/?product=lego-minecraft-21278-ein-verwuester-am-pluenderer-aussenposten","name":"LEGO\u00ae Minecraft 21278 Ein Verw\u00fcster am Pl\u00fcnderer-Au\u00dfenposten - Dietz-Internethandel","isPartOf":{"@id":"https:\/\/shop24.dietz-ih.de\/#website"},"primaryImageOfPage":{"@id":"https:\/\/shop24.dietz-ih.de\/?product=lego-minecraft-21278-ein-verwuester-am-pluenderer-aussenposten#primaryimage"},"image":{"@id":"https:\/\/shop24.dietz-ih.de\/?product=lego-minecraft-21278-ein-verwuester-am-pluenderer-aussenposten#primaryimage"},"thumbnailUrl":"https:\/\/i0.wp.com\/shop24.dietz-ih.de\/wp-content\/uploads\/2025\/07\/LEGO_21278_1_ergebnis.jpg?fit=600%2C600&ssl=1","datePublished":"2025-07-10T14:55:09+00:00","dateModified":"2026-01-19T12:18:32+00:00","description":"Erlebe spannende action mit LEGO\u00ae Minecraft 21278 Ein Verw\u00fcster am Pl\u00fcnderer-Au\u00dfenposten. Mit 4 Minifiguren, baubarem Verw\u00fcster und authentischem Zubeh\u00f6r.","breadcrumb":{"@id":"https:\/\/shop24.dietz-ih.de\/?product=lego-minecraft-21278-ein-verwuester-am-pluenderer-aussenposten#breadcrumb"},"inLanguage":"de","potentialAction":[{"@type":"ReadAction","target":["https:\/\/shop24.dietz-ih.de\/?product=lego-minecraft-21278-ein-verwuester-am-pluenderer-aussenposten"]}]},{"@type":"ImageObject","inLanguage":"de","@id":"https:\/\/shop24.dietz-ih.de\/?product=lego-minecraft-21278-ein-verwuester-am-pluenderer-aussenposten#primaryimage","url":"https:\/\/i0.wp.com\/shop24.dietz-ih.de\/wp-content\/uploads\/2025\/07\/LEGO_21278_1_ergebnis.jpg?fit=600%2C600&ssl=1","contentUrl":"https:\/\/i0.wp.com\/shop24.dietz-ih.de\/wp-content\/uploads\/2025\/07\/LEGO_21278_1_ergebnis.jpg?fit=600%2C600&ssl=1","width":600,"height":600},{"@type":"BreadcrumbList","@id":"https:\/\/shop24.dietz-ih.de\/?product=lego-minecraft-21278-ein-verwuester-am-pluenderer-aussenposten#breadcrumb","itemListElement":[{"@type":"ListItem","position":1,"name":"Startseite","item":"https:\/\/shop24.dietz-ih.de\/"},{"@type":"ListItem","position":2,"name":"Shop","item":"https:\/\/shop24.dietz-ih.de\/?page_id=7"},{"@type":"ListItem","position":3,"name":"LEGO\u00ae Minecraft 21278 Ein Verw\u00fcster am Pl\u00fcnderer-Au\u00dfenposten"}]},{"@type":"WebSite","@id":"https:\/\/shop24.dietz-ih.de\/#website","url":"https:\/\/shop24.dietz-ih.de\/","name":"Dietz-Internethandel","description":"","publisher":{"@id":"https:\/\/shop24.dietz-ih.de\/#organization"},"potentialAction":[{"@type":"SearchAction","target":{"@type":"EntryPoint","urlTemplate":"https:\/\/shop24.dietz-ih.de\/?s={search_term_string}"},"query-input":{"@type":"PropertyValueSpecification","valueRequired":true,"valueName":"search_term_string"}}],"inLanguage":"de"},{"@type":"Organization","@id":"https:\/\/shop24.dietz-ih.de\/#organization","name":"Dietz-Internethandel","url":"https:\/\/shop24.dietz-ih.de\/","logo":{"@type":"ImageObject","inLanguage":"de","@id":"https:\/\/shop24.dietz-ih.de\/#\/schema\/logo\/image\/","url":"https:\/\/i0.wp.com\/shop24.dietz-ih.de\/wp-content\/uploads\/2025\/06\/Ein-Logo-fuer-einen-Onlineshop-mit-Spielzeug.-Der-Buchstabe-D-soll-drauf-sein.-Farblich_-Gruen-Warmgelb-und-Lachs.-Und-bitte-als-ausgeschnittene-Datei-Photoroom-2.png?fit=1120%2C1120&ssl=1","contentUrl":"https:\/\/i0.wp.com\/shop24.dietz-ih.de\/wp-content\/uploads\/2025\/06\/Ein-Logo-fuer-einen-Onlineshop-mit-Spielzeug.-Der-Buchstabe-D-soll-drauf-sein.-Farblich_-Gruen-Warmgelb-und-Lachs.-Und-bitte-als-ausgeschnittene-Datei-Photoroom-2.png?fit=1120%2C1120&ssl=1","width":1120,"height":1120,"caption":"Dietz-Internethandel"},"image":{"@id":"https:\/\/shop24.dietz-ih.de\/#\/schema\/logo\/image\/"},"sameAs":["https:\/\/www.facebook.com\/profile.php?id=100081292915783","https:\/\/www.instagram.com\/dietz_internethandel\/"]}]}},"uagb_featured_image_src":{"full":["https:\/\/i0.wp.com\/shop24.dietz-ih.de\/wp-content\/uploads\/2025\/07\/LEGO_21278_1_ergebnis.jpg?fit=600%2C600&ssl=1",600,600,false],"thumbnail":["https:\/\/i0.wp.com\/shop24.dietz-ih.de\/wp-content\/uploads\/2025\/07\/LEGO_21278_1_ergebnis.jpg?resize=150%2C150&ssl=1",150,150,true],"medium":["https:\/\/i0.wp.com\/shop24.dietz-ih.de\/wp-content\/uploads\/2025\/07\/LEGO_21278_1_ergebnis.jpg?fit=300%2C300&ssl=1",300,300,true],"medium_large":["https:\/\/i0.wp.com\/shop24.dietz-ih.de\/wp-content\/uploads\/2025\/07\/LEGO_21278_1_ergebnis.jpg?fit=600%2C600&ssl=1",600,600,true],"large":["https:\/\/i0.wp.com\/shop24.dietz-ih.de\/wp-content\/uploads\/2025\/07\/LEGO_21278_1_ergebnis.jpg?fit=600%2C600&ssl=1",600,600,true],"gs-tiny":["https:\/\/i0.wp.com\/shop24.dietz-ih.de\/wp-content\/uploads\/2025\/07\/LEGO_21278_1_ergebnis.jpg?fit=50%2C50&ssl=1",50,50,true],"xl":["https:\/\/i0.wp.com\/shop24.dietz-ih.de\/wp-content\/uploads\/2025\/07\/LEGO_21278_1_ergebnis.jpg?fit=600%2C600&ssl=1",600,600,true],"xxl":["https:\/\/i0.wp.com\/shop24.dietz-ih.de\/wp-content\/uploads\/2025\/07\/LEGO_21278_1_ergebnis.jpg?fit=600%2C600&ssl=1",600,600,true],"xxxl":["https:\/\/i0.wp.com\/shop24.dietz-ih.de\/wp-content\/uploads\/2025\/07\/LEGO_21278_1_ergebnis.jpg?fit=600%2C600&ssl=1",600,600,true],"xxxxl":["https:\/\/i0.wp.com\/shop24.dietz-ih.de\/wp-content\/uploads\/2025\/07\/LEGO_21278_1_ergebnis.jpg?fit=600%2C600&ssl=1",600,600,true],"xxxxxl":["https:\/\/i0.wp.com\/shop24.dietz-ih.de\/wp-content\/uploads\/2025\/07\/LEGO_21278_1_ergebnis.jpg?fit=600%2C600&ssl=1",600,600,true],"1536x1536":["https:\/\/i0.wp.com\/shop24.dietz-ih.de\/wp-content\/uploads\/2025\/07\/LEGO_21278_1_ergebnis.jpg?fit=600%2C600&ssl=1",600,600,true],"2048x2048":["https:\/\/i0.wp.com\/shop24.dietz-ih.de\/wp-content\/uploads\/2025\/07\/LEGO_21278_1_ergebnis.jpg?fit=600%2C600&ssl=1",600,600,true],"woocommerce_thumbnail":["https:\/\/i0.wp.com\/shop24.dietz-ih.de\/wp-content\/uploads\/2025\/07\/LEGO_21278_1_ergebnis.jpg?resize=600%2C600&ssl=1",600,600,true],"woocommerce_single":["https:\/\/i0.wp.com\/shop24.dietz-ih.de\/wp-content\/uploads\/2025\/07\/LEGO_21278_1_ergebnis.jpg?fit=600%2C600&ssl=1",600,600,true],"woocommerce_gallery_thumbnail":["https:\/\/i0.wp.com\/shop24.dietz-ih.de\/wp-content\/uploads\/2025\/07\/LEGO_21278_1_ergebnis.jpg?resize=100%2C100&ssl=1",100,100,true]},"uagb_author_info":{"display_name":"admin","author_link":"https:\/\/shop24.dietz-ih.de\/?author=0"},"uagb_comment_info":0,"uagb_excerpt":"St\u00fcrz dich ins Abenteuer mit demLEGO\u00ae Minecraft 21278 Ein Verw\u00fcster am Pl\u00fcnderer-Au\u00dfenposten! Erlebe epische K\u00e4mpfe im Savannenbiom, wenn der gef\u00e4hrliche Verw\u00fcster losst\u00fcrmt und alles niedertrampelt. Mit dabei: 4 detailreiche Minifiguren, cooles Zubeh\u00f6r wie Diamantschwert, Armbrust und Helm sowie ein beweglicher Verw\u00fcster mit schnappendem Maul. Besch\u00fctze das Dorf, baue deinen eigenen Au\u00dfenposten und erwecke die Minecraft\u00ae-Welt&hellip;","jetpack_sharing_enabled":true,"_links":{"self":[{"href":"https:\/\/shop24.dietz-ih.de\/index.php?rest_route=\/wp\/v2\/product\/789","targetHints":{"allow":["GET"]}}],"collection":[{"href":"https:\/\/shop24.dietz-ih.de\/index.php?rest_route=\/wp\/v2\/product"}],"about":[{"href":"https:\/\/shop24.dietz-ih.de\/index.php?rest_route=\/wp\/v2\/types\/product"}],"replies":[{"embeddable":true,"href":"https:\/\/shop24.dietz-ih.de\/index.php?rest_route=%2Fwp%2Fv2%2Fcomments&post=789"}],"wp:featuredmedia":[{"embeddable":true,"href":"https:\/\/shop24.dietz-ih.de\/index.php?rest_route=\/wp\/v2\/media\/790"}],"wp:attachment":[{"href":"https:\/\/shop24.dietz-ih.de\/index.php?rest_route=%2Fwp%2Fv2%2Fmedia&parent=789"}],"wp:term":[{"taxonomy":"product_brand","embeddable":true,"href":"https:\/\/shop24.dietz-ih.de\/index.php?rest_route=%2Fwp%2Fv2%2Fproduct_brand&post=789"},{"taxonomy":"product_cat","embeddable":true,"href":"https:\/\/shop24.dietz-ih.de\/index.php?rest_route=%2Fwp%2Fv2%2Fproduct_cat&post=789"},{"taxonomy":"product_tag","embeddable":true,"href":"https:\/\/shop24.dietz-ih.de\/index.php?rest_route=%2Fwp%2Fv2%2Fproduct_tag&post=789"}],"curies":[{"name":"wp","href":"https:\/\/api.w.org\/{rel}","templated":true}]}}