{"id":793,"date":"2025-07-10T16:59:04","date_gmt":"2025-07-10T14:59:04","guid":{"rendered":"https:\/\/shop24.dietz-ih.de\/?post_type=product&#038;p=793"},"modified":"2026-01-19T13:18:22","modified_gmt":"2026-01-19T12:18:22","slug":"lego-harry-potter-monsterbuch","status":"publish","type":"product","link":"https:\/\/shop24.dietz-ih.de\/?product=lego-harry-potter-monsterbuch","title":{"rendered":"LEGO\u00ae Harry Potter 76449 Bei\u00dfendes Monsterbuch der Monster"},"content":{"rendered":"<h3 data-start=\"269\" data-end=\"342\">LEGO\u00ae Harry Potter 76449 Bei\u00dfendes Monsterbuch der Monster<\/h3>\n<h3 data-start=\"343\" data-end=\"419\"><strong data-start=\"347\" data-end=\"419\">Magisches LEGO Set mit R\u00fcckziehfunktion f\u00fcr actionreichen Spielspa\u00df!<\/strong><\/h3>\n<p data-start=\"421\" data-end=\"775\">Tauche ein in die Zauberwelt von <strong data-start=\"454\" data-end=\"471\">Harry Potter\u2122<\/strong> \u2013 mit dem einzigartigen <strong>LEGO\u00ae Harry Potter 76449 Bei\u00dfendes Monsterbuch der Monster<\/strong>. Dieses liebevoll gestaltete Modell ist perfekt f\u00fcr kleine und gro\u00dfe Hexen und Zauberer ab 9 Jahren. Mit <strong data-start=\"659\" data-end=\"673\">518 Teilen<\/strong> bietet es nicht nur ein spannendes Bauerlebnis, sondern auch jede Menge Action und Spa\u00df beim Spielen.<\/p>\n<h3 data-start=\"782\" data-end=\"838\"><strong data-start=\"786\" data-end=\"838\">Detailverliebtes Design f\u00fcr echte Hogwarts\u2122 Fans<\/strong><\/h3>\n<p data-start=\"840\" data-end=\"1103\">Das LEGO\u00ae Monsterbuch wurde originalgetreu aus der <strong data-start=\"891\" data-end=\"918\">Harry Potter\u2122 Filmreihe<\/strong> nachgebildet. Mit <strong data-start=\"937\" data-end=\"956\">zotteligem Fell<\/strong>, <strong data-start=\"958\" data-end=\"981\">bedrohlichen Z\u00e4hnen<\/strong>, <strong data-start=\"983\" data-end=\"1002\">gl\u00fchenden Augen<\/strong> und versteckten R\u00e4dern wirkt es fast lebendig. Ein echter Hingucker f\u00fcr jede Harry Potter\u2122 Sammlung!<\/p>\n<h3 data-start=\"1110\" data-end=\"1174\"><strong data-start=\"1114\" data-end=\"1174\">Action-Feature: R\u00fcckziehfunktion mit \u00dcberraschungseffekt<\/strong><\/h3>\n<p data-start=\"1176\" data-end=\"1448\">Ein besonderes Highlight dieses Sets ist die <strong data-start=\"1221\" data-end=\"1252\">eingebaute R\u00fcckziehfunktion<\/strong>: Einfach das Monsterbuch nach hinten ziehen, loslassen \u2013 und schon rollt es mit aufgerissenem Maul los! Diese clevere Mechanik sorgt f\u00fcr jede Menge Spielspa\u00df und bringt Bewegung ins Kinderzimmer.<\/p>\n<h3 data-start=\"1455\" data-end=\"1517\"><strong data-start=\"1459\" data-end=\"1517\">Mit exklusiver LEGO\u00ae Minifigur von Neville Longbottom\u2122<\/strong><\/h3>\n<p data-start=\"1519\" data-end=\"1775\">Zum Set geh\u00f6rt die beliebte Figur <strong data-start=\"1553\" data-end=\"1576\">Neville Longbottom\u2122<\/strong>, inklusive einer Mini-Version des Monsterbuchs. Damit lassen sich die bekannten Filmszenen aus dem <strong data-start=\"1676\" data-end=\"1703\">Harry Potter\u2122 Universum<\/strong> authentisch nachspielen \u2013 oder ganz neue magische Geschichten erfinden.<\/p>\n<h3 data-start=\"1782\" data-end=\"1823\"><strong data-start=\"1786\" data-end=\"1823\">Zum Spielen, Bauen und Ausstellen<\/strong><\/h3>\n<p data-start=\"1825\" data-end=\"2083\">Ob als interaktives Spielzeug oder als magisches Sammlerst\u00fcck \u2013 dieses LEGO\u00ae Set macht in jeder Hinsicht eine gute Figur. Mit <strong data-start=\"1951\" data-end=\"2008\">Ma\u00dfen von ca. 16 cm L\u00e4nge, 15 cm Breite und 6 cm H\u00f6he<\/strong> passt es perfekt in jedes Regal oder auf den Schreibtisch junger Zauberer.<\/p>\n<h3 data-start=\"2090\" data-end=\"2141\"><strong data-start=\"2094\" data-end=\"2141\">Digitaler Bauspa\u00df mit der LEGO\u00ae Builder App<\/strong><\/h3>\n<p data-start=\"2143\" data-end=\"2413\">Mit der <strong data-start=\"2151\" data-end=\"2184\">kostenlosen LEGO\u00ae Builder App<\/strong> wird der Bauprozess noch spannender. Kinder k\u00f6nnen das Modell digital betrachten, drehen, zoomen und ihren Fortschritt speichern. So entsteht ein modernes und intuitives Bauerlebnis mit zus\u00e4tzlichen Lern- und Spielm\u00f6glichkeiten.<\/p>\n<h3 data-start=\"2420\" data-end=\"2460\"><strong data-start=\"2424\" data-end=\"2460\">Produkt-Highlights im \u00dcberblick:<\/strong><\/h3>\n<ul data-start=\"2462\" data-end=\"2857\">\n<li data-start=\"2462\" data-end=\"2533\">\n<p data-start=\"2464\" data-end=\"2533\">Originalgetreues LEGO\u00ae Modell: Das Bei\u00dfende Monsterbuch der Monster<\/p>\n<\/li>\n<li data-start=\"2534\" data-end=\"2590\">\n<p data-start=\"2536\" data-end=\"2590\"><strong data-start=\"2536\" data-end=\"2556\">R\u00fcckziehfunktion<\/strong> f\u00fcr interaktives Spielvergn\u00fcgen<\/p>\n<\/li>\n<li data-start=\"2591\" data-end=\"2643\">\n<p data-start=\"2593\" data-end=\"2643\">Mit exklusiver <strong data-start=\"2608\" data-end=\"2641\">Neville Longbottom\u2122 Minifigur<\/strong><\/p>\n<\/li>\n<li data-start=\"2644\" data-end=\"2692\">\n<p data-start=\"2646\" data-end=\"2692\">Viele Details aus der <strong data-start=\"2668\" data-end=\"2690\">Harry Potter\u2122 Welt<\/strong><\/p>\n<\/li>\n<li data-start=\"2693\" data-end=\"2745\">\n<p data-start=\"2695\" data-end=\"2745\">Ideal f\u00fcr Kinder ab 9 Jahren und erwachsene Fans<\/p>\n<\/li>\n<li data-start=\"2746\" data-end=\"2774\">\n<p data-start=\"2748\" data-end=\"2774\">Ma\u00dfe: ca. 16 \u00d7 15 \u00d7 6 cm<\/p>\n<\/li>\n<li data-start=\"2775\" data-end=\"2814\">\n<p data-start=\"2777\" data-end=\"2814\"><strong data-start=\"2777\" data-end=\"2790\">518 Teile<\/strong> f\u00fcr kreativen Bauspa\u00df<\/p>\n<\/li>\n<li data-start=\"2815\" data-end=\"2857\">\n<p data-start=\"2817\" data-end=\"2857\">Kompatibel mit der <strong data-start=\"2836\" data-end=\"2857\">LEGO\u00ae Builder App<\/strong><\/p>\n<\/li>\n<\/ul>\n<h3 data-start=\"2864\" data-end=\"2878\"><strong data-start=\"2868\" data-end=\"2878\">Fazit:<\/strong><\/h3>\n<p data-start=\"2880\" data-end=\"3200\">Das LEGO\u00ae Harry Potter\u2122 76449 \u2013 Bei\u00dfende Monsterbuch der Monster ist ein actiongeladenes Spielset mit hohem Sammlerwert. Perfekt als <strong data-start=\"3013\" data-end=\"3036\">Geburtstagsgeschenk<\/strong>, <strong data-start=\"3038\" data-end=\"3064\">Weihnachts\u00fcberraschung<\/strong> oder einfach f\u00fcr zauberhaften Spielspa\u00df zwischendurch. Jetzt entdecken und in die magische Welt von LEGO\u00ae und Harry Potter\u2122 eintauchen!<\/p>\n","protected":false},"excerpt":{"rendered":"<p><strong data-start=\"87\" data-end=\"111\">Magie trifft Action!<\/strong><br data-start=\"111\" data-end=\"114\" \/>Mit dem LEGO\u00ae Harry Potter 76449 Bei\u00dfendes Monsterbuch der Monster erweckst du ein legend\u00e4res Zauberbuch zum Leben. Baue detailreiche Elemente wie Fell, Z\u00e4hne und Augen \u2013 und entdecke die versteckte R\u00fcckziehfunktion! Zieh das Buch zur\u00fcck, lass es los und beobachte, wie es schnappend \u00fcber den Boden rollt. Ein echtes Highlight f\u00fcr Fans ab 9 Jahren! Die beiliegende Neville Longbottom\u2122 Minifigur mit Mini-Monsterbuch macht das Set komplett. Perfekt zum Spielen, Sammeln oder Verschenken \u2013 f\u00fcr kleine Hexen, Zauberer und Muggel, die Abenteuer lieben. Ein Geschenk, das begeistert und verzaubert!<\/p>\n","protected":false},"featured_media":794,"comment_status":"open","ping_status":"closed","template":"","meta":{"_coblocks_attr":"","_coblocks_dimensions":"","_coblocks_responsive_height":"","_coblocks_accordion_ie_support":"","_eb_attr":"","_uag_custom_page_level_css":""},"product_brand":[158],"product_cat":[15],"product_tag":[325,256,163,177,326,257],"class_list":{"0":"post-793","1":"product","2":"type-product","3":"status-publish","4":"has-post-thumbnail","6":"product_brand-lego","7":"product_cat-lego","8":"product_tag-325","9":"product_tag-harry","10":"product_tag-lego","11":"product_tag-legoharrypotter","12":"product_tag-monsterbuch","13":"product_tag-potter","15":"first","16":"outofstock","17":"taxable","18":"shipping-taxable","19":"purchasable","20":"product-type-simple"},"yoast_head":"<!-- This site is optimized with the Yoast SEO plugin v27.4 - https:\/\/yoast.com\/product\/yoast-seo-wordpress\/ -->\n<title>LEGO\u00ae Harry Potter 76449 Bei\u00dfendes Monsterbuch der Monster - Dietz-Internethandel<\/title>\n<meta name=\"description\" content=\"Baue das LEGO\u00ae Harry Potter 76449 Bei\u00dfendes Monsterbuch der Monster mit R\u00fcckziehfunktion &amp; Minifigur. Magisches Geschenk ab 9 Jahren &amp; f\u00fcr echte Fans!\" \/>\n<meta name=\"robots\" content=\"index, follow, max-snippet:-1, max-image-preview:large, max-video-preview:-1\" \/>\n<link rel=\"canonical\" href=\"https:\/\/shop24.dietz-ih.de\/?product=lego-harry-potter-monsterbuch\" \/>\n<meta property=\"og:locale\" content=\"de_DE\" \/>\n<meta property=\"og:type\" content=\"article\" \/>\n<meta property=\"og:title\" content=\"LEGO\u00ae Harry Potter 76449 Bei\u00dfendes Monsterbuch der Monster - Dietz-Internethandel\" \/>\n<meta property=\"og:description\" content=\"Baue das LEGO\u00ae Harry Potter 76449 Bei\u00dfendes Monsterbuch der Monster mit R\u00fcckziehfunktion &amp; Minifigur. Magisches Geschenk ab 9 Jahren &amp; f\u00fcr echte Fans!\" \/>\n<meta property=\"og:url\" content=\"https:\/\/shop24.dietz-ih.de\/?product=lego-harry-potter-monsterbuch\" \/>\n<meta property=\"og:site_name\" content=\"Dietz-Internethandel\" \/>\n<meta property=\"article:publisher\" content=\"https:\/\/www.facebook.com\/profile.php?id=100081292915783\" \/>\n<meta property=\"article:modified_time\" content=\"2026-01-19T12:18:22+00:00\" \/>\n<meta property=\"og:image\" content=\"https:\/\/shop24.dietz-ih.de\/wp-content\/uploads\/2025\/07\/LEGO_76449_1_ergebnis.jpg\" \/>\n\t<meta property=\"og:image:width\" content=\"600\" \/>\n\t<meta property=\"og:image:height\" content=\"600\" \/>\n\t<meta property=\"og:image:type\" content=\"image\/jpeg\" \/>\n<meta name=\"twitter:card\" content=\"summary_large_image\" \/>\n<meta name=\"twitter:label1\" content=\"Gesch\u00e4tzte Lesezeit\" \/>\n\t<meta name=\"twitter:data1\" content=\"3\u00a0Minuten\" \/>\n<script type=\"application\/ld+json\" class=\"yoast-schema-graph\">{\"@context\":\"https:\\\/\\\/schema.org\",\"@graph\":[{\"@type\":\"WebPage\",\"@id\":\"https:\\\/\\\/shop24.dietz-ih.de\\\/?product=lego-harry-potter-monsterbuch\",\"url\":\"https:\\\/\\\/shop24.dietz-ih.de\\\/?product=lego-harry-potter-monsterbuch\",\"name\":\"LEGO\u00ae Harry Potter 76449 Bei\u00dfendes Monsterbuch der Monster - Dietz-Internethandel\",\"isPartOf\":{\"@id\":\"https:\\\/\\\/shop24.dietz-ih.de\\\/#website\"},\"primaryImageOfPage\":{\"@id\":\"https:\\\/\\\/shop24.dietz-ih.de\\\/?product=lego-harry-potter-monsterbuch#primaryimage\"},\"image\":{\"@id\":\"https:\\\/\\\/shop24.dietz-ih.de\\\/?product=lego-harry-potter-monsterbuch#primaryimage\"},\"thumbnailUrl\":\"https:\\\/\\\/i0.wp.com\\\/shop24.dietz-ih.de\\\/wp-content\\\/uploads\\\/2025\\\/07\\\/LEGO_76449_1_ergebnis.jpg?fit=600%2C600&ssl=1\",\"datePublished\":\"2025-07-10T14:59:04+00:00\",\"dateModified\":\"2026-01-19T12:18:22+00:00\",\"description\":\"Baue das LEGO\u00ae Harry Potter 76449 Bei\u00dfendes Monsterbuch der Monster mit R\u00fcckziehfunktion & Minifigur. Magisches Geschenk ab 9 Jahren & f\u00fcr echte Fans!\",\"breadcrumb\":{\"@id\":\"https:\\\/\\\/shop24.dietz-ih.de\\\/?product=lego-harry-potter-monsterbuch#breadcrumb\"},\"inLanguage\":\"de\",\"potentialAction\":[{\"@type\":\"ReadAction\",\"target\":[\"https:\\\/\\\/shop24.dietz-ih.de\\\/?product=lego-harry-potter-monsterbuch\"]}]},{\"@type\":\"ImageObject\",\"inLanguage\":\"de\",\"@id\":\"https:\\\/\\\/shop24.dietz-ih.de\\\/?product=lego-harry-potter-monsterbuch#primaryimage\",\"url\":\"https:\\\/\\\/i0.wp.com\\\/shop24.dietz-ih.de\\\/wp-content\\\/uploads\\\/2025\\\/07\\\/LEGO_76449_1_ergebnis.jpg?fit=600%2C600&ssl=1\",\"contentUrl\":\"https:\\\/\\\/i0.wp.com\\\/shop24.dietz-ih.de\\\/wp-content\\\/uploads\\\/2025\\\/07\\\/LEGO_76449_1_ergebnis.jpg?fit=600%2C600&ssl=1\",\"width\":600,\"height\":600},{\"@type\":\"BreadcrumbList\",\"@id\":\"https:\\\/\\\/shop24.dietz-ih.de\\\/?product=lego-harry-potter-monsterbuch#breadcrumb\",\"itemListElement\":[{\"@type\":\"ListItem\",\"position\":1,\"name\":\"Startseite\",\"item\":\"https:\\\/\\\/shop24.dietz-ih.de\\\/\"},{\"@type\":\"ListItem\",\"position\":2,\"name\":\"Shop\",\"item\":\"https:\\\/\\\/shop24.dietz-ih.de\\\/?page_id=7\"},{\"@type\":\"ListItem\",\"position\":3,\"name\":\"LEGO\u00ae Harry Potter 76449 Bei\u00dfendes Monsterbuch der Monster\"}]},{\"@type\":\"WebSite\",\"@id\":\"https:\\\/\\\/shop24.dietz-ih.de\\\/#website\",\"url\":\"https:\\\/\\\/shop24.dietz-ih.de\\\/\",\"name\":\"Dietz-Internethandel\",\"description\":\"\",\"publisher\":{\"@id\":\"https:\\\/\\\/shop24.dietz-ih.de\\\/#organization\"},\"potentialAction\":[{\"@type\":\"SearchAction\",\"target\":{\"@type\":\"EntryPoint\",\"urlTemplate\":\"https:\\\/\\\/shop24.dietz-ih.de\\\/?s={search_term_string}\"},\"query-input\":{\"@type\":\"PropertyValueSpecification\",\"valueRequired\":true,\"valueName\":\"search_term_string\"}}],\"inLanguage\":\"de\"},{\"@type\":\"Organization\",\"@id\":\"https:\\\/\\\/shop24.dietz-ih.de\\\/#organization\",\"name\":\"Dietz-Internethandel\",\"url\":\"https:\\\/\\\/shop24.dietz-ih.de\\\/\",\"logo\":{\"@type\":\"ImageObject\",\"inLanguage\":\"de\",\"@id\":\"https:\\\/\\\/shop24.dietz-ih.de\\\/#\\\/schema\\\/logo\\\/image\\\/\",\"url\":\"https:\\\/\\\/i0.wp.com\\\/shop24.dietz-ih.de\\\/wp-content\\\/uploads\\\/2025\\\/06\\\/Ein-Logo-fuer-einen-Onlineshop-mit-Spielzeug.-Der-Buchstabe-D-soll-drauf-sein.-Farblich_-Gruen-Warmgelb-und-Lachs.-Und-bitte-als-ausgeschnittene-Datei-Photoroom-2.png?fit=1120%2C1120&ssl=1\",\"contentUrl\":\"https:\\\/\\\/i0.wp.com\\\/shop24.dietz-ih.de\\\/wp-content\\\/uploads\\\/2025\\\/06\\\/Ein-Logo-fuer-einen-Onlineshop-mit-Spielzeug.-Der-Buchstabe-D-soll-drauf-sein.-Farblich_-Gruen-Warmgelb-und-Lachs.-Und-bitte-als-ausgeschnittene-Datei-Photoroom-2.png?fit=1120%2C1120&ssl=1\",\"width\":1120,\"height\":1120,\"caption\":\"Dietz-Internethandel\"},\"image\":{\"@id\":\"https:\\\/\\\/shop24.dietz-ih.de\\\/#\\\/schema\\\/logo\\\/image\\\/\"},\"sameAs\":[\"https:\\\/\\\/www.facebook.com\\\/profile.php?id=100081292915783\",\"https:\\\/\\\/www.instagram.com\\\/dietz_internethandel\\\/\"]}]}<\/script>\n<!-- \/ Yoast SEO plugin. -->","yoast_head_json":{"title":"LEGO\u00ae Harry Potter 76449 Bei\u00dfendes Monsterbuch der Monster - Dietz-Internethandel","description":"Baue das LEGO\u00ae Harry Potter 76449 Bei\u00dfendes Monsterbuch der Monster mit R\u00fcckziehfunktion & Minifigur. Magisches Geschenk ab 9 Jahren & f\u00fcr echte Fans!","robots":{"index":"index","follow":"follow","max-snippet":"max-snippet:-1","max-image-preview":"max-image-preview:large","max-video-preview":"max-video-preview:-1"},"canonical":"https:\/\/shop24.dietz-ih.de\/?product=lego-harry-potter-monsterbuch","og_locale":"de_DE","og_type":"article","og_title":"LEGO\u00ae Harry Potter 76449 Bei\u00dfendes Monsterbuch der Monster - Dietz-Internethandel","og_description":"Baue das LEGO\u00ae Harry Potter 76449 Bei\u00dfendes Monsterbuch der Monster mit R\u00fcckziehfunktion & Minifigur. Magisches Geschenk ab 9 Jahren & f\u00fcr echte Fans!","og_url":"https:\/\/shop24.dietz-ih.de\/?product=lego-harry-potter-monsterbuch","og_site_name":"Dietz-Internethandel","article_publisher":"https:\/\/www.facebook.com\/profile.php?id=100081292915783","article_modified_time":"2026-01-19T12:18:22+00:00","og_image":[{"width":600,"height":600,"url":"https:\/\/shop24.dietz-ih.de\/wp-content\/uploads\/2025\/07\/LEGO_76449_1_ergebnis.jpg","type":"image\/jpeg"}],"twitter_card":"summary_large_image","twitter_misc":{"Gesch\u00e4tzte Lesezeit":"3\u00a0Minuten"},"schema":{"@context":"https:\/\/schema.org","@graph":[{"@type":"WebPage","@id":"https:\/\/shop24.dietz-ih.de\/?product=lego-harry-potter-monsterbuch","url":"https:\/\/shop24.dietz-ih.de\/?product=lego-harry-potter-monsterbuch","name":"LEGO\u00ae Harry Potter 76449 Bei\u00dfendes Monsterbuch der Monster - Dietz-Internethandel","isPartOf":{"@id":"https:\/\/shop24.dietz-ih.de\/#website"},"primaryImageOfPage":{"@id":"https:\/\/shop24.dietz-ih.de\/?product=lego-harry-potter-monsterbuch#primaryimage"},"image":{"@id":"https:\/\/shop24.dietz-ih.de\/?product=lego-harry-potter-monsterbuch#primaryimage"},"thumbnailUrl":"https:\/\/i0.wp.com\/shop24.dietz-ih.de\/wp-content\/uploads\/2025\/07\/LEGO_76449_1_ergebnis.jpg?fit=600%2C600&ssl=1","datePublished":"2025-07-10T14:59:04+00:00","dateModified":"2026-01-19T12:18:22+00:00","description":"Baue das LEGO\u00ae Harry Potter 76449 Bei\u00dfendes Monsterbuch der Monster mit R\u00fcckziehfunktion & Minifigur. Magisches Geschenk ab 9 Jahren & f\u00fcr echte Fans!","breadcrumb":{"@id":"https:\/\/shop24.dietz-ih.de\/?product=lego-harry-potter-monsterbuch#breadcrumb"},"inLanguage":"de","potentialAction":[{"@type":"ReadAction","target":["https:\/\/shop24.dietz-ih.de\/?product=lego-harry-potter-monsterbuch"]}]},{"@type":"ImageObject","inLanguage":"de","@id":"https:\/\/shop24.dietz-ih.de\/?product=lego-harry-potter-monsterbuch#primaryimage","url":"https:\/\/i0.wp.com\/shop24.dietz-ih.de\/wp-content\/uploads\/2025\/07\/LEGO_76449_1_ergebnis.jpg?fit=600%2C600&ssl=1","contentUrl":"https:\/\/i0.wp.com\/shop24.dietz-ih.de\/wp-content\/uploads\/2025\/07\/LEGO_76449_1_ergebnis.jpg?fit=600%2C600&ssl=1","width":600,"height":600},{"@type":"BreadcrumbList","@id":"https:\/\/shop24.dietz-ih.de\/?product=lego-harry-potter-monsterbuch#breadcrumb","itemListElement":[{"@type":"ListItem","position":1,"name":"Startseite","item":"https:\/\/shop24.dietz-ih.de\/"},{"@type":"ListItem","position":2,"name":"Shop","item":"https:\/\/shop24.dietz-ih.de\/?page_id=7"},{"@type":"ListItem","position":3,"name":"LEGO\u00ae Harry Potter 76449 Bei\u00dfendes Monsterbuch der Monster"}]},{"@type":"WebSite","@id":"https:\/\/shop24.dietz-ih.de\/#website","url":"https:\/\/shop24.dietz-ih.de\/","name":"Dietz-Internethandel","description":"","publisher":{"@id":"https:\/\/shop24.dietz-ih.de\/#organization"},"potentialAction":[{"@type":"SearchAction","target":{"@type":"EntryPoint","urlTemplate":"https:\/\/shop24.dietz-ih.de\/?s={search_term_string}"},"query-input":{"@type":"PropertyValueSpecification","valueRequired":true,"valueName":"search_term_string"}}],"inLanguage":"de"},{"@type":"Organization","@id":"https:\/\/shop24.dietz-ih.de\/#organization","name":"Dietz-Internethandel","url":"https:\/\/shop24.dietz-ih.de\/","logo":{"@type":"ImageObject","inLanguage":"de","@id":"https:\/\/shop24.dietz-ih.de\/#\/schema\/logo\/image\/","url":"https:\/\/i0.wp.com\/shop24.dietz-ih.de\/wp-content\/uploads\/2025\/06\/Ein-Logo-fuer-einen-Onlineshop-mit-Spielzeug.-Der-Buchstabe-D-soll-drauf-sein.-Farblich_-Gruen-Warmgelb-und-Lachs.-Und-bitte-als-ausgeschnittene-Datei-Photoroom-2.png?fit=1120%2C1120&ssl=1","contentUrl":"https:\/\/i0.wp.com\/shop24.dietz-ih.de\/wp-content\/uploads\/2025\/06\/Ein-Logo-fuer-einen-Onlineshop-mit-Spielzeug.-Der-Buchstabe-D-soll-drauf-sein.-Farblich_-Gruen-Warmgelb-und-Lachs.-Und-bitte-als-ausgeschnittene-Datei-Photoroom-2.png?fit=1120%2C1120&ssl=1","width":1120,"height":1120,"caption":"Dietz-Internethandel"},"image":{"@id":"https:\/\/shop24.dietz-ih.de\/#\/schema\/logo\/image\/"},"sameAs":["https:\/\/www.facebook.com\/profile.php?id=100081292915783","https:\/\/www.instagram.com\/dietz_internethandel\/"]}]}},"uagb_featured_image_src":{"full":["https:\/\/i0.wp.com\/shop24.dietz-ih.de\/wp-content\/uploads\/2025\/07\/LEGO_76449_1_ergebnis.jpg?fit=600%2C600&ssl=1",600,600,false],"thumbnail":["https:\/\/i0.wp.com\/shop24.dietz-ih.de\/wp-content\/uploads\/2025\/07\/LEGO_76449_1_ergebnis.jpg?resize=150%2C150&ssl=1",150,150,true],"medium":["https:\/\/i0.wp.com\/shop24.dietz-ih.de\/wp-content\/uploads\/2025\/07\/LEGO_76449_1_ergebnis.jpg?fit=300%2C300&ssl=1",300,300,true],"medium_large":["https:\/\/i0.wp.com\/shop24.dietz-ih.de\/wp-content\/uploads\/2025\/07\/LEGO_76449_1_ergebnis.jpg?fit=600%2C600&ssl=1",600,600,true],"large":["https:\/\/i0.wp.com\/shop24.dietz-ih.de\/wp-content\/uploads\/2025\/07\/LEGO_76449_1_ergebnis.jpg?fit=600%2C600&ssl=1",600,600,true],"gs-tiny":["https:\/\/i0.wp.com\/shop24.dietz-ih.de\/wp-content\/uploads\/2025\/07\/LEGO_76449_1_ergebnis.jpg?fit=50%2C50&ssl=1",50,50,true],"xl":["https:\/\/i0.wp.com\/shop24.dietz-ih.de\/wp-content\/uploads\/2025\/07\/LEGO_76449_1_ergebnis.jpg?fit=600%2C600&ssl=1",600,600,true],"xxl":["https:\/\/i0.wp.com\/shop24.dietz-ih.de\/wp-content\/uploads\/2025\/07\/LEGO_76449_1_ergebnis.jpg?fit=600%2C600&ssl=1",600,600,true],"xxxl":["https:\/\/i0.wp.com\/shop24.dietz-ih.de\/wp-content\/uploads\/2025\/07\/LEGO_76449_1_ergebnis.jpg?fit=600%2C600&ssl=1",600,600,true],"xxxxl":["https:\/\/i0.wp.com\/shop24.dietz-ih.de\/wp-content\/uploads\/2025\/07\/LEGO_76449_1_ergebnis.jpg?fit=600%2C600&ssl=1",600,600,true],"xxxxxl":["https:\/\/i0.wp.com\/shop24.dietz-ih.de\/wp-content\/uploads\/2025\/07\/LEGO_76449_1_ergebnis.jpg?fit=600%2C600&ssl=1",600,600,true],"1536x1536":["https:\/\/i0.wp.com\/shop24.dietz-ih.de\/wp-content\/uploads\/2025\/07\/LEGO_76449_1_ergebnis.jpg?fit=600%2C600&ssl=1",600,600,true],"2048x2048":["https:\/\/i0.wp.com\/shop24.dietz-ih.de\/wp-content\/uploads\/2025\/07\/LEGO_76449_1_ergebnis.jpg?fit=600%2C600&ssl=1",600,600,true],"woocommerce_thumbnail":["https:\/\/i0.wp.com\/shop24.dietz-ih.de\/wp-content\/uploads\/2025\/07\/LEGO_76449_1_ergebnis.jpg?resize=600%2C600&ssl=1",600,600,true],"woocommerce_single":["https:\/\/i0.wp.com\/shop24.dietz-ih.de\/wp-content\/uploads\/2025\/07\/LEGO_76449_1_ergebnis.jpg?fit=600%2C600&ssl=1",600,600,true],"woocommerce_gallery_thumbnail":["https:\/\/i0.wp.com\/shop24.dietz-ih.de\/wp-content\/uploads\/2025\/07\/LEGO_76449_1_ergebnis.jpg?resize=100%2C100&ssl=1",100,100,true]},"uagb_author_info":{"display_name":"admin","author_link":"https:\/\/shop24.dietz-ih.de\/?author=0"},"uagb_comment_info":0,"uagb_excerpt":"Magie trifft Action!Mit dem LEGO\u00ae Harry Potter 76449 Bei\u00dfendes Monsterbuch der Monster erweckst du ein legend\u00e4res Zauberbuch zum Leben. Baue detailreiche Elemente wie Fell, Z\u00e4hne und Augen \u2013 und entdecke die versteckte R\u00fcckziehfunktion! Zieh das Buch zur\u00fcck, lass es los und beobachte, wie es schnappend \u00fcber den Boden rollt. Ein echtes Highlight f\u00fcr Fans ab&hellip;","jetpack_sharing_enabled":true,"_links":{"self":[{"href":"https:\/\/shop24.dietz-ih.de\/index.php?rest_route=\/wp\/v2\/product\/793","targetHints":{"allow":["GET"]}}],"collection":[{"href":"https:\/\/shop24.dietz-ih.de\/index.php?rest_route=\/wp\/v2\/product"}],"about":[{"href":"https:\/\/shop24.dietz-ih.de\/index.php?rest_route=\/wp\/v2\/types\/product"}],"replies":[{"embeddable":true,"href":"https:\/\/shop24.dietz-ih.de\/index.php?rest_route=%2Fwp%2Fv2%2Fcomments&post=793"}],"wp:featuredmedia":[{"embeddable":true,"href":"https:\/\/shop24.dietz-ih.de\/index.php?rest_route=\/wp\/v2\/media\/794"}],"wp:attachment":[{"href":"https:\/\/shop24.dietz-ih.de\/index.php?rest_route=%2Fwp%2Fv2%2Fmedia&parent=793"}],"wp:term":[{"taxonomy":"product_brand","embeddable":true,"href":"https:\/\/shop24.dietz-ih.de\/index.php?rest_route=%2Fwp%2Fv2%2Fproduct_brand&post=793"},{"taxonomy":"product_cat","embeddable":true,"href":"https:\/\/shop24.dietz-ih.de\/index.php?rest_route=%2Fwp%2Fv2%2Fproduct_cat&post=793"},{"taxonomy":"product_tag","embeddable":true,"href":"https:\/\/shop24.dietz-ih.de\/index.php?rest_route=%2Fwp%2Fv2%2Fproduct_tag&post=793"}],"curies":[{"name":"wp","href":"https:\/\/api.w.org\/{rel}","templated":true}]}}