{"id":816,"date":"2025-07-11T11:22:41","date_gmt":"2025-07-11T09:22:41","guid":{"rendered":"https:\/\/shop24.dietz-ih.de\/?post_type=product&#038;p=816"},"modified":"2026-01-19T13:17:40","modified_gmt":"2026-01-19T12:17:40","slug":"lego-icons-10348-japanischer-roter-ahorn-bonsai-baum","status":"publish","type":"product","link":"https:\/\/shop24.dietz-ih.de\/?product=lego-icons-10348-japanischer-roter-ahorn-bonsai-baum","title":{"rendered":"LEGO\u00ae Icons 10348 Japanischer Roter Ahorn \u2013 Bonsai-Baum"},"content":{"rendered":"<p><strong>LEGO\u00ae Icons 10348 Japanischer Roter Ahorn \u2013 Bonsai-Baum<\/strong><\/p>\n<p data-start=\"60\" data-end=\"458\">Mit dem <strong>LEGO\u00ae Icons 10348 Japanischer Roter Ahorn \u2013 Bonsai-Baum<\/strong> holst du dir ein St\u00fcck Ruhe und Natur in dein Zuhause. Dieses stilvolle Bauset f\u00fcr Erwachsene l\u00e4dt dazu ein, beim Zusammenbauen zu entspannen und die Sch\u00f6nheit der Natur nachzuempfinden. Das Modell \u00fcberzeugt durch seine lebensechte Optik und bringt mit seinen kr\u00e4ftigen Rot- und Oranget\u00f6nen den Zauber des Herbstes in deine vier W\u00e4nde.<\/p>\n<p data-start=\"460\" data-end=\"824\">Der Bonsai-Baum steht in einer elegant dunkelgr\u00fcnen Pflanzenschale und ist ein echter Blickfang \u2013 ganz ohne Pflegeaufwand. Weder Gie\u00dfen noch Sonnenlicht ist n\u00f6tig, denn diese besondere Pflanze verwelkt nie. Mit einer H\u00f6he von <strong>24 cm<\/strong>, einer Breite von <strong>22 cm<\/strong> und einer Tiefe von <strong>26 cm<\/strong> passt das Modell perfekt auf den Schreibtisch, ins Regal oder auf die Fensterbank.<\/p>\n<p data-start=\"826\" data-end=\"1122\">Das Set besteht aus 474 Teilen und ist ein ideales Projekt f\u00fcr alle, die sich f\u00fcr Pflanzen, Natur oder kreative Bauwerke begeistern. Dank der beiliegenden Bauanleitung \u2013 sowohl in gedruckter Form als auch digital \u00fcber die <strong>LEGO\u00ae Builder App<\/strong> \u2013 gelingt der Aufbau Schritt f\u00fcr Schritt ganz entspannt.<\/p>\n<p data-start=\"1124\" data-end=\"1362\">Der Japanische Rote Ahorn ist nicht nur ein dekoratives Highlight, sondern auch ein besonderes Geschenk: Ob zum Geburtstag, zur Einweihungsparty oder zum Mutter- oder Vatertag \u2013 dieser LEGO\u00ae Bonsai-Baum sorgt garantiert f\u00fcr Begeisterung.<\/p>\n<p data-start=\"1364\" data-end=\"1556\">Noch mehr Natur kannst du mit weiteren Sets der LEGO\u00ae Botanicals Serie entdecken. Kombiniere verschiedene Bonsai-B\u00e4ume oder Blumenarrangements und gestalte dir deine eigene gr\u00fcne LEGO\u00ae Oase.<\/p>\n<p data-start=\"1558\" data-end=\"1709\" data-is-last-node=\"\" data-is-only-node=\"\">Ein besonderes Bauvergn\u00fcgen und ein langlebiges Deko-Element \u2013 der LEGO\u00ae Bonsai-Baum ist eine harmonische Verbindung aus Design, Natur und Entspannung.<\/p>\n","protected":false},"excerpt":{"rendered":"<p>Hol dir ein St\u00fcck Achtsamkeit nach Hause \u2013 mit dem LEGO\u00ae Icons 10348 Japanischer Roter Ahorn \u2013 Bonsai-Baum. Dieses detailreiche Set f\u00fcr Erwachsene vereint die meditative Ruhe des Bauens mit der Sch\u00f6nheit der Natur. Die leuchtenden Rot- und Oranget\u00f6ne der Bl\u00e4tter fangen die Magie des Herbstes ein und machen den Bonsai zu einem eleganten Blickfang in jedem Raum. Ganz ohne Gie\u00dfen, aber voller Leben \u2013 perfekt zum Abschalten, Dekorieren oder Verschenken. Ein stilles Kunstwerk, das nie verwelkt.<\/p>\n","protected":false},"featured_media":817,"comment_status":"open","ping_status":"closed","template":"","meta":{"_coblocks_attr":"","_coblocks_dimensions":"","_coblocks_responsive_height":"","_coblocks_accordion_ie_support":"","_eb_attr":"","_uag_custom_page_level_css":""},"product_brand":[158],"product_cat":[15],"product_tag":[342,343,344,175,163,314],"class_list":{"0":"post-816","1":"product","2":"type-product","3":"status-publish","4":"has-post-thumbnail","6":"product_brand-lego","7":"product_cat-lego","8":"product_tag-342","9":"product_tag-ahorn","10":"product_tag-bonsai","11":"product_tag-icons","12":"product_tag-lego","13":"product_tag-legoicons","15":"first","16":"outofstock","17":"taxable","18":"shipping-taxable","19":"purchasable","20":"product-type-simple"},"yoast_head":"<!-- This site is optimized with the Yoast SEO plugin v27.4 - https:\/\/yoast.com\/product\/yoast-seo-wordpress\/ -->\n<title>LEGO\u00ae Icons 10348 Japanischer Roter Ahorn \u2013 Bonsai-Baum - Dietz-Internethandel<\/title>\n<meta name=\"description\" content=\"Erlebe entspannte Bauzeit mit dem LEGO\u00ae Icons 10348 Japanischer Roter Ahorn \u2013 Bonsai-Baum \u2013 ein stilvolles Deko-Set f\u00fcr Erwachsene.\" \/>\n<meta name=\"robots\" content=\"index, follow, max-snippet:-1, max-image-preview:large, max-video-preview:-1\" \/>\n<link rel=\"canonical\" href=\"https:\/\/shop24.dietz-ih.de\/?product=lego-icons-10348-japanischer-roter-ahorn-bonsai-baum\" \/>\n<meta property=\"og:locale\" content=\"de_DE\" \/>\n<meta property=\"og:type\" content=\"article\" \/>\n<meta property=\"og:title\" content=\"LEGO\u00ae Icons 10348 Japanischer Roter Ahorn \u2013 Bonsai-Baum - Dietz-Internethandel\" \/>\n<meta property=\"og:description\" content=\"Erlebe entspannte Bauzeit mit dem LEGO\u00ae Icons 10348 Japanischer Roter Ahorn \u2013 Bonsai-Baum \u2013 ein stilvolles Deko-Set f\u00fcr Erwachsene.\" \/>\n<meta property=\"og:url\" content=\"https:\/\/shop24.dietz-ih.de\/?product=lego-icons-10348-japanischer-roter-ahorn-bonsai-baum\" \/>\n<meta property=\"og:site_name\" content=\"Dietz-Internethandel\" \/>\n<meta property=\"article:publisher\" content=\"https:\/\/www.facebook.com\/profile.php?id=100081292915783\" \/>\n<meta property=\"article:modified_time\" content=\"2026-01-19T12:17:40+00:00\" \/>\n<meta property=\"og:image\" content=\"https:\/\/shop24.dietz-ih.de\/wp-content\/uploads\/2025\/07\/LEGO_10348_1_ergebnis.jpg\" \/>\n\t<meta property=\"og:image:width\" content=\"600\" \/>\n\t<meta property=\"og:image:height\" content=\"600\" \/>\n\t<meta property=\"og:image:type\" content=\"image\/jpeg\" \/>\n<meta name=\"twitter:card\" content=\"summary_large_image\" \/>\n<meta name=\"twitter:label1\" content=\"Gesch\u00e4tzte Lesezeit\" \/>\n\t<meta name=\"twitter:data1\" content=\"2\u00a0Minuten\" \/>\n<script type=\"application\/ld+json\" class=\"yoast-schema-graph\">{\"@context\":\"https:\\\/\\\/schema.org\",\"@graph\":[{\"@type\":\"WebPage\",\"@id\":\"https:\\\/\\\/shop24.dietz-ih.de\\\/?product=lego-icons-10348-japanischer-roter-ahorn-bonsai-baum\",\"url\":\"https:\\\/\\\/shop24.dietz-ih.de\\\/?product=lego-icons-10348-japanischer-roter-ahorn-bonsai-baum\",\"name\":\"LEGO\u00ae Icons 10348 Japanischer Roter Ahorn \u2013 Bonsai-Baum - Dietz-Internethandel\",\"isPartOf\":{\"@id\":\"https:\\\/\\\/shop24.dietz-ih.de\\\/#website\"},\"primaryImageOfPage\":{\"@id\":\"https:\\\/\\\/shop24.dietz-ih.de\\\/?product=lego-icons-10348-japanischer-roter-ahorn-bonsai-baum#primaryimage\"},\"image\":{\"@id\":\"https:\\\/\\\/shop24.dietz-ih.de\\\/?product=lego-icons-10348-japanischer-roter-ahorn-bonsai-baum#primaryimage\"},\"thumbnailUrl\":\"https:\\\/\\\/i0.wp.com\\\/shop24.dietz-ih.de\\\/wp-content\\\/uploads\\\/2025\\\/07\\\/LEGO_10348_1_ergebnis.jpg?fit=600%2C600&ssl=1\",\"datePublished\":\"2025-07-11T09:22:41+00:00\",\"dateModified\":\"2026-01-19T12:17:40+00:00\",\"description\":\"Erlebe entspannte Bauzeit mit dem LEGO\u00ae Icons 10348 Japanischer Roter Ahorn \u2013 Bonsai-Baum \u2013 ein stilvolles Deko-Set f\u00fcr Erwachsene.\",\"breadcrumb\":{\"@id\":\"https:\\\/\\\/shop24.dietz-ih.de\\\/?product=lego-icons-10348-japanischer-roter-ahorn-bonsai-baum#breadcrumb\"},\"inLanguage\":\"de\",\"potentialAction\":[{\"@type\":\"ReadAction\",\"target\":[\"https:\\\/\\\/shop24.dietz-ih.de\\\/?product=lego-icons-10348-japanischer-roter-ahorn-bonsai-baum\"]}]},{\"@type\":\"ImageObject\",\"inLanguage\":\"de\",\"@id\":\"https:\\\/\\\/shop24.dietz-ih.de\\\/?product=lego-icons-10348-japanischer-roter-ahorn-bonsai-baum#primaryimage\",\"url\":\"https:\\\/\\\/i0.wp.com\\\/shop24.dietz-ih.de\\\/wp-content\\\/uploads\\\/2025\\\/07\\\/LEGO_10348_1_ergebnis.jpg?fit=600%2C600&ssl=1\",\"contentUrl\":\"https:\\\/\\\/i0.wp.com\\\/shop24.dietz-ih.de\\\/wp-content\\\/uploads\\\/2025\\\/07\\\/LEGO_10348_1_ergebnis.jpg?fit=600%2C600&ssl=1\",\"width\":600,\"height\":600},{\"@type\":\"BreadcrumbList\",\"@id\":\"https:\\\/\\\/shop24.dietz-ih.de\\\/?product=lego-icons-10348-japanischer-roter-ahorn-bonsai-baum#breadcrumb\",\"itemListElement\":[{\"@type\":\"ListItem\",\"position\":1,\"name\":\"Startseite\",\"item\":\"https:\\\/\\\/shop24.dietz-ih.de\\\/\"},{\"@type\":\"ListItem\",\"position\":2,\"name\":\"Shop\",\"item\":\"https:\\\/\\\/shop24.dietz-ih.de\\\/?page_id=7\"},{\"@type\":\"ListItem\",\"position\":3,\"name\":\"LEGO\u00ae Icons 10348 Japanischer Roter Ahorn \u2013 Bonsai-Baum\"}]},{\"@type\":\"WebSite\",\"@id\":\"https:\\\/\\\/shop24.dietz-ih.de\\\/#website\",\"url\":\"https:\\\/\\\/shop24.dietz-ih.de\\\/\",\"name\":\"Dietz-Internethandel\",\"description\":\"\",\"publisher\":{\"@id\":\"https:\\\/\\\/shop24.dietz-ih.de\\\/#organization\"},\"potentialAction\":[{\"@type\":\"SearchAction\",\"target\":{\"@type\":\"EntryPoint\",\"urlTemplate\":\"https:\\\/\\\/shop24.dietz-ih.de\\\/?s={search_term_string}\"},\"query-input\":{\"@type\":\"PropertyValueSpecification\",\"valueRequired\":true,\"valueName\":\"search_term_string\"}}],\"inLanguage\":\"de\"},{\"@type\":\"Organization\",\"@id\":\"https:\\\/\\\/shop24.dietz-ih.de\\\/#organization\",\"name\":\"Dietz-Internethandel\",\"url\":\"https:\\\/\\\/shop24.dietz-ih.de\\\/\",\"logo\":{\"@type\":\"ImageObject\",\"inLanguage\":\"de\",\"@id\":\"https:\\\/\\\/shop24.dietz-ih.de\\\/#\\\/schema\\\/logo\\\/image\\\/\",\"url\":\"https:\\\/\\\/i0.wp.com\\\/shop24.dietz-ih.de\\\/wp-content\\\/uploads\\\/2025\\\/06\\\/Ein-Logo-fuer-einen-Onlineshop-mit-Spielzeug.-Der-Buchstabe-D-soll-drauf-sein.-Farblich_-Gruen-Warmgelb-und-Lachs.-Und-bitte-als-ausgeschnittene-Datei-Photoroom-2.png?fit=1120%2C1120&ssl=1\",\"contentUrl\":\"https:\\\/\\\/i0.wp.com\\\/shop24.dietz-ih.de\\\/wp-content\\\/uploads\\\/2025\\\/06\\\/Ein-Logo-fuer-einen-Onlineshop-mit-Spielzeug.-Der-Buchstabe-D-soll-drauf-sein.-Farblich_-Gruen-Warmgelb-und-Lachs.-Und-bitte-als-ausgeschnittene-Datei-Photoroom-2.png?fit=1120%2C1120&ssl=1\",\"width\":1120,\"height\":1120,\"caption\":\"Dietz-Internethandel\"},\"image\":{\"@id\":\"https:\\\/\\\/shop24.dietz-ih.de\\\/#\\\/schema\\\/logo\\\/image\\\/\"},\"sameAs\":[\"https:\\\/\\\/www.facebook.com\\\/profile.php?id=100081292915783\",\"https:\\\/\\\/www.instagram.com\\\/dietz_internethandel\\\/\"]}]}<\/script>\n<!-- \/ Yoast SEO plugin. -->","yoast_head_json":{"title":"LEGO\u00ae Icons 10348 Japanischer Roter Ahorn \u2013 Bonsai-Baum - Dietz-Internethandel","description":"Erlebe entspannte Bauzeit mit dem LEGO\u00ae Icons 10348 Japanischer Roter Ahorn \u2013 Bonsai-Baum \u2013 ein stilvolles Deko-Set f\u00fcr Erwachsene.","robots":{"index":"index","follow":"follow","max-snippet":"max-snippet:-1","max-image-preview":"max-image-preview:large","max-video-preview":"max-video-preview:-1"},"canonical":"https:\/\/shop24.dietz-ih.de\/?product=lego-icons-10348-japanischer-roter-ahorn-bonsai-baum","og_locale":"de_DE","og_type":"article","og_title":"LEGO\u00ae Icons 10348 Japanischer Roter Ahorn \u2013 Bonsai-Baum - Dietz-Internethandel","og_description":"Erlebe entspannte Bauzeit mit dem LEGO\u00ae Icons 10348 Japanischer Roter Ahorn \u2013 Bonsai-Baum \u2013 ein stilvolles Deko-Set f\u00fcr Erwachsene.","og_url":"https:\/\/shop24.dietz-ih.de\/?product=lego-icons-10348-japanischer-roter-ahorn-bonsai-baum","og_site_name":"Dietz-Internethandel","article_publisher":"https:\/\/www.facebook.com\/profile.php?id=100081292915783","article_modified_time":"2026-01-19T12:17:40+00:00","og_image":[{"width":600,"height":600,"url":"https:\/\/shop24.dietz-ih.de\/wp-content\/uploads\/2025\/07\/LEGO_10348_1_ergebnis.jpg","type":"image\/jpeg"}],"twitter_card":"summary_large_image","twitter_misc":{"Gesch\u00e4tzte Lesezeit":"2\u00a0Minuten"},"schema":{"@context":"https:\/\/schema.org","@graph":[{"@type":"WebPage","@id":"https:\/\/shop24.dietz-ih.de\/?product=lego-icons-10348-japanischer-roter-ahorn-bonsai-baum","url":"https:\/\/shop24.dietz-ih.de\/?product=lego-icons-10348-japanischer-roter-ahorn-bonsai-baum","name":"LEGO\u00ae Icons 10348 Japanischer Roter Ahorn \u2013 Bonsai-Baum - Dietz-Internethandel","isPartOf":{"@id":"https:\/\/shop24.dietz-ih.de\/#website"},"primaryImageOfPage":{"@id":"https:\/\/shop24.dietz-ih.de\/?product=lego-icons-10348-japanischer-roter-ahorn-bonsai-baum#primaryimage"},"image":{"@id":"https:\/\/shop24.dietz-ih.de\/?product=lego-icons-10348-japanischer-roter-ahorn-bonsai-baum#primaryimage"},"thumbnailUrl":"https:\/\/i0.wp.com\/shop24.dietz-ih.de\/wp-content\/uploads\/2025\/07\/LEGO_10348_1_ergebnis.jpg?fit=600%2C600&ssl=1","datePublished":"2025-07-11T09:22:41+00:00","dateModified":"2026-01-19T12:17:40+00:00","description":"Erlebe entspannte Bauzeit mit dem LEGO\u00ae Icons 10348 Japanischer Roter Ahorn \u2013 Bonsai-Baum \u2013 ein stilvolles Deko-Set f\u00fcr Erwachsene.","breadcrumb":{"@id":"https:\/\/shop24.dietz-ih.de\/?product=lego-icons-10348-japanischer-roter-ahorn-bonsai-baum#breadcrumb"},"inLanguage":"de","potentialAction":[{"@type":"ReadAction","target":["https:\/\/shop24.dietz-ih.de\/?product=lego-icons-10348-japanischer-roter-ahorn-bonsai-baum"]}]},{"@type":"ImageObject","inLanguage":"de","@id":"https:\/\/shop24.dietz-ih.de\/?product=lego-icons-10348-japanischer-roter-ahorn-bonsai-baum#primaryimage","url":"https:\/\/i0.wp.com\/shop24.dietz-ih.de\/wp-content\/uploads\/2025\/07\/LEGO_10348_1_ergebnis.jpg?fit=600%2C600&ssl=1","contentUrl":"https:\/\/i0.wp.com\/shop24.dietz-ih.de\/wp-content\/uploads\/2025\/07\/LEGO_10348_1_ergebnis.jpg?fit=600%2C600&ssl=1","width":600,"height":600},{"@type":"BreadcrumbList","@id":"https:\/\/shop24.dietz-ih.de\/?product=lego-icons-10348-japanischer-roter-ahorn-bonsai-baum#breadcrumb","itemListElement":[{"@type":"ListItem","position":1,"name":"Startseite","item":"https:\/\/shop24.dietz-ih.de\/"},{"@type":"ListItem","position":2,"name":"Shop","item":"https:\/\/shop24.dietz-ih.de\/?page_id=7"},{"@type":"ListItem","position":3,"name":"LEGO\u00ae Icons 10348 Japanischer Roter Ahorn \u2013 Bonsai-Baum"}]},{"@type":"WebSite","@id":"https:\/\/shop24.dietz-ih.de\/#website","url":"https:\/\/shop24.dietz-ih.de\/","name":"Dietz-Internethandel","description":"","publisher":{"@id":"https:\/\/shop24.dietz-ih.de\/#organization"},"potentialAction":[{"@type":"SearchAction","target":{"@type":"EntryPoint","urlTemplate":"https:\/\/shop24.dietz-ih.de\/?s={search_term_string}"},"query-input":{"@type":"PropertyValueSpecification","valueRequired":true,"valueName":"search_term_string"}}],"inLanguage":"de"},{"@type":"Organization","@id":"https:\/\/shop24.dietz-ih.de\/#organization","name":"Dietz-Internethandel","url":"https:\/\/shop24.dietz-ih.de\/","logo":{"@type":"ImageObject","inLanguage":"de","@id":"https:\/\/shop24.dietz-ih.de\/#\/schema\/logo\/image\/","url":"https:\/\/i0.wp.com\/shop24.dietz-ih.de\/wp-content\/uploads\/2025\/06\/Ein-Logo-fuer-einen-Onlineshop-mit-Spielzeug.-Der-Buchstabe-D-soll-drauf-sein.-Farblich_-Gruen-Warmgelb-und-Lachs.-Und-bitte-als-ausgeschnittene-Datei-Photoroom-2.png?fit=1120%2C1120&ssl=1","contentUrl":"https:\/\/i0.wp.com\/shop24.dietz-ih.de\/wp-content\/uploads\/2025\/06\/Ein-Logo-fuer-einen-Onlineshop-mit-Spielzeug.-Der-Buchstabe-D-soll-drauf-sein.-Farblich_-Gruen-Warmgelb-und-Lachs.-Und-bitte-als-ausgeschnittene-Datei-Photoroom-2.png?fit=1120%2C1120&ssl=1","width":1120,"height":1120,"caption":"Dietz-Internethandel"},"image":{"@id":"https:\/\/shop24.dietz-ih.de\/#\/schema\/logo\/image\/"},"sameAs":["https:\/\/www.facebook.com\/profile.php?id=100081292915783","https:\/\/www.instagram.com\/dietz_internethandel\/"]}]}},"uagb_featured_image_src":{"full":["https:\/\/i0.wp.com\/shop24.dietz-ih.de\/wp-content\/uploads\/2025\/07\/LEGO_10348_1_ergebnis.jpg?fit=600%2C600&ssl=1",600,600,false],"thumbnail":["https:\/\/i0.wp.com\/shop24.dietz-ih.de\/wp-content\/uploads\/2025\/07\/LEGO_10348_1_ergebnis.jpg?resize=150%2C150&ssl=1",150,150,true],"medium":["https:\/\/i0.wp.com\/shop24.dietz-ih.de\/wp-content\/uploads\/2025\/07\/LEGO_10348_1_ergebnis.jpg?fit=300%2C300&ssl=1",300,300,true],"medium_large":["https:\/\/i0.wp.com\/shop24.dietz-ih.de\/wp-content\/uploads\/2025\/07\/LEGO_10348_1_ergebnis.jpg?fit=600%2C600&ssl=1",600,600,true],"large":["https:\/\/i0.wp.com\/shop24.dietz-ih.de\/wp-content\/uploads\/2025\/07\/LEGO_10348_1_ergebnis.jpg?fit=600%2C600&ssl=1",600,600,true],"gs-tiny":["https:\/\/i0.wp.com\/shop24.dietz-ih.de\/wp-content\/uploads\/2025\/07\/LEGO_10348_1_ergebnis.jpg?fit=50%2C50&ssl=1",50,50,true],"xl":["https:\/\/i0.wp.com\/shop24.dietz-ih.de\/wp-content\/uploads\/2025\/07\/LEGO_10348_1_ergebnis.jpg?fit=600%2C600&ssl=1",600,600,true],"xxl":["https:\/\/i0.wp.com\/shop24.dietz-ih.de\/wp-content\/uploads\/2025\/07\/LEGO_10348_1_ergebnis.jpg?fit=600%2C600&ssl=1",600,600,true],"xxxl":["https:\/\/i0.wp.com\/shop24.dietz-ih.de\/wp-content\/uploads\/2025\/07\/LEGO_10348_1_ergebnis.jpg?fit=600%2C600&ssl=1",600,600,true],"xxxxl":["https:\/\/i0.wp.com\/shop24.dietz-ih.de\/wp-content\/uploads\/2025\/07\/LEGO_10348_1_ergebnis.jpg?fit=600%2C600&ssl=1",600,600,true],"xxxxxl":["https:\/\/i0.wp.com\/shop24.dietz-ih.de\/wp-content\/uploads\/2025\/07\/LEGO_10348_1_ergebnis.jpg?fit=600%2C600&ssl=1",600,600,true],"1536x1536":["https:\/\/i0.wp.com\/shop24.dietz-ih.de\/wp-content\/uploads\/2025\/07\/LEGO_10348_1_ergebnis.jpg?fit=600%2C600&ssl=1",600,600,true],"2048x2048":["https:\/\/i0.wp.com\/shop24.dietz-ih.de\/wp-content\/uploads\/2025\/07\/LEGO_10348_1_ergebnis.jpg?fit=600%2C600&ssl=1",600,600,true],"woocommerce_thumbnail":["https:\/\/i0.wp.com\/shop24.dietz-ih.de\/wp-content\/uploads\/2025\/07\/LEGO_10348_1_ergebnis.jpg?resize=600%2C600&ssl=1",600,600,true],"woocommerce_single":["https:\/\/i0.wp.com\/shop24.dietz-ih.de\/wp-content\/uploads\/2025\/07\/LEGO_10348_1_ergebnis.jpg?fit=600%2C600&ssl=1",600,600,true],"woocommerce_gallery_thumbnail":["https:\/\/i0.wp.com\/shop24.dietz-ih.de\/wp-content\/uploads\/2025\/07\/LEGO_10348_1_ergebnis.jpg?resize=100%2C100&ssl=1",100,100,true]},"uagb_author_info":{"display_name":"admin","author_link":"https:\/\/shop24.dietz-ih.de\/?author=0"},"uagb_comment_info":0,"uagb_excerpt":"Hol dir ein St\u00fcck Achtsamkeit nach Hause \u2013 mit dem LEGO\u00ae Icons 10348 Japanischer Roter Ahorn \u2013 Bonsai-Baum. Dieses detailreiche Set f\u00fcr Erwachsene vereint die meditative Ruhe des Bauens mit der Sch\u00f6nheit der Natur. Die leuchtenden Rot- und Oranget\u00f6ne der Bl\u00e4tter fangen die Magie des Herbstes ein und machen den Bonsai zu einem eleganten Blickfang&hellip;","jetpack_sharing_enabled":true,"_links":{"self":[{"href":"https:\/\/shop24.dietz-ih.de\/index.php?rest_route=\/wp\/v2\/product\/816","targetHints":{"allow":["GET"]}}],"collection":[{"href":"https:\/\/shop24.dietz-ih.de\/index.php?rest_route=\/wp\/v2\/product"}],"about":[{"href":"https:\/\/shop24.dietz-ih.de\/index.php?rest_route=\/wp\/v2\/types\/product"}],"replies":[{"embeddable":true,"href":"https:\/\/shop24.dietz-ih.de\/index.php?rest_route=%2Fwp%2Fv2%2Fcomments&post=816"}],"wp:featuredmedia":[{"embeddable":true,"href":"https:\/\/shop24.dietz-ih.de\/index.php?rest_route=\/wp\/v2\/media\/817"}],"wp:attachment":[{"href":"https:\/\/shop24.dietz-ih.de\/index.php?rest_route=%2Fwp%2Fv2%2Fmedia&parent=816"}],"wp:term":[{"taxonomy":"product_brand","embeddable":true,"href":"https:\/\/shop24.dietz-ih.de\/index.php?rest_route=%2Fwp%2Fv2%2Fproduct_brand&post=816"},{"taxonomy":"product_cat","embeddable":true,"href":"https:\/\/shop24.dietz-ih.de\/index.php?rest_route=%2Fwp%2Fv2%2Fproduct_cat&post=816"},{"taxonomy":"product_tag","embeddable":true,"href":"https:\/\/shop24.dietz-ih.de\/index.php?rest_route=%2Fwp%2Fv2%2Fproduct_tag&post=816"}],"curies":[{"name":"wp","href":"https:\/\/api.w.org\/{rel}","templated":true}]}}