{"id":825,"date":"2025-07-11T11:58:49","date_gmt":"2025-07-11T09:58:49","guid":{"rendered":"https:\/\/shop24.dietz-ih.de\/?post_type=product&#038;p=825"},"modified":"2026-01-19T13:20:55","modified_gmt":"2026-01-19T12:20:55","slug":"lego-ninjago-71848-der-tempel-flugsegler","status":"publish","type":"product","link":"https:\/\/shop24.dietz-ih.de\/?product=lego-ninjago-71848-der-tempel-flugsegler","title":{"rendered":"LEGO\u00ae Ninjago 71848 Der Tempel-Flugsegler"},"content":{"rendered":"<p data-start=\"0\" data-end=\"93\"><strong data-start=\"0\" data-end=\"93\">LEGO\u00ae Ninjago 71848 Der Tempel-Flugsegler \u2013 Fantastisches Schiff f\u00fcr spannende Ninja-Abenteuer<\/strong><\/p>\n<p data-start=\"95\" data-end=\"446\">Tauche ein in die Welt der Drachen und Ninja mit dem beeindruckenden <strong>LEGO\u00ae Ninjago 71848 Der Tempel-Flugsegler<\/strong>! Dieses detailreiche Segelschiff mit 2.387 Teilen begeistert nicht nur mit seiner Gr\u00f6\u00dfe (49 cm hoch, 58 cm lang, 26 cm breit), sondern auch mit cleveren Funktionen, die junge und \u00e4ltere Fans ab 14 Jahren zum Spielen und Staunen einladen.<\/p>\n<p data-start=\"344\" data-end=\"717\">Der Tempel-Flugsegler kommt aus der 3. Staffel der Ninjago-Serie \u201eAufstieg der Drachen\u201c. \u00dcber ein Zahnrad kannst du die Segel bewegen. Du kannst die D\u00e4cher und B\u00f6den abnehmen, um spannende Orte zu entdecken, wie die Sushi-Bar oder die geheime Kommandozentrale. Wenn du den Tisch in der Hauptkabine hochklappst, findest du eine versteckte Karte \u2013 ein echtes Ninja-Geheimnis!<\/p>\n<p data-start=\"719\" data-end=\"958\">Im Set sind 6 Minifiguren dabei: Zane, Cole, Nya, Wyldfyre, Rogue und Zarkt. Jede Figur hat eigenes Zubeh\u00f6r. Zum Beispiel gibt es eine leuchtende Enth\u00fcllungsklinge, mit der du das versteckte Kartenbild auf dem Tisch sichtbar machen kannst.<\/p>\n<p data-start=\"960\" data-end=\"1142\">Nach den Abenteuern auf hoher See kannst du den Tempel-Flugsegler auf den mitgelieferten St\u00e4nder stellen. So sieht das Modell super aus in deinem Zimmer oder in deiner LEGO-Sammlung.<\/p>\n<p data-start=\"1144\" data-end=\"1324\">Das Set ist ein tolles Geschenk f\u00fcr Ninjago-Fans oder f\u00fcr deine eigene Sammlung. Die LEGO Builder App hilft dir Schritt f\u00fcr Schritt beim Bauen und zeigt dir die Bauanleitung in 3D.<\/p>\n<p data-start=\"1326\" data-end=\"1489\">Fazit: Der Tempel-Flugsegler ist nicht nur ein Spielzeug, sondern auch ein tolles Sammlerst\u00fcck. Es l\u00e4dt alle Ninjago-Fans ein, in spannende Abenteuer einzutauche.<\/p>\n","protected":false},"excerpt":{"rendered":"<p>Erlebe mit dem LEGO\u00ae Ninjago 71848 Der Tempel-Flugsegler ein episches Abenteuer voller Geheimnisse und Drachenmagie! Dieses beeindruckende Segelschiff bringt die Welt der Ninja direkt zu dir nach Hause \u2013 mit versteckten R\u00e4umen, beweglichen Segeln und einer geheimnisvollen leuchtenden Klinge, die verborgene Karten enth\u00fcllt. Mit deinen Lieblingshelden Zane, Cole, Nya und Co. tauchst du tief in spannende Missionen ein, die Fantasie kennt keine Grenzen. Ein Meisterwerk zum Bauen, Spielen und stolz Ausstellen \u2013 perfekt f\u00fcr alle, die mutig, neugierig und abenteuerlustig sind!<\/p>\n","protected":false},"featured_media":827,"comment_status":"open","ping_status":"closed","template":"","meta":{"_coblocks_attr":"","_coblocks_dimensions":"","_coblocks_responsive_height":"","_coblocks_accordion_ie_support":"","_eb_attr":"","_uag_custom_page_level_css":""},"product_brand":[158],"product_cat":[15],"product_tag":[347,348,163,209,349],"class_list":{"0":"post-825","1":"product","2":"type-product","3":"status-publish","4":"has-post-thumbnail","6":"product_brand-lego","7":"product_cat-lego","8":"product_tag-347","9":"product_tag-flugsegler","10":"product_tag-lego","11":"product_tag-ninjago","12":"product_tag-tempel","14":"first","15":"outofstock","16":"taxable","17":"shipping-taxable","18":"purchasable","19":"product-type-simple"},"yoast_head":"<!-- This site is optimized with the Yoast SEO plugin v27.4 - https:\/\/yoast.com\/product\/yoast-seo-wordpress\/ -->\n<title>LEGO\u00ae Ninjago 71848 Der Tempel-Flugsegler - Dietz-Internethandel<\/title>\n<meta name=\"description\" content=\"LEGO\u00ae Ninjago 71848 Der Tempel-Flugsegler : Detailreiches Modell mit 6 Minifiguren, versteckter Karte und St\u00e4nder \u2013 perfektes Geschenk f\u00fcr Fans.\" \/>\n<meta name=\"robots\" content=\"index, follow, max-snippet:-1, max-image-preview:large, max-video-preview:-1\" \/>\n<link rel=\"canonical\" href=\"https:\/\/shop24.dietz-ih.de\/?product=lego-ninjago-71848-der-tempel-flugsegler\" \/>\n<meta property=\"og:locale\" content=\"de_DE\" \/>\n<meta property=\"og:type\" content=\"article\" \/>\n<meta property=\"og:title\" content=\"LEGO\u00ae Ninjago 71848 Der Tempel-Flugsegler - Dietz-Internethandel\" \/>\n<meta property=\"og:description\" content=\"LEGO\u00ae Ninjago 71848 Der Tempel-Flugsegler : Detailreiches Modell mit 6 Minifiguren, versteckter Karte und St\u00e4nder \u2013 perfektes Geschenk f\u00fcr Fans.\" \/>\n<meta property=\"og:url\" content=\"https:\/\/shop24.dietz-ih.de\/?product=lego-ninjago-71848-der-tempel-flugsegler\" \/>\n<meta property=\"og:site_name\" content=\"Dietz-Internethandel\" \/>\n<meta property=\"article:publisher\" content=\"https:\/\/www.facebook.com\/profile.php?id=100081292915783\" \/>\n<meta property=\"article:modified_time\" content=\"2026-01-19T12:20:55+00:00\" \/>\n<meta property=\"og:image\" content=\"https:\/\/shop24.dietz-ih.de\/wp-content\/uploads\/2025\/07\/LEGO_71848_1_ergebnis.jpg\" \/>\n\t<meta property=\"og:image:width\" content=\"600\" \/>\n\t<meta property=\"og:image:height\" content=\"600\" \/>\n\t<meta property=\"og:image:type\" content=\"image\/jpeg\" \/>\n<meta name=\"twitter:card\" content=\"summary_large_image\" \/>\n<meta name=\"twitter:label1\" content=\"Gesch\u00e4tzte Lesezeit\" \/>\n\t<meta name=\"twitter:data1\" content=\"2\u00a0Minuten\" \/>\n<script type=\"application\/ld+json\" class=\"yoast-schema-graph\">{\"@context\":\"https:\\\/\\\/schema.org\",\"@graph\":[{\"@type\":\"WebPage\",\"@id\":\"https:\\\/\\\/shop24.dietz-ih.de\\\/?product=lego-ninjago-71848-der-tempel-flugsegler\",\"url\":\"https:\\\/\\\/shop24.dietz-ih.de\\\/?product=lego-ninjago-71848-der-tempel-flugsegler\",\"name\":\"LEGO\u00ae Ninjago 71848 Der Tempel-Flugsegler - Dietz-Internethandel\",\"isPartOf\":{\"@id\":\"https:\\\/\\\/shop24.dietz-ih.de\\\/#website\"},\"primaryImageOfPage\":{\"@id\":\"https:\\\/\\\/shop24.dietz-ih.de\\\/?product=lego-ninjago-71848-der-tempel-flugsegler#primaryimage\"},\"image\":{\"@id\":\"https:\\\/\\\/shop24.dietz-ih.de\\\/?product=lego-ninjago-71848-der-tempel-flugsegler#primaryimage\"},\"thumbnailUrl\":\"https:\\\/\\\/i0.wp.com\\\/shop24.dietz-ih.de\\\/wp-content\\\/uploads\\\/2025\\\/07\\\/LEGO_71848_1_ergebnis.jpg?fit=600%2C600&ssl=1\",\"datePublished\":\"2025-07-11T09:58:49+00:00\",\"dateModified\":\"2026-01-19T12:20:55+00:00\",\"description\":\"LEGO\u00ae Ninjago 71848 Der Tempel-Flugsegler : Detailreiches Modell mit 6 Minifiguren, versteckter Karte und St\u00e4nder \u2013 perfektes Geschenk f\u00fcr Fans.\",\"breadcrumb\":{\"@id\":\"https:\\\/\\\/shop24.dietz-ih.de\\\/?product=lego-ninjago-71848-der-tempel-flugsegler#breadcrumb\"},\"inLanguage\":\"de\",\"potentialAction\":[{\"@type\":\"ReadAction\",\"target\":[\"https:\\\/\\\/shop24.dietz-ih.de\\\/?product=lego-ninjago-71848-der-tempel-flugsegler\"]}]},{\"@type\":\"ImageObject\",\"inLanguage\":\"de\",\"@id\":\"https:\\\/\\\/shop24.dietz-ih.de\\\/?product=lego-ninjago-71848-der-tempel-flugsegler#primaryimage\",\"url\":\"https:\\\/\\\/i0.wp.com\\\/shop24.dietz-ih.de\\\/wp-content\\\/uploads\\\/2025\\\/07\\\/LEGO_71848_1_ergebnis.jpg?fit=600%2C600&ssl=1\",\"contentUrl\":\"https:\\\/\\\/i0.wp.com\\\/shop24.dietz-ih.de\\\/wp-content\\\/uploads\\\/2025\\\/07\\\/LEGO_71848_1_ergebnis.jpg?fit=600%2C600&ssl=1\",\"width\":600,\"height\":600},{\"@type\":\"BreadcrumbList\",\"@id\":\"https:\\\/\\\/shop24.dietz-ih.de\\\/?product=lego-ninjago-71848-der-tempel-flugsegler#breadcrumb\",\"itemListElement\":[{\"@type\":\"ListItem\",\"position\":1,\"name\":\"Startseite\",\"item\":\"https:\\\/\\\/shop24.dietz-ih.de\\\/\"},{\"@type\":\"ListItem\",\"position\":2,\"name\":\"Shop\",\"item\":\"https:\\\/\\\/shop24.dietz-ih.de\\\/?page_id=7\"},{\"@type\":\"ListItem\",\"position\":3,\"name\":\"LEGO\u00ae Ninjago 71848 Der Tempel-Flugsegler\"}]},{\"@type\":\"WebSite\",\"@id\":\"https:\\\/\\\/shop24.dietz-ih.de\\\/#website\",\"url\":\"https:\\\/\\\/shop24.dietz-ih.de\\\/\",\"name\":\"Dietz-Internethandel\",\"description\":\"\",\"publisher\":{\"@id\":\"https:\\\/\\\/shop24.dietz-ih.de\\\/#organization\"},\"potentialAction\":[{\"@type\":\"SearchAction\",\"target\":{\"@type\":\"EntryPoint\",\"urlTemplate\":\"https:\\\/\\\/shop24.dietz-ih.de\\\/?s={search_term_string}\"},\"query-input\":{\"@type\":\"PropertyValueSpecification\",\"valueRequired\":true,\"valueName\":\"search_term_string\"}}],\"inLanguage\":\"de\"},{\"@type\":\"Organization\",\"@id\":\"https:\\\/\\\/shop24.dietz-ih.de\\\/#organization\",\"name\":\"Dietz-Internethandel\",\"url\":\"https:\\\/\\\/shop24.dietz-ih.de\\\/\",\"logo\":{\"@type\":\"ImageObject\",\"inLanguage\":\"de\",\"@id\":\"https:\\\/\\\/shop24.dietz-ih.de\\\/#\\\/schema\\\/logo\\\/image\\\/\",\"url\":\"https:\\\/\\\/i0.wp.com\\\/shop24.dietz-ih.de\\\/wp-content\\\/uploads\\\/2025\\\/06\\\/Ein-Logo-fuer-einen-Onlineshop-mit-Spielzeug.-Der-Buchstabe-D-soll-drauf-sein.-Farblich_-Gruen-Warmgelb-und-Lachs.-Und-bitte-als-ausgeschnittene-Datei-Photoroom-2.png?fit=1120%2C1120&ssl=1\",\"contentUrl\":\"https:\\\/\\\/i0.wp.com\\\/shop24.dietz-ih.de\\\/wp-content\\\/uploads\\\/2025\\\/06\\\/Ein-Logo-fuer-einen-Onlineshop-mit-Spielzeug.-Der-Buchstabe-D-soll-drauf-sein.-Farblich_-Gruen-Warmgelb-und-Lachs.-Und-bitte-als-ausgeschnittene-Datei-Photoroom-2.png?fit=1120%2C1120&ssl=1\",\"width\":1120,\"height\":1120,\"caption\":\"Dietz-Internethandel\"},\"image\":{\"@id\":\"https:\\\/\\\/shop24.dietz-ih.de\\\/#\\\/schema\\\/logo\\\/image\\\/\"},\"sameAs\":[\"https:\\\/\\\/www.facebook.com\\\/profile.php?id=100081292915783\",\"https:\\\/\\\/www.instagram.com\\\/dietz_internethandel\\\/\"]}]}<\/script>\n<!-- \/ Yoast SEO plugin. -->","yoast_head_json":{"title":"LEGO\u00ae Ninjago 71848 Der Tempel-Flugsegler - Dietz-Internethandel","description":"LEGO\u00ae Ninjago 71848 Der Tempel-Flugsegler : Detailreiches Modell mit 6 Minifiguren, versteckter Karte und St\u00e4nder \u2013 perfektes Geschenk f\u00fcr Fans.","robots":{"index":"index","follow":"follow","max-snippet":"max-snippet:-1","max-image-preview":"max-image-preview:large","max-video-preview":"max-video-preview:-1"},"canonical":"https:\/\/shop24.dietz-ih.de\/?product=lego-ninjago-71848-der-tempel-flugsegler","og_locale":"de_DE","og_type":"article","og_title":"LEGO\u00ae Ninjago 71848 Der Tempel-Flugsegler - Dietz-Internethandel","og_description":"LEGO\u00ae Ninjago 71848 Der Tempel-Flugsegler : Detailreiches Modell mit 6 Minifiguren, versteckter Karte und St\u00e4nder \u2013 perfektes Geschenk f\u00fcr Fans.","og_url":"https:\/\/shop24.dietz-ih.de\/?product=lego-ninjago-71848-der-tempel-flugsegler","og_site_name":"Dietz-Internethandel","article_publisher":"https:\/\/www.facebook.com\/profile.php?id=100081292915783","article_modified_time":"2026-01-19T12:20:55+00:00","og_image":[{"width":600,"height":600,"url":"https:\/\/shop24.dietz-ih.de\/wp-content\/uploads\/2025\/07\/LEGO_71848_1_ergebnis.jpg","type":"image\/jpeg"}],"twitter_card":"summary_large_image","twitter_misc":{"Gesch\u00e4tzte Lesezeit":"2\u00a0Minuten"},"schema":{"@context":"https:\/\/schema.org","@graph":[{"@type":"WebPage","@id":"https:\/\/shop24.dietz-ih.de\/?product=lego-ninjago-71848-der-tempel-flugsegler","url":"https:\/\/shop24.dietz-ih.de\/?product=lego-ninjago-71848-der-tempel-flugsegler","name":"LEGO\u00ae Ninjago 71848 Der Tempel-Flugsegler - Dietz-Internethandel","isPartOf":{"@id":"https:\/\/shop24.dietz-ih.de\/#website"},"primaryImageOfPage":{"@id":"https:\/\/shop24.dietz-ih.de\/?product=lego-ninjago-71848-der-tempel-flugsegler#primaryimage"},"image":{"@id":"https:\/\/shop24.dietz-ih.de\/?product=lego-ninjago-71848-der-tempel-flugsegler#primaryimage"},"thumbnailUrl":"https:\/\/i0.wp.com\/shop24.dietz-ih.de\/wp-content\/uploads\/2025\/07\/LEGO_71848_1_ergebnis.jpg?fit=600%2C600&ssl=1","datePublished":"2025-07-11T09:58:49+00:00","dateModified":"2026-01-19T12:20:55+00:00","description":"LEGO\u00ae Ninjago 71848 Der Tempel-Flugsegler : Detailreiches Modell mit 6 Minifiguren, versteckter Karte und St\u00e4nder \u2013 perfektes Geschenk f\u00fcr Fans.","breadcrumb":{"@id":"https:\/\/shop24.dietz-ih.de\/?product=lego-ninjago-71848-der-tempel-flugsegler#breadcrumb"},"inLanguage":"de","potentialAction":[{"@type":"ReadAction","target":["https:\/\/shop24.dietz-ih.de\/?product=lego-ninjago-71848-der-tempel-flugsegler"]}]},{"@type":"ImageObject","inLanguage":"de","@id":"https:\/\/shop24.dietz-ih.de\/?product=lego-ninjago-71848-der-tempel-flugsegler#primaryimage","url":"https:\/\/i0.wp.com\/shop24.dietz-ih.de\/wp-content\/uploads\/2025\/07\/LEGO_71848_1_ergebnis.jpg?fit=600%2C600&ssl=1","contentUrl":"https:\/\/i0.wp.com\/shop24.dietz-ih.de\/wp-content\/uploads\/2025\/07\/LEGO_71848_1_ergebnis.jpg?fit=600%2C600&ssl=1","width":600,"height":600},{"@type":"BreadcrumbList","@id":"https:\/\/shop24.dietz-ih.de\/?product=lego-ninjago-71848-der-tempel-flugsegler#breadcrumb","itemListElement":[{"@type":"ListItem","position":1,"name":"Startseite","item":"https:\/\/shop24.dietz-ih.de\/"},{"@type":"ListItem","position":2,"name":"Shop","item":"https:\/\/shop24.dietz-ih.de\/?page_id=7"},{"@type":"ListItem","position":3,"name":"LEGO\u00ae Ninjago 71848 Der Tempel-Flugsegler"}]},{"@type":"WebSite","@id":"https:\/\/shop24.dietz-ih.de\/#website","url":"https:\/\/shop24.dietz-ih.de\/","name":"Dietz-Internethandel","description":"","publisher":{"@id":"https:\/\/shop24.dietz-ih.de\/#organization"},"potentialAction":[{"@type":"SearchAction","target":{"@type":"EntryPoint","urlTemplate":"https:\/\/shop24.dietz-ih.de\/?s={search_term_string}"},"query-input":{"@type":"PropertyValueSpecification","valueRequired":true,"valueName":"search_term_string"}}],"inLanguage":"de"},{"@type":"Organization","@id":"https:\/\/shop24.dietz-ih.de\/#organization","name":"Dietz-Internethandel","url":"https:\/\/shop24.dietz-ih.de\/","logo":{"@type":"ImageObject","inLanguage":"de","@id":"https:\/\/shop24.dietz-ih.de\/#\/schema\/logo\/image\/","url":"https:\/\/i0.wp.com\/shop24.dietz-ih.de\/wp-content\/uploads\/2025\/06\/Ein-Logo-fuer-einen-Onlineshop-mit-Spielzeug.-Der-Buchstabe-D-soll-drauf-sein.-Farblich_-Gruen-Warmgelb-und-Lachs.-Und-bitte-als-ausgeschnittene-Datei-Photoroom-2.png?fit=1120%2C1120&ssl=1","contentUrl":"https:\/\/i0.wp.com\/shop24.dietz-ih.de\/wp-content\/uploads\/2025\/06\/Ein-Logo-fuer-einen-Onlineshop-mit-Spielzeug.-Der-Buchstabe-D-soll-drauf-sein.-Farblich_-Gruen-Warmgelb-und-Lachs.-Und-bitte-als-ausgeschnittene-Datei-Photoroom-2.png?fit=1120%2C1120&ssl=1","width":1120,"height":1120,"caption":"Dietz-Internethandel"},"image":{"@id":"https:\/\/shop24.dietz-ih.de\/#\/schema\/logo\/image\/"},"sameAs":["https:\/\/www.facebook.com\/profile.php?id=100081292915783","https:\/\/www.instagram.com\/dietz_internethandel\/"]}]}},"uagb_featured_image_src":{"full":["https:\/\/i0.wp.com\/shop24.dietz-ih.de\/wp-content\/uploads\/2025\/07\/LEGO_71848_1_ergebnis.jpg?fit=600%2C600&ssl=1",600,600,false],"thumbnail":["https:\/\/i0.wp.com\/shop24.dietz-ih.de\/wp-content\/uploads\/2025\/07\/LEGO_71848_1_ergebnis.jpg?resize=150%2C150&ssl=1",150,150,true],"medium":["https:\/\/i0.wp.com\/shop24.dietz-ih.de\/wp-content\/uploads\/2025\/07\/LEGO_71848_1_ergebnis.jpg?fit=300%2C300&ssl=1",300,300,true],"medium_large":["https:\/\/i0.wp.com\/shop24.dietz-ih.de\/wp-content\/uploads\/2025\/07\/LEGO_71848_1_ergebnis.jpg?fit=600%2C600&ssl=1",600,600,true],"large":["https:\/\/i0.wp.com\/shop24.dietz-ih.de\/wp-content\/uploads\/2025\/07\/LEGO_71848_1_ergebnis.jpg?fit=600%2C600&ssl=1",600,600,true],"gs-tiny":["https:\/\/i0.wp.com\/shop24.dietz-ih.de\/wp-content\/uploads\/2025\/07\/LEGO_71848_1_ergebnis.jpg?fit=50%2C50&ssl=1",50,50,true],"xl":["https:\/\/i0.wp.com\/shop24.dietz-ih.de\/wp-content\/uploads\/2025\/07\/LEGO_71848_1_ergebnis.jpg?fit=600%2C600&ssl=1",600,600,true],"xxl":["https:\/\/i0.wp.com\/shop24.dietz-ih.de\/wp-content\/uploads\/2025\/07\/LEGO_71848_1_ergebnis.jpg?fit=600%2C600&ssl=1",600,600,true],"xxxl":["https:\/\/i0.wp.com\/shop24.dietz-ih.de\/wp-content\/uploads\/2025\/07\/LEGO_71848_1_ergebnis.jpg?fit=600%2C600&ssl=1",600,600,true],"xxxxl":["https:\/\/i0.wp.com\/shop24.dietz-ih.de\/wp-content\/uploads\/2025\/07\/LEGO_71848_1_ergebnis.jpg?fit=600%2C600&ssl=1",600,600,true],"xxxxxl":["https:\/\/i0.wp.com\/shop24.dietz-ih.de\/wp-content\/uploads\/2025\/07\/LEGO_71848_1_ergebnis.jpg?fit=600%2C600&ssl=1",600,600,true],"1536x1536":["https:\/\/i0.wp.com\/shop24.dietz-ih.de\/wp-content\/uploads\/2025\/07\/LEGO_71848_1_ergebnis.jpg?fit=600%2C600&ssl=1",600,600,true],"2048x2048":["https:\/\/i0.wp.com\/shop24.dietz-ih.de\/wp-content\/uploads\/2025\/07\/LEGO_71848_1_ergebnis.jpg?fit=600%2C600&ssl=1",600,600,true],"woocommerce_thumbnail":["https:\/\/i0.wp.com\/shop24.dietz-ih.de\/wp-content\/uploads\/2025\/07\/LEGO_71848_1_ergebnis.jpg?resize=600%2C600&ssl=1",600,600,true],"woocommerce_single":["https:\/\/i0.wp.com\/shop24.dietz-ih.de\/wp-content\/uploads\/2025\/07\/LEGO_71848_1_ergebnis.jpg?fit=600%2C600&ssl=1",600,600,true],"woocommerce_gallery_thumbnail":["https:\/\/i0.wp.com\/shop24.dietz-ih.de\/wp-content\/uploads\/2025\/07\/LEGO_71848_1_ergebnis.jpg?resize=100%2C100&ssl=1",100,100,true]},"uagb_author_info":{"display_name":"admin","author_link":"https:\/\/shop24.dietz-ih.de\/?author=0"},"uagb_comment_info":0,"uagb_excerpt":"Erlebe mit dem LEGO\u00ae Ninjago 71848 Der Tempel-Flugsegler ein episches Abenteuer voller Geheimnisse und Drachenmagie! Dieses beeindruckende Segelschiff bringt die Welt der Ninja direkt zu dir nach Hause \u2013 mit versteckten R\u00e4umen, beweglichen Segeln und einer geheimnisvollen leuchtenden Klinge, die verborgene Karten enth\u00fcllt. Mit deinen Lieblingshelden Zane, Cole, Nya und Co. tauchst du tief in&hellip;","jetpack_sharing_enabled":true,"_links":{"self":[{"href":"https:\/\/shop24.dietz-ih.de\/index.php?rest_route=\/wp\/v2\/product\/825","targetHints":{"allow":["GET"]}}],"collection":[{"href":"https:\/\/shop24.dietz-ih.de\/index.php?rest_route=\/wp\/v2\/product"}],"about":[{"href":"https:\/\/shop24.dietz-ih.de\/index.php?rest_route=\/wp\/v2\/types\/product"}],"replies":[{"embeddable":true,"href":"https:\/\/shop24.dietz-ih.de\/index.php?rest_route=%2Fwp%2Fv2%2Fcomments&post=825"}],"wp:featuredmedia":[{"embeddable":true,"href":"https:\/\/shop24.dietz-ih.de\/index.php?rest_route=\/wp\/v2\/media\/827"}],"wp:attachment":[{"href":"https:\/\/shop24.dietz-ih.de\/index.php?rest_route=%2Fwp%2Fv2%2Fmedia&parent=825"}],"wp:term":[{"taxonomy":"product_brand","embeddable":true,"href":"https:\/\/shop24.dietz-ih.de\/index.php?rest_route=%2Fwp%2Fv2%2Fproduct_brand&post=825"},{"taxonomy":"product_cat","embeddable":true,"href":"https:\/\/shop24.dietz-ih.de\/index.php?rest_route=%2Fwp%2Fv2%2Fproduct_cat&post=825"},{"taxonomy":"product_tag","embeddable":true,"href":"https:\/\/shop24.dietz-ih.de\/index.php?rest_route=%2Fwp%2Fv2%2Fproduct_tag&post=825"}],"curies":[{"name":"wp","href":"https:\/\/api.w.org\/{rel}","templated":true}]}}