{"id":830,"date":"2025-07-11T12:24:33","date_gmt":"2025-07-11T10:24:33","guid":{"rendered":"https:\/\/shop24.dietz-ih.de\/?post_type=product&#038;p=830"},"modified":"2026-01-19T13:17:13","modified_gmt":"2026-01-19T12:17:13","slug":"lego-city-60469-hauptbahnhof","status":"publish","type":"product","link":"https:\/\/shop24.dietz-ih.de\/?product=lego-city-60469-hauptbahnhof","title":{"rendered":"LEGO\u00ae City 60469 Hauptbahnhof"},"content":{"rendered":"<p><strong>LEGO\u00ae City 60469 Hauptbahnhof <\/strong><strong data-start=\"0\" data-end=\"73\">\u2013 Gro\u00dfer Spielspa\u00df f\u00fcr kleine Zugfans<\/strong><\/p>\n<p data-start=\"75\" data-end=\"341\">Willkommen am gesch\u00e4ftigen <strong>LEGO\u00ae City 60469 Hauptbahnhof<\/strong> \u2013 dem perfekten Ort, um in aufregende Abenteuer zu starten! Dieses detailreiche Bauset mit 752 Teilen ist ideal f\u00fcr Kinder ab 7 Jahren und bietet unz\u00e4hlige Spielm\u00f6glichkeiten rund um das bunte Bahnhofsgeschehen.<\/p>\n<p data-start=\"343\" data-end=\"830\">Der Bahnhof \u00fcberzeugt mit <strong data-start=\"369\" data-end=\"389\">zwei Bahnsteigen<\/strong>, einem <strong data-start=\"397\" data-end=\"424\">funktionierenden Aufzug<\/strong>, einem <strong data-start=\"432\" data-end=\"445\">Leitstand<\/strong>, einem <strong data-start=\"453\" data-end=\"461\">Caf\u00e9<\/strong> mit Sitzbereich unter einem durchsichtigen Dach und einem imposanten <strong data-start=\"531\" data-end=\"544\">Uhrenturm<\/strong>. \u00dcber die <strong data-start=\"555\" data-end=\"583\">digitale Fahrplananzeige<\/strong> behalten kleine Reisende den \u00dcberblick und k\u00f6nnen sich am <strong data-start=\"642\" data-end=\"665\">Fahrscheinautomaten<\/strong> mit einem Ticket ausstatten. Besonders cool: Mit dem <strong data-start=\"719\" data-end=\"771\">Wartungstriebwagen mit ausfahrbarer Arbeitsb\u00fchne<\/strong> lassen sich Reparaturen am Aufzug realistisch nachspielen.<\/p>\n<p data-start=\"832\" data-end=\"1191\">Insgesamt sind <strong data-start=\"847\" data-end=\"864\">6 Minifiguren<\/strong>, ein Baby und zwei s\u00fc\u00dfe Tauben enthalten \u2013 perfekt f\u00fcr fantasievolle Rollenspiele. Ob als Bahnhofsvorsteher, Caf\u00e9besucher oder Wartungstechniker \u2013 hier findet jedes Kind eine Rolle! F\u00fcr noch mehr Realit\u00e4t sorgen Zubeh\u00f6rteile wie ein <strong data-start=\"1098\" data-end=\"1111\">Croissant<\/strong>, eine <strong data-start=\"1118\" data-end=\"1133\">Kaffeetasse<\/strong>, ein <strong data-start=\"1139\" data-end=\"1157\">Spielzeughandy<\/strong> und nat\u00fcrlich eine <strong data-start=\"1177\" data-end=\"1190\">Fahrkarte<\/strong>.<\/p>\n<p data-start=\"1193\" data-end=\"1476\">Mit einer H\u00f6he von <strong data-start=\"1212\" data-end=\"1221\">33 cm<\/strong>, einer Breite von <strong data-start=\"1240\" data-end=\"1249\">44 cm<\/strong> und einer Tiefe von <strong data-start=\"1270\" data-end=\"1279\">30 cm<\/strong> bietet der Hauptbahnhof reichlich Platz f\u00fcr kreatives Spiel. \u00dcber die <strong data-start=\"1350\" data-end=\"1371\">LEGO\u00ae Builder App<\/strong> k\u00f6nnen Kinder beim Bauen eine interaktive 3D-Anleitung nutzen \u2013 das macht den Aufbau besonders spannend.<\/p>\n<p data-start=\"1478\" data-end=\"1719\">Der Hauptbahnhof l\u00e4sst sich zudem wunderbar mit anderen LEGO\u00ae City Sets kombinieren, um eine lebendige Stadtlandschaft zu erschaffen. Ob als Weihnachtsgeschenk, Geburtstags\u00fcberraschung oder Highlight f\u00fcr zwischendurch \u2013 dieses Set begeistert Jungen und M\u00e4dchen gleicherma\u00dfen und l\u00e4dt immer wieder zu neuen Geschichten ein.<\/p>\n<p data-start=\"1478\" data-end=\"1719\">Die detailreiche Gestaltung f\u00f6rdert nicht nur die Kreativit\u00e4t, sondern auch das Verst\u00e4ndnis f\u00fcr Technik und Stadtleben. So wird jeder Spielmoment zu einem kleinen Ausflug in die gro\u00dfe, weite LEGO\u00ae Welt. Diese kleinen Details machen das Spielerlebnis besonders lebendig.<\/p>\n<p data-start=\"1721\" data-end=\"1780\" data-is-last-node=\"\" data-is-only-node=\"\">Steig ein \u2013 der Zug der Fantasie wartet schon am Bahnsteig!<\/p>\n","protected":false},"excerpt":{"rendered":"<p>Willkommen am LEGO\u00ae City 60469 Hauptbahnhof \u2013 dem Ort, an dem gro\u00dfe Abenteuer beginnen! Hier treffen sich Geschichten, Reisende und Tr\u00e4ume. Ob Fahrkarte ziehen, im Caf\u00e9 entspannen oder mit dem Wartungszug hoch hinaus \u2013 jedes Detail steckt voller Leben. Kinder ab 7 Jahren tauchen ein in eine Welt voller Fantasie, bauen, entdecken und spielen stundenlang. Mit Aufzug, Uhrenturm, Minifiguren und liebevollem Zubeh\u00f6r wird jeder Moment zum Erlebnis. Der Bahnhof verbindet nicht nur Z\u00fcge \u2013 sondern auch Herzen. Perfekt zum Verschenken, Kombinieren und Staunen. Steig ein, der n\u00e4chste Traumzug f\u00e4hrt gleich ab!<\/p>\n","protected":false},"featured_media":831,"comment_status":"open","ping_status":"closed","template":"","meta":{"_coblocks_attr":"","_coblocks_dimensions":"","_coblocks_responsive_height":"","_coblocks_accordion_ie_support":"","_eb_attr":"","_uag_custom_page_level_css":""},"product_brand":[158],"product_cat":[15],"product_tag":[350,47,351,163,247],"class_list":{"0":"post-830","1":"product","2":"type-product","3":"status-publish","4":"has-post-thumbnail","6":"product_brand-lego","7":"product_cat-lego","8":"product_tag-350","9":"product_tag-city","10":"product_tag-hauptbahnhof","11":"product_tag-lego","12":"product_tag-legocity","14":"first","15":"outofstock","16":"taxable","17":"shipping-taxable","18":"purchasable","19":"product-type-simple"},"yoast_head":"<!-- This site is optimized with the Yoast SEO plugin v27.4 - https:\/\/yoast.com\/product\/yoast-seo-wordpress\/ -->\n<title>LEGO\u00ae City 60469 Hauptbahnhof - Dietz-Internethandel<\/title>\n<meta name=\"description\" content=\"LEGO\u00ae City 60469 Hauptbahnhof\u2013 ein detailreiches Spielset f\u00fcr Kinder ab 7 Jahren mit Bahnsteigen, Aufzug, Caf\u00e9, Wartungstriebwagen und 6 Minifiguren.\" \/>\n<meta name=\"robots\" content=\"index, follow, max-snippet:-1, max-image-preview:large, max-video-preview:-1\" \/>\n<link rel=\"canonical\" href=\"https:\/\/shop24.dietz-ih.de\/?product=lego-city-60469-hauptbahnhof\" \/>\n<meta property=\"og:locale\" content=\"de_DE\" \/>\n<meta property=\"og:type\" content=\"article\" \/>\n<meta property=\"og:title\" content=\"LEGO\u00ae City 60469 Hauptbahnhof - Dietz-Internethandel\" \/>\n<meta property=\"og:description\" content=\"LEGO\u00ae City 60469 Hauptbahnhof\u2013 ein detailreiches Spielset f\u00fcr Kinder ab 7 Jahren mit Bahnsteigen, Aufzug, Caf\u00e9, Wartungstriebwagen und 6 Minifiguren.\" \/>\n<meta property=\"og:url\" content=\"https:\/\/shop24.dietz-ih.de\/?product=lego-city-60469-hauptbahnhof\" \/>\n<meta property=\"og:site_name\" content=\"Dietz-Internethandel\" \/>\n<meta property=\"article:publisher\" content=\"https:\/\/www.facebook.com\/profile.php?id=100081292915783\" \/>\n<meta property=\"article:modified_time\" content=\"2026-01-19T12:17:13+00:00\" \/>\n<meta property=\"og:image\" content=\"https:\/\/shop24.dietz-ih.de\/wp-content\/uploads\/2025\/07\/LEGO_60469_1_ergebnis.jpg\" \/>\n\t<meta property=\"og:image:width\" content=\"600\" \/>\n\t<meta property=\"og:image:height\" content=\"600\" \/>\n\t<meta property=\"og:image:type\" content=\"image\/jpeg\" \/>\n<meta name=\"twitter:card\" content=\"summary_large_image\" \/>\n<meta name=\"twitter:label1\" content=\"Gesch\u00e4tzte Lesezeit\" \/>\n\t<meta name=\"twitter:data1\" content=\"2\u00a0Minuten\" \/>\n<script type=\"application\/ld+json\" class=\"yoast-schema-graph\">{\"@context\":\"https:\\\/\\\/schema.org\",\"@graph\":[{\"@type\":\"WebPage\",\"@id\":\"https:\\\/\\\/shop24.dietz-ih.de\\\/?product=lego-city-60469-hauptbahnhof\",\"url\":\"https:\\\/\\\/shop24.dietz-ih.de\\\/?product=lego-city-60469-hauptbahnhof\",\"name\":\"LEGO\u00ae City 60469 Hauptbahnhof - Dietz-Internethandel\",\"isPartOf\":{\"@id\":\"https:\\\/\\\/shop24.dietz-ih.de\\\/#website\"},\"primaryImageOfPage\":{\"@id\":\"https:\\\/\\\/shop24.dietz-ih.de\\\/?product=lego-city-60469-hauptbahnhof#primaryimage\"},\"image\":{\"@id\":\"https:\\\/\\\/shop24.dietz-ih.de\\\/?product=lego-city-60469-hauptbahnhof#primaryimage\"},\"thumbnailUrl\":\"https:\\\/\\\/i0.wp.com\\\/shop24.dietz-ih.de\\\/wp-content\\\/uploads\\\/2025\\\/07\\\/LEGO_60469_1_ergebnis.jpg?fit=600%2C600&ssl=1\",\"datePublished\":\"2025-07-11T10:24:33+00:00\",\"dateModified\":\"2026-01-19T12:17:13+00:00\",\"description\":\"LEGO\u00ae City 60469 Hauptbahnhof\u2013 ein detailreiches Spielset f\u00fcr Kinder ab 7 Jahren mit Bahnsteigen, Aufzug, Caf\u00e9, Wartungstriebwagen und 6 Minifiguren.\",\"breadcrumb\":{\"@id\":\"https:\\\/\\\/shop24.dietz-ih.de\\\/?product=lego-city-60469-hauptbahnhof#breadcrumb\"},\"inLanguage\":\"de\",\"potentialAction\":[{\"@type\":\"ReadAction\",\"target\":[\"https:\\\/\\\/shop24.dietz-ih.de\\\/?product=lego-city-60469-hauptbahnhof\"]}]},{\"@type\":\"ImageObject\",\"inLanguage\":\"de\",\"@id\":\"https:\\\/\\\/shop24.dietz-ih.de\\\/?product=lego-city-60469-hauptbahnhof#primaryimage\",\"url\":\"https:\\\/\\\/i0.wp.com\\\/shop24.dietz-ih.de\\\/wp-content\\\/uploads\\\/2025\\\/07\\\/LEGO_60469_1_ergebnis.jpg?fit=600%2C600&ssl=1\",\"contentUrl\":\"https:\\\/\\\/i0.wp.com\\\/shop24.dietz-ih.de\\\/wp-content\\\/uploads\\\/2025\\\/07\\\/LEGO_60469_1_ergebnis.jpg?fit=600%2C600&ssl=1\",\"width\":600,\"height\":600},{\"@type\":\"BreadcrumbList\",\"@id\":\"https:\\\/\\\/shop24.dietz-ih.de\\\/?product=lego-city-60469-hauptbahnhof#breadcrumb\",\"itemListElement\":[{\"@type\":\"ListItem\",\"position\":1,\"name\":\"Startseite\",\"item\":\"https:\\\/\\\/shop24.dietz-ih.de\\\/\"},{\"@type\":\"ListItem\",\"position\":2,\"name\":\"Shop\",\"item\":\"https:\\\/\\\/shop24.dietz-ih.de\\\/?page_id=7\"},{\"@type\":\"ListItem\",\"position\":3,\"name\":\"LEGO\u00ae City 60469 Hauptbahnhof\"}]},{\"@type\":\"WebSite\",\"@id\":\"https:\\\/\\\/shop24.dietz-ih.de\\\/#website\",\"url\":\"https:\\\/\\\/shop24.dietz-ih.de\\\/\",\"name\":\"Dietz-Internethandel\",\"description\":\"\",\"publisher\":{\"@id\":\"https:\\\/\\\/shop24.dietz-ih.de\\\/#organization\"},\"potentialAction\":[{\"@type\":\"SearchAction\",\"target\":{\"@type\":\"EntryPoint\",\"urlTemplate\":\"https:\\\/\\\/shop24.dietz-ih.de\\\/?s={search_term_string}\"},\"query-input\":{\"@type\":\"PropertyValueSpecification\",\"valueRequired\":true,\"valueName\":\"search_term_string\"}}],\"inLanguage\":\"de\"},{\"@type\":\"Organization\",\"@id\":\"https:\\\/\\\/shop24.dietz-ih.de\\\/#organization\",\"name\":\"Dietz-Internethandel\",\"url\":\"https:\\\/\\\/shop24.dietz-ih.de\\\/\",\"logo\":{\"@type\":\"ImageObject\",\"inLanguage\":\"de\",\"@id\":\"https:\\\/\\\/shop24.dietz-ih.de\\\/#\\\/schema\\\/logo\\\/image\\\/\",\"url\":\"https:\\\/\\\/i0.wp.com\\\/shop24.dietz-ih.de\\\/wp-content\\\/uploads\\\/2025\\\/06\\\/Ein-Logo-fuer-einen-Onlineshop-mit-Spielzeug.-Der-Buchstabe-D-soll-drauf-sein.-Farblich_-Gruen-Warmgelb-und-Lachs.-Und-bitte-als-ausgeschnittene-Datei-Photoroom-2.png?fit=1120%2C1120&ssl=1\",\"contentUrl\":\"https:\\\/\\\/i0.wp.com\\\/shop24.dietz-ih.de\\\/wp-content\\\/uploads\\\/2025\\\/06\\\/Ein-Logo-fuer-einen-Onlineshop-mit-Spielzeug.-Der-Buchstabe-D-soll-drauf-sein.-Farblich_-Gruen-Warmgelb-und-Lachs.-Und-bitte-als-ausgeschnittene-Datei-Photoroom-2.png?fit=1120%2C1120&ssl=1\",\"width\":1120,\"height\":1120,\"caption\":\"Dietz-Internethandel\"},\"image\":{\"@id\":\"https:\\\/\\\/shop24.dietz-ih.de\\\/#\\\/schema\\\/logo\\\/image\\\/\"},\"sameAs\":[\"https:\\\/\\\/www.facebook.com\\\/profile.php?id=100081292915783\",\"https:\\\/\\\/www.instagram.com\\\/dietz_internethandel\\\/\"]}]}<\/script>\n<!-- \/ Yoast SEO plugin. -->","yoast_head_json":{"title":"LEGO\u00ae City 60469 Hauptbahnhof - Dietz-Internethandel","description":"LEGO\u00ae City 60469 Hauptbahnhof\u2013 ein detailreiches Spielset f\u00fcr Kinder ab 7 Jahren mit Bahnsteigen, Aufzug, Caf\u00e9, Wartungstriebwagen und 6 Minifiguren.","robots":{"index":"index","follow":"follow","max-snippet":"max-snippet:-1","max-image-preview":"max-image-preview:large","max-video-preview":"max-video-preview:-1"},"canonical":"https:\/\/shop24.dietz-ih.de\/?product=lego-city-60469-hauptbahnhof","og_locale":"de_DE","og_type":"article","og_title":"LEGO\u00ae City 60469 Hauptbahnhof - Dietz-Internethandel","og_description":"LEGO\u00ae City 60469 Hauptbahnhof\u2013 ein detailreiches Spielset f\u00fcr Kinder ab 7 Jahren mit Bahnsteigen, Aufzug, Caf\u00e9, Wartungstriebwagen und 6 Minifiguren.","og_url":"https:\/\/shop24.dietz-ih.de\/?product=lego-city-60469-hauptbahnhof","og_site_name":"Dietz-Internethandel","article_publisher":"https:\/\/www.facebook.com\/profile.php?id=100081292915783","article_modified_time":"2026-01-19T12:17:13+00:00","og_image":[{"width":600,"height":600,"url":"https:\/\/shop24.dietz-ih.de\/wp-content\/uploads\/2025\/07\/LEGO_60469_1_ergebnis.jpg","type":"image\/jpeg"}],"twitter_card":"summary_large_image","twitter_misc":{"Gesch\u00e4tzte Lesezeit":"2\u00a0Minuten"},"schema":{"@context":"https:\/\/schema.org","@graph":[{"@type":"WebPage","@id":"https:\/\/shop24.dietz-ih.de\/?product=lego-city-60469-hauptbahnhof","url":"https:\/\/shop24.dietz-ih.de\/?product=lego-city-60469-hauptbahnhof","name":"LEGO\u00ae City 60469 Hauptbahnhof - Dietz-Internethandel","isPartOf":{"@id":"https:\/\/shop24.dietz-ih.de\/#website"},"primaryImageOfPage":{"@id":"https:\/\/shop24.dietz-ih.de\/?product=lego-city-60469-hauptbahnhof#primaryimage"},"image":{"@id":"https:\/\/shop24.dietz-ih.de\/?product=lego-city-60469-hauptbahnhof#primaryimage"},"thumbnailUrl":"https:\/\/i0.wp.com\/shop24.dietz-ih.de\/wp-content\/uploads\/2025\/07\/LEGO_60469_1_ergebnis.jpg?fit=600%2C600&ssl=1","datePublished":"2025-07-11T10:24:33+00:00","dateModified":"2026-01-19T12:17:13+00:00","description":"LEGO\u00ae City 60469 Hauptbahnhof\u2013 ein detailreiches Spielset f\u00fcr Kinder ab 7 Jahren mit Bahnsteigen, Aufzug, Caf\u00e9, Wartungstriebwagen und 6 Minifiguren.","breadcrumb":{"@id":"https:\/\/shop24.dietz-ih.de\/?product=lego-city-60469-hauptbahnhof#breadcrumb"},"inLanguage":"de","potentialAction":[{"@type":"ReadAction","target":["https:\/\/shop24.dietz-ih.de\/?product=lego-city-60469-hauptbahnhof"]}]},{"@type":"ImageObject","inLanguage":"de","@id":"https:\/\/shop24.dietz-ih.de\/?product=lego-city-60469-hauptbahnhof#primaryimage","url":"https:\/\/i0.wp.com\/shop24.dietz-ih.de\/wp-content\/uploads\/2025\/07\/LEGO_60469_1_ergebnis.jpg?fit=600%2C600&ssl=1","contentUrl":"https:\/\/i0.wp.com\/shop24.dietz-ih.de\/wp-content\/uploads\/2025\/07\/LEGO_60469_1_ergebnis.jpg?fit=600%2C600&ssl=1","width":600,"height":600},{"@type":"BreadcrumbList","@id":"https:\/\/shop24.dietz-ih.de\/?product=lego-city-60469-hauptbahnhof#breadcrumb","itemListElement":[{"@type":"ListItem","position":1,"name":"Startseite","item":"https:\/\/shop24.dietz-ih.de\/"},{"@type":"ListItem","position":2,"name":"Shop","item":"https:\/\/shop24.dietz-ih.de\/?page_id=7"},{"@type":"ListItem","position":3,"name":"LEGO\u00ae City 60469 Hauptbahnhof"}]},{"@type":"WebSite","@id":"https:\/\/shop24.dietz-ih.de\/#website","url":"https:\/\/shop24.dietz-ih.de\/","name":"Dietz-Internethandel","description":"","publisher":{"@id":"https:\/\/shop24.dietz-ih.de\/#organization"},"potentialAction":[{"@type":"SearchAction","target":{"@type":"EntryPoint","urlTemplate":"https:\/\/shop24.dietz-ih.de\/?s={search_term_string}"},"query-input":{"@type":"PropertyValueSpecification","valueRequired":true,"valueName":"search_term_string"}}],"inLanguage":"de"},{"@type":"Organization","@id":"https:\/\/shop24.dietz-ih.de\/#organization","name":"Dietz-Internethandel","url":"https:\/\/shop24.dietz-ih.de\/","logo":{"@type":"ImageObject","inLanguage":"de","@id":"https:\/\/shop24.dietz-ih.de\/#\/schema\/logo\/image\/","url":"https:\/\/i0.wp.com\/shop24.dietz-ih.de\/wp-content\/uploads\/2025\/06\/Ein-Logo-fuer-einen-Onlineshop-mit-Spielzeug.-Der-Buchstabe-D-soll-drauf-sein.-Farblich_-Gruen-Warmgelb-und-Lachs.-Und-bitte-als-ausgeschnittene-Datei-Photoroom-2.png?fit=1120%2C1120&ssl=1","contentUrl":"https:\/\/i0.wp.com\/shop24.dietz-ih.de\/wp-content\/uploads\/2025\/06\/Ein-Logo-fuer-einen-Onlineshop-mit-Spielzeug.-Der-Buchstabe-D-soll-drauf-sein.-Farblich_-Gruen-Warmgelb-und-Lachs.-Und-bitte-als-ausgeschnittene-Datei-Photoroom-2.png?fit=1120%2C1120&ssl=1","width":1120,"height":1120,"caption":"Dietz-Internethandel"},"image":{"@id":"https:\/\/shop24.dietz-ih.de\/#\/schema\/logo\/image\/"},"sameAs":["https:\/\/www.facebook.com\/profile.php?id=100081292915783","https:\/\/www.instagram.com\/dietz_internethandel\/"]}]}},"uagb_featured_image_src":{"full":["https:\/\/i0.wp.com\/shop24.dietz-ih.de\/wp-content\/uploads\/2025\/07\/LEGO_60469_1_ergebnis.jpg?fit=600%2C600&ssl=1",600,600,false],"thumbnail":["https:\/\/i0.wp.com\/shop24.dietz-ih.de\/wp-content\/uploads\/2025\/07\/LEGO_60469_1_ergebnis.jpg?resize=150%2C150&ssl=1",150,150,true],"medium":["https:\/\/i0.wp.com\/shop24.dietz-ih.de\/wp-content\/uploads\/2025\/07\/LEGO_60469_1_ergebnis.jpg?fit=300%2C300&ssl=1",300,300,true],"medium_large":["https:\/\/i0.wp.com\/shop24.dietz-ih.de\/wp-content\/uploads\/2025\/07\/LEGO_60469_1_ergebnis.jpg?fit=600%2C600&ssl=1",600,600,true],"large":["https:\/\/i0.wp.com\/shop24.dietz-ih.de\/wp-content\/uploads\/2025\/07\/LEGO_60469_1_ergebnis.jpg?fit=600%2C600&ssl=1",600,600,true],"gs-tiny":["https:\/\/i0.wp.com\/shop24.dietz-ih.de\/wp-content\/uploads\/2025\/07\/LEGO_60469_1_ergebnis.jpg?fit=50%2C50&ssl=1",50,50,true],"xl":["https:\/\/i0.wp.com\/shop24.dietz-ih.de\/wp-content\/uploads\/2025\/07\/LEGO_60469_1_ergebnis.jpg?fit=600%2C600&ssl=1",600,600,true],"xxl":["https:\/\/i0.wp.com\/shop24.dietz-ih.de\/wp-content\/uploads\/2025\/07\/LEGO_60469_1_ergebnis.jpg?fit=600%2C600&ssl=1",600,600,true],"xxxl":["https:\/\/i0.wp.com\/shop24.dietz-ih.de\/wp-content\/uploads\/2025\/07\/LEGO_60469_1_ergebnis.jpg?fit=600%2C600&ssl=1",600,600,true],"xxxxl":["https:\/\/i0.wp.com\/shop24.dietz-ih.de\/wp-content\/uploads\/2025\/07\/LEGO_60469_1_ergebnis.jpg?fit=600%2C600&ssl=1",600,600,true],"xxxxxl":["https:\/\/i0.wp.com\/shop24.dietz-ih.de\/wp-content\/uploads\/2025\/07\/LEGO_60469_1_ergebnis.jpg?fit=600%2C600&ssl=1",600,600,true],"1536x1536":["https:\/\/i0.wp.com\/shop24.dietz-ih.de\/wp-content\/uploads\/2025\/07\/LEGO_60469_1_ergebnis.jpg?fit=600%2C600&ssl=1",600,600,true],"2048x2048":["https:\/\/i0.wp.com\/shop24.dietz-ih.de\/wp-content\/uploads\/2025\/07\/LEGO_60469_1_ergebnis.jpg?fit=600%2C600&ssl=1",600,600,true],"woocommerce_thumbnail":["https:\/\/i0.wp.com\/shop24.dietz-ih.de\/wp-content\/uploads\/2025\/07\/LEGO_60469_1_ergebnis.jpg?resize=600%2C600&ssl=1",600,600,true],"woocommerce_single":["https:\/\/i0.wp.com\/shop24.dietz-ih.de\/wp-content\/uploads\/2025\/07\/LEGO_60469_1_ergebnis.jpg?fit=600%2C600&ssl=1",600,600,true],"woocommerce_gallery_thumbnail":["https:\/\/i0.wp.com\/shop24.dietz-ih.de\/wp-content\/uploads\/2025\/07\/LEGO_60469_1_ergebnis.jpg?resize=100%2C100&ssl=1",100,100,true]},"uagb_author_info":{"display_name":"admin","author_link":"https:\/\/shop24.dietz-ih.de\/?author=0"},"uagb_comment_info":0,"uagb_excerpt":"Willkommen am LEGO\u00ae City 60469 Hauptbahnhof \u2013 dem Ort, an dem gro\u00dfe Abenteuer beginnen! Hier treffen sich Geschichten, Reisende und Tr\u00e4ume. Ob Fahrkarte ziehen, im Caf\u00e9 entspannen oder mit dem Wartungszug hoch hinaus \u2013 jedes Detail steckt voller Leben. Kinder ab 7 Jahren tauchen ein in eine Welt voller Fantasie, bauen, entdecken und spielen stundenlang.&hellip;","jetpack_sharing_enabled":true,"_links":{"self":[{"href":"https:\/\/shop24.dietz-ih.de\/index.php?rest_route=\/wp\/v2\/product\/830","targetHints":{"allow":["GET"]}}],"collection":[{"href":"https:\/\/shop24.dietz-ih.de\/index.php?rest_route=\/wp\/v2\/product"}],"about":[{"href":"https:\/\/shop24.dietz-ih.de\/index.php?rest_route=\/wp\/v2\/types\/product"}],"replies":[{"embeddable":true,"href":"https:\/\/shop24.dietz-ih.de\/index.php?rest_route=%2Fwp%2Fv2%2Fcomments&post=830"}],"wp:featuredmedia":[{"embeddable":true,"href":"https:\/\/shop24.dietz-ih.de\/index.php?rest_route=\/wp\/v2\/media\/831"}],"wp:attachment":[{"href":"https:\/\/shop24.dietz-ih.de\/index.php?rest_route=%2Fwp%2Fv2%2Fmedia&parent=830"}],"wp:term":[{"taxonomy":"product_brand","embeddable":true,"href":"https:\/\/shop24.dietz-ih.de\/index.php?rest_route=%2Fwp%2Fv2%2Fproduct_brand&post=830"},{"taxonomy":"product_cat","embeddable":true,"href":"https:\/\/shop24.dietz-ih.de\/index.php?rest_route=%2Fwp%2Fv2%2Fproduct_cat&post=830"},{"taxonomy":"product_tag","embeddable":true,"href":"https:\/\/shop24.dietz-ih.de\/index.php?rest_route=%2Fwp%2Fv2%2Fproduct_tag&post=830"}],"curies":[{"name":"wp","href":"https:\/\/api.w.org\/{rel}","templated":true}]}}