{"id":839,"date":"2025-07-11T12:39:16","date_gmt":"2025-07-11T10:39:16","guid":{"rendered":"https:\/\/shop24.dietz-ih.de\/?post_type=product&#038;p=839"},"modified":"2026-01-19T13:15:36","modified_gmt":"2026-01-19T12:15:36","slug":"lego-technic-42217-chevrolet-corvette-stingray-in-blau","status":"publish","type":"product","link":"https:\/\/shop24.dietz-ih.de\/?product=lego-technic-42217-chevrolet-corvette-stingray-in-blau","title":{"rendered":"LEGO\u00ae Technic 42217 Chevrolet Corvette Stingray in Blau"},"content":{"rendered":"<h3 data-start=\"247\" data-end=\"364\"><strong data-start=\"251\" data-end=\"364\">LEGO\u00ae Technic 42217 Chevrolet Corvette Stingray in Blau \u2013 Faszinierendes Modell f\u00fcr Technikfans ab 9 Jahren<\/strong><\/h3>\n<p data-start=\"366\" data-end=\"820\">Das <strong data-start=\"370\" data-end=\"425\">LEGO\u00ae Technic Set 42217 Chevrolet Corvette Stingray<\/strong> bringt den Nervenkitzel eines echten Sportwagens direkt ins Kinderzimmer \u2013 in einem coolen Design und mit beeindruckender Technik. Dieses hochwertige Bauset richtet sich an Kinder ab 9 Jahren sowie an alle, die sich f\u00fcr Autos, Technik und kreatives Bauen begeistern. Mit <strong data-start=\"697\" data-end=\"711\">732 Teilen<\/strong> bietet das Modell stundenlangen Bau- und Spielspa\u00df sowie einen spannenden Einblick in die Welt der Mechanik.<\/p>\n<p data-start=\"822\" data-end=\"1122\">Das <strong data-start=\"826\" data-end=\"840\">Modellauto<\/strong> ist eine detailgetreue Nachbildung der legend\u00e4ren <strong data-start=\"891\" data-end=\"922\">Chevrolet Corvette Stingray<\/strong> und pr\u00e4sentiert sich in einem <strong data-start=\"953\" data-end=\"996\">auff\u00e4lligen Blau mit schwarzen Akzenten<\/strong> \u2013 sportlich, kraftvoll und absolut stilvoll. Ob als Spielzeug oder Sammlerst\u00fcck \u2013 die Corvette macht \u00fcberall eine gute Figur.<\/p>\n<h3 data-start=\"1124\" data-end=\"1179\"><strong data-start=\"1128\" data-end=\"1179\">Realistische Technik f\u00fcr spannende Spielmomente<\/strong><\/h3>\n<p data-start=\"1181\" data-end=\"1266\">Besonders beeindruckend sind die realit\u00e4tsnahen Funktionen dieses LEGO\u00ae Technic Sets:<\/p>\n<ul data-start=\"1267\" data-end=\"1701\">\n<li data-start=\"1267\" data-end=\"1350\">\n<p data-start=\"1269\" data-end=\"1350\">\u00dcber einen <strong data-start=\"1280\" data-end=\"1310\">Drehknopf an der Oberseite<\/strong> l\u00e4sst sich die Lenkung pr\u00e4zise steuern.<\/p>\n<\/li>\n<li data-start=\"1351\" data-end=\"1456\">\n<p data-start=\"1353\" data-end=\"1456\">Das eingebaute <strong data-start=\"1368\" data-end=\"1424\">Differential sorgt f\u00fcr authentische Bewegungsabl\u00e4ufe<\/strong>, wie bei einem echten Fahrzeug.<\/p>\n<\/li>\n<li data-start=\"1457\" data-end=\"1577\">\n<p data-start=\"1459\" data-end=\"1577\">Der <strong data-start=\"1463\" data-end=\"1506\">8-Zylinder-Motor mit beweglichen Kolben<\/strong> vermittelt spielerisch, wie ein echter Verbrennungsmotor funktioniert.<\/p>\n<\/li>\n<li data-start=\"1578\" data-end=\"1701\">\n<p data-start=\"1580\" data-end=\"1701\"><strong data-start=\"1580\" data-end=\"1623\">T\u00fcren und Motorhaube lassen sich \u00f6ffnen<\/strong>, sodass das liebevoll gestaltete Innenleben des Modells entdeckt werden kann.<\/p>\n<\/li>\n<\/ul>\n<h3 data-start=\"1703\" data-end=\"1747\"><strong data-start=\"1707\" data-end=\"1747\">Ma\u00dfe &amp; Design \u2013 ein echter Hingucker<\/strong><\/h3>\n<p data-start=\"1749\" data-end=\"2072\">Mit einer L\u00e4nge von <strong data-start=\"1769\" data-end=\"1778\">27 cm<\/strong>, einer Breite von <strong data-start=\"1797\" data-end=\"1806\">14 cm<\/strong> und einer H\u00f6he von <strong data-start=\"1826\" data-end=\"1834\">8 cm<\/strong> ist das fertige Modell nicht nur zum Spielen geeignet, sondern auch ideal zum Ausstellen. Die Kombination aus sportlicher Rennoptik und hochwertiger Technik macht dieses Modell zu einem Highlight f\u00fcr jedes Regal oder jede LEGO\u00ae Sammlung.<\/p>\n<h3 data-start=\"2074\" data-end=\"2122\"><strong data-start=\"2078\" data-end=\"2122\">F\u00f6rdert Technikverst\u00e4ndnis &amp; Kreativit\u00e4t<\/strong><\/h3>\n<p data-start=\"2124\" data-end=\"2399\">Beim Bauen dieser LEGO\u00ae Corvette werden wichtige F\u00e4higkeiten wie <strong data-start=\"2189\" data-end=\"2227\">Feinmotorik, Konzentration, Geduld<\/strong> und <strong data-start=\"2232\" data-end=\"2259\">technisches Verst\u00e4ndnis<\/strong> spielerisch trainiert. Kinder lernen, wie Zahnr\u00e4der, Motoren und Lenksysteme funktionieren \u2013 ein echter Mehrwert \u00fcber den Spielspa\u00df hinaus.<\/p>\n<h3 data-start=\"2401\" data-end=\"2465\"><strong data-start=\"2405\" data-end=\"2465\">Perfekt als Geschenk f\u00fcr junge T\u00fcftler und Autoliebhaber<\/strong><\/h3>\n<p data-start=\"2467\" data-end=\"2492\">Dieses Set ist ideal als:<\/p>\n<ul data-start=\"2493\" data-end=\"2680\">\n<li data-start=\"2493\" data-end=\"2535\">\n<p data-start=\"2495\" data-end=\"2535\"><strong data-start=\"2495\" data-end=\"2535\">Geburtstags- oder Weihnachtsgeschenk<\/strong><\/p>\n<\/li>\n<li data-start=\"2536\" data-end=\"2593\">\n<p data-start=\"2538\" data-end=\"2593\">Einstieg in die Welt der Technik f\u00fcr Kinder ab 9 Jahren<\/p>\n<\/li>\n<li data-start=\"2594\" data-end=\"2637\">\n<p data-start=\"2596\" data-end=\"2637\">Erg\u00e4nzung f\u00fcr jede LEGO\u00ae Technic Sammlung<\/p>\n<\/li>\n<li data-start=\"2638\" data-end=\"2680\">\n<p data-start=\"2640\" data-end=\"2680\">Mitbringsel f\u00fcr Auto- und Motorsportfans<\/p>\n<\/li>\n<\/ul>\n<p data-start=\"2687\" data-end=\"2918\"><strong data-start=\"2687\" data-end=\"2697\">Fazit:<\/strong><br data-start=\"2697\" data-end=\"2700\" \/>Der <strong>LEGO\u00ae Technic 42217 Chevrolet Corvette Stingray in Blau<\/strong> vereint technisches Wissen mit Spielvergn\u00fcgen und ist ein Must-have f\u00fcr jeden Fan von schnellen Autos und cleverem Design. Jetzt bauen, entdecken \u2013 und losfahren!<\/p>\n<p data-start=\"1647\" data-end=\"1875\" data-is-last-node=\"\" data-is-only-node=\"\">\n","protected":false},"excerpt":{"rendered":"<p data-start=\"0\" data-end=\"362\">Sp\u00fcre die Leidenschaft f\u00fcr Geschwindigkeit und Technik mit dem LEGO\u00ae Technic 42217 Chevrolet Corvette Stingray in Blau! Dieses beeindruckende Modell bringt den Nervenkitzel der Rennstrecke direkt ins Kinderzimmer. Mit seiner markanten blauen Lackierung, realistischen Funktionen und vielen liebevollen Details begeistert der Flitzer kleine und gro\u00dfe Auto-Fans gleicherma\u00dfen.<\/p>\n<p data-start=\"364\" data-end=\"629\">Beim Bauen erweckst du St\u00fcck f\u00fcr St\u00fcck eine echte Ikone zum Leben \u2013 mit funktionierender Lenkung, beweglichem 8-Zylinder-Motor und aufklappbaren T\u00fcren und Motorhaube. Einmal fertiggestellt, wird aus dem Spielzeug ein echter Blickfang zum Ausstellen und Bewundern.<\/p>\n<p data-start=\"631\" data-end=\"903\" data-is-last-node=\"\" data-is-only-node=\"\">Dieses Set ist mehr als nur ein Spielzeug \u2013 es ist ein Erlebnis f\u00fcr junge T\u00fcftler ab 9 Jahren, das Neugier weckt, technisches Verst\u00e4ndnis f\u00f6rdert und jede Menge Spa\u00df bringt. Die perfekte Geschenkidee f\u00fcr Kinder, die Geschwindigkeit lieben und sich f\u00fcr Mechanik begeistern.<\/p>\n","protected":false},"featured_media":840,"comment_status":"open","ping_status":"closed","template":"","meta":{"_coblocks_attr":"","_coblocks_dimensions":"","_coblocks_responsive_height":"","_coblocks_accordion_ie_support":"","_eb_attr":"","_uag_custom_page_level_css":""},"product_brand":[158],"product_cat":[15],"product_tag":[354,355,356,163,238,357,239],"class_list":{"0":"post-839","1":"product","2":"type-product","3":"status-publish","4":"has-post-thumbnail","6":"product_brand-lego","7":"product_cat-lego","8":"product_tag-354","9":"product_tag-chevrolet","10":"product_tag-corvette","11":"product_tag-lego","12":"product_tag-legotechnic","13":"product_tag-stingray","14":"product_tag-technic","16":"first","17":"outofstock","18":"taxable","19":"shipping-taxable","20":"purchasable","21":"product-type-simple"},"yoast_head":"<!-- This site is optimized with the Yoast SEO plugin v27.4 - https:\/\/yoast.com\/product\/yoast-seo-wordpress\/ -->\n<title>LEGO\u00ae Technic 42217 Chevrolet Corvette Stingray in Blau - Dietz-Internethandel<\/title>\n<meta name=\"description\" content=\"LEGO\u00ae Technic 42217 Chevrolet Corvette Stingray in Blau \u2013 ein detailreiches Modellauto mit funktionierender Lenkung, 8-Zylinder-Motor.\" \/>\n<meta name=\"robots\" content=\"index, follow, max-snippet:-1, max-image-preview:large, max-video-preview:-1\" \/>\n<link rel=\"canonical\" href=\"https:\/\/shop24.dietz-ih.de\/?product=lego-technic-42217-chevrolet-corvette-stingray-in-blau\" \/>\n<meta property=\"og:locale\" content=\"de_DE\" \/>\n<meta property=\"og:type\" content=\"article\" \/>\n<meta property=\"og:title\" content=\"LEGO\u00ae Technic 42217 Chevrolet Corvette Stingray in Blau - Dietz-Internethandel\" \/>\n<meta property=\"og:description\" content=\"LEGO\u00ae Technic 42217 Chevrolet Corvette Stingray in Blau \u2013 ein detailreiches Modellauto mit funktionierender Lenkung, 8-Zylinder-Motor.\" \/>\n<meta property=\"og:url\" content=\"https:\/\/shop24.dietz-ih.de\/?product=lego-technic-42217-chevrolet-corvette-stingray-in-blau\" \/>\n<meta property=\"og:site_name\" content=\"Dietz-Internethandel\" \/>\n<meta property=\"article:publisher\" content=\"https:\/\/www.facebook.com\/profile.php?id=100081292915783\" \/>\n<meta property=\"article:modified_time\" content=\"2026-01-19T12:15:36+00:00\" \/>\n<meta property=\"og:image\" content=\"https:\/\/shop24.dietz-ih.de\/wp-content\/uploads\/2025\/07\/LEGO_42217_1_ergebnis.jpg\" \/>\n\t<meta property=\"og:image:width\" content=\"600\" \/>\n\t<meta property=\"og:image:height\" content=\"600\" \/>\n\t<meta property=\"og:image:type\" content=\"image\/jpeg\" \/>\n<meta name=\"twitter:card\" content=\"summary_large_image\" \/>\n<meta name=\"twitter:label1\" content=\"Gesch\u00e4tzte Lesezeit\" \/>\n\t<meta name=\"twitter:data1\" content=\"3\u00a0Minuten\" \/>\n<script type=\"application\/ld+json\" class=\"yoast-schema-graph\">{\"@context\":\"https:\\\/\\\/schema.org\",\"@graph\":[{\"@type\":\"WebPage\",\"@id\":\"https:\\\/\\\/shop24.dietz-ih.de\\\/?product=lego-technic-42217-chevrolet-corvette-stingray-in-blau\",\"url\":\"https:\\\/\\\/shop24.dietz-ih.de\\\/?product=lego-technic-42217-chevrolet-corvette-stingray-in-blau\",\"name\":\"LEGO\u00ae Technic 42217 Chevrolet Corvette Stingray in Blau - Dietz-Internethandel\",\"isPartOf\":{\"@id\":\"https:\\\/\\\/shop24.dietz-ih.de\\\/#website\"},\"primaryImageOfPage\":{\"@id\":\"https:\\\/\\\/shop24.dietz-ih.de\\\/?product=lego-technic-42217-chevrolet-corvette-stingray-in-blau#primaryimage\"},\"image\":{\"@id\":\"https:\\\/\\\/shop24.dietz-ih.de\\\/?product=lego-technic-42217-chevrolet-corvette-stingray-in-blau#primaryimage\"},\"thumbnailUrl\":\"https:\\\/\\\/i0.wp.com\\\/shop24.dietz-ih.de\\\/wp-content\\\/uploads\\\/2025\\\/07\\\/LEGO_42217_1_ergebnis.jpg?fit=600%2C600&ssl=1\",\"datePublished\":\"2025-07-11T10:39:16+00:00\",\"dateModified\":\"2026-01-19T12:15:36+00:00\",\"description\":\"LEGO\u00ae Technic 42217 Chevrolet Corvette Stingray in Blau \u2013 ein detailreiches Modellauto mit funktionierender Lenkung, 8-Zylinder-Motor.\",\"breadcrumb\":{\"@id\":\"https:\\\/\\\/shop24.dietz-ih.de\\\/?product=lego-technic-42217-chevrolet-corvette-stingray-in-blau#breadcrumb\"},\"inLanguage\":\"de\",\"potentialAction\":[{\"@type\":\"ReadAction\",\"target\":[\"https:\\\/\\\/shop24.dietz-ih.de\\\/?product=lego-technic-42217-chevrolet-corvette-stingray-in-blau\"]}]},{\"@type\":\"ImageObject\",\"inLanguage\":\"de\",\"@id\":\"https:\\\/\\\/shop24.dietz-ih.de\\\/?product=lego-technic-42217-chevrolet-corvette-stingray-in-blau#primaryimage\",\"url\":\"https:\\\/\\\/i0.wp.com\\\/shop24.dietz-ih.de\\\/wp-content\\\/uploads\\\/2025\\\/07\\\/LEGO_42217_1_ergebnis.jpg?fit=600%2C600&ssl=1\",\"contentUrl\":\"https:\\\/\\\/i0.wp.com\\\/shop24.dietz-ih.de\\\/wp-content\\\/uploads\\\/2025\\\/07\\\/LEGO_42217_1_ergebnis.jpg?fit=600%2C600&ssl=1\",\"width\":600,\"height\":600},{\"@type\":\"BreadcrumbList\",\"@id\":\"https:\\\/\\\/shop24.dietz-ih.de\\\/?product=lego-technic-42217-chevrolet-corvette-stingray-in-blau#breadcrumb\",\"itemListElement\":[{\"@type\":\"ListItem\",\"position\":1,\"name\":\"Startseite\",\"item\":\"https:\\\/\\\/shop24.dietz-ih.de\\\/\"},{\"@type\":\"ListItem\",\"position\":2,\"name\":\"Shop\",\"item\":\"https:\\\/\\\/shop24.dietz-ih.de\\\/?page_id=7\"},{\"@type\":\"ListItem\",\"position\":3,\"name\":\"LEGO\u00ae Technic 42217 Chevrolet Corvette Stingray in Blau\"}]},{\"@type\":\"WebSite\",\"@id\":\"https:\\\/\\\/shop24.dietz-ih.de\\\/#website\",\"url\":\"https:\\\/\\\/shop24.dietz-ih.de\\\/\",\"name\":\"Dietz-Internethandel\",\"description\":\"\",\"publisher\":{\"@id\":\"https:\\\/\\\/shop24.dietz-ih.de\\\/#organization\"},\"potentialAction\":[{\"@type\":\"SearchAction\",\"target\":{\"@type\":\"EntryPoint\",\"urlTemplate\":\"https:\\\/\\\/shop24.dietz-ih.de\\\/?s={search_term_string}\"},\"query-input\":{\"@type\":\"PropertyValueSpecification\",\"valueRequired\":true,\"valueName\":\"search_term_string\"}}],\"inLanguage\":\"de\"},{\"@type\":\"Organization\",\"@id\":\"https:\\\/\\\/shop24.dietz-ih.de\\\/#organization\",\"name\":\"Dietz-Internethandel\",\"url\":\"https:\\\/\\\/shop24.dietz-ih.de\\\/\",\"logo\":{\"@type\":\"ImageObject\",\"inLanguage\":\"de\",\"@id\":\"https:\\\/\\\/shop24.dietz-ih.de\\\/#\\\/schema\\\/logo\\\/image\\\/\",\"url\":\"https:\\\/\\\/i0.wp.com\\\/shop24.dietz-ih.de\\\/wp-content\\\/uploads\\\/2025\\\/06\\\/Ein-Logo-fuer-einen-Onlineshop-mit-Spielzeug.-Der-Buchstabe-D-soll-drauf-sein.-Farblich_-Gruen-Warmgelb-und-Lachs.-Und-bitte-als-ausgeschnittene-Datei-Photoroom-2.png?fit=1120%2C1120&ssl=1\",\"contentUrl\":\"https:\\\/\\\/i0.wp.com\\\/shop24.dietz-ih.de\\\/wp-content\\\/uploads\\\/2025\\\/06\\\/Ein-Logo-fuer-einen-Onlineshop-mit-Spielzeug.-Der-Buchstabe-D-soll-drauf-sein.-Farblich_-Gruen-Warmgelb-und-Lachs.-Und-bitte-als-ausgeschnittene-Datei-Photoroom-2.png?fit=1120%2C1120&ssl=1\",\"width\":1120,\"height\":1120,\"caption\":\"Dietz-Internethandel\"},\"image\":{\"@id\":\"https:\\\/\\\/shop24.dietz-ih.de\\\/#\\\/schema\\\/logo\\\/image\\\/\"},\"sameAs\":[\"https:\\\/\\\/www.facebook.com\\\/profile.php?id=100081292915783\",\"https:\\\/\\\/www.instagram.com\\\/dietz_internethandel\\\/\"]}]}<\/script>\n<!-- \/ Yoast SEO plugin. -->","yoast_head_json":{"title":"LEGO\u00ae Technic 42217 Chevrolet Corvette Stingray in Blau - Dietz-Internethandel","description":"LEGO\u00ae Technic 42217 Chevrolet Corvette Stingray in Blau \u2013 ein detailreiches Modellauto mit funktionierender Lenkung, 8-Zylinder-Motor.","robots":{"index":"index","follow":"follow","max-snippet":"max-snippet:-1","max-image-preview":"max-image-preview:large","max-video-preview":"max-video-preview:-1"},"canonical":"https:\/\/shop24.dietz-ih.de\/?product=lego-technic-42217-chevrolet-corvette-stingray-in-blau","og_locale":"de_DE","og_type":"article","og_title":"LEGO\u00ae Technic 42217 Chevrolet Corvette Stingray in Blau - Dietz-Internethandel","og_description":"LEGO\u00ae Technic 42217 Chevrolet Corvette Stingray in Blau \u2013 ein detailreiches Modellauto mit funktionierender Lenkung, 8-Zylinder-Motor.","og_url":"https:\/\/shop24.dietz-ih.de\/?product=lego-technic-42217-chevrolet-corvette-stingray-in-blau","og_site_name":"Dietz-Internethandel","article_publisher":"https:\/\/www.facebook.com\/profile.php?id=100081292915783","article_modified_time":"2026-01-19T12:15:36+00:00","og_image":[{"width":600,"height":600,"url":"https:\/\/shop24.dietz-ih.de\/wp-content\/uploads\/2025\/07\/LEGO_42217_1_ergebnis.jpg","type":"image\/jpeg"}],"twitter_card":"summary_large_image","twitter_misc":{"Gesch\u00e4tzte Lesezeit":"3\u00a0Minuten"},"schema":{"@context":"https:\/\/schema.org","@graph":[{"@type":"WebPage","@id":"https:\/\/shop24.dietz-ih.de\/?product=lego-technic-42217-chevrolet-corvette-stingray-in-blau","url":"https:\/\/shop24.dietz-ih.de\/?product=lego-technic-42217-chevrolet-corvette-stingray-in-blau","name":"LEGO\u00ae Technic 42217 Chevrolet Corvette Stingray in Blau - Dietz-Internethandel","isPartOf":{"@id":"https:\/\/shop24.dietz-ih.de\/#website"},"primaryImageOfPage":{"@id":"https:\/\/shop24.dietz-ih.de\/?product=lego-technic-42217-chevrolet-corvette-stingray-in-blau#primaryimage"},"image":{"@id":"https:\/\/shop24.dietz-ih.de\/?product=lego-technic-42217-chevrolet-corvette-stingray-in-blau#primaryimage"},"thumbnailUrl":"https:\/\/i0.wp.com\/shop24.dietz-ih.de\/wp-content\/uploads\/2025\/07\/LEGO_42217_1_ergebnis.jpg?fit=600%2C600&ssl=1","datePublished":"2025-07-11T10:39:16+00:00","dateModified":"2026-01-19T12:15:36+00:00","description":"LEGO\u00ae Technic 42217 Chevrolet Corvette Stingray in Blau \u2013 ein detailreiches Modellauto mit funktionierender Lenkung, 8-Zylinder-Motor.","breadcrumb":{"@id":"https:\/\/shop24.dietz-ih.de\/?product=lego-technic-42217-chevrolet-corvette-stingray-in-blau#breadcrumb"},"inLanguage":"de","potentialAction":[{"@type":"ReadAction","target":["https:\/\/shop24.dietz-ih.de\/?product=lego-technic-42217-chevrolet-corvette-stingray-in-blau"]}]},{"@type":"ImageObject","inLanguage":"de","@id":"https:\/\/shop24.dietz-ih.de\/?product=lego-technic-42217-chevrolet-corvette-stingray-in-blau#primaryimage","url":"https:\/\/i0.wp.com\/shop24.dietz-ih.de\/wp-content\/uploads\/2025\/07\/LEGO_42217_1_ergebnis.jpg?fit=600%2C600&ssl=1","contentUrl":"https:\/\/i0.wp.com\/shop24.dietz-ih.de\/wp-content\/uploads\/2025\/07\/LEGO_42217_1_ergebnis.jpg?fit=600%2C600&ssl=1","width":600,"height":600},{"@type":"BreadcrumbList","@id":"https:\/\/shop24.dietz-ih.de\/?product=lego-technic-42217-chevrolet-corvette-stingray-in-blau#breadcrumb","itemListElement":[{"@type":"ListItem","position":1,"name":"Startseite","item":"https:\/\/shop24.dietz-ih.de\/"},{"@type":"ListItem","position":2,"name":"Shop","item":"https:\/\/shop24.dietz-ih.de\/?page_id=7"},{"@type":"ListItem","position":3,"name":"LEGO\u00ae Technic 42217 Chevrolet Corvette Stingray in Blau"}]},{"@type":"WebSite","@id":"https:\/\/shop24.dietz-ih.de\/#website","url":"https:\/\/shop24.dietz-ih.de\/","name":"Dietz-Internethandel","description":"","publisher":{"@id":"https:\/\/shop24.dietz-ih.de\/#organization"},"potentialAction":[{"@type":"SearchAction","target":{"@type":"EntryPoint","urlTemplate":"https:\/\/shop24.dietz-ih.de\/?s={search_term_string}"},"query-input":{"@type":"PropertyValueSpecification","valueRequired":true,"valueName":"search_term_string"}}],"inLanguage":"de"},{"@type":"Organization","@id":"https:\/\/shop24.dietz-ih.de\/#organization","name":"Dietz-Internethandel","url":"https:\/\/shop24.dietz-ih.de\/","logo":{"@type":"ImageObject","inLanguage":"de","@id":"https:\/\/shop24.dietz-ih.de\/#\/schema\/logo\/image\/","url":"https:\/\/i0.wp.com\/shop24.dietz-ih.de\/wp-content\/uploads\/2025\/06\/Ein-Logo-fuer-einen-Onlineshop-mit-Spielzeug.-Der-Buchstabe-D-soll-drauf-sein.-Farblich_-Gruen-Warmgelb-und-Lachs.-Und-bitte-als-ausgeschnittene-Datei-Photoroom-2.png?fit=1120%2C1120&ssl=1","contentUrl":"https:\/\/i0.wp.com\/shop24.dietz-ih.de\/wp-content\/uploads\/2025\/06\/Ein-Logo-fuer-einen-Onlineshop-mit-Spielzeug.-Der-Buchstabe-D-soll-drauf-sein.-Farblich_-Gruen-Warmgelb-und-Lachs.-Und-bitte-als-ausgeschnittene-Datei-Photoroom-2.png?fit=1120%2C1120&ssl=1","width":1120,"height":1120,"caption":"Dietz-Internethandel"},"image":{"@id":"https:\/\/shop24.dietz-ih.de\/#\/schema\/logo\/image\/"},"sameAs":["https:\/\/www.facebook.com\/profile.php?id=100081292915783","https:\/\/www.instagram.com\/dietz_internethandel\/"]}]}},"uagb_featured_image_src":{"full":["https:\/\/i0.wp.com\/shop24.dietz-ih.de\/wp-content\/uploads\/2025\/07\/LEGO_42217_1_ergebnis.jpg?fit=600%2C600&ssl=1",600,600,false],"thumbnail":["https:\/\/i0.wp.com\/shop24.dietz-ih.de\/wp-content\/uploads\/2025\/07\/LEGO_42217_1_ergebnis.jpg?resize=150%2C150&ssl=1",150,150,true],"medium":["https:\/\/i0.wp.com\/shop24.dietz-ih.de\/wp-content\/uploads\/2025\/07\/LEGO_42217_1_ergebnis.jpg?fit=300%2C300&ssl=1",300,300,true],"medium_large":["https:\/\/i0.wp.com\/shop24.dietz-ih.de\/wp-content\/uploads\/2025\/07\/LEGO_42217_1_ergebnis.jpg?fit=600%2C600&ssl=1",600,600,true],"large":["https:\/\/i0.wp.com\/shop24.dietz-ih.de\/wp-content\/uploads\/2025\/07\/LEGO_42217_1_ergebnis.jpg?fit=600%2C600&ssl=1",600,600,true],"gs-tiny":["https:\/\/i0.wp.com\/shop24.dietz-ih.de\/wp-content\/uploads\/2025\/07\/LEGO_42217_1_ergebnis.jpg?fit=50%2C50&ssl=1",50,50,true],"xl":["https:\/\/i0.wp.com\/shop24.dietz-ih.de\/wp-content\/uploads\/2025\/07\/LEGO_42217_1_ergebnis.jpg?fit=600%2C600&ssl=1",600,600,true],"xxl":["https:\/\/i0.wp.com\/shop24.dietz-ih.de\/wp-content\/uploads\/2025\/07\/LEGO_42217_1_ergebnis.jpg?fit=600%2C600&ssl=1",600,600,true],"xxxl":["https:\/\/i0.wp.com\/shop24.dietz-ih.de\/wp-content\/uploads\/2025\/07\/LEGO_42217_1_ergebnis.jpg?fit=600%2C600&ssl=1",600,600,true],"xxxxl":["https:\/\/i0.wp.com\/shop24.dietz-ih.de\/wp-content\/uploads\/2025\/07\/LEGO_42217_1_ergebnis.jpg?fit=600%2C600&ssl=1",600,600,true],"xxxxxl":["https:\/\/i0.wp.com\/shop24.dietz-ih.de\/wp-content\/uploads\/2025\/07\/LEGO_42217_1_ergebnis.jpg?fit=600%2C600&ssl=1",600,600,true],"1536x1536":["https:\/\/i0.wp.com\/shop24.dietz-ih.de\/wp-content\/uploads\/2025\/07\/LEGO_42217_1_ergebnis.jpg?fit=600%2C600&ssl=1",600,600,true],"2048x2048":["https:\/\/i0.wp.com\/shop24.dietz-ih.de\/wp-content\/uploads\/2025\/07\/LEGO_42217_1_ergebnis.jpg?fit=600%2C600&ssl=1",600,600,true],"woocommerce_thumbnail":["https:\/\/i0.wp.com\/shop24.dietz-ih.de\/wp-content\/uploads\/2025\/07\/LEGO_42217_1_ergebnis.jpg?resize=600%2C600&ssl=1",600,600,true],"woocommerce_single":["https:\/\/i0.wp.com\/shop24.dietz-ih.de\/wp-content\/uploads\/2025\/07\/LEGO_42217_1_ergebnis.jpg?fit=600%2C600&ssl=1",600,600,true],"woocommerce_gallery_thumbnail":["https:\/\/i0.wp.com\/shop24.dietz-ih.de\/wp-content\/uploads\/2025\/07\/LEGO_42217_1_ergebnis.jpg?resize=100%2C100&ssl=1",100,100,true]},"uagb_author_info":{"display_name":"admin","author_link":"https:\/\/shop24.dietz-ih.de\/?author=0"},"uagb_comment_info":0,"uagb_excerpt":"Sp\u00fcre die Leidenschaft f\u00fcr Geschwindigkeit und Technik mit dem LEGO\u00ae Technic 42217 Chevrolet Corvette Stingray in Blau! Dieses beeindruckende Modell bringt den Nervenkitzel der Rennstrecke direkt ins Kinderzimmer. Mit seiner markanten blauen Lackierung, realistischen Funktionen und vielen liebevollen Details begeistert der Flitzer kleine und gro\u00dfe Auto-Fans gleicherma\u00dfen. Beim Bauen erweckst du St\u00fcck f\u00fcr St\u00fcck eine&hellip;","jetpack_sharing_enabled":true,"_links":{"self":[{"href":"https:\/\/shop24.dietz-ih.de\/index.php?rest_route=\/wp\/v2\/product\/839","targetHints":{"allow":["GET"]}}],"collection":[{"href":"https:\/\/shop24.dietz-ih.de\/index.php?rest_route=\/wp\/v2\/product"}],"about":[{"href":"https:\/\/shop24.dietz-ih.de\/index.php?rest_route=\/wp\/v2\/types\/product"}],"replies":[{"embeddable":true,"href":"https:\/\/shop24.dietz-ih.de\/index.php?rest_route=%2Fwp%2Fv2%2Fcomments&post=839"}],"wp:featuredmedia":[{"embeddable":true,"href":"https:\/\/shop24.dietz-ih.de\/index.php?rest_route=\/wp\/v2\/media\/840"}],"wp:attachment":[{"href":"https:\/\/shop24.dietz-ih.de\/index.php?rest_route=%2Fwp%2Fv2%2Fmedia&parent=839"}],"wp:term":[{"taxonomy":"product_brand","embeddable":true,"href":"https:\/\/shop24.dietz-ih.de\/index.php?rest_route=%2Fwp%2Fv2%2Fproduct_brand&post=839"},{"taxonomy":"product_cat","embeddable":true,"href":"https:\/\/shop24.dietz-ih.de\/index.php?rest_route=%2Fwp%2Fv2%2Fproduct_cat&post=839"},{"taxonomy":"product_tag","embeddable":true,"href":"https:\/\/shop24.dietz-ih.de\/index.php?rest_route=%2Fwp%2Fv2%2Fproduct_tag&post=839"}],"curies":[{"name":"wp","href":"https:\/\/api.w.org\/{rel}","templated":true}]}}