{"id":874,"date":"2025-07-11T13:31:54","date_gmt":"2025-07-11T11:31:54","guid":{"rendered":"https:\/\/shop24.dietz-ih.de\/?post_type=product&#038;p=874"},"modified":"2026-01-19T13:06:28","modified_gmt":"2026-01-19T12:06:28","slug":"lego-ninjago-71843-rogues-mech-drachenreiter","status":"publish","type":"product","link":"https:\/\/shop24.dietz-ih.de\/?product=lego-ninjago-71843-rogues-mech-drachenreiter","title":{"rendered":"LEGO NINJAGO 71843 Rogues Mech-Drachenreiter"},"content":{"rendered":"<h3 data-start=\"176\" data-end=\"291\">Mit dem LEGO NINJAGO 71843 Rogues Mech-Drachenreiter \u2013 Fantasie, Action und Drachenpower f\u00fcr Kinder ab 8 Jahren<\/h3>\n<p data-start=\"293\" data-end=\"629\"><strong data-start=\"293\" data-end=\"349\">Mit dem LEGO NINJAGO 71843 Rogues Mech-Drachenreiter<\/strong> erleben Kinder ab 8 Jahren eine v\u00f6llig neue Dimension des Spielens. Dieses hochwertige LEGO Set basiert auf der dritten Staffel der beliebten TV-Serie <em data-start=\"501\" data-end=\"532\">NINJAGO: Aufstieg der Drachen<\/em> und l\u00e4dt zu spannenden K\u00e4mpfen zwischen Gut und B\u00f6se ein \u2013 sowohl am Boden als auch in der Luft.<\/p>\n<p data-start=\"631\" data-end=\"1041\">Das Herzst\u00fcck dieses NINJAGO Sets sind zwei m\u00e4chtige Figuren: ein beweglicher Mech und der allererste NINJAGO Roboterdrachen. Beide Modelle lassen sich einzeln bespielen oder zu einer ultimativen Actionfigur kombinieren \u2013 dem beeindruckenden Rogues Mech-Drachenreiter. Die Kombination aus Technik, Beweglichkeit und Drachenoptik sorgt f\u00fcr stundenlangen Spielspa\u00df und f\u00f6rdert Kreativit\u00e4t, Geschick und Fantasie.<\/p>\n<p data-start=\"1043\" data-end=\"1339\">Der Mech ist mit beweglichen Armen und Beinen sowie einer aufklappbaren Brust ausgestattet, die Platz f\u00fcr eine Minifigur samt Schwert bietet. Der Drache verf\u00fcgt \u00fcber bewegliche Fl\u00fcgel, Beine, Kopf, Kiefer und Schwanz. Mit seinem riesigen Schwert wird er zum imposanten Gegner in jeder Spielszene.<\/p>\n<p data-start=\"1341\" data-end=\"1719\">Das LEGO NINJAGO 71843 Set enth\u00e4lt au\u00dferdem vier detailreiche Minifiguren: die Helden <strong data-start=\"1427\" data-end=\"1436\">Rogue<\/strong> und <strong data-start=\"1441\" data-end=\"1449\">Arin<\/strong>, sowie die Gegenspieler <strong data-start=\"1474\" data-end=\"1481\">Rox<\/strong> und einen <strong data-start=\"1492\" data-end=\"1517\">Geisterdrachenk\u00e4mpfer<\/strong>. Ein besonderes Highlight: Das Banner der B\u00f6sewichte enth\u00e4lt eine geheime Botschaft, die nur mit Arins Enth\u00fcllungsklinge entschl\u00fcsselt werden kann \u2013 ein tolles, interaktives Extra f\u00fcr kleine Entdecker.<\/p>\n<p data-start=\"1721\" data-end=\"1971\">Dieses Set ist zudem kompatibel mit anderen NINJAGO Bausets. Kinder k\u00f6nnen beispielsweise den <strong data-start=\"1815\" data-end=\"1848\">Kais Sturmreiter-Mech (71830)<\/strong> oder das <strong data-start=\"1858\" data-end=\"1888\">Kais Mech-Bike EVO (71783)<\/strong> auf dem Drachenr\u00fccken befestigen \u2013 f\u00fcr noch gr\u00f6\u00dfere Schlachten und Spielabenteuer.<\/p>\n<p data-start=\"1973\" data-end=\"2145\">Dank der kostenlosen <strong data-start=\"1994\" data-end=\"2014\">LEGO Builder App<\/strong> wird der Aufbau zum digitalen und spannenden Erlebnis mit Schritt-f\u00fcr-Schritt-Anleitung in 3D \u2013 perfekt f\u00fcr junge Baumeisterinnen und Baumeister.<\/p>\n<p data-start=\"1973\" data-end=\"2145\"><strong data-start=\"2535\" data-end=\"2591\">Mit dem LEGO NINJAGO 71843 Rogues Mech-Drachenreiter<\/strong> verschenkst du nicht nur ein Spielzeug \u2013 sondern den Eintritt in eine Welt voller Mut, Magie und Abenteuer.<\/p>\n","protected":false},"excerpt":{"rendered":"<p>Erlebe mit dem <strong data-start=\"15\" data-end=\"67\">LEGO\u00ae NINJAGO\u00ae 71843 Rogues Mech-Drachenreiter\u00a0<\/strong> pure Abenteuerlust und Drachenmagie! Tauche ein in die aufregende Welt von NINJAGO und f\u00fchle, wie Mut und Freundschaft in jedem Kampf lebendig werden. Kombiniere den kraftvollen Mech mit dem beeindruckenden Roboterdrachen und stelle packende Szenen aus der Serie <em data-start=\"331\" data-end=\"353\">Aufstieg der Drachen<\/em> nach. Mit beweglichen Gliedern, geheimen Botschaften und vier detailreichen Minifiguren bietet dieses Set grenzenlosen Spielspa\u00df f\u00fcr Kinder ab 8 Jahren. Lass deiner Fantasie freien Lauf und werde zum Helden in deiner eigenen Ninja-Geschichte!<\/p>\n","protected":false},"featured_media":875,"comment_status":"open","ping_status":"closed","template":"","meta":{"_coblocks_attr":"","_coblocks_dimensions":"","_coblocks_responsive_height":"","_coblocks_accordion_ie_support":"","_eb_attr":"","_uag_custom_page_level_css":""},"product_brand":[158],"product_cat":[15],"product_tag":[163,208,377,209,376],"class_list":{"0":"post-874","1":"product","2":"type-product","3":"status-publish","4":"has-post-thumbnail","6":"product_brand-lego","7":"product_cat-lego","8":"product_tag-lego","9":"product_tag-legoninjago","10":"product_tag-mech-drachenreiter","11":"product_tag-ninjago","12":"product_tag-rogues","14":"first","15":"outofstock","16":"taxable","17":"shipping-taxable","18":"purchasable","19":"product-type-simple"},"yoast_head":"<!-- This site is optimized with the Yoast SEO plugin v27.4 - https:\/\/yoast.com\/product\/yoast-seo-wordpress\/ -->\n<title>LEGO NINJAGO 71843 Rogues Mech-Drachenreiter - Dietz-Internethandel<\/title>\n<meta name=\"description\" content=\"Erlebe actionreiche Abenteuer! Kombiniere Mech und Roboterdrachen, entdecke geheime Botschaften und spiele Szenen aus der Serie Aufstieg der Drachen nach.\" \/>\n<meta name=\"robots\" content=\"index, follow, max-snippet:-1, max-image-preview:large, max-video-preview:-1\" \/>\n<link rel=\"canonical\" href=\"https:\/\/shop24.dietz-ih.de\/?product=lego-ninjago-71843-rogues-mech-drachenreiter\" \/>\n<meta property=\"og:locale\" content=\"de_DE\" \/>\n<meta property=\"og:type\" content=\"article\" \/>\n<meta property=\"og:title\" content=\"LEGO NINJAGO 71843 Rogues Mech-Drachenreiter - Dietz-Internethandel\" \/>\n<meta property=\"og:description\" content=\"Erlebe actionreiche Abenteuer! Kombiniere Mech und Roboterdrachen, entdecke geheime Botschaften und spiele Szenen aus der Serie Aufstieg der Drachen nach.\" \/>\n<meta property=\"og:url\" content=\"https:\/\/shop24.dietz-ih.de\/?product=lego-ninjago-71843-rogues-mech-drachenreiter\" \/>\n<meta property=\"og:site_name\" content=\"Dietz-Internethandel\" \/>\n<meta property=\"article:publisher\" content=\"https:\/\/www.facebook.com\/profile.php?id=100081292915783\" \/>\n<meta property=\"article:modified_time\" content=\"2026-01-19T12:06:28+00:00\" \/>\n<meta property=\"og:image\" content=\"https:\/\/shop24.dietz-ih.de\/wp-content\/uploads\/2025\/07\/LEGO_71843_1_ergebnis.jpg\" \/>\n\t<meta property=\"og:image:width\" content=\"600\" \/>\n\t<meta property=\"og:image:height\" content=\"600\" \/>\n\t<meta property=\"og:image:type\" content=\"image\/jpeg\" \/>\n<meta name=\"twitter:card\" content=\"summary_large_image\" \/>\n<meta name=\"twitter:label1\" content=\"Gesch\u00e4tzte Lesezeit\" \/>\n\t<meta name=\"twitter:data1\" content=\"2\u00a0Minuten\" \/>\n<script type=\"application\/ld+json\" class=\"yoast-schema-graph\">{\"@context\":\"https:\\\/\\\/schema.org\",\"@graph\":[{\"@type\":\"WebPage\",\"@id\":\"https:\\\/\\\/shop24.dietz-ih.de\\\/?product=lego-ninjago-71843-rogues-mech-drachenreiter\",\"url\":\"https:\\\/\\\/shop24.dietz-ih.de\\\/?product=lego-ninjago-71843-rogues-mech-drachenreiter\",\"name\":\"LEGO NINJAGO 71843 Rogues Mech-Drachenreiter - Dietz-Internethandel\",\"isPartOf\":{\"@id\":\"https:\\\/\\\/shop24.dietz-ih.de\\\/#website\"},\"primaryImageOfPage\":{\"@id\":\"https:\\\/\\\/shop24.dietz-ih.de\\\/?product=lego-ninjago-71843-rogues-mech-drachenreiter#primaryimage\"},\"image\":{\"@id\":\"https:\\\/\\\/shop24.dietz-ih.de\\\/?product=lego-ninjago-71843-rogues-mech-drachenreiter#primaryimage\"},\"thumbnailUrl\":\"https:\\\/\\\/i0.wp.com\\\/shop24.dietz-ih.de\\\/wp-content\\\/uploads\\\/2025\\\/07\\\/LEGO_71843_1_ergebnis.jpg?fit=600%2C600&ssl=1\",\"datePublished\":\"2025-07-11T11:31:54+00:00\",\"dateModified\":\"2026-01-19T12:06:28+00:00\",\"description\":\"Erlebe actionreiche Abenteuer! Kombiniere Mech und Roboterdrachen, entdecke geheime Botschaften und spiele Szenen aus der Serie Aufstieg der Drachen nach.\",\"breadcrumb\":{\"@id\":\"https:\\\/\\\/shop24.dietz-ih.de\\\/?product=lego-ninjago-71843-rogues-mech-drachenreiter#breadcrumb\"},\"inLanguage\":\"de\",\"potentialAction\":[{\"@type\":\"ReadAction\",\"target\":[\"https:\\\/\\\/shop24.dietz-ih.de\\\/?product=lego-ninjago-71843-rogues-mech-drachenreiter\"]}]},{\"@type\":\"ImageObject\",\"inLanguage\":\"de\",\"@id\":\"https:\\\/\\\/shop24.dietz-ih.de\\\/?product=lego-ninjago-71843-rogues-mech-drachenreiter#primaryimage\",\"url\":\"https:\\\/\\\/i0.wp.com\\\/shop24.dietz-ih.de\\\/wp-content\\\/uploads\\\/2025\\\/07\\\/LEGO_71843_1_ergebnis.jpg?fit=600%2C600&ssl=1\",\"contentUrl\":\"https:\\\/\\\/i0.wp.com\\\/shop24.dietz-ih.de\\\/wp-content\\\/uploads\\\/2025\\\/07\\\/LEGO_71843_1_ergebnis.jpg?fit=600%2C600&ssl=1\",\"width\":600,\"height\":600},{\"@type\":\"BreadcrumbList\",\"@id\":\"https:\\\/\\\/shop24.dietz-ih.de\\\/?product=lego-ninjago-71843-rogues-mech-drachenreiter#breadcrumb\",\"itemListElement\":[{\"@type\":\"ListItem\",\"position\":1,\"name\":\"Startseite\",\"item\":\"https:\\\/\\\/shop24.dietz-ih.de\\\/\"},{\"@type\":\"ListItem\",\"position\":2,\"name\":\"Shop\",\"item\":\"https:\\\/\\\/shop24.dietz-ih.de\\\/?page_id=7\"},{\"@type\":\"ListItem\",\"position\":3,\"name\":\"LEGO NINJAGO 71843 Rogues Mech-Drachenreiter\"}]},{\"@type\":\"WebSite\",\"@id\":\"https:\\\/\\\/shop24.dietz-ih.de\\\/#website\",\"url\":\"https:\\\/\\\/shop24.dietz-ih.de\\\/\",\"name\":\"Dietz-Internethandel\",\"description\":\"\",\"publisher\":{\"@id\":\"https:\\\/\\\/shop24.dietz-ih.de\\\/#organization\"},\"potentialAction\":[{\"@type\":\"SearchAction\",\"target\":{\"@type\":\"EntryPoint\",\"urlTemplate\":\"https:\\\/\\\/shop24.dietz-ih.de\\\/?s={search_term_string}\"},\"query-input\":{\"@type\":\"PropertyValueSpecification\",\"valueRequired\":true,\"valueName\":\"search_term_string\"}}],\"inLanguage\":\"de\"},{\"@type\":\"Organization\",\"@id\":\"https:\\\/\\\/shop24.dietz-ih.de\\\/#organization\",\"name\":\"Dietz-Internethandel\",\"url\":\"https:\\\/\\\/shop24.dietz-ih.de\\\/\",\"logo\":{\"@type\":\"ImageObject\",\"inLanguage\":\"de\",\"@id\":\"https:\\\/\\\/shop24.dietz-ih.de\\\/#\\\/schema\\\/logo\\\/image\\\/\",\"url\":\"https:\\\/\\\/i0.wp.com\\\/shop24.dietz-ih.de\\\/wp-content\\\/uploads\\\/2025\\\/06\\\/Ein-Logo-fuer-einen-Onlineshop-mit-Spielzeug.-Der-Buchstabe-D-soll-drauf-sein.-Farblich_-Gruen-Warmgelb-und-Lachs.-Und-bitte-als-ausgeschnittene-Datei-Photoroom-2.png?fit=1120%2C1120&ssl=1\",\"contentUrl\":\"https:\\\/\\\/i0.wp.com\\\/shop24.dietz-ih.de\\\/wp-content\\\/uploads\\\/2025\\\/06\\\/Ein-Logo-fuer-einen-Onlineshop-mit-Spielzeug.-Der-Buchstabe-D-soll-drauf-sein.-Farblich_-Gruen-Warmgelb-und-Lachs.-Und-bitte-als-ausgeschnittene-Datei-Photoroom-2.png?fit=1120%2C1120&ssl=1\",\"width\":1120,\"height\":1120,\"caption\":\"Dietz-Internethandel\"},\"image\":{\"@id\":\"https:\\\/\\\/shop24.dietz-ih.de\\\/#\\\/schema\\\/logo\\\/image\\\/\"},\"sameAs\":[\"https:\\\/\\\/www.facebook.com\\\/profile.php?id=100081292915783\",\"https:\\\/\\\/www.instagram.com\\\/dietz_internethandel\\\/\"]}]}<\/script>\n<!-- \/ Yoast SEO plugin. -->","yoast_head_json":{"title":"LEGO NINJAGO 71843 Rogues Mech-Drachenreiter - Dietz-Internethandel","description":"Erlebe actionreiche Abenteuer! Kombiniere Mech und Roboterdrachen, entdecke geheime Botschaften und spiele Szenen aus der Serie Aufstieg der Drachen nach.","robots":{"index":"index","follow":"follow","max-snippet":"max-snippet:-1","max-image-preview":"max-image-preview:large","max-video-preview":"max-video-preview:-1"},"canonical":"https:\/\/shop24.dietz-ih.de\/?product=lego-ninjago-71843-rogues-mech-drachenreiter","og_locale":"de_DE","og_type":"article","og_title":"LEGO NINJAGO 71843 Rogues Mech-Drachenreiter - Dietz-Internethandel","og_description":"Erlebe actionreiche Abenteuer! Kombiniere Mech und Roboterdrachen, entdecke geheime Botschaften und spiele Szenen aus der Serie Aufstieg der Drachen nach.","og_url":"https:\/\/shop24.dietz-ih.de\/?product=lego-ninjago-71843-rogues-mech-drachenreiter","og_site_name":"Dietz-Internethandel","article_publisher":"https:\/\/www.facebook.com\/profile.php?id=100081292915783","article_modified_time":"2026-01-19T12:06:28+00:00","og_image":[{"width":600,"height":600,"url":"https:\/\/shop24.dietz-ih.de\/wp-content\/uploads\/2025\/07\/LEGO_71843_1_ergebnis.jpg","type":"image\/jpeg"}],"twitter_card":"summary_large_image","twitter_misc":{"Gesch\u00e4tzte Lesezeit":"2\u00a0Minuten"},"schema":{"@context":"https:\/\/schema.org","@graph":[{"@type":"WebPage","@id":"https:\/\/shop24.dietz-ih.de\/?product=lego-ninjago-71843-rogues-mech-drachenreiter","url":"https:\/\/shop24.dietz-ih.de\/?product=lego-ninjago-71843-rogues-mech-drachenreiter","name":"LEGO NINJAGO 71843 Rogues Mech-Drachenreiter - Dietz-Internethandel","isPartOf":{"@id":"https:\/\/shop24.dietz-ih.de\/#website"},"primaryImageOfPage":{"@id":"https:\/\/shop24.dietz-ih.de\/?product=lego-ninjago-71843-rogues-mech-drachenreiter#primaryimage"},"image":{"@id":"https:\/\/shop24.dietz-ih.de\/?product=lego-ninjago-71843-rogues-mech-drachenreiter#primaryimage"},"thumbnailUrl":"https:\/\/i0.wp.com\/shop24.dietz-ih.de\/wp-content\/uploads\/2025\/07\/LEGO_71843_1_ergebnis.jpg?fit=600%2C600&ssl=1","datePublished":"2025-07-11T11:31:54+00:00","dateModified":"2026-01-19T12:06:28+00:00","description":"Erlebe actionreiche Abenteuer! Kombiniere Mech und Roboterdrachen, entdecke geheime Botschaften und spiele Szenen aus der Serie Aufstieg der Drachen nach.","breadcrumb":{"@id":"https:\/\/shop24.dietz-ih.de\/?product=lego-ninjago-71843-rogues-mech-drachenreiter#breadcrumb"},"inLanguage":"de","potentialAction":[{"@type":"ReadAction","target":["https:\/\/shop24.dietz-ih.de\/?product=lego-ninjago-71843-rogues-mech-drachenreiter"]}]},{"@type":"ImageObject","inLanguage":"de","@id":"https:\/\/shop24.dietz-ih.de\/?product=lego-ninjago-71843-rogues-mech-drachenreiter#primaryimage","url":"https:\/\/i0.wp.com\/shop24.dietz-ih.de\/wp-content\/uploads\/2025\/07\/LEGO_71843_1_ergebnis.jpg?fit=600%2C600&ssl=1","contentUrl":"https:\/\/i0.wp.com\/shop24.dietz-ih.de\/wp-content\/uploads\/2025\/07\/LEGO_71843_1_ergebnis.jpg?fit=600%2C600&ssl=1","width":600,"height":600},{"@type":"BreadcrumbList","@id":"https:\/\/shop24.dietz-ih.de\/?product=lego-ninjago-71843-rogues-mech-drachenreiter#breadcrumb","itemListElement":[{"@type":"ListItem","position":1,"name":"Startseite","item":"https:\/\/shop24.dietz-ih.de\/"},{"@type":"ListItem","position":2,"name":"Shop","item":"https:\/\/shop24.dietz-ih.de\/?page_id=7"},{"@type":"ListItem","position":3,"name":"LEGO NINJAGO 71843 Rogues Mech-Drachenreiter"}]},{"@type":"WebSite","@id":"https:\/\/shop24.dietz-ih.de\/#website","url":"https:\/\/shop24.dietz-ih.de\/","name":"Dietz-Internethandel","description":"","publisher":{"@id":"https:\/\/shop24.dietz-ih.de\/#organization"},"potentialAction":[{"@type":"SearchAction","target":{"@type":"EntryPoint","urlTemplate":"https:\/\/shop24.dietz-ih.de\/?s={search_term_string}"},"query-input":{"@type":"PropertyValueSpecification","valueRequired":true,"valueName":"search_term_string"}}],"inLanguage":"de"},{"@type":"Organization","@id":"https:\/\/shop24.dietz-ih.de\/#organization","name":"Dietz-Internethandel","url":"https:\/\/shop24.dietz-ih.de\/","logo":{"@type":"ImageObject","inLanguage":"de","@id":"https:\/\/shop24.dietz-ih.de\/#\/schema\/logo\/image\/","url":"https:\/\/i0.wp.com\/shop24.dietz-ih.de\/wp-content\/uploads\/2025\/06\/Ein-Logo-fuer-einen-Onlineshop-mit-Spielzeug.-Der-Buchstabe-D-soll-drauf-sein.-Farblich_-Gruen-Warmgelb-und-Lachs.-Und-bitte-als-ausgeschnittene-Datei-Photoroom-2.png?fit=1120%2C1120&ssl=1","contentUrl":"https:\/\/i0.wp.com\/shop24.dietz-ih.de\/wp-content\/uploads\/2025\/06\/Ein-Logo-fuer-einen-Onlineshop-mit-Spielzeug.-Der-Buchstabe-D-soll-drauf-sein.-Farblich_-Gruen-Warmgelb-und-Lachs.-Und-bitte-als-ausgeschnittene-Datei-Photoroom-2.png?fit=1120%2C1120&ssl=1","width":1120,"height":1120,"caption":"Dietz-Internethandel"},"image":{"@id":"https:\/\/shop24.dietz-ih.de\/#\/schema\/logo\/image\/"},"sameAs":["https:\/\/www.facebook.com\/profile.php?id=100081292915783","https:\/\/www.instagram.com\/dietz_internethandel\/"]}]}},"uagb_featured_image_src":{"full":["https:\/\/i0.wp.com\/shop24.dietz-ih.de\/wp-content\/uploads\/2025\/07\/LEGO_71843_1_ergebnis.jpg?fit=600%2C600&ssl=1",600,600,false],"thumbnail":["https:\/\/i0.wp.com\/shop24.dietz-ih.de\/wp-content\/uploads\/2025\/07\/LEGO_71843_1_ergebnis.jpg?resize=150%2C150&ssl=1",150,150,true],"medium":["https:\/\/i0.wp.com\/shop24.dietz-ih.de\/wp-content\/uploads\/2025\/07\/LEGO_71843_1_ergebnis.jpg?fit=300%2C300&ssl=1",300,300,true],"medium_large":["https:\/\/i0.wp.com\/shop24.dietz-ih.de\/wp-content\/uploads\/2025\/07\/LEGO_71843_1_ergebnis.jpg?fit=600%2C600&ssl=1",600,600,true],"large":["https:\/\/i0.wp.com\/shop24.dietz-ih.de\/wp-content\/uploads\/2025\/07\/LEGO_71843_1_ergebnis.jpg?fit=600%2C600&ssl=1",600,600,true],"gs-tiny":["https:\/\/i0.wp.com\/shop24.dietz-ih.de\/wp-content\/uploads\/2025\/07\/LEGO_71843_1_ergebnis.jpg?fit=50%2C50&ssl=1",50,50,true],"xl":["https:\/\/i0.wp.com\/shop24.dietz-ih.de\/wp-content\/uploads\/2025\/07\/LEGO_71843_1_ergebnis.jpg?fit=600%2C600&ssl=1",600,600,true],"xxl":["https:\/\/i0.wp.com\/shop24.dietz-ih.de\/wp-content\/uploads\/2025\/07\/LEGO_71843_1_ergebnis.jpg?fit=600%2C600&ssl=1",600,600,true],"xxxl":["https:\/\/i0.wp.com\/shop24.dietz-ih.de\/wp-content\/uploads\/2025\/07\/LEGO_71843_1_ergebnis.jpg?fit=600%2C600&ssl=1",600,600,true],"xxxxl":["https:\/\/i0.wp.com\/shop24.dietz-ih.de\/wp-content\/uploads\/2025\/07\/LEGO_71843_1_ergebnis.jpg?fit=600%2C600&ssl=1",600,600,true],"xxxxxl":["https:\/\/i0.wp.com\/shop24.dietz-ih.de\/wp-content\/uploads\/2025\/07\/LEGO_71843_1_ergebnis.jpg?fit=600%2C600&ssl=1",600,600,true],"1536x1536":["https:\/\/i0.wp.com\/shop24.dietz-ih.de\/wp-content\/uploads\/2025\/07\/LEGO_71843_1_ergebnis.jpg?fit=600%2C600&ssl=1",600,600,true],"2048x2048":["https:\/\/i0.wp.com\/shop24.dietz-ih.de\/wp-content\/uploads\/2025\/07\/LEGO_71843_1_ergebnis.jpg?fit=600%2C600&ssl=1",600,600,true],"woocommerce_thumbnail":["https:\/\/i0.wp.com\/shop24.dietz-ih.de\/wp-content\/uploads\/2025\/07\/LEGO_71843_1_ergebnis.jpg?resize=600%2C600&ssl=1",600,600,true],"woocommerce_single":["https:\/\/i0.wp.com\/shop24.dietz-ih.de\/wp-content\/uploads\/2025\/07\/LEGO_71843_1_ergebnis.jpg?fit=600%2C600&ssl=1",600,600,true],"woocommerce_gallery_thumbnail":["https:\/\/i0.wp.com\/shop24.dietz-ih.de\/wp-content\/uploads\/2025\/07\/LEGO_71843_1_ergebnis.jpg?resize=100%2C100&ssl=1",100,100,true]},"uagb_author_info":{"display_name":"admin","author_link":"https:\/\/shop24.dietz-ih.de\/?author=0"},"uagb_comment_info":0,"uagb_excerpt":"Erlebe mit dem LEGO\u00ae NINJAGO\u00ae 71843 Rogues Mech-Drachenreiter\u00a0 pure Abenteuerlust und Drachenmagie! Tauche ein in die aufregende Welt von NINJAGO und f\u00fchle, wie Mut und Freundschaft in jedem Kampf lebendig werden. Kombiniere den kraftvollen Mech mit dem beeindruckenden Roboterdrachen und stelle packende Szenen aus der Serie Aufstieg der Drachen nach. Mit beweglichen Gliedern, geheimen Botschaften&hellip;","jetpack_sharing_enabled":true,"_links":{"self":[{"href":"https:\/\/shop24.dietz-ih.de\/index.php?rest_route=\/wp\/v2\/product\/874","targetHints":{"allow":["GET"]}}],"collection":[{"href":"https:\/\/shop24.dietz-ih.de\/index.php?rest_route=\/wp\/v2\/product"}],"about":[{"href":"https:\/\/shop24.dietz-ih.de\/index.php?rest_route=\/wp\/v2\/types\/product"}],"replies":[{"embeddable":true,"href":"https:\/\/shop24.dietz-ih.de\/index.php?rest_route=%2Fwp%2Fv2%2Fcomments&post=874"}],"wp:featuredmedia":[{"embeddable":true,"href":"https:\/\/shop24.dietz-ih.de\/index.php?rest_route=\/wp\/v2\/media\/875"}],"wp:attachment":[{"href":"https:\/\/shop24.dietz-ih.de\/index.php?rest_route=%2Fwp%2Fv2%2Fmedia&parent=874"}],"wp:term":[{"taxonomy":"product_brand","embeddable":true,"href":"https:\/\/shop24.dietz-ih.de\/index.php?rest_route=%2Fwp%2Fv2%2Fproduct_brand&post=874"},{"taxonomy":"product_cat","embeddable":true,"href":"https:\/\/shop24.dietz-ih.de\/index.php?rest_route=%2Fwp%2Fv2%2Fproduct_cat&post=874"},{"taxonomy":"product_tag","embeddable":true,"href":"https:\/\/shop24.dietz-ih.de\/index.php?rest_route=%2Fwp%2Fv2%2Fproduct_tag&post=874"}],"curies":[{"name":"wp","href":"https:\/\/api.w.org\/{rel}","templated":true}]}}