{"id":882,"date":"2025-07-11T13:42:44","date_gmt":"2025-07-11T11:42:44","guid":{"rendered":"https:\/\/shop24.dietz-ih.de\/?post_type=product&#038;p=882"},"modified":"2026-01-19T13:05:30","modified_gmt":"2026-01-19T12:05:30","slug":"lego-harry-potter-76454-schloss-hogwarts-der-hauptturm","status":"publish","type":"product","link":"https:\/\/shop24.dietz-ih.de\/?product=lego-harry-potter-76454-schloss-hogwarts-der-hauptturm","title":{"rendered":"LEGO Harry Potter 76454 Schloss Hogwarts: Der Hauptturm"},"content":{"rendered":"<h3 data-start=\"142\" data-end=\"210\"><strong data-start=\"146\" data-end=\"210\">LEGO\u00ae Harry Potter\u2122 76454 \u2013 Schloss Hogwarts\u2122: Der Hauptturm<\/strong><\/h3>\n<p data-start=\"212\" data-end=\"660\">Tauche ein in die magische Welt von Harry Potter\u2122 mit dem beeindruckenden <strong data-start=\"286\" data-end=\"348\">LEGO\u00ae Harry Potter\u2122 76454 Schloss Hogwarts\u2122: Der Hauptturm<\/strong>. Dieses detailreiche und gro\u00dfe Bauset enth\u00e4lt stolze <strong data-start=\"402\" data-end=\"417\">2.135 Teile<\/strong> und ist das bislang gr\u00f6\u00dfte Modell des ber\u00fchmten Hauptturms von Schloss Hogwarts\u2122 im beliebten Minifiguren-Ma\u00dfstab. Es ist perfekt f\u00fcr alle Fans der Harry Potter\u2122 Filme, f\u00fcr kreative Baumeister ab 10 Jahren und leidenschaftliche LEGO\u00ae Sammler.<\/p>\n<p data-start=\"662\" data-end=\"1174\">Das Set bringt die ber\u00fchmte Schule f\u00fcr Hexerei und Zauberei direkt in dein Zuhause. Du kannst bekannte R\u00e4ume aus den Filmen entdecken und nachbauen, die f\u00fcr viele spannende Abenteuer sorgen. Erlebe das aufregende Gef\u00fchl, durch die <strong data-start=\"893\" data-end=\"923\">Fallt\u00fcr von Fluffys Kammer<\/strong> zu entkommen, die gef\u00e4hrliche <strong data-start=\"954\" data-end=\"973\">Teufelsschlinge<\/strong> zu \u00fcberwinden oder die fliegenden Schl\u00fcssel zu fangen. Au\u00dferdem kannst du deine Zauberk\u00fcnste beim <strong data-start=\"1072\" data-end=\"1098\">magischen Zauberschach<\/strong> testen oder im <strong data-start=\"1114\" data-end=\"1162\">Gryffindor\u2122 Schlafsaal und Gemeinschaftsraum<\/strong> entspannen.<\/p>\n<p data-start=\"1176\" data-end=\"1538\">Ein echtes Highlight ist das gro\u00dfe, <strong data-start=\"1212\" data-end=\"1236\">drehbare Treppenhaus<\/strong>, das dich direkt zu <strong data-start=\"1257\" data-end=\"1277\">Dumbledores B\u00fcro<\/strong> f\u00fchrt. Dort findest du den geheimnisvollen <strong data-start=\"1321\" data-end=\"1341\">Spiegel Nerhegeb<\/strong>, der ein ganz besonderes magisches Erlebnis bietet. All diese liebevollen Details machen den Hauptturm zu einem einmaligen LEGO\u00ae Modell, das sowohl Spielspa\u00df als auch Ausstellungsqualit\u00e4t vereint.<\/p>\n<h3 data-start=\"1545\" data-end=\"1601\"><strong data-start=\"1549\" data-end=\"1601\">Viele bekannte Charaktere und magische Kreaturen<\/strong><\/h3>\n<p data-start=\"1603\" data-end=\"1730\">In diesem umfangreichen Set sind <strong data-start=\"1636\" data-end=\"1670\">12 ikonische LEGO\u00ae Minifiguren<\/strong> enthalten. Unter ihnen findest du die beliebten Charaktere:<\/p>\n<ul data-start=\"1732\" data-end=\"1878\">\n<li data-start=\"1732\" data-end=\"1751\">\n<p data-start=\"1734\" data-end=\"1751\"><strong data-start=\"1734\" data-end=\"1751\">Harry Potter\u2122<\/strong><\/p>\n<\/li>\n<li data-start=\"1752\" data-end=\"1774\">\n<p data-start=\"1754\" data-end=\"1774\"><strong data-start=\"1754\" data-end=\"1774\">Hermine Granger\u2122<\/strong><\/p>\n<\/li>\n<li data-start=\"1775\" data-end=\"1800\">\n<p data-start=\"1777\" data-end=\"1800\"><strong data-start=\"1777\" data-end=\"1800\">Neville Longbottom\u2122<\/strong><\/p>\n<\/li>\n<li data-start=\"1801\" data-end=\"1828\">\n<p data-start=\"1803\" data-end=\"1828\"><strong data-start=\"1803\" data-end=\"1828\">Professor Kesselbrand<\/strong><\/p>\n<\/li>\n<li data-start=\"1829\" data-end=\"1852\">\n<p data-start=\"1831\" data-end=\"1852\"><strong data-start=\"1831\" data-end=\"1852\">Albus Dumbledore\u2122<\/strong><\/p>\n<\/li>\n<li data-start=\"1853\" data-end=\"1878\">\n<p data-start=\"1855\" data-end=\"1878\"><strong data-start=\"1855\" data-end=\"1878\">Fast Kopfloser Nick<\/strong><\/p>\n<\/li>\n<\/ul>\n<p data-start=\"1880\" data-end=\"2229\">Zus\u00e4tzlich beinhaltet das Set zauberhafte Tierfiguren wie den furchteinfl\u00f6\u00dfenden <strong data-start=\"1961\" data-end=\"1989\">dreik\u00f6pfigen Hund Fluffy<\/strong>, die treue Eule <strong data-start=\"2006\" data-end=\"2017\">Hedwig\u2122<\/strong> und den majest\u00e4tischen <strong data-start=\"2041\" data-end=\"2059\">Ph\u00f6nix Fawkes\u2122<\/strong>. Ein weiteres tolles Detail sind <strong data-start=\"2093\" data-end=\"2136\">6 von 14 sammelbaren Hogwarts\u2122 Portr\u00e4ts<\/strong>, die du in die Schlossw\u00e4nde einf\u00fcgen kannst und so f\u00fcr noch mehr magische Atmosph\u00e4re sorgst.<\/p>\n<h3 data-start=\"2236\" data-end=\"2273\"><strong data-start=\"2240\" data-end=\"2273\">Produktdetails und Highlights<\/strong><\/h3>\n<ul data-start=\"2275\" data-end=\"2962\">\n<li data-start=\"2275\" data-end=\"2356\">\n<p data-start=\"2277\" data-end=\"2356\">Umfangreiches <strong data-start=\"2291\" data-end=\"2318\">Bauset mit 2.135 Teilen<\/strong> f\u00fcr viele Stunden kreativen Bauspa\u00df<\/p>\n<\/li>\n<li data-start=\"2357\" data-end=\"2436\">\n<p data-start=\"2359\" data-end=\"2436\"><strong data-start=\"2359\" data-end=\"2390\">12 detailreiche Minifiguren<\/strong> und beliebte magische Tierfiguren inklusive<\/p>\n<\/li>\n<li data-start=\"2437\" data-end=\"2503\">\n<p data-start=\"2439\" data-end=\"2503\">Authentische Nachbildung von vielen bekannten Hogwarts\u2122 R\u00e4umen<\/p>\n<\/li>\n<li data-start=\"2504\" data-end=\"2563\">\n<p data-start=\"2506\" data-end=\"2563\"><strong data-start=\"2506\" data-end=\"2531\">Drehbares Treppenhaus<\/strong> und interaktive Spielbereiche<\/p>\n<\/li>\n<li data-start=\"2564\" data-end=\"2657\">\n<p data-start=\"2566\" data-end=\"2657\"><strong data-start=\"2566\" data-end=\"2575\">Ma\u00dfe:<\/strong> ca. 67 cm hoch, 36 cm breit, 14 cm tief \u2013 ein beeindruckendes Ausstellungsst\u00fcck<\/p>\n<\/li>\n<li data-start=\"2658\" data-end=\"2753\">\n<p data-start=\"2660\" data-end=\"2753\">Nutzung der <strong data-start=\"2672\" data-end=\"2705\">kostenlosen LEGO\u00ae Builder App<\/strong> mit 3D-Bauanleitungen und Fortschrittsanzeige<\/p>\n<\/li>\n<li data-start=\"2754\" data-end=\"2863\">\n<p data-start=\"2756\" data-end=\"2863\">Modularer Aufbau: Kombiniere den Hauptturm mit weiteren LEGO\u00ae Harry Potter\u2122 Sets f\u00fcr ein riesiges Schloss<\/p>\n<\/li>\n<li data-start=\"2864\" data-end=\"2962\">\n<p data-start=\"2866\" data-end=\"2962\">Perfektes Geschenk f\u00fcr Kinder ab 10 Jahren, Jugendliche und erwachsene Fans der magischen Welt<\/p>\n<\/li>\n<\/ul>\n<p data-start=\"2969\" data-end=\"3316\">Dieses LEGO\u00ae Set verbindet detailverliebtes Bauen mit fantasievollem Spiel. Ob du dein eigenes Hogwarts\u2122 erweitern, klassische Film-Szenen nachstellen oder einfach ein pr\u00e4chtiges Sammlerst\u00fcck aufbauen m\u00f6chtest \u2013 der Hauptturm ist die ideale Wahl. Erwecke die magische Welt von Harry Potter\u2122 zum Leben und genie\u00dfe ein au\u00dfergew\u00f6hnliches Bauerlebnis!<\/p>\n<p data-start=\"3318\" data-end=\"3378\">Jetzt bestellen und Teil des zauberhaften Abenteuers werden!<\/p>\n","protected":false},"excerpt":{"rendered":"<p>Das <strong>LEGO Harry Potter 76454 Schloss Hogwarts: Der Hauptturm<\/strong> ist ein 2.135-teiliges Bauset f\u00fcr Fans ab 10 Jahren. Mit ikonischen Filmszenen, 12 Minifiguren, magischen Tierwesen und detailreichen R\u00e4umen wie Dumbledores B\u00fcro oder Fluffys Kammer bietet es ein episches Bau- und Spielerlebnis. Als Teil einer modularen Serie l\u00e4sst es sich mit weiteren Sets kombinieren \u2013 ideal zum Spielen, Ausstellen und Sammeln.<\/p>\n","protected":false},"featured_media":883,"comment_status":"open","ping_status":"closed","template":"","meta":{"_coblocks_attr":"","_coblocks_dimensions":"","_coblocks_responsive_height":"","_coblocks_accordion_ie_support":"","_eb_attr":"","_uag_custom_page_level_css":""},"product_brand":[158],"product_cat":[15],"product_tag":[382,381,181,163,177,183],"class_list":{"0":"post-882","1":"product","2":"type-product","3":"status-publish","4":"has-post-thumbnail","6":"product_brand-lego","7":"product_cat-lego","8":"product_tag-382","9":"product_tag-hauptturm","10":"product_tag-hogwarts","11":"product_tag-lego","12":"product_tag-legoharrypotter","13":"product_tag-schloss","15":"first","16":"outofstock","17":"taxable","18":"shipping-taxable","19":"purchasable","20":"product-type-simple"},"yoast_head":"<!-- This site is optimized with the Yoast SEO plugin v27.4 - https:\/\/yoast.com\/product\/yoast-seo-wordpress\/ -->\n<title>LEGO Harry Potter 76454 Schloss Hogwarts: Der Hauptturm - Dietz-Internethandel<\/title>\n<meta name=\"description\" content=\"Baue den LEGO Harry Potter 76454 Schloss Hogwarts: Der Hauptturm mit 2.135 Teilen, 12 Minifiguren &amp; magischen Funktionen!\" \/>\n<meta name=\"robots\" content=\"index, follow, max-snippet:-1, max-image-preview:large, max-video-preview:-1\" \/>\n<link rel=\"canonical\" href=\"https:\/\/shop24.dietz-ih.de\/?product=lego-harry-potter-76454-schloss-hogwarts-der-hauptturm\" \/>\n<meta property=\"og:locale\" content=\"de_DE\" \/>\n<meta property=\"og:type\" content=\"article\" \/>\n<meta property=\"og:title\" content=\"LEGO Harry Potter 76454 Schloss Hogwarts: Der Hauptturm - Dietz-Internethandel\" \/>\n<meta property=\"og:description\" content=\"Baue den LEGO Harry Potter 76454 Schloss Hogwarts: Der Hauptturm mit 2.135 Teilen, 12 Minifiguren &amp; magischen Funktionen!\" \/>\n<meta property=\"og:url\" content=\"https:\/\/shop24.dietz-ih.de\/?product=lego-harry-potter-76454-schloss-hogwarts-der-hauptturm\" \/>\n<meta property=\"og:site_name\" content=\"Dietz-Internethandel\" \/>\n<meta property=\"article:publisher\" content=\"https:\/\/www.facebook.com\/profile.php?id=100081292915783\" \/>\n<meta property=\"article:modified_time\" content=\"2026-01-19T12:05:30+00:00\" \/>\n<meta property=\"og:image\" content=\"https:\/\/shop24.dietz-ih.de\/wp-content\/uploads\/2025\/07\/LEGO_76454_1_ergebnis.jpg\" \/>\n\t<meta property=\"og:image:width\" content=\"600\" \/>\n\t<meta property=\"og:image:height\" content=\"600\" \/>\n\t<meta property=\"og:image:type\" content=\"image\/jpeg\" \/>\n<meta name=\"twitter:card\" content=\"summary_large_image\" \/>\n<meta name=\"twitter:label1\" content=\"Gesch\u00e4tzte Lesezeit\" \/>\n\t<meta name=\"twitter:data1\" content=\"3\u00a0Minuten\" \/>\n<script type=\"application\/ld+json\" class=\"yoast-schema-graph\">{\"@context\":\"https:\\\/\\\/schema.org\",\"@graph\":[{\"@type\":\"WebPage\",\"@id\":\"https:\\\/\\\/shop24.dietz-ih.de\\\/?product=lego-harry-potter-76454-schloss-hogwarts-der-hauptturm\",\"url\":\"https:\\\/\\\/shop24.dietz-ih.de\\\/?product=lego-harry-potter-76454-schloss-hogwarts-der-hauptturm\",\"name\":\"LEGO Harry Potter 76454 Schloss Hogwarts: Der Hauptturm - Dietz-Internethandel\",\"isPartOf\":{\"@id\":\"https:\\\/\\\/shop24.dietz-ih.de\\\/#website\"},\"primaryImageOfPage\":{\"@id\":\"https:\\\/\\\/shop24.dietz-ih.de\\\/?product=lego-harry-potter-76454-schloss-hogwarts-der-hauptturm#primaryimage\"},\"image\":{\"@id\":\"https:\\\/\\\/shop24.dietz-ih.de\\\/?product=lego-harry-potter-76454-schloss-hogwarts-der-hauptturm#primaryimage\"},\"thumbnailUrl\":\"https:\\\/\\\/i0.wp.com\\\/shop24.dietz-ih.de\\\/wp-content\\\/uploads\\\/2025\\\/07\\\/LEGO_76454_1_ergebnis.jpg?fit=600%2C600&ssl=1\",\"datePublished\":\"2025-07-11T11:42:44+00:00\",\"dateModified\":\"2026-01-19T12:05:30+00:00\",\"description\":\"Baue den LEGO Harry Potter 76454 Schloss Hogwarts: Der Hauptturm mit 2.135 Teilen, 12 Minifiguren & magischen Funktionen!\",\"breadcrumb\":{\"@id\":\"https:\\\/\\\/shop24.dietz-ih.de\\\/?product=lego-harry-potter-76454-schloss-hogwarts-der-hauptturm#breadcrumb\"},\"inLanguage\":\"de\",\"potentialAction\":[{\"@type\":\"ReadAction\",\"target\":[\"https:\\\/\\\/shop24.dietz-ih.de\\\/?product=lego-harry-potter-76454-schloss-hogwarts-der-hauptturm\"]}]},{\"@type\":\"ImageObject\",\"inLanguage\":\"de\",\"@id\":\"https:\\\/\\\/shop24.dietz-ih.de\\\/?product=lego-harry-potter-76454-schloss-hogwarts-der-hauptturm#primaryimage\",\"url\":\"https:\\\/\\\/i0.wp.com\\\/shop24.dietz-ih.de\\\/wp-content\\\/uploads\\\/2025\\\/07\\\/LEGO_76454_1_ergebnis.jpg?fit=600%2C600&ssl=1\",\"contentUrl\":\"https:\\\/\\\/i0.wp.com\\\/shop24.dietz-ih.de\\\/wp-content\\\/uploads\\\/2025\\\/07\\\/LEGO_76454_1_ergebnis.jpg?fit=600%2C600&ssl=1\",\"width\":600,\"height\":600},{\"@type\":\"BreadcrumbList\",\"@id\":\"https:\\\/\\\/shop24.dietz-ih.de\\\/?product=lego-harry-potter-76454-schloss-hogwarts-der-hauptturm#breadcrumb\",\"itemListElement\":[{\"@type\":\"ListItem\",\"position\":1,\"name\":\"Startseite\",\"item\":\"https:\\\/\\\/shop24.dietz-ih.de\\\/\"},{\"@type\":\"ListItem\",\"position\":2,\"name\":\"Shop\",\"item\":\"https:\\\/\\\/shop24.dietz-ih.de\\\/?page_id=7\"},{\"@type\":\"ListItem\",\"position\":3,\"name\":\"LEGO Harry Potter 76454 Schloss Hogwarts: Der Hauptturm\"}]},{\"@type\":\"WebSite\",\"@id\":\"https:\\\/\\\/shop24.dietz-ih.de\\\/#website\",\"url\":\"https:\\\/\\\/shop24.dietz-ih.de\\\/\",\"name\":\"Dietz-Internethandel\",\"description\":\"\",\"publisher\":{\"@id\":\"https:\\\/\\\/shop24.dietz-ih.de\\\/#organization\"},\"potentialAction\":[{\"@type\":\"SearchAction\",\"target\":{\"@type\":\"EntryPoint\",\"urlTemplate\":\"https:\\\/\\\/shop24.dietz-ih.de\\\/?s={search_term_string}\"},\"query-input\":{\"@type\":\"PropertyValueSpecification\",\"valueRequired\":true,\"valueName\":\"search_term_string\"}}],\"inLanguage\":\"de\"},{\"@type\":\"Organization\",\"@id\":\"https:\\\/\\\/shop24.dietz-ih.de\\\/#organization\",\"name\":\"Dietz-Internethandel\",\"url\":\"https:\\\/\\\/shop24.dietz-ih.de\\\/\",\"logo\":{\"@type\":\"ImageObject\",\"inLanguage\":\"de\",\"@id\":\"https:\\\/\\\/shop24.dietz-ih.de\\\/#\\\/schema\\\/logo\\\/image\\\/\",\"url\":\"https:\\\/\\\/i0.wp.com\\\/shop24.dietz-ih.de\\\/wp-content\\\/uploads\\\/2025\\\/06\\\/Ein-Logo-fuer-einen-Onlineshop-mit-Spielzeug.-Der-Buchstabe-D-soll-drauf-sein.-Farblich_-Gruen-Warmgelb-und-Lachs.-Und-bitte-als-ausgeschnittene-Datei-Photoroom-2.png?fit=1120%2C1120&ssl=1\",\"contentUrl\":\"https:\\\/\\\/i0.wp.com\\\/shop24.dietz-ih.de\\\/wp-content\\\/uploads\\\/2025\\\/06\\\/Ein-Logo-fuer-einen-Onlineshop-mit-Spielzeug.-Der-Buchstabe-D-soll-drauf-sein.-Farblich_-Gruen-Warmgelb-und-Lachs.-Und-bitte-als-ausgeschnittene-Datei-Photoroom-2.png?fit=1120%2C1120&ssl=1\",\"width\":1120,\"height\":1120,\"caption\":\"Dietz-Internethandel\"},\"image\":{\"@id\":\"https:\\\/\\\/shop24.dietz-ih.de\\\/#\\\/schema\\\/logo\\\/image\\\/\"},\"sameAs\":[\"https:\\\/\\\/www.facebook.com\\\/profile.php?id=100081292915783\",\"https:\\\/\\\/www.instagram.com\\\/dietz_internethandel\\\/\"]}]}<\/script>\n<!-- \/ Yoast SEO plugin. -->","yoast_head_json":{"title":"LEGO Harry Potter 76454 Schloss Hogwarts: Der Hauptturm - Dietz-Internethandel","description":"Baue den LEGO Harry Potter 76454 Schloss Hogwarts: Der Hauptturm mit 2.135 Teilen, 12 Minifiguren & magischen Funktionen!","robots":{"index":"index","follow":"follow","max-snippet":"max-snippet:-1","max-image-preview":"max-image-preview:large","max-video-preview":"max-video-preview:-1"},"canonical":"https:\/\/shop24.dietz-ih.de\/?product=lego-harry-potter-76454-schloss-hogwarts-der-hauptturm","og_locale":"de_DE","og_type":"article","og_title":"LEGO Harry Potter 76454 Schloss Hogwarts: Der Hauptturm - Dietz-Internethandel","og_description":"Baue den LEGO Harry Potter 76454 Schloss Hogwarts: Der Hauptturm mit 2.135 Teilen, 12 Minifiguren & magischen Funktionen!","og_url":"https:\/\/shop24.dietz-ih.de\/?product=lego-harry-potter-76454-schloss-hogwarts-der-hauptturm","og_site_name":"Dietz-Internethandel","article_publisher":"https:\/\/www.facebook.com\/profile.php?id=100081292915783","article_modified_time":"2026-01-19T12:05:30+00:00","og_image":[{"width":600,"height":600,"url":"https:\/\/shop24.dietz-ih.de\/wp-content\/uploads\/2025\/07\/LEGO_76454_1_ergebnis.jpg","type":"image\/jpeg"}],"twitter_card":"summary_large_image","twitter_misc":{"Gesch\u00e4tzte Lesezeit":"3\u00a0Minuten"},"schema":{"@context":"https:\/\/schema.org","@graph":[{"@type":"WebPage","@id":"https:\/\/shop24.dietz-ih.de\/?product=lego-harry-potter-76454-schloss-hogwarts-der-hauptturm","url":"https:\/\/shop24.dietz-ih.de\/?product=lego-harry-potter-76454-schloss-hogwarts-der-hauptturm","name":"LEGO Harry Potter 76454 Schloss Hogwarts: Der Hauptturm - Dietz-Internethandel","isPartOf":{"@id":"https:\/\/shop24.dietz-ih.de\/#website"},"primaryImageOfPage":{"@id":"https:\/\/shop24.dietz-ih.de\/?product=lego-harry-potter-76454-schloss-hogwarts-der-hauptturm#primaryimage"},"image":{"@id":"https:\/\/shop24.dietz-ih.de\/?product=lego-harry-potter-76454-schloss-hogwarts-der-hauptturm#primaryimage"},"thumbnailUrl":"https:\/\/i0.wp.com\/shop24.dietz-ih.de\/wp-content\/uploads\/2025\/07\/LEGO_76454_1_ergebnis.jpg?fit=600%2C600&ssl=1","datePublished":"2025-07-11T11:42:44+00:00","dateModified":"2026-01-19T12:05:30+00:00","description":"Baue den LEGO Harry Potter 76454 Schloss Hogwarts: Der Hauptturm mit 2.135 Teilen, 12 Minifiguren & magischen Funktionen!","breadcrumb":{"@id":"https:\/\/shop24.dietz-ih.de\/?product=lego-harry-potter-76454-schloss-hogwarts-der-hauptturm#breadcrumb"},"inLanguage":"de","potentialAction":[{"@type":"ReadAction","target":["https:\/\/shop24.dietz-ih.de\/?product=lego-harry-potter-76454-schloss-hogwarts-der-hauptturm"]}]},{"@type":"ImageObject","inLanguage":"de","@id":"https:\/\/shop24.dietz-ih.de\/?product=lego-harry-potter-76454-schloss-hogwarts-der-hauptturm#primaryimage","url":"https:\/\/i0.wp.com\/shop24.dietz-ih.de\/wp-content\/uploads\/2025\/07\/LEGO_76454_1_ergebnis.jpg?fit=600%2C600&ssl=1","contentUrl":"https:\/\/i0.wp.com\/shop24.dietz-ih.de\/wp-content\/uploads\/2025\/07\/LEGO_76454_1_ergebnis.jpg?fit=600%2C600&ssl=1","width":600,"height":600},{"@type":"BreadcrumbList","@id":"https:\/\/shop24.dietz-ih.de\/?product=lego-harry-potter-76454-schloss-hogwarts-der-hauptturm#breadcrumb","itemListElement":[{"@type":"ListItem","position":1,"name":"Startseite","item":"https:\/\/shop24.dietz-ih.de\/"},{"@type":"ListItem","position":2,"name":"Shop","item":"https:\/\/shop24.dietz-ih.de\/?page_id=7"},{"@type":"ListItem","position":3,"name":"LEGO Harry Potter 76454 Schloss Hogwarts: Der Hauptturm"}]},{"@type":"WebSite","@id":"https:\/\/shop24.dietz-ih.de\/#website","url":"https:\/\/shop24.dietz-ih.de\/","name":"Dietz-Internethandel","description":"","publisher":{"@id":"https:\/\/shop24.dietz-ih.de\/#organization"},"potentialAction":[{"@type":"SearchAction","target":{"@type":"EntryPoint","urlTemplate":"https:\/\/shop24.dietz-ih.de\/?s={search_term_string}"},"query-input":{"@type":"PropertyValueSpecification","valueRequired":true,"valueName":"search_term_string"}}],"inLanguage":"de"},{"@type":"Organization","@id":"https:\/\/shop24.dietz-ih.de\/#organization","name":"Dietz-Internethandel","url":"https:\/\/shop24.dietz-ih.de\/","logo":{"@type":"ImageObject","inLanguage":"de","@id":"https:\/\/shop24.dietz-ih.de\/#\/schema\/logo\/image\/","url":"https:\/\/i0.wp.com\/shop24.dietz-ih.de\/wp-content\/uploads\/2025\/06\/Ein-Logo-fuer-einen-Onlineshop-mit-Spielzeug.-Der-Buchstabe-D-soll-drauf-sein.-Farblich_-Gruen-Warmgelb-und-Lachs.-Und-bitte-als-ausgeschnittene-Datei-Photoroom-2.png?fit=1120%2C1120&ssl=1","contentUrl":"https:\/\/i0.wp.com\/shop24.dietz-ih.de\/wp-content\/uploads\/2025\/06\/Ein-Logo-fuer-einen-Onlineshop-mit-Spielzeug.-Der-Buchstabe-D-soll-drauf-sein.-Farblich_-Gruen-Warmgelb-und-Lachs.-Und-bitte-als-ausgeschnittene-Datei-Photoroom-2.png?fit=1120%2C1120&ssl=1","width":1120,"height":1120,"caption":"Dietz-Internethandel"},"image":{"@id":"https:\/\/shop24.dietz-ih.de\/#\/schema\/logo\/image\/"},"sameAs":["https:\/\/www.facebook.com\/profile.php?id=100081292915783","https:\/\/www.instagram.com\/dietz_internethandel\/"]}]}},"uagb_featured_image_src":{"full":["https:\/\/i0.wp.com\/shop24.dietz-ih.de\/wp-content\/uploads\/2025\/07\/LEGO_76454_1_ergebnis.jpg?fit=600%2C600&ssl=1",600,600,false],"thumbnail":["https:\/\/i0.wp.com\/shop24.dietz-ih.de\/wp-content\/uploads\/2025\/07\/LEGO_76454_1_ergebnis.jpg?resize=150%2C150&ssl=1",150,150,true],"medium":["https:\/\/i0.wp.com\/shop24.dietz-ih.de\/wp-content\/uploads\/2025\/07\/LEGO_76454_1_ergebnis.jpg?fit=300%2C300&ssl=1",300,300,true],"medium_large":["https:\/\/i0.wp.com\/shop24.dietz-ih.de\/wp-content\/uploads\/2025\/07\/LEGO_76454_1_ergebnis.jpg?fit=600%2C600&ssl=1",600,600,true],"large":["https:\/\/i0.wp.com\/shop24.dietz-ih.de\/wp-content\/uploads\/2025\/07\/LEGO_76454_1_ergebnis.jpg?fit=600%2C600&ssl=1",600,600,true],"gs-tiny":["https:\/\/i0.wp.com\/shop24.dietz-ih.de\/wp-content\/uploads\/2025\/07\/LEGO_76454_1_ergebnis.jpg?fit=50%2C50&ssl=1",50,50,true],"xl":["https:\/\/i0.wp.com\/shop24.dietz-ih.de\/wp-content\/uploads\/2025\/07\/LEGO_76454_1_ergebnis.jpg?fit=600%2C600&ssl=1",600,600,true],"xxl":["https:\/\/i0.wp.com\/shop24.dietz-ih.de\/wp-content\/uploads\/2025\/07\/LEGO_76454_1_ergebnis.jpg?fit=600%2C600&ssl=1",600,600,true],"xxxl":["https:\/\/i0.wp.com\/shop24.dietz-ih.de\/wp-content\/uploads\/2025\/07\/LEGO_76454_1_ergebnis.jpg?fit=600%2C600&ssl=1",600,600,true],"xxxxl":["https:\/\/i0.wp.com\/shop24.dietz-ih.de\/wp-content\/uploads\/2025\/07\/LEGO_76454_1_ergebnis.jpg?fit=600%2C600&ssl=1",600,600,true],"xxxxxl":["https:\/\/i0.wp.com\/shop24.dietz-ih.de\/wp-content\/uploads\/2025\/07\/LEGO_76454_1_ergebnis.jpg?fit=600%2C600&ssl=1",600,600,true],"1536x1536":["https:\/\/i0.wp.com\/shop24.dietz-ih.de\/wp-content\/uploads\/2025\/07\/LEGO_76454_1_ergebnis.jpg?fit=600%2C600&ssl=1",600,600,true],"2048x2048":["https:\/\/i0.wp.com\/shop24.dietz-ih.de\/wp-content\/uploads\/2025\/07\/LEGO_76454_1_ergebnis.jpg?fit=600%2C600&ssl=1",600,600,true],"woocommerce_thumbnail":["https:\/\/i0.wp.com\/shop24.dietz-ih.de\/wp-content\/uploads\/2025\/07\/LEGO_76454_1_ergebnis.jpg?resize=600%2C600&ssl=1",600,600,true],"woocommerce_single":["https:\/\/i0.wp.com\/shop24.dietz-ih.de\/wp-content\/uploads\/2025\/07\/LEGO_76454_1_ergebnis.jpg?fit=600%2C600&ssl=1",600,600,true],"woocommerce_gallery_thumbnail":["https:\/\/i0.wp.com\/shop24.dietz-ih.de\/wp-content\/uploads\/2025\/07\/LEGO_76454_1_ergebnis.jpg?resize=100%2C100&ssl=1",100,100,true]},"uagb_author_info":{"display_name":"admin","author_link":"https:\/\/shop24.dietz-ih.de\/?author=0"},"uagb_comment_info":0,"uagb_excerpt":"Das LEGO Harry Potter 76454 Schloss Hogwarts: Der Hauptturm ist ein 2.135-teiliges Bauset f\u00fcr Fans ab 10 Jahren. Mit ikonischen Filmszenen, 12 Minifiguren, magischen Tierwesen und detailreichen R\u00e4umen wie Dumbledores B\u00fcro oder Fluffys Kammer bietet es ein episches Bau- und Spielerlebnis. Als Teil einer modularen Serie l\u00e4sst es sich mit weiteren Sets kombinieren \u2013 ideal&hellip;","jetpack_sharing_enabled":true,"_links":{"self":[{"href":"https:\/\/shop24.dietz-ih.de\/index.php?rest_route=\/wp\/v2\/product\/882","targetHints":{"allow":["GET"]}}],"collection":[{"href":"https:\/\/shop24.dietz-ih.de\/index.php?rest_route=\/wp\/v2\/product"}],"about":[{"href":"https:\/\/shop24.dietz-ih.de\/index.php?rest_route=\/wp\/v2\/types\/product"}],"replies":[{"embeddable":true,"href":"https:\/\/shop24.dietz-ih.de\/index.php?rest_route=%2Fwp%2Fv2%2Fcomments&post=882"}],"wp:featuredmedia":[{"embeddable":true,"href":"https:\/\/shop24.dietz-ih.de\/index.php?rest_route=\/wp\/v2\/media\/883"}],"wp:attachment":[{"href":"https:\/\/shop24.dietz-ih.de\/index.php?rest_route=%2Fwp%2Fv2%2Fmedia&parent=882"}],"wp:term":[{"taxonomy":"product_brand","embeddable":true,"href":"https:\/\/shop24.dietz-ih.de\/index.php?rest_route=%2Fwp%2Fv2%2Fproduct_brand&post=882"},{"taxonomy":"product_cat","embeddable":true,"href":"https:\/\/shop24.dietz-ih.de\/index.php?rest_route=%2Fwp%2Fv2%2Fproduct_cat&post=882"},{"taxonomy":"product_tag","embeddable":true,"href":"https:\/\/shop24.dietz-ih.de\/index.php?rest_route=%2Fwp%2Fv2%2Fproduct_tag&post=882"}],"curies":[{"name":"wp","href":"https:\/\/api.w.org\/{rel}","templated":true}]}}