{"id":902,"date":"2025-07-11T14:05:46","date_gmt":"2025-07-11T12:05:46","guid":{"rendered":"https:\/\/shop24.dietz-ih.de\/?post_type=product&#038;p=902"},"modified":"2026-01-19T13:01:46","modified_gmt":"2026-01-19T12:01:46","slug":"lego-star-wars-75397-jabbas-segelbarke","status":"publish","type":"product","link":"https:\/\/shop24.dietz-ih.de\/?product=lego-star-wars-75397-jabbas-segelbarke","title":{"rendered":"LEGO\u00ae Star Wars 75397 Jabbas Segelbarke"},"content":{"rendered":"<p class=\"\" data-start=\"0\" data-end=\"116\"><strong data-start=\"0\" data-end=\"116\">LEGO\u00ae Star Wars 75397 Jabbas Segelbarke \u2013 Ein galaktisches Meisterwerk f\u00fcr Sammler und Fans<\/strong><\/p>\n<p class=\"\" data-start=\"118\" data-end=\"419\">Bereit f\u00fcr ein Bauabenteuer aus einer weit, weit entfernten Galaxis? Mit <strong data-start=\"191\" data-end=\"234\">LEGO\u00ae Star Wars 75397 Jabbas Segelbarke<\/strong> holst du dir eines der ikonischsten Raumschiffe aus <em data-start=\"287\" data-end=\"328\">Star Wars: Die R\u00fcckkehr der Jedi-Ritter<\/em> direkt in dein Wohnzimmer \u2013 als Teil der legend\u00e4ren <strong data-start=\"381\" data-end=\"416\">Ultimate Collector Series (UCS)<\/strong>.<\/p>\n<p class=\"\" data-start=\"421\" data-end=\"926\">Dieses atemberaubende Modell begeistert nicht nur durch seine gewaltigen Ausma\u00dfe von <strong data-start=\"506\" data-end=\"521\">77 cm L\u00e4nge<\/strong> und <strong data-start=\"526\" data-end=\"540\">25 cm H\u00f6he<\/strong>, sondern auch durch seine unglaubliche Detailtiefe: Stoffsegel, klappbare Seitenw\u00e4nde, ein abnehmbares Oberdeck \u2013 dahinter verbirgt sich das faszinierende Innenleben der Segelbarke! Erkunde Jabbas luxuri\u00f6ses Quartier samt Bett, die finstere Arrestzelle, die voll ausgestattete Waffenkammer, eine kleine K\u00fcche und nat\u00fcrlich das Cockpit, von dem aus das fliegende Unget\u00fcm gesteuert wird.<\/p>\n<p class=\"\" data-start=\"928\" data-end=\"1278\">Das Set enth\u00e4lt <strong data-start=\"944\" data-end=\"982\">11 liebevoll gestaltete Charaktere<\/strong>, darunter LEGO Minifiguren von <strong data-start=\"1014\" data-end=\"1023\">C-3PO<\/strong>, <strong data-start=\"1025\" data-end=\"1044\">Prinzessin Leia<\/strong>, <strong data-start=\"1046\" data-end=\"1061\">Bib Fortuna<\/strong> und <strong data-start=\"1066\" data-end=\"1085\">Jabba der Hutte<\/strong> h\u00f6chstpers\u00f6nlich. Auch <strong data-start=\"1109\" data-end=\"1118\">R2-D2<\/strong> ist dabei \u2013 stilecht mit dem Bartisch auf dem Kopf! Weitere kultige Figuren wie <strong data-start=\"1199\" data-end=\"1211\">Max Rebo<\/strong>, <strong data-start=\"1213\" data-end=\"1222\">Vizam<\/strong> und ein <strong data-start=\"1231\" data-end=\"1250\">Gamorrean Guard<\/strong> machen die Crew komplett.<\/p>\n<p class=\"\" data-start=\"1280\" data-end=\"1686\">Pr\u00e4sentiere deine Barke standesgem\u00e4\u00df auf dem mitgelieferten St\u00e4nder mit <strong data-start=\"1352\" data-end=\"1368\">Infoplakette<\/strong> und einem exklusiven <strong data-start=\"1390\" data-end=\"1432\">25-Jahre LEGO Star Wars Jubil\u00e4umsstein<\/strong> \u2013 ein echtes Sammlerst\u00fcck f\u00fcr die Ewigkeit. Und wenn du die dramatische Rettungsaktion um Luke Skywalker und den Sarlacc vollst\u00e4ndig nachstellen willst, kannst du das Set mit dem separat erh\u00e4ltlichen <strong data-start=\"1633\" data-end=\"1673\">W\u00fcsten-Skiff &amp; Sarlacc-Grube (75396)<\/strong> kombinieren.<\/p>\n<p class=\"\" data-start=\"1688\" data-end=\"1940\"><strong data-start=\"1688\" data-end=\"1731\">LEGO\u00ae Star Wars 75397 Jabbas Segelbarke<\/strong> ist ein ultimatives Ausstellungsst\u00fcck \u2013 perfekt f\u00fcr erwachsene Star Wars Fans, passionierte Baumeister und UCS-Sammler. Dieses Set ist nicht nur ein Blickfang, sondern eine Liebeserkl\u00e4rung an die Saga selbst.<\/p>\n<p class=\"\" data-start=\"1942\" data-end=\"2020\"><strong data-start=\"1942\" data-end=\"2018\">M\u00f6ge der Bauspa\u00df mit dir sein \u2013 und deine Sammlung unaufhaltsam wachsen!<\/strong><\/p>\n","protected":false},"excerpt":{"rendered":"<p>Mit <strong data-start=\"4\" data-end=\"47\">LEGO\u00ae Star Wars 75397 Jabbas Segelbarke<\/strong> erlebst du die Magie der Jedi-R\u00fcckkehr hautnah \u2013 ein episches Sammlerst\u00fcck voller Details, ikonischer Figuren und galaktischer Nostalgie f\u00fcr wahre Fans.<\/p>\n","protected":false},"featured_media":903,"comment_status":"open","ping_status":"closed","template":"","meta":{"_coblocks_attr":"","_coblocks_dimensions":"","_coblocks_responsive_height":"","_coblocks_accordion_ie_support":"","_eb_attr":"","_uag_custom_page_level_css":""},"product_brand":[158],"product_cat":[15],"product_tag":[400,398,163,167,399,341],"class_list":{"0":"post-902","1":"product","2":"type-product","3":"status-publish","4":"has-post-thumbnail","6":"product_brand-lego","7":"product_cat-lego","8":"product_tag-400","9":"product_tag-jabbas","10":"product_tag-lego","11":"product_tag-legostarwars","12":"product_tag-segelbarke","13":"product_tag-starwars","15":"first","16":"outofstock","17":"taxable","18":"shipping-taxable","19":"purchasable","20":"product-type-simple"},"yoast_head":"<!-- This site is optimized with the Yoast SEO plugin v27.4 - https:\/\/yoast.com\/product\/yoast-seo-wordpress\/ -->\n<title>LEGO\u00ae Star Wars 75397 Jabbas Segelbarke - Dietz-Internethandel<\/title>\n<meta name=\"description\" content=\"Erlebe mit LEGO\u00ae Star Wars 75397 Jabbas Segelbarke ein detailreiches UCS-Set zum Bauen, Spielen und Ausstellen.\" \/>\n<meta name=\"robots\" content=\"index, follow, max-snippet:-1, max-image-preview:large, max-video-preview:-1\" \/>\n<link rel=\"canonical\" href=\"https:\/\/shop24.dietz-ih.de\/?product=lego-star-wars-75397-jabbas-segelbarke\" \/>\n<meta property=\"og:locale\" content=\"de_DE\" \/>\n<meta property=\"og:type\" content=\"article\" \/>\n<meta property=\"og:title\" content=\"LEGO\u00ae Star Wars 75397 Jabbas Segelbarke - Dietz-Internethandel\" \/>\n<meta property=\"og:description\" content=\"Erlebe mit LEGO\u00ae Star Wars 75397 Jabbas Segelbarke ein detailreiches UCS-Set zum Bauen, Spielen und Ausstellen.\" \/>\n<meta property=\"og:url\" content=\"https:\/\/shop24.dietz-ih.de\/?product=lego-star-wars-75397-jabbas-segelbarke\" \/>\n<meta property=\"og:site_name\" content=\"Dietz-Internethandel\" \/>\n<meta property=\"article:publisher\" content=\"https:\/\/www.facebook.com\/profile.php?id=100081292915783\" \/>\n<meta property=\"article:modified_time\" content=\"2026-01-19T12:01:46+00:00\" \/>\n<meta property=\"og:image\" content=\"https:\/\/shop24.dietz-ih.de\/wp-content\/uploads\/2025\/07\/LEGO_75397_1_ergebnis.jpg\" \/>\n\t<meta property=\"og:image:width\" content=\"600\" \/>\n\t<meta property=\"og:image:height\" content=\"600\" \/>\n\t<meta property=\"og:image:type\" content=\"image\/jpeg\" \/>\n<meta name=\"twitter:card\" content=\"summary_large_image\" \/>\n<meta name=\"twitter:label1\" content=\"Gesch\u00e4tzte Lesezeit\" \/>\n\t<meta name=\"twitter:data1\" content=\"2\u00a0Minuten\" \/>\n<script type=\"application\/ld+json\" class=\"yoast-schema-graph\">{\"@context\":\"https:\\\/\\\/schema.org\",\"@graph\":[{\"@type\":\"WebPage\",\"@id\":\"https:\\\/\\\/shop24.dietz-ih.de\\\/?product=lego-star-wars-75397-jabbas-segelbarke\",\"url\":\"https:\\\/\\\/shop24.dietz-ih.de\\\/?product=lego-star-wars-75397-jabbas-segelbarke\",\"name\":\"LEGO\u00ae Star Wars 75397 Jabbas Segelbarke - Dietz-Internethandel\",\"isPartOf\":{\"@id\":\"https:\\\/\\\/shop24.dietz-ih.de\\\/#website\"},\"primaryImageOfPage\":{\"@id\":\"https:\\\/\\\/shop24.dietz-ih.de\\\/?product=lego-star-wars-75397-jabbas-segelbarke#primaryimage\"},\"image\":{\"@id\":\"https:\\\/\\\/shop24.dietz-ih.de\\\/?product=lego-star-wars-75397-jabbas-segelbarke#primaryimage\"},\"thumbnailUrl\":\"https:\\\/\\\/i0.wp.com\\\/shop24.dietz-ih.de\\\/wp-content\\\/uploads\\\/2025\\\/07\\\/LEGO_75397_1_ergebnis.jpg?fit=600%2C600&ssl=1\",\"datePublished\":\"2025-07-11T12:05:46+00:00\",\"dateModified\":\"2026-01-19T12:01:46+00:00\",\"description\":\"Erlebe mit LEGO\u00ae Star Wars 75397 Jabbas Segelbarke ein detailreiches UCS-Set zum Bauen, Spielen und Ausstellen.\",\"breadcrumb\":{\"@id\":\"https:\\\/\\\/shop24.dietz-ih.de\\\/?product=lego-star-wars-75397-jabbas-segelbarke#breadcrumb\"},\"inLanguage\":\"de\",\"potentialAction\":[{\"@type\":\"ReadAction\",\"target\":[\"https:\\\/\\\/shop24.dietz-ih.de\\\/?product=lego-star-wars-75397-jabbas-segelbarke\"]}]},{\"@type\":\"ImageObject\",\"inLanguage\":\"de\",\"@id\":\"https:\\\/\\\/shop24.dietz-ih.de\\\/?product=lego-star-wars-75397-jabbas-segelbarke#primaryimage\",\"url\":\"https:\\\/\\\/i0.wp.com\\\/shop24.dietz-ih.de\\\/wp-content\\\/uploads\\\/2025\\\/07\\\/LEGO_75397_1_ergebnis.jpg?fit=600%2C600&ssl=1\",\"contentUrl\":\"https:\\\/\\\/i0.wp.com\\\/shop24.dietz-ih.de\\\/wp-content\\\/uploads\\\/2025\\\/07\\\/LEGO_75397_1_ergebnis.jpg?fit=600%2C600&ssl=1\",\"width\":600,\"height\":600},{\"@type\":\"BreadcrumbList\",\"@id\":\"https:\\\/\\\/shop24.dietz-ih.de\\\/?product=lego-star-wars-75397-jabbas-segelbarke#breadcrumb\",\"itemListElement\":[{\"@type\":\"ListItem\",\"position\":1,\"name\":\"Startseite\",\"item\":\"https:\\\/\\\/shop24.dietz-ih.de\\\/\"},{\"@type\":\"ListItem\",\"position\":2,\"name\":\"Shop\",\"item\":\"https:\\\/\\\/shop24.dietz-ih.de\\\/?page_id=7\"},{\"@type\":\"ListItem\",\"position\":3,\"name\":\"LEGO\u00ae Star Wars 75397 Jabbas Segelbarke\"}]},{\"@type\":\"WebSite\",\"@id\":\"https:\\\/\\\/shop24.dietz-ih.de\\\/#website\",\"url\":\"https:\\\/\\\/shop24.dietz-ih.de\\\/\",\"name\":\"Dietz-Internethandel\",\"description\":\"\",\"publisher\":{\"@id\":\"https:\\\/\\\/shop24.dietz-ih.de\\\/#organization\"},\"potentialAction\":[{\"@type\":\"SearchAction\",\"target\":{\"@type\":\"EntryPoint\",\"urlTemplate\":\"https:\\\/\\\/shop24.dietz-ih.de\\\/?s={search_term_string}\"},\"query-input\":{\"@type\":\"PropertyValueSpecification\",\"valueRequired\":true,\"valueName\":\"search_term_string\"}}],\"inLanguage\":\"de\"},{\"@type\":\"Organization\",\"@id\":\"https:\\\/\\\/shop24.dietz-ih.de\\\/#organization\",\"name\":\"Dietz-Internethandel\",\"url\":\"https:\\\/\\\/shop24.dietz-ih.de\\\/\",\"logo\":{\"@type\":\"ImageObject\",\"inLanguage\":\"de\",\"@id\":\"https:\\\/\\\/shop24.dietz-ih.de\\\/#\\\/schema\\\/logo\\\/image\\\/\",\"url\":\"https:\\\/\\\/i0.wp.com\\\/shop24.dietz-ih.de\\\/wp-content\\\/uploads\\\/2025\\\/06\\\/Ein-Logo-fuer-einen-Onlineshop-mit-Spielzeug.-Der-Buchstabe-D-soll-drauf-sein.-Farblich_-Gruen-Warmgelb-und-Lachs.-Und-bitte-als-ausgeschnittene-Datei-Photoroom-2.png?fit=1120%2C1120&ssl=1\",\"contentUrl\":\"https:\\\/\\\/i0.wp.com\\\/shop24.dietz-ih.de\\\/wp-content\\\/uploads\\\/2025\\\/06\\\/Ein-Logo-fuer-einen-Onlineshop-mit-Spielzeug.-Der-Buchstabe-D-soll-drauf-sein.-Farblich_-Gruen-Warmgelb-und-Lachs.-Und-bitte-als-ausgeschnittene-Datei-Photoroom-2.png?fit=1120%2C1120&ssl=1\",\"width\":1120,\"height\":1120,\"caption\":\"Dietz-Internethandel\"},\"image\":{\"@id\":\"https:\\\/\\\/shop24.dietz-ih.de\\\/#\\\/schema\\\/logo\\\/image\\\/\"},\"sameAs\":[\"https:\\\/\\\/www.facebook.com\\\/profile.php?id=100081292915783\",\"https:\\\/\\\/www.instagram.com\\\/dietz_internethandel\\\/\"]}]}<\/script>\n<!-- \/ Yoast SEO plugin. -->","yoast_head_json":{"title":"LEGO\u00ae Star Wars 75397 Jabbas Segelbarke - Dietz-Internethandel","description":"Erlebe mit LEGO\u00ae Star Wars 75397 Jabbas Segelbarke ein detailreiches UCS-Set zum Bauen, Spielen und Ausstellen.","robots":{"index":"index","follow":"follow","max-snippet":"max-snippet:-1","max-image-preview":"max-image-preview:large","max-video-preview":"max-video-preview:-1"},"canonical":"https:\/\/shop24.dietz-ih.de\/?product=lego-star-wars-75397-jabbas-segelbarke","og_locale":"de_DE","og_type":"article","og_title":"LEGO\u00ae Star Wars 75397 Jabbas Segelbarke - Dietz-Internethandel","og_description":"Erlebe mit LEGO\u00ae Star Wars 75397 Jabbas Segelbarke ein detailreiches UCS-Set zum Bauen, Spielen und Ausstellen.","og_url":"https:\/\/shop24.dietz-ih.de\/?product=lego-star-wars-75397-jabbas-segelbarke","og_site_name":"Dietz-Internethandel","article_publisher":"https:\/\/www.facebook.com\/profile.php?id=100081292915783","article_modified_time":"2026-01-19T12:01:46+00:00","og_image":[{"width":600,"height":600,"url":"https:\/\/shop24.dietz-ih.de\/wp-content\/uploads\/2025\/07\/LEGO_75397_1_ergebnis.jpg","type":"image\/jpeg"}],"twitter_card":"summary_large_image","twitter_misc":{"Gesch\u00e4tzte Lesezeit":"2\u00a0Minuten"},"schema":{"@context":"https:\/\/schema.org","@graph":[{"@type":"WebPage","@id":"https:\/\/shop24.dietz-ih.de\/?product=lego-star-wars-75397-jabbas-segelbarke","url":"https:\/\/shop24.dietz-ih.de\/?product=lego-star-wars-75397-jabbas-segelbarke","name":"LEGO\u00ae Star Wars 75397 Jabbas Segelbarke - Dietz-Internethandel","isPartOf":{"@id":"https:\/\/shop24.dietz-ih.de\/#website"},"primaryImageOfPage":{"@id":"https:\/\/shop24.dietz-ih.de\/?product=lego-star-wars-75397-jabbas-segelbarke#primaryimage"},"image":{"@id":"https:\/\/shop24.dietz-ih.de\/?product=lego-star-wars-75397-jabbas-segelbarke#primaryimage"},"thumbnailUrl":"https:\/\/i0.wp.com\/shop24.dietz-ih.de\/wp-content\/uploads\/2025\/07\/LEGO_75397_1_ergebnis.jpg?fit=600%2C600&ssl=1","datePublished":"2025-07-11T12:05:46+00:00","dateModified":"2026-01-19T12:01:46+00:00","description":"Erlebe mit LEGO\u00ae Star Wars 75397 Jabbas Segelbarke ein detailreiches UCS-Set zum Bauen, Spielen und Ausstellen.","breadcrumb":{"@id":"https:\/\/shop24.dietz-ih.de\/?product=lego-star-wars-75397-jabbas-segelbarke#breadcrumb"},"inLanguage":"de","potentialAction":[{"@type":"ReadAction","target":["https:\/\/shop24.dietz-ih.de\/?product=lego-star-wars-75397-jabbas-segelbarke"]}]},{"@type":"ImageObject","inLanguage":"de","@id":"https:\/\/shop24.dietz-ih.de\/?product=lego-star-wars-75397-jabbas-segelbarke#primaryimage","url":"https:\/\/i0.wp.com\/shop24.dietz-ih.de\/wp-content\/uploads\/2025\/07\/LEGO_75397_1_ergebnis.jpg?fit=600%2C600&ssl=1","contentUrl":"https:\/\/i0.wp.com\/shop24.dietz-ih.de\/wp-content\/uploads\/2025\/07\/LEGO_75397_1_ergebnis.jpg?fit=600%2C600&ssl=1","width":600,"height":600},{"@type":"BreadcrumbList","@id":"https:\/\/shop24.dietz-ih.de\/?product=lego-star-wars-75397-jabbas-segelbarke#breadcrumb","itemListElement":[{"@type":"ListItem","position":1,"name":"Startseite","item":"https:\/\/shop24.dietz-ih.de\/"},{"@type":"ListItem","position":2,"name":"Shop","item":"https:\/\/shop24.dietz-ih.de\/?page_id=7"},{"@type":"ListItem","position":3,"name":"LEGO\u00ae Star Wars 75397 Jabbas Segelbarke"}]},{"@type":"WebSite","@id":"https:\/\/shop24.dietz-ih.de\/#website","url":"https:\/\/shop24.dietz-ih.de\/","name":"Dietz-Internethandel","description":"","publisher":{"@id":"https:\/\/shop24.dietz-ih.de\/#organization"},"potentialAction":[{"@type":"SearchAction","target":{"@type":"EntryPoint","urlTemplate":"https:\/\/shop24.dietz-ih.de\/?s={search_term_string}"},"query-input":{"@type":"PropertyValueSpecification","valueRequired":true,"valueName":"search_term_string"}}],"inLanguage":"de"},{"@type":"Organization","@id":"https:\/\/shop24.dietz-ih.de\/#organization","name":"Dietz-Internethandel","url":"https:\/\/shop24.dietz-ih.de\/","logo":{"@type":"ImageObject","inLanguage":"de","@id":"https:\/\/shop24.dietz-ih.de\/#\/schema\/logo\/image\/","url":"https:\/\/i0.wp.com\/shop24.dietz-ih.de\/wp-content\/uploads\/2025\/06\/Ein-Logo-fuer-einen-Onlineshop-mit-Spielzeug.-Der-Buchstabe-D-soll-drauf-sein.-Farblich_-Gruen-Warmgelb-und-Lachs.-Und-bitte-als-ausgeschnittene-Datei-Photoroom-2.png?fit=1120%2C1120&ssl=1","contentUrl":"https:\/\/i0.wp.com\/shop24.dietz-ih.de\/wp-content\/uploads\/2025\/06\/Ein-Logo-fuer-einen-Onlineshop-mit-Spielzeug.-Der-Buchstabe-D-soll-drauf-sein.-Farblich_-Gruen-Warmgelb-und-Lachs.-Und-bitte-als-ausgeschnittene-Datei-Photoroom-2.png?fit=1120%2C1120&ssl=1","width":1120,"height":1120,"caption":"Dietz-Internethandel"},"image":{"@id":"https:\/\/shop24.dietz-ih.de\/#\/schema\/logo\/image\/"},"sameAs":["https:\/\/www.facebook.com\/profile.php?id=100081292915783","https:\/\/www.instagram.com\/dietz_internethandel\/"]}]}},"uagb_featured_image_src":{"full":["https:\/\/i0.wp.com\/shop24.dietz-ih.de\/wp-content\/uploads\/2025\/07\/LEGO_75397_1_ergebnis.jpg?fit=600%2C600&ssl=1",600,600,false],"thumbnail":["https:\/\/i0.wp.com\/shop24.dietz-ih.de\/wp-content\/uploads\/2025\/07\/LEGO_75397_1_ergebnis.jpg?resize=150%2C150&ssl=1",150,150,true],"medium":["https:\/\/i0.wp.com\/shop24.dietz-ih.de\/wp-content\/uploads\/2025\/07\/LEGO_75397_1_ergebnis.jpg?fit=300%2C300&ssl=1",300,300,true],"medium_large":["https:\/\/i0.wp.com\/shop24.dietz-ih.de\/wp-content\/uploads\/2025\/07\/LEGO_75397_1_ergebnis.jpg?fit=600%2C600&ssl=1",600,600,true],"large":["https:\/\/i0.wp.com\/shop24.dietz-ih.de\/wp-content\/uploads\/2025\/07\/LEGO_75397_1_ergebnis.jpg?fit=600%2C600&ssl=1",600,600,true],"gs-tiny":["https:\/\/i0.wp.com\/shop24.dietz-ih.de\/wp-content\/uploads\/2025\/07\/LEGO_75397_1_ergebnis.jpg?fit=50%2C50&ssl=1",50,50,true],"xl":["https:\/\/i0.wp.com\/shop24.dietz-ih.de\/wp-content\/uploads\/2025\/07\/LEGO_75397_1_ergebnis.jpg?fit=600%2C600&ssl=1",600,600,true],"xxl":["https:\/\/i0.wp.com\/shop24.dietz-ih.de\/wp-content\/uploads\/2025\/07\/LEGO_75397_1_ergebnis.jpg?fit=600%2C600&ssl=1",600,600,true],"xxxl":["https:\/\/i0.wp.com\/shop24.dietz-ih.de\/wp-content\/uploads\/2025\/07\/LEGO_75397_1_ergebnis.jpg?fit=600%2C600&ssl=1",600,600,true],"xxxxl":["https:\/\/i0.wp.com\/shop24.dietz-ih.de\/wp-content\/uploads\/2025\/07\/LEGO_75397_1_ergebnis.jpg?fit=600%2C600&ssl=1",600,600,true],"xxxxxl":["https:\/\/i0.wp.com\/shop24.dietz-ih.de\/wp-content\/uploads\/2025\/07\/LEGO_75397_1_ergebnis.jpg?fit=600%2C600&ssl=1",600,600,true],"1536x1536":["https:\/\/i0.wp.com\/shop24.dietz-ih.de\/wp-content\/uploads\/2025\/07\/LEGO_75397_1_ergebnis.jpg?fit=600%2C600&ssl=1",600,600,true],"2048x2048":["https:\/\/i0.wp.com\/shop24.dietz-ih.de\/wp-content\/uploads\/2025\/07\/LEGO_75397_1_ergebnis.jpg?fit=600%2C600&ssl=1",600,600,true],"woocommerce_thumbnail":["https:\/\/i0.wp.com\/shop24.dietz-ih.de\/wp-content\/uploads\/2025\/07\/LEGO_75397_1_ergebnis.jpg?resize=600%2C600&ssl=1",600,600,true],"woocommerce_single":["https:\/\/i0.wp.com\/shop24.dietz-ih.de\/wp-content\/uploads\/2025\/07\/LEGO_75397_1_ergebnis.jpg?fit=600%2C600&ssl=1",600,600,true],"woocommerce_gallery_thumbnail":["https:\/\/i0.wp.com\/shop24.dietz-ih.de\/wp-content\/uploads\/2025\/07\/LEGO_75397_1_ergebnis.jpg?resize=100%2C100&ssl=1",100,100,true]},"uagb_author_info":{"display_name":"admin","author_link":"https:\/\/shop24.dietz-ih.de\/?author=0"},"uagb_comment_info":0,"uagb_excerpt":"Mit LEGO\u00ae Star Wars 75397 Jabbas Segelbarke erlebst du die Magie der Jedi-R\u00fcckkehr hautnah \u2013 ein episches Sammlerst\u00fcck voller Details, ikonischer Figuren und galaktischer Nostalgie f\u00fcr wahre Fans.","jetpack_sharing_enabled":true,"_links":{"self":[{"href":"https:\/\/shop24.dietz-ih.de\/index.php?rest_route=\/wp\/v2\/product\/902","targetHints":{"allow":["GET"]}}],"collection":[{"href":"https:\/\/shop24.dietz-ih.de\/index.php?rest_route=\/wp\/v2\/product"}],"about":[{"href":"https:\/\/shop24.dietz-ih.de\/index.php?rest_route=\/wp\/v2\/types\/product"}],"replies":[{"embeddable":true,"href":"https:\/\/shop24.dietz-ih.de\/index.php?rest_route=%2Fwp%2Fv2%2Fcomments&post=902"}],"wp:featuredmedia":[{"embeddable":true,"href":"https:\/\/shop24.dietz-ih.de\/index.php?rest_route=\/wp\/v2\/media\/903"}],"wp:attachment":[{"href":"https:\/\/shop24.dietz-ih.de\/index.php?rest_route=%2Fwp%2Fv2%2Fmedia&parent=902"}],"wp:term":[{"taxonomy":"product_brand","embeddable":true,"href":"https:\/\/shop24.dietz-ih.de\/index.php?rest_route=%2Fwp%2Fv2%2Fproduct_brand&post=902"},{"taxonomy":"product_cat","embeddable":true,"href":"https:\/\/shop24.dietz-ih.de\/index.php?rest_route=%2Fwp%2Fv2%2Fproduct_cat&post=902"},{"taxonomy":"product_tag","embeddable":true,"href":"https:\/\/shop24.dietz-ih.de\/index.php?rest_route=%2Fwp%2Fv2%2Fproduct_tag&post=902"}],"curies":[{"name":"wp","href":"https:\/\/api.w.org\/{rel}","templated":true}]}}